{"id":100,"date":"2012-10-18T16:28:39","date_gmt":"2012-10-18T16:28:39","guid":{"rendered":"purisimadelrincon.mx\/transparencia\/?page_id=100"},"modified":"2012-10-18T16:32:30","modified_gmt":"2012-10-18T16:32:30","slug":"que-es-el-sistema-infomex-guanajuato","status":"publish","type":"page","link":"https:\/\/purisimadelrincon.mx\/transparencia\/que-es-el-sistema-infomex-guanajuato\/","title":{"rendered":"\u00bfQu\u00e9 es el Sistema INFOMEX GUANAJUATO?"},"content":{"rendered":"<p style=\"text-align: center;\"><a title=\"INFOMEX GUANAJUATO\" href=\"http:\/\/www.infomexguanajuato.org.mx\/infomex\/\" target=\"_blank\"><img loading=\"lazy\" decoding=\"async\" class=\"size-full wp-image-102 aligncenter\" title=\"INFOMEX\" src=\"https:\/\/purisimadelrincon.mx\/transparencia\/wp-content\/uploads\/2012\/10\/infomexlogo.jpg\" alt=\"\" width=\"202\" height=\"67\" \/><\/a><\/p>\n<p>Es la nueva herramienta tecnol\u00f3gica que el Instituto Federal de Acceso a la Informaci\u00f3n y el Instituto de Acceso a la Informaci\u00f3n P\u00fablica del Estado de Guanajuato, que ponen a tu disposici\u00f3n, para\u00a0realizaci\u00f3n\u00a0de Solicitudes de Informaci\u00f3n P\u00fablica.<\/p>\n<p>A trav\u00e9s del sistema INFOMEX GUANAJUATO podr\u00e1s conocer la informaci\u00f3n disponible en posesi\u00f3n de las autoridades p\u00fablicas de Guanajuato.<\/p>\n","protected":false},"excerpt":{"rendered":"<p>Es la nueva herramienta tecnol\u00f3gica que el Instituto Federal de Acceso a la Informaci\u00f3n y el Instituto de Acceso a la Informaci\u00f3n P\u00fablica del Estado de Guanajuato, que ponen a tu disposici\u00f3n, para\u00a0realizaci\u00f3n\u00a0de Solicitudes de Informaci\u00f3n P\u00fablica. A trav\u00e9s del <a class=\"more-link\" href=\"https:\/\/purisimadelrincon.mx\/transparencia\/que-es-el-sistema-infomex-guanajuato\/\">Seguir leyendo <span class=\"screen-reader-text\">  \u00bfQu\u00e9 es el Sistema INFOMEX GUANAJUATO?<\/span><span class=\"meta-nav\">&rarr;<\/span><\/a><\/p>\n","protected":false},"author":1,"featured_media":0,"parent":0,"menu_order":0,"comment_status":"closed","ping_status":"closed","template":"","meta":{"footnotes":""},"class_list":["post-100","page","type-page","status-publish","hentry"],"_links":{"self":[{"href":"https:\/\/purisimadelrincon.mx\/transparencia\/wp-json\/wp\/v2\/pages\/100","targetHints":{"allow":["GET"]}}],"collection":[{"href":"https:\/\/purisimadelrincon.mx\/transparencia\/wp-json\/wp\/v2\/pages"}],"about":[{"href":"https:\/\/purisimadelrincon.mx\/transparencia\/wp-json\/wp\/v2\/types\/page"}],"author":[{"embeddable":true,"href":"https:\/\/purisimadelrincon.mx\/transparencia\/wp-json\/wp\/v2\/users\/1"}],"replies":[{"embeddable":true,"href":"https:\/\/purisimadelrincon.mx\/transparencia\/wp-json\/wp\/v2\/comments?post=100"}],"version-history":[{"count":4,"href":"https:\/\/purisimadelrincon.mx\/transparencia\/wp-json\/wp\/v2\/pages\/100\/revisions"}],"predecessor-version":[{"id":105,"href":"https:\/\/purisimadelrincon.mx\/transparencia\/wp-json\/wp\/v2\/pages\/100\/revisions\/105"}],"wp:attachment":[{"href":"https:\/\/purisimadelrincon.mx\/transparencia\/wp-json\/wp\/v2\/media?parent=100"}],"curies":[{"name":"wp","href":"https:\/\/api.w.org\/{rel}","templated":true}]}}