{"id":10063,"date":"2021-12-08T21:22:36","date_gmt":"2021-12-08T21:22:36","guid":{"rendered":"http:\/\/purisimadelrincon.mx\/transparencia\/?page_id=10063"},"modified":"2024-10-23T17:00:02","modified_gmt":"2024-10-23T17:00:02","slug":"2021-2024-actas-comite-de-transparencia","status":"publish","type":"page","link":"https:\/\/purisimadelrincon.mx\/transparencia\/2021-2024-actas-comite-de-transparencia\/","title":{"rendered":"Actas Comit\u00e9 de Transparencia"},"content":{"rendered":"<h5><strong>Administraci\u00f3n 2021-2024<\/strong><\/h5>\n<ul>\n<li><a href=\"https:\/\/purisimadelrincon.mx\/transparencia\/wp-content\/uploads\/21-24-Acta-Comite-Transparencia-1-Instalacion.pdf\">Acta Constitutiva del Comit\u00e9 de Transparencia<\/a><\/li>\n<li><a href=\"https:\/\/purisimadelrincon.mx\/transparencia\/wp-content\/uploads\/21-24-Acta-Comite-Transparencia-1.pdf\">Acta Comit\u00e9 Transparencia 1<\/a><\/li>\n<li><a href=\"https:\/\/purisimadelrincon.mx\/transparencia\/wp-content\/uploads\/21-24-Acta-Comite-Transparencia-2.pdf\">Acta Comit\u00e9 Transparencia 2<\/a><\/li>\n<li><a href=\"https:\/\/purisimadelrincon.mx\/transparencia\/wp-content\/uploads\/21-24-Acta-Comite-Transparencia-3.pdf\">Acta Comit\u00e9 Transparencia 3<\/a><\/li>\n<li><a href=\"https:\/\/purisimadelrincon.mx\/transparencia\/wp-content\/uploads\/21-24-Acta-Comite-Transparencia-4.pdf\">Acta Comit\u00e9 Transparencia 4<\/a><\/li>\n<li><a href=\"https:\/\/purisimadelrincon.mx\/transparencia\/wp-content\/uploads\/21-24-Acta-Comite-Transparencia-5.pdf\">Acta Comit\u00e9 Transparencia 5<\/a><\/li>\n<li><a href=\"https:\/\/purisimadelrincon.mx\/transparencia\/wp-content\/uploads\/21-24-Acta-Comite-Transparencia-6.pdf\">Acta Comit\u00e9 Transparencia 6<\/a><\/li>\n<li><a href=\"https:\/\/purisimadelrincon.mx\/transparencia\/wp-content\/uploads\/21-24-Acta-Comite-Transparencia-7.pdf\">Acta Comit\u00e9 Transparencia 7<\/a><\/li>\n<li><a href=\"https:\/\/purisimadelrincon.mx\/transparencia\/wp-content\/uploads\/21-24-Acta-Comite-Transparencia-8.pdf\">Acta Comit\u00e9 Transparencia 8<\/a><\/li>\n<li><a href=\"https:\/\/purisimadelrincon.mx\/transparencia\/wp-content\/uploads\/21-24-Acta-Comite-Transparencia-9-1.pdf\">Acta Comit\u00e9 Transparencia 9<\/a><\/li>\n<li><a href=\"https:\/\/purisimadelrincon.mx\/transparencia\/wp-content\/uploads\/21-24-Acta-Comite-Transparencia-10.pdf\">Acta Comit\u00e9 Transparencia 10<\/a><\/li>\n<li><a href=\"https:\/\/purisimadelrincon.mx\/transparencia\/wp-content\/uploads\/21-24-Acta-CT-011.pdf\">Acta Comit\u00e9 Transparencia 11<\/a><\/li>\n<li><a href=\"https:\/\/purisimadelrincon.mx\/transparencia\/wp-content\/uploads\/21-24-Acta-CT-012.pdf\">Acta Comit\u00e9 Transparencia 12<\/a><\/li>\n<li><a href=\"https:\/\/purisimadelrincon.mx\/transparencia\/wp-content\/uploads\/21-24-Acta-CT-013.pdf\">Acta Comit\u00e9 Transparencia 13<\/a><\/li>\n<li><a href=\"https:\/\/purisimadelrincon.mx\/transparencia\/wp-content\/uploads\/21-24-Acta-CT-014.pdf\">Acta Comit\u00e9 Transparencia 14<\/a><\/li>\n<li><a href=\"https:\/\/purisimadelrincon.mx\/transparencia\/wp-content\/uploads\/21-24-Acta-CT-015.pdf\">Acta Comit\u00e9 Transparencia 15<\/a><\/li>\n<li><a href=\"https:\/\/purisimadelrincon.mx\/transparencia\/wp-content\/uploads\/21-24-Acta-CT-016.pdf\">Acta Comit\u00e9 Transparencia 16<\/a><\/li>\n<li><a href=\"https:\/\/purisimadelrincon.mx\/transparencia\/wp-content\/uploads\/21-24-Acta-CT-017.pdf\">Acta Comit\u00e9 Transparencia 17<\/a><\/li>\n<li><a href=\"https:\/\/purisimadelrincon.mx\/transparencia\/wp-content\/uploads\/21-24-Acta-CT-018.pdf\">Acta Comit\u00e9 Transparencia 18<\/a><\/li>\n<li><a href=\"https:\/\/purisimadelrincon.mx\/transparencia\/wp-content\/uploads\/21-24-Acta-CT-019.pdf\">Acta Comit\u00e9 Transparencia 19<\/a><\/li>\n<li><a href=\"https:\/\/purisimadelrincon.mx\/transparencia\/wp-content\/uploads\/21-24-Acta-CT-020.pdf\">Acta Comit\u00e9 Transparencia 20<\/a><\/li>\n<li><a href=\"https:\/\/purisimadelrincon.mx\/transparencia\/wp-content\/uploads\/21-24-Acta-CT-021.pdf\">Acta Comit\u00e9 Transparencia 21<\/a><\/li>\n<li><a href=\"https:\/\/purisimadelrincon.mx\/transparencia\/wp-content\/uploads\/21-24-Acta-CT-022.pdf\">Acta Comit\u00e9 Transparencia 22<\/a><\/li>\n<li><a href=\"https:\/\/purisimadelrincon.mx\/transparencia\/wp-content\/uploads\/21-24-Acta-CT-023.pdf\">Acta Comit\u00e9 Transparencia 23<\/a><\/li>\n<li><a href=\"https:\/\/purisimadelrincon.mx\/transparencia\/wp-content\/uploads\/21-24-Acta-CT-024.pdf\">Acta Comit\u00e9 Transparencia 24<\/a><\/li>\n<li><a href=\"https:\/\/purisimadelrincon.mx\/transparencia\/wp-content\/uploads\/21-24-Acta-CT-025.pdf\">Acta Comit\u00e9 Transparencia 25<\/a><\/li>\n<li><a href=\"https:\/\/purisimadelrincon.mx\/transparencia\/wp-content\/uploads\/21-24-Acta-CT-026.pdf\">Acta Comit\u00e9 Transparencia 26<\/a><\/li>\n<li><a href=\"https:\/\/purisimadelrincon.mx\/transparencia\/wp-content\/uploads\/ACTA-027.pdf\">Acta Comit\u00e9 Transparencia 27<\/a><\/li>\n<li><a href=\"https:\/\/purisimadelrincon.mx\/transparencia\/wp-content\/uploads\/ACTA-028.pdf\">Acta Comit\u00e9 Transparencia 28<\/a><\/li>\n<li><a href=\"https:\/\/purisimadelrincon.mx\/transparencia\/wp-content\/uploads\/ACTA-029.pdf\">Acta Comit\u00e9 Transparencia 29<\/a><\/li>\n<li><a href=\"https:\/\/purisimadelrincon.mx\/transparencia\/wp-content\/uploads\/ACTA-030.pdf\">Acta Comit\u00e9 Transparencia 30<\/a><\/li>\n<li><a href=\"https:\/\/purisimadelrincon.mx\/transparencia\/wp-content\/uploads\/ACTA-031.pdf\">Acta Comit\u00e9 Transparencia 31<\/a><\/li>\n<li><a href=\"https:\/\/purisimadelrincon.mx\/transparencia\/wp-content\/uploads\/ACTA-032.pdf\">Acta Comit\u00e9 Transparencia 32<\/a><\/li>\n<li><a href=\"https:\/\/purisimadelrincon.mx\/transparencia\/wp-content\/uploads\/ACTA-033.pdf\">Acta Comit\u00e9 Transparencia 33<\/a><\/li>\n<li><a href=\"https:\/\/purisimadelrincon.mx\/transparencia\/wp-content\/uploads\/ACTA-034.pdf\">Acta Comit\u00e9 Transparencia 34<\/a><\/li>\n<li><a href=\"https:\/\/purisimadelrincon.mx\/transparencia\/wp-content\/uploads\/ACTA-035.pdf\">Acta Comit\u00e9 Transparencia 35<\/a><\/li>\n<li><a href=\"https:\/\/purisimadelrincon.mx\/transparencia\/wp-content\/uploads\/ACTA-036.pdf\">Acta Comit\u00e9 Transparencia 36<\/a><\/li>\n<li><a href=\"https:\/\/purisimadelrincon.mx\/transparencia\/wp-content\/uploads\/ACTA-037.pdf\">Acta Comit\u00e9 Transparencia 37<\/a><\/li>\n<li><a href=\"https:\/\/purisimadelrincon.mx\/transparencia\/wp-content\/uploads\/ACTA-038.pdf\">Acta Comit\u00e9 Transparencia 38<\/a><\/li>\n<li><a href=\"https:\/\/purisimadelrincon.mx\/transparencia\/wp-content\/uploads\/ACTA-039.pdf\">Acta Comit\u00e9 Transparencia 39<\/a><\/li>\n<li><a href=\"https:\/\/purisimadelrincon.mx\/transparencia\/wp-content\/uploads\/ACTA-040.pdf\">Acta Comit\u00e9 Transparencia 40<\/a><\/li>\n<li><a href=\"https:\/\/purisimadelrincon.mx\/transparencia\/wp-content\/uploads\/Acta-Comite-Transparencia-041.pdf\">Acta Comit\u00e9 Transparencia 41<\/a><\/li>\n<li><a href=\"https:\/\/purisimadelrincon.mx\/transparencia\/wp-content\/uploads\/Acta-Comite-Transparencia-042.pdf\">Acta Comit\u00e9 Transparencia 42<\/a><\/li>\n<li><a href=\"https:\/\/purisimadelrincon.mx\/transparencia\/wp-content\/uploads\/Acta-Comite-Transparencia-043.pdf\">Acta Comit\u00e9 Transparencia 43<\/a><\/li>\n<li><a href=\"https:\/\/purisimadelrincon.mx\/transparencia\/wp-content\/uploads\/Acta-Comite-Transparencia-044.pdf\">Acta Comit\u00e9 Transparencia 44<\/a><\/li>\n<li><a href=\"https:\/\/purisimadelrincon.mx\/transparencia\/wp-content\/uploads\/Acta-Comite-Transparencia-045.pdf\">Acta Comit\u00e9 Transparencia 45<\/a><\/li>\n<li><a href=\"https:\/\/purisimadelrincon.mx\/transparencia\/wp-content\/uploads\/Acta-Comite-Transparencia-046.pdf\">Acta Comit\u00e9 Transparencia 46<\/a><\/li>\n<li><a href=\"https:\/\/purisimadelrincon.mx\/transparencia\/wp-content\/uploads\/Acta-Comite-Transparencia-047.pdf\">Acta Comit\u00e9 Transparencia 47<\/a><\/li>\n<li><a href=\"https:\/\/purisimadelrincon.mx\/transparencia\/wp-content\/uploads\/Acta-Comite-Transparencia-048.pdf\">Acta Comit\u00e9 Transparencia 48<\/a><\/li>\n<li><a href=\"https:\/\/purisimadelrincon.mx\/transparencia\/wp-content\/uploads\/Acta-Comite-Transparencia-049.pdf\">Acta Comit\u00e9 Transparencia 49<\/a><\/li>\n<li><a href=\"https:\/\/purisimadelrincon.mx\/transparencia\/wp-content\/uploads\/Acta-Comite-Transparencia-050.pdf\">Acta Comit\u00e9 Transparencia 50<\/a><\/li>\n<li><a href=\"https:\/\/purisimadelrincon.mx\/transparencia\/wp-content\/uploads\/Acta-Comite-Transparencia-051.pdf\">Acta Comit\u00e9 Transparencia 51<\/a><\/li>\n<li><a href=\"https:\/\/purisimadelrincon.mx\/transparencia\/wp-content\/uploads\/Acta-Comite-Transparencia-052.pdf\">Acta Comit\u00e9 Transparencia 52<\/a><\/li>\n<li><a href=\"https:\/\/purisimadelrincon.mx\/transparencia\/wp-content\/uploads\/Acta-Comite-Transparencia-053.pdf\">Acta Comit\u00e9 Transparencia 53<\/a><\/li>\n<li><a href=\"https:\/\/purisimadelrincon.mx\/transparencia\/wp-content\/uploads\/054.pdf\">Acta Comit\u00e9 Transparencia 54<\/a><\/li>\n<li><a href=\"https:\/\/purisimadelrincon.mx\/transparencia\/wp-content\/uploads\/055.pdf\">Acta Comit\u00e9 Transparencia 55<\/a><\/li>\n<li><a href=\"https:\/\/purisimadelrincon.mx\/transparencia\/wp-content\/uploads\/056.pdf\">Acta Comit\u00e9 Transparencia 56<\/a><\/li>\n<li><a href=\"https:\/\/purisimadelrincon.mx\/transparencia\/wp-content\/uploads\/057.pdf\">Acta Comit\u00e9 Transparencia 57<\/a><\/li>\n<li><a href=\"https:\/\/purisimadelrincon.mx\/transparencia\/wp-content\/uploads\/058.pdf\">Acta Comit\u00e9 Transparencia 58<\/a><\/li>\n<li><a href=\"https:\/\/purisimadelrincon.mx\/transparencia\/wp-content\/uploads\/059.pdf\">Acta Comit\u00e9 Transparencia 59<\/a><\/li>\n<li><a href=\"https:\/\/purisimadelrincon.mx\/transparencia\/wp-content\/uploads\/060.pdf\">Acta Comit\u00e9 Transparencia 60<\/a><\/li>\n<li><a href=\"https:\/\/purisimadelrincon.mx\/transparencia\/wp-content\/uploads\/061.pdf\">Acta Comit\u00e9 Transparencia 61<\/a><\/li>\n<li><a href=\"https:\/\/purisimadelrincon.mx\/transparencia\/wp-content\/uploads\/062.pdf\">Acta Comit\u00e9 Transparencia 62<\/a><\/li>\n<li><a href=\"https:\/\/purisimadelrincon.mx\/transparencia\/wp-content\/uploads\/063.pdf\">Acta Comit\u00e9 Transparencia 63<\/a><\/li>\n<li><a href=\"https:\/\/purisimadelrincon.mx\/transparencia\/wp-content\/uploads\/064.pdf\">Acta Comit\u00e9 Transparencia 64<\/a><\/li>\n<li><a href=\"https:\/\/purisimadelrincon.mx\/transparencia\/wp-content\/uploads\/065.pdf\">Acta Comit\u00e9 Transparencia 65<\/a><\/li>\n<li><a href=\"https:\/\/purisimadelrincon.mx\/transparencia\/wp-content\/uploads\/066.pdf\">Acta Comit\u00e9 Transparencia 66<\/a><\/li>\n<li><a href=\"https:\/\/purisimadelrincon.mx\/transparencia\/wp-content\/uploads\/067.pdf\">Acta Comit\u00e9 Transparencia 67<\/a><\/li>\n<li><a href=\"https:\/\/purisimadelrincon.mx\/transparencia\/wp-content\/uploads\/068.pdf\">Acta Comit\u00e9 Transparencia 68<\/a><\/li>\n<li><a href=\"https:\/\/purisimadelrincon.mx\/transparencia\/wp-content\/uploads\/ACTA-069.pdf\">Acta Comit\u00e9 Transparencia 69<\/a><\/li>\n<li><a href=\"https:\/\/purisimadelrincon.mx\/transparencia\/wp-content\/uploads\/ACTA-070.pdf\">Acta Comit\u00e9 Transparencia 70<\/a><\/li>\n<li><a href=\"https:\/\/purisimadelrincon.mx\/transparencia\/wp-content\/uploads\/ACTA-071.pdf\">Acta Comit\u00e9 Transparencia 71<\/a><\/li>\n<li><a href=\"https:\/\/purisimadelrincon.mx\/transparencia\/wp-content\/uploads\/ACTA-072.pdf\">Acta Comit\u00e9 Transparencia 72<\/a><\/li>\n<li><a href=\"https:\/\/purisimadelrincon.mx\/transparencia\/wp-content\/uploads\/ACTA-073.pdf\">Acta Comit\u00e9 Transparencia 73<\/a><\/li>\n<li><a href=\"https:\/\/purisimadelrincon.mx\/transparencia\/wp-content\/uploads\/ACTA-074.pdf\">Acta Comit\u00e9 Transparencia 74<\/a><\/li>\n<li><a href=\"https:\/\/purisimadelrincon.mx\/transparencia\/wp-content\/uploads\/ACTA-075.pdf\">Acta Comit\u00e9 Transparencia <\/a><a href=\"https:\/\/purisimadelrincon.mx\/transparencia\/wp-content\/uploads\/ACTA-075.pdf\">75<\/a><\/li>\n<li><a href=\"https:\/\/purisimadelrincon.mx\/transparencia\/wp-content\/uploads\/ACTA-076.pdf\">Acta Comit\u00e9 Transparencia 76<\/a><\/li>\n<li><a href=\"https:\/\/purisimadelrincon.mx\/transparencia\/wp-content\/uploads\/ACTA-077.pdf\">Acta Comit\u00e9 Transparencia 77<\/a><\/li>\n<li><a href=\"https:\/\/purisimadelrincon.mx\/transparencia\/wp-content\/uploads\/ACTA-078.pdf\">Acta Comit\u00e9 Transparencia 78<\/a><\/li>\n<li><a href=\"https:\/\/purisimadelrincon.mx\/transparencia\/wp-content\/uploads\/ACTA-079.pdf\">Acta Comit\u00e9 Transparencia 79<\/a><\/li>\n<li><a href=\"https:\/\/purisimadelrincon.mx\/transparencia\/wp-content\/uploads\/ACTA-080.pdf\">Acta Comit\u00e9 Transparencia 80<\/a><\/li>\n<li><a href=\"https:\/\/purisimadelrincon.mx\/transparencia\/wp-content\/uploads\/ACTA-081.pdf\">Acta Comit\u00e9 Transparencia 81<\/a><\/li>\n<li><a href=\"https:\/\/purisimadelrincon.mx\/transparencia\/wp-content\/uploads\/ACTA-082.pdf\">Acta Comit\u00e9 Transparencia 82<\/a><\/li>\n<li><a href=\"https:\/\/purisimadelrincon.mx\/transparencia\/wp-content\/uploads\/ACTA-083.pdf\">Acta Comit\u00e9 Transparencia 83<\/a><\/li>\n<li><a href=\"https:\/\/purisimadelrincon.mx\/transparencia\/wp-content\/uploads\/ACTA-084.pdf\">Acta Comit\u00e9 Transparencia 84<\/a><\/li>\n<li><a href=\"https:\/\/purisimadelrincon.mx\/transparencia\/wp-content\/uploads\/ACTA-085.pdf\">Acta Comit\u00e9 Transparencia 85<\/a><\/li>\n<li><a href=\"https:\/\/purisimadelrincon.mx\/transparencia\/wp-content\/uploads\/ACTA-086.pdf\">Acta Comit\u00e9 Transparencia 86<\/a><\/li>\n<li><a href=\"https:\/\/purisimadelrincon.mx\/transparencia\/wp-content\/uploads\/ACTA-087.pdf\">Acta Comit\u00e9 Transparencia 87<\/a><\/li>\n<li><a href=\"https:\/\/purisimadelrincon.mx\/transparencia\/wp-content\/uploads\/ACTA-088.pdf\">Acta Comit\u00e9 Transparencia 88<\/a><\/li>\n<li><a href=\"https:\/\/purisimadelrincon.mx\/transparencia\/wp-content\/uploads\/ACTA-089.pdf\">Acta Comit\u00e9 Transparencia 89<\/a><\/li>\n<li><a href=\"https:\/\/purisimadelrincon.mx\/transparencia\/wp-content\/uploads\/ACTA-090.pdf\">Acta Comit\u00e9 Transparencia 90<\/a><\/li>\n<li><a href=\"https:\/\/purisimadelrincon.mx\/transparencia\/wp-content\/uploads\/ACTA-091.pdf\">Acta Comit\u00e9 Transparencia 91<\/a><\/li>\n<li><a href=\"https:\/\/purisimadelrincon.mx\/transparencia\/wp-content\/uploads\/ACTA-092.pdf\">Acta Comit\u00e9 Transparencia 92<\/a><\/li>\n<li><a href=\"https:\/\/purisimadelrincon.mx\/transparencia\/wp-content\/uploads\/ACTA-093.pdf\">Acta Comit\u00e9 Transparencia 93<\/a><\/li>\n<li><a href=\"https:\/\/purisimadelrincon.mx\/transparencia\/wp-content\/uploads\/ACTA-094.pdf\">Acta Comit\u00e9 Transparencia 94<\/a><\/li>\n<li><a href=\"https:\/\/purisimadelrincon.mx\/transparencia\/wp-content\/uploads\/ACTA-095.pdf\">Acta Comit\u00e9 Transparencia 95<\/a><\/li>\n<li><a href=\"https:\/\/purisimadelrincon.mx\/transparencia\/wp-content\/uploads\/ACTA-096.pdf\">Acta Comit\u00e9 Transparencia 96<\/a><\/li>\n<li><a href=\"https:\/\/purisimadelrincon.mx\/transparencia\/wp-content\/uploads\/ACTA-097.pdf\">Acta Comit\u00e9 Transparencia 97<\/a><\/li>\n<li><a href=\"https:\/\/purisimadelrincon.mx\/transparencia\/wp-content\/uploads\/ACTA-098.pdf\">Acta Comit\u00e9 Transparencia 98<\/a><\/li>\n<li><a href=\"https:\/\/purisimadelrincon.mx\/transparencia\/wp-content\/uploads\/ACTA-099.pdf\">Acta Comit\u00e9 Transparencia 99<\/a><\/li>\n<li><a href=\"https:\/\/purisimadelrincon.mx\/transparencia\/wp-content\/uploads\/ACTA-100.pdf\">Acta Comit\u00e9 Transparencia 100<\/a><\/li>\n<li><a href=\"https:\/\/purisimadelrincon.mx\/transparencia\/wp-content\/uploads\/ACTA-101.pdf\">Acta Comit\u00e9 Transparencia 101<\/a><\/li>\n<li><a href=\"https:\/\/purisimadelrincon.mx\/transparencia\/wp-content\/uploads\/ACTA-102.pdf\">Acta Comit\u00e9 Transparencia 102<\/a>\u00a0<\/li>\n<li><a href=\"https:\/\/purisimadelrincon.mx\/transparencia\/wp-content\/uploads\/ACTA-103.pdf\">Acta Comit\u00e9 Transparencia 103<\/a><\/li>\n<li><a href=\"https:\/\/purisimadelrincon.mx\/transparencia\/wp-content\/uploads\/ACTA-104.pdf\">Acta Comit\u00e9 Transparencia 104<\/a><\/li>\n<li><a href=\"https:\/\/purisimadelrincon.mx\/transparencia\/wp-content\/uploads\/ACTA-105.pdf\">Acta Comit\u00e9 Transparencia 105<\/a><\/li>\n<li><a href=\"https:\/\/purisimadelrincon.mx\/transparencia\/wp-content\/uploads\/ACTA-106.pdf\">Acta Comit\u00e9 Transparencia 106<\/a><\/li>\n<li><a href=\"https:\/\/purisimadelrincon.mx\/transparencia\/wp-content\/uploads\/ACTA-107.pdf\">Acta Comit\u00e9 Transparencia 107<\/a><\/li>\n<\/ul>\n\n\n<p><\/p>\n","protected":false},"excerpt":{"rendered":"<p>Administraci\u00f3n 2021-2024 Acta Constitutiva del Comit\u00e9 de Transparencia Acta Comit\u00e9 Transparencia 1 Acta Comit\u00e9 Transparencia 2 Acta Comit\u00e9 Transparencia 3 Acta Comit\u00e9 Transparencia 4 Acta Comit\u00e9 Transparencia 5 Acta Comit\u00e9 Transparencia 6 Acta Comit\u00e9 Transparencia 7 Acta Comit\u00e9 Transparencia 8 <a class=\"more-link\" href=\"https:\/\/purisimadelrincon.mx\/transparencia\/2021-2024-actas-comite-de-transparencia\/\">Seguir leyendo <span class=\"screen-reader-text\">  Actas Comit\u00e9 de Transparencia<\/span><span class=\"meta-nav\">&rarr;<\/span><\/a><\/p>\n","protected":false},"author":2,"featured_media":0,"parent":0,"menu_order":0,"comment_status":"closed","ping_status":"closed","template":"","meta":{"footnotes":""},"class_list":["post-10063","page","type-page","status-publish","hentry"],"_links":{"self":[{"href":"https:\/\/purisimadelrincon.mx\/transparencia\/wp-json\/wp\/v2\/pages\/10063","targetHints":{"allow":["GET"]}}],"collection":[{"href":"https:\/\/purisimadelrincon.mx\/transparencia\/wp-json\/wp\/v2\/pages"}],"about":[{"href":"https:\/\/purisimadelrincon.mx\/transparencia\/wp-json\/wp\/v2\/types\/page"}],"author":[{"embeddable":true,"href":"https:\/\/purisimadelrincon.mx\/transparencia\/wp-json\/wp\/v2\/users\/2"}],"replies":[{"embeddable":true,"href":"https:\/\/purisimadelrincon.mx\/transparencia\/wp-json\/wp\/v2\/comments?post=10063"}],"version-history":[{"count":32,"href":"https:\/\/purisimadelrincon.mx\/transparencia\/wp-json\/wp\/v2\/pages\/10063\/revisions"}],"predecessor-version":[{"id":19055,"href":"https:\/\/purisimadelrincon.mx\/transparencia\/wp-json\/wp\/v2\/pages\/10063\/revisions\/19055"}],"wp:attachment":[{"href":"https:\/\/purisimadelrincon.mx\/transparencia\/wp-json\/wp\/v2\/media?parent=10063"}],"curies":[{"name":"wp","href":"https:\/\/api.w.org\/{rel}","templated":true}]}}