{"id":108,"date":"2012-10-18T16:35:41","date_gmt":"2012-10-18T16:35:41","guid":{"rendered":"http:\/\/localhost\/transparencia\/?page_id=108"},"modified":"2025-12-08T18:09:32","modified_gmt":"2025-12-08T18:09:32","slug":"como-se-presenta-el-recurso-de-inconformidad","status":"publish","type":"page","link":"https:\/\/purisimadelrincon.mx\/transparencia\/como-se-presenta-el-recurso-de-inconformidad\/","title":{"rendered":"\u00bfC\u00f3mo se presenta el Recurso de Revocaci\u00f3n?"},"content":{"rendered":"<p>Presentar un Recurso de Revocaci\u00f3n es muy sencillo, ya que cualquier persona puede hacerlo sin necesidad de un abogado.<\/p>\n<ul>\n<li>Puede presentarse personalmente en las oficinas del IACIP (Instituto Acceso a la Informaci\u00f3n P\u00fablica), de lunes a viernes, de 9:00 a 16:00 hrs.<\/li>\n<li>Tambi\u00e9n puede enviarse por correo certificado al IACIP, conservando su acuse de recibo, dentro de los 15 d\u00edas h\u00e1biles despu\u00e9s de haber recibido la respuesta de la Unidad de Transparencia o de que se haya dado la \u201cnegativa ficta\u201d.<\/li>\n<\/ul>\n<p>El Recurso de Revocaci\u00f3n puede presentarse por escrito o a trav\u00e9s de medios electr\u00f3nicos establecidos para ello ante el Consejo General del Instituto de Acceso a la Informaci\u00f3n P\u00fablica de Guanajuato (IACIP), y debe contener los siguientes datos:<\/p>\n<ul>\n<li style=\"list-style-type: none;\">\n<ul>\n<li>Nombre Completo del inconforme.<\/li>\n<li>Domicilio en el que recibir\u00e1 documentaci\u00f3n, el cual debe estar ubicado en la ciudad de Le\u00f3n, que es donde se encuentra el Instituto de Acceso a la Informaci\u00f3n P\u00fablica de Guanajuato (IACIP).<\/li>\n<li>En caso de no contar con ning\u00fan domicilio en Le\u00f3n para recibir la documentaci\u00f3n, deber\u00e1 de acudir al IACIP a recoger la resoluci\u00f3n a su Recurso de Revocaci\u00f3n.<\/li>\n<li>Nombre y Domicilio de la Unidad de Transparencia en donde realiz\u00f3 su solicitud.<\/li>\n<li>La fecha en que recibi\u00f3 la respuesta de la Unidad deTransparencia .<\/li>\n<li>Si no recibi\u00f3 ninguna respuesta, esto es, si fue \u201cnegativa ficta\u201d, debe indicar la fecha en que se present\u00f3 la solicitud remarcando que han transcurrido ya los 5 d\u00edas marcados por la ley para que se les entregue la informaci\u00f3n.<\/li>\n<li>Explicar brevemente porqu\u00e9 est\u00e1 inconforme con la respuesta que se le dio a la solicitud en la Unidad de\u00a0Transparencia que se\u00f1ala.<\/li>\n<\/ul>\n<\/li>\n<\/ul>\n<ul>El Consejo General del IACIP resolver\u00e1 su Recurso de Revocaci\u00f3n en el plazo que marca la ley.<\/ul>\n<p style=\"text-align: center;\">\u00a0<strong style=\"text-align: justify;\">AVISO\u00a0<\/strong><\/p>\n<p style=\"text-align: center;\">Conforme al art\u00edculo SEGUNDO TRANSITORIO de la nueva Ley de Transparencia y Acceso a la Informaci\u00f3n P\u00fablica para el Estado y los Municipios de Guanajuato se le informa que se abrog\u00f3 la Ley de Transparencia y Acceso a la Informaci\u00f3n P\u00fablica para el Estado y los Municipios de Guanajuato, expedida mediante el Decreto Legislativo n\u00famero 292 por la Sexag\u00e9sima Primera Legislatura Constitucional, y publicado en el Peri\u00f3dico Oficial del Gobierno del Estado, n\u00famero 154, Tercera Parte de fecha 25 de septiembre de 2012.<\/p>\n","protected":false},"excerpt":{"rendered":"<p>Presentar un Recurso de Revocaci\u00f3n es muy sencillo, ya que cualquier persona puede hacerlo sin necesidad de un abogado. Puede presentarse personalmente en las oficinas del IACIP (Instituto Acceso a la Informaci\u00f3n P\u00fablica), de lunes a viernes, de 9:00 a <a class=\"more-link\" href=\"https:\/\/purisimadelrincon.mx\/transparencia\/como-se-presenta-el-recurso-de-inconformidad\/\">Seguir leyendo <span class=\"screen-reader-text\">  \u00bfC\u00f3mo se presenta el Recurso de Revocaci\u00f3n?<\/span><span class=\"meta-nav\">&rarr;<\/span><\/a><\/p>\n","protected":false},"author":1,"featured_media":0,"parent":0,"menu_order":0,"comment_status":"closed","ping_status":"closed","template":"","meta":{"footnotes":""},"class_list":["post-108","page","type-page","status-publish","hentry"],"_links":{"self":[{"href":"https:\/\/purisimadelrincon.mx\/transparencia\/wp-json\/wp\/v2\/pages\/108","targetHints":{"allow":["GET"]}}],"collection":[{"href":"https:\/\/purisimadelrincon.mx\/transparencia\/wp-json\/wp\/v2\/pages"}],"about":[{"href":"https:\/\/purisimadelrincon.mx\/transparencia\/wp-json\/wp\/v2\/types\/page"}],"author":[{"embeddable":true,"href":"https:\/\/purisimadelrincon.mx\/transparencia\/wp-json\/wp\/v2\/users\/1"}],"replies":[{"embeddable":true,"href":"https:\/\/purisimadelrincon.mx\/transparencia\/wp-json\/wp\/v2\/comments?post=108"}],"version-history":[{"count":13,"href":"https:\/\/purisimadelrincon.mx\/transparencia\/wp-json\/wp\/v2\/pages\/108\/revisions"}],"predecessor-version":[{"id":21529,"href":"https:\/\/purisimadelrincon.mx\/transparencia\/wp-json\/wp\/v2\/pages\/108\/revisions\/21529"}],"wp:attachment":[{"href":"https:\/\/purisimadelrincon.mx\/transparencia\/wp-json\/wp\/v2\/media?parent=108"}],"curies":[{"name":"wp","href":"https:\/\/api.w.org\/{rel}","templated":true}]}}