{"id":11222,"date":"2023-02-13T20:28:58","date_gmt":"2023-02-13T20:28:58","guid":{"rendered":"http:\/\/purisimadelrincon.mx\/transparencia\/?page_id=11222"},"modified":"2026-01-22T16:42:03","modified_gmt":"2026-01-22T16:42:03","slug":"gastos-de-representacion-viaticos-y-otros-tipos-de-gastos","status":"publish","type":"page","link":"https:\/\/purisimadelrincon.mx\/transparencia\/gastos-de-representacion-viaticos-y-otros-tipos-de-gastos\/","title":{"rendered":"Facturas de gastos de representaci\u00f3n y vi\u00e1ticos."},"content":{"rendered":"<h5><strong>A\u00f1o 2022<\/strong><\/h5>\n<ul>\n<li><a href=\"https:\/\/purisimadelrincon.mx\/transparencia\/wp-content\/uploads\/Octubre-Inst-Mujer.pdf\">Octubre Instituto de la Mujer Purisimenses<\/a><\/li>\n<li><a href=\"https:\/\/purisimadelrincon.mx\/transparencia\/wp-content\/uploads\/Noviembre-Inst-Mujer.pdf\">Noviembre Instituto de la Mujer Purisimenses<\/a><\/li>\n<li><a href=\"https:\/\/purisimadelrincon.mx\/transparencia\/wp-content\/uploads\/Diciembre-Inst-Mujer.pdf\">Diciembre Instituto de la Mujer Purisimenses<\/a><\/li>\n<\/ul>\n<h5><strong>A\u00f1o 2023<\/strong><\/h5>\n<ul>\n<li><a href=\"https:\/\/purisimadelrincon.mx\/transparencia\/wp-content\/uploads\/ENERO.pdf\">Enero Instituto de la Mujer Purisimenses<\/a><\/li>\n<li><a href=\"https:\/\/purisimadelrincon.mx\/transparencia\/wp-content\/uploads\/MARZO.pdf\">Marzo Instituto de la Mujer Purisimenses<\/a><\/li>\n<li><a href=\"https:\/\/purisimadelrincon.mx\/transparencia\/wp-content\/uploads\/Mayo-Instituto-de-la-Mujer-Purisimenses.pdf\">Mayo Instituto de la Mujer Purisimenses<\/a><\/li>\n<li><a href=\"https:\/\/purisimadelrincon.mx\/transparencia\/wp-content\/uploads\/ilovepdf_merged.pdf\">Septiembre Instituto de la Mujer Purisimense<\/a><\/li>\n<li><a href=\"https:\/\/purisimadelrincon.mx\/transparencia\/wp-content\/uploads\/FACTURA-OCTUBRE-INS-MUJER.pdf\">Octubre Instituto de la Mujer Purisimense<\/a><\/li>\n<li><a href=\"https:\/\/purisimadelrincon.mx\/transparencia\/wp-content\/uploads\/FACTURAS-NOVIEMBRE-INSTMUJER.pdf\">Noviembre Instituto de la Mujer Purisimense<\/a><\/li>\n<li><a href=\"https:\/\/purisimadelrincon.mx\/transparencia\/wp-content\/uploads\/FACTURAS-DICIEMBRE-INSTMUJER.pdf\">Diciembre Instituto de la Mujer Purisimense<\/a><\/li>\n<\/ul>\n<h5><strong>A\u00f1o 2024<\/strong><\/h5>\n<ul>\n<li><a href=\"https:\/\/purisimadelrincon.mx\/transparencia\/wp-content\/uploads\/FACT-FEBRE.pdf\">Febrero Instituto de la Mujer Purisimense<\/a><\/li>\n<li><a href=\"https:\/\/purisimadelrincon.mx\/transparencia\/wp-content\/uploads\/Abril-Inst-Mujer.pdf\">Abril Instituto de la Mujer Purisimense<\/a><\/li>\n<li><a href=\"https:\/\/purisimadelrincon.mx\/transparencia\/wp-content\/uploads\/Mayo-Inst-Mujer.pdf\">Mayo Instituto de la Mujer Purisimense<\/a><\/li>\n<li><a href=\"https:\/\/purisimadelrincon.mx\/transparencia\/wp-content\/uploads\/JULIO.pdf\">Julio Instituto de la Mujer Purisimense<\/a><\/li>\n<li><a href=\"https:\/\/purisimadelrincon.mx\/transparencia\/wp-content\/uploads\/AGOSTO.pdf\">Agosto Instituto de la Mujer Purisimense<\/a><\/li>\n<li><a href=\"https:\/\/purisimadelrincon.mx\/transparencia\/wp-content\/uploads\/SEPTIEMBRE.pdf\">Septiembre Instituto de la Mujer Purisimense<\/a><\/li>\n<li><a href=\"https:\/\/purisimadelrincon.mx\/transparencia\/wp-content\/uploads\/FACTURA-DICIEMBRE20204-INSTMUJER.pdf\">Diciembre Instituto de la Mujer Purisimense<\/a><\/li>\n<\/ul>\n<h5><strong>A\u00f1o 2025<\/strong><\/h5>\n<ul>\n<li><a href=\"https:\/\/purisimadelrincon.mx\/transparencia\/wp-content\/uploads\/Facturas-Marzo-Inst-Mujer.pdf\">Facturas Marzo Instituto de las Mujeres Purisimenses<\/a><\/li>\n<li><a href=\"https:\/\/purisimadelrincon.mx\/transparencia\/wp-content\/uploads\/FACTURAS-MAYO-INSTITUTO.pdf\">Facturas Mayo Instituto de las Mujeres Purisimenses<\/a><\/li>\n<li><a href=\"https:\/\/purisimadelrincon.mx\/transparencia\/wp-content\/uploads\/ilovepdf_merged-1.pdf\">Facturas Agosto Instituto de las Mujeres Purisimenses<\/a><\/li>\n<li><a href=\"https:\/\/purisimadelrincon.mx\/transparencia\/wp-content\/uploads\/Factura_2540812.pdf\">Factura Noviembre Instituto de las Mujeres Purisimenses<\/a><\/li>\n<li><a href=\"https:\/\/purisimadelrincon.mx\/transparencia\/wp-content\/uploads\/Factura_2655366.pdf\">Factura Diciembre Instituto de las Mujeres Purisimenses<\/a><\/li>\n<\/ul>\n\n\n<p><\/p>\n","protected":false},"excerpt":{"rendered":"<p>A\u00f1o 2022 Octubre Instituto de la Mujer Purisimenses Noviembre Instituto de la Mujer Purisimenses Diciembre Instituto de la Mujer Purisimenses A\u00f1o 2023 Enero Instituto de la Mujer Purisimenses Marzo Instituto de la Mujer Purisimenses Mayo Instituto de la Mujer Purisimenses <a class=\"more-link\" href=\"https:\/\/purisimadelrincon.mx\/transparencia\/gastos-de-representacion-viaticos-y-otros-tipos-de-gastos\/\">Seguir leyendo <span class=\"screen-reader-text\">  Facturas de gastos de representaci\u00f3n y vi\u00e1ticos.<\/span><span class=\"meta-nav\">&rarr;<\/span><\/a><\/p>\n","protected":false},"author":2,"featured_media":0,"parent":0,"menu_order":0,"comment_status":"closed","ping_status":"closed","template":"","meta":{"footnotes":""},"class_list":["post-11222","page","type-page","status-publish","hentry"],"_links":{"self":[{"href":"https:\/\/purisimadelrincon.mx\/transparencia\/wp-json\/wp\/v2\/pages\/11222","targetHints":{"allow":["GET"]}}],"collection":[{"href":"https:\/\/purisimadelrincon.mx\/transparencia\/wp-json\/wp\/v2\/pages"}],"about":[{"href":"https:\/\/purisimadelrincon.mx\/transparencia\/wp-json\/wp\/v2\/types\/page"}],"author":[{"embeddable":true,"href":"https:\/\/purisimadelrincon.mx\/transparencia\/wp-json\/wp\/v2\/users\/2"}],"replies":[{"embeddable":true,"href":"https:\/\/purisimadelrincon.mx\/transparencia\/wp-json\/wp\/v2\/comments?post=11222"}],"version-history":[{"count":18,"href":"https:\/\/purisimadelrincon.mx\/transparencia\/wp-json\/wp\/v2\/pages\/11222\/revisions"}],"predecessor-version":[{"id":21782,"href":"https:\/\/purisimadelrincon.mx\/transparencia\/wp-json\/wp\/v2\/pages\/11222\/revisions\/21782"}],"wp:attachment":[{"href":"https:\/\/purisimadelrincon.mx\/transparencia\/wp-json\/wp\/v2\/media?parent=11222"}],"curies":[{"name":"wp","href":"https:\/\/api.w.org\/{rel}","templated":true}]}}