{"id":126,"date":"2012-10-18T19:59:07","date_gmt":"2012-10-18T19:59:07","guid":{"rendered":"http:\/\/localhost\/transparencia\/?page_id=126"},"modified":"2024-12-09T18:49:52","modified_gmt":"2024-12-09T18:49:52","slug":"titular-de-la-unidad-de-acceso","status":"publish","type":"page","link":"https:\/\/purisimadelrincon.mx\/transparencia\/titular-de-la-unidad-de-acceso\/","title":{"rendered":"Titular de la Unidad de Transparencia"},"content":{"rendered":"<p><img loading=\"lazy\" decoding=\"async\" class=\"alignnone size-medium wp-image-19244\" src=\"https:\/\/purisimadelrincon.mx\/transparencia\/wp-content\/uploads\/WhatsApp-Image-2024-12-09-at-12.48.47-PM-214x300.jpeg\" alt=\"\" width=\"214\" height=\"300\" srcset=\"https:\/\/purisimadelrincon.mx\/transparencia\/wp-content\/uploads\/WhatsApp-Image-2024-12-09-at-12.48.47-PM-214x300.jpeg 214w, https:\/\/purisimadelrincon.mx\/transparencia\/wp-content\/uploads\/WhatsApp-Image-2024-12-09-at-12.48.47-PM-732x1024.jpeg 732w, https:\/\/purisimadelrincon.mx\/transparencia\/wp-content\/uploads\/WhatsApp-Image-2024-12-09-at-12.48.47-PM-107x150.jpeg 107w, https:\/\/purisimadelrincon.mx\/transparencia\/wp-content\/uploads\/WhatsApp-Image-2024-12-09-at-12.48.47-PM-768x1075.jpeg 768w, https:\/\/purisimadelrincon.mx\/transparencia\/wp-content\/uploads\/WhatsApp-Image-2024-12-09-at-12.48.47-PM-1097x1536.jpeg 1097w, https:\/\/purisimadelrincon.mx\/transparencia\/wp-content\/uploads\/WhatsApp-Image-2024-12-09-at-12.48.47-PM.jpeg 1143w\" sizes=\"auto, (max-width: 214px) 100vw, 214px\" \/><\/p>\n<p>Lic. Paloma Yazm\u00edn del Roc\u00edo Collazo Salda\u00f1a<br \/>\nTel. 01(476) 743 5561, 62 Ext. 1113<br \/>\nCorreo Electr\u00f3nico: transparencia@purisimadelrincon.mx<\/p>\n<p style=\"text-align: justify;\">Solicita informaci\u00f3n en los diferentes medios que se proporcionan, ya que ahora con la Ley de Transparencia y Acceso a la Informaci\u00f3n P\u00fablica para el Estado y Los Municipios de Guanajuato, tienes m\u00e1s privilegios para solicitar informaci\u00f3n p\u00fablica del Municipio de Pur\u00edsima del Rinc\u00f3n.<\/p>\n","protected":false},"excerpt":{"rendered":"<p>Lic. Paloma Yazm\u00edn del Roc\u00edo Collazo Salda\u00f1a Tel. 01(476) 743 5561, 62 Ext. 1113 Correo Electr\u00f3nico: transparencia@purisimadelrincon.mx Solicita informaci\u00f3n en los diferentes medios que se proporcionan, ya que ahora con la Ley de Transparencia y Acceso a la Informaci\u00f3n P\u00fablica <a class=\"more-link\" href=\"https:\/\/purisimadelrincon.mx\/transparencia\/titular-de-la-unidad-de-acceso\/\">Seguir leyendo <span class=\"screen-reader-text\">  Titular de la Unidad de Transparencia<\/span><span class=\"meta-nav\">&rarr;<\/span><\/a><\/p>\n","protected":false},"author":1,"featured_media":0,"parent":0,"menu_order":0,"comment_status":"closed","ping_status":"closed","template":"","meta":{"footnotes":""},"class_list":["post-126","page","type-page","status-publish","hentry"],"_links":{"self":[{"href":"https:\/\/purisimadelrincon.mx\/transparencia\/wp-json\/wp\/v2\/pages\/126","targetHints":{"allow":["GET"]}}],"collection":[{"href":"https:\/\/purisimadelrincon.mx\/transparencia\/wp-json\/wp\/v2\/pages"}],"about":[{"href":"https:\/\/purisimadelrincon.mx\/transparencia\/wp-json\/wp\/v2\/types\/page"}],"author":[{"embeddable":true,"href":"https:\/\/purisimadelrincon.mx\/transparencia\/wp-json\/wp\/v2\/users\/1"}],"replies":[{"embeddable":true,"href":"https:\/\/purisimadelrincon.mx\/transparencia\/wp-json\/wp\/v2\/comments?post=126"}],"version-history":[{"count":15,"href":"https:\/\/purisimadelrincon.mx\/transparencia\/wp-json\/wp\/v2\/pages\/126\/revisions"}],"predecessor-version":[{"id":19245,"href":"https:\/\/purisimadelrincon.mx\/transparencia\/wp-json\/wp\/v2\/pages\/126\/revisions\/19245"}],"wp:attachment":[{"href":"https:\/\/purisimadelrincon.mx\/transparencia\/wp-json\/wp\/v2\/media?parent=126"}],"curies":[{"name":"wp","href":"https:\/\/api.w.org\/{rel}","templated":true}]}}