{"id":15264,"date":"2023-04-13T20:58:55","date_gmt":"2023-04-13T20:58:55","guid":{"rendered":"http:\/\/purisimadelrincon.mx\/transparencia\/?page_id=15264"},"modified":"2023-06-26T20:04:11","modified_gmt":"2023-06-26T20:04:11","slug":"manuales-de-organizacion-y-funciones","status":"publish","type":"page","link":"https:\/\/purisimadelrincon.mx\/transparencia\/manuales-de-organizacion-y-funciones\/","title":{"rendered":"Manuales de organizaci\u00f3n y funciones"},"content":{"rendered":"<p><!--StartFragment--><\/p>\n<ul>\n<li><a href=\"https:\/\/purisimadelrincon.mx\/transparencia\/wp-content\/uploads\/MANUAL-DE-ORGANIZACION-Inst-de-la-Mujer.pdf\">MANUAL DE ORGANIZACI\u00d3N INSTITUTO DE LAS MUJERES PURISIMENSES 2023<\/a><\/li>\n<li><a href=\"https:\/\/purisimadelrincon.mx\/transparencia\/wp-content\/uploads\/MANUAL-DE-FUNCIONES-COMUDE-2023-.pdf\">MANUAL DE FUNCIONES COMISI\u00d3N NACIONAL DEL DEPORTE (COMUDE) 2023<\/a><\/li>\n<li><a href=\"https:\/\/purisimadelrincon.mx\/transparencia\/wp-content\/uploads\/MANUAL-DE-FUNCIONES-CONTRALORIA-MUNICIPAL-2023-.pdf\">MANUAL DE FUNCIONES CONTRALORIA MUNICIPAL 2023<\/a><\/li>\n<li><a href=\"https:\/\/purisimadelrincon.mx\/transparencia\/wp-content\/uploads\/MANUAL-DE-FUNCIONES-DESARROLLO-ECONOMICO-Y-TURISMO-2023-.pdf\">MANUAL DE FUNCIONES DESARROLLO ECON\u00d3MICO Y TURISMO 2023<\/a><\/li>\n<li><a href=\"https:\/\/purisimadelrincon.mx\/transparencia\/wp-content\/uploads\/MANUAL-DE-FUNCIONES-DESARROLLO-RURAL-2023-.pdf\">MANUAL DE FUNCIONES DESARROLLO RURAL <\/a>\n<ul>\n<li><a href=\"https:\/\/purisimadelrincon.mx\/transparencia\/wp-content\/uploads\/MANUAL-DE-FUNCIONES-DESARROLLO-RURAL-2023-.pdf\"><em>(COORDINACI\u00d3N DE RASTRO MUNICIPAL<\/em>) 2023<\/a><\/li>\n<\/ul>\n<\/li>\n<li><a href=\"https:\/\/purisimadelrincon.mx\/transparencia\/wp-content\/uploads\/MANUAL-DE-FUNCIONES-DESARROLLO-SOCIAL-Y-HUMANO-2023.pdf\">MANUAL DE FUNCIONES DESARROLLO SOCIAL Y HUMANO <\/a>\n<ul>\n<li><a href=\"https:\/\/purisimadelrincon.mx\/transparencia\/wp-content\/uploads\/MANUAL-DE-FUNCIONES-DESARROLLO-SOCIAL-Y-HUMANO-2023.pdf\">(<em>COORDINACI\u00d3N MUNICIPAL DE JUVENTUDES Y<\/em><\/a><\/li>\n<li><a href=\"https:\/\/purisimadelrincon.mx\/transparencia\/wp-content\/uploads\/MANUAL-DE-FUNCIONES-DESARROLLO-SOCIAL-Y-HUMANO-2023.pdf\"><em> COORDINACI\u00d3N\u00a0 MUNICIPAL DE SALUD<\/em>)\u00a0 2023<\/a><\/li>\n<\/ul>\n<\/li>\n<li><a href=\"https:\/\/purisimadelrincon.mx\/transparencia\/wp-content\/uploads\/MANUAL-DE-FUNCIONES-PRESIDENCIA-2023-.pdf\">MANUAL DE FUNCIONES PRESIDENCIA <\/a>\n<ul>\n<li><a href=\"https:\/\/purisimadelrincon.mx\/transparencia\/wp-content\/uploads\/MANUAL-DE-FUNCIONES-PRESIDENCIA-2023-.pdf\">(<em>SECRETARIA EJECUTIVA,<\/em><\/a><\/li>\n<li><a href=\"https:\/\/purisimadelrincon.mx\/transparencia\/wp-content\/uploads\/MANUAL-DE-FUNCIONES-PRESIDENCIA-2023-.pdf\"><em> DIRECCI\u00d3N DE COMUNICACION, Y<\/em><\/a><\/li>\n<li><a href=\"https:\/\/purisimadelrincon.mx\/transparencia\/wp-content\/uploads\/MANUAL-DE-FUNCIONES-PRESIDENCIA-2023-.pdf\"><em> DIRECCI\u00d3N DE LA UNIDAD DE TRANSPARENCIA<\/em>) 2023<\/a><\/li>\n<\/ul>\n<\/li>\n<li><a href=\"https:\/\/purisimadelrincon.mx\/transparencia\/wp-content\/uploads\/MANUAL-DE-FUNCIONES-SECRETARIA-DE-AYUNTAMIENTO-2023-.pdf\">MANUAL DE FUNCIONES SECRETARIA DE AYUNTAMIENTO<\/a>\n<ul>\n<li><a href=\"https:\/\/purisimadelrincon.mx\/transparencia\/wp-content\/uploads\/MANUAL-DE-FUNCIONES-SECRETARIA-DE-AYUNTAMIENTO-2023-.pdf\"><em>(DIRECCI\u00d3N DE ASUNTOS JUR\u00cdDICOS, <\/em><\/a><\/li>\n<li><em><a href=\"https:\/\/purisimadelrincon.mx\/transparencia\/wp-content\/uploads\/MANUAL-DE-FUNCIONES-SECRETARIA-DE-AYUNTAMIENTO-2023-.pdf\">DIRECCI\u00d3N DE FISCALIZACI\u00d3N Y CONTROL,<\/a><\/em><\/li>\n<li><em><a href=\"https:\/\/purisimadelrincon.mx\/transparencia\/wp-content\/uploads\/MANUAL-DE-FUNCIONES-SECRETARIA-DE-AYUNTAMIENTO-2023-.pdf\">COORDINACI\u00d3N DE \u00c1RBITROS CALIFICADORES,<\/a><\/em><\/li>\n<li><em><a href=\"https:\/\/purisimadelrincon.mx\/transparencia\/wp-content\/uploads\/MANUAL-DE-FUNCIONES-SECRETARIA-DE-AYUNTAMIENTO-2023-.pdf\">CORDINACI\u00d3N DE ASUNTOS INTERNOS,<\/a><\/em><\/li>\n<li><em><a href=\"https:\/\/purisimadelrincon.mx\/transparencia\/wp-content\/uploads\/MANUAL-DE-FUNCIONES-SECRETARIA-DE-AYUNTAMIENTO-2023-.pdf\">COORDINACI\u00d3N DE ARCHIVO MUNICIPAL,<\/a><\/em><\/li>\n<li><em><a href=\"https:\/\/purisimadelrincon.mx\/transparencia\/wp-content\/uploads\/MANUAL-DE-FUNCIONES-SECRETARIA-DE-AYUNTAMIENTO-2023-.pdf\">CRONISTA MUNICIPAL,<\/a><\/em><\/li>\n<li><em><a href=\"https:\/\/purisimadelrincon.mx\/transparencia\/wp-content\/uploads\/MANUAL-DE-FUNCIONES-SECRETARIA-DE-AYUNTAMIENTO-2023-.pdf\">COORDINACI\u00d3N DE MEJORA REGULATORIA,<\/a><\/em><\/li>\n<li><a href=\"https:\/\/purisimadelrincon.mx\/transparencia\/wp-content\/uploads\/MANUAL-DE-FUNCIONES-SECRETARIA-DE-AYUNTAMIENTO-2023-.pdf\"><em>COORDINACION DE PROGRAMAS PREVENTIVOS Y PARTICIPACI\u00d3N SOCIAL<\/em>) 2023<\/a><\/li>\n<\/ul>\n<\/li>\n<li><a href=\"https:\/\/purisimadelrincon.mx\/transparencia\/wp-content\/uploads\/MANUAL-DE-FUNCIONES-SERVICIOS-PUBLICOS-MUNICIPALES-2023-.pdf\">MANUAL DE FUNCIONES SERVICIOS P\u00daBLICOS MUNICIPALES 2023<\/a><\/li>\n<li><a href=\"https:\/\/purisimadelrincon.mx\/transparencia\/wp-content\/uploads\/MANUAL-DE-FUNCIONES-SIPINNA-2023.pdf\">MANUAL DE FUNCIONES SISTEMA MUNICIPAL DE PROTECCI\u00d3N DE LOS DERECHOS DE NI\u00d1AS, NI\u00d1OS Y ADOLESCENTES (SIPINNA) 2023<\/a><\/li>\n<li><a href=\"https:\/\/purisimadelrincon.mx\/transparencia\/wp-content\/uploads\/MANUAL-DE-FUNCIONES-TESORERIA-2023.pdf\">MANUAL DE FUNCIONES TESORERIA\u00a0<\/a>\n<ul>\n<li><a href=\"https:\/\/purisimadelrincon.mx\/transparencia\/wp-content\/uploads\/MANUAL-DE-FUNCIONES-TESORERIA-2023.pdf\">(<em>DIRECCI\u00d3N DE PREDIAL Y CATASTRO<\/em><\/a><\/li>\n<li><em><a href=\"https:\/\/purisimadelrincon.mx\/transparencia\/wp-content\/uploads\/MANUAL-DE-FUNCIONES-TESORERIA-2023.pdf\">COORDINACI\u00d3N DE RECURSOS HUMANOS,<\/a><\/em><\/li>\n<li><a href=\"https:\/\/purisimadelrincon.mx\/transparencia\/wp-content\/uploads\/MANUAL-DE-FUNCIONES-TESORERIA-2023.pdf\"><em>COORDINACI\u00d3N DE INFORM\u00c1TICA<\/em>) 2023<\/a><\/li>\n<\/ul>\n<\/li>\n<li><a href=\"https:\/\/purisimadelrincon.mx\/transparencia\/wp-content\/uploads\/MANUAL-DE-FUNCIONES-CULTURA-MUNICIPAL-2023.pdf\">MANUAL DE FUNCIONES CULTURA MUNICIPAL 2023<\/a>\n<ul>\n<li><em><a href=\"https:\/\/purisimadelrincon.mx\/transparencia\/wp-content\/uploads\/MANUAL-DE-FUNCIONES-CULTURA-MUNICIPAL-2023.pdf\">COORDINACION DE ECOLOG\u00cdA 2023<\/a><\/em><\/li>\n<\/ul>\n<\/li>\n<li><a href=\"https:\/\/purisimadelrincon.mx\/transparencia\/wp-content\/uploads\/MANUAL-DE-FUNCIONES-GINTER-2023.pdf\">MANUAL DE FUNCIONES GESTI\u00d3N INTEGRAL DEL TERRITORIO 2023<\/a><\/li>\n<li><a href=\"https:\/\/purisimadelrincon.mx\/transparencia\/wp-content\/uploads\/MANUAL-DE-FUNCIONES-IMPLAN-2023.pdf\">MANUAL DE FUNCIONES IMPLAN 2023<\/a><\/li>\n<li><a href=\"https:\/\/purisimadelrincon.mx\/transparencia\/wp-content\/uploads\/5-MF-Direccion-de-Seguridad-Publica-Transito-y-Transporte-2023.pdf\">MANUAL DE FUNCIONES DIRECCI\u00d3N DE SEGURIDAD P\u00daBLICA, TR\u00c1NSITO Y TRANSPORTE 2023<\/a>\n<ul>\n<li><em><a href=\"https:\/\/purisimadelrincon.mx\/transparencia\/wp-content\/uploads\/5-MF-Direccion-de-Seguridad-Publica-Transito-y-Transporte-2023.pdf\">\u00a0COORDINACI\u00d3N DE PROTECCI\u00d3N CIVIL 2023<\/a><\/em><\/li>\n<\/ul>\n<\/li>\n<\/ul>\n<p>\u00a0 \u00a0 \u00a0\u00a0<\/p>\n\n\n<p><\/p>\n","protected":false},"excerpt":{"rendered":"<p>MANUAL DE ORGANIZACI\u00d3N INSTITUTO DE LAS MUJERES PURISIMENSES 2023 MANUAL DE FUNCIONES COMISI\u00d3N NACIONAL DEL DEPORTE (COMUDE) 2023 MANUAL DE FUNCIONES CONTRALORIA MUNICIPAL 2023 MANUAL DE FUNCIONES DESARROLLO ECON\u00d3MICO Y TURISMO 2023 MANUAL DE FUNCIONES DESARROLLO RURAL (COORDINACI\u00d3N DE RASTRO <a class=\"more-link\" href=\"https:\/\/purisimadelrincon.mx\/transparencia\/manuales-de-organizacion-y-funciones\/\">Seguir leyendo <span class=\"screen-reader-text\">  Manuales de organizaci\u00f3n y funciones<\/span><span class=\"meta-nav\">&rarr;<\/span><\/a><\/p>\n","protected":false},"author":1,"featured_media":0,"parent":0,"menu_order":0,"comment_status":"closed","ping_status":"closed","template":"","meta":{"footnotes":""},"class_list":["post-15264","page","type-page","status-publish","hentry"],"_links":{"self":[{"href":"https:\/\/purisimadelrincon.mx\/transparencia\/wp-json\/wp\/v2\/pages\/15264","targetHints":{"allow":["GET"]}}],"collection":[{"href":"https:\/\/purisimadelrincon.mx\/transparencia\/wp-json\/wp\/v2\/pages"}],"about":[{"href":"https:\/\/purisimadelrincon.mx\/transparencia\/wp-json\/wp\/v2\/types\/page"}],"author":[{"embeddable":true,"href":"https:\/\/purisimadelrincon.mx\/transparencia\/wp-json\/wp\/v2\/users\/1"}],"replies":[{"embeddable":true,"href":"https:\/\/purisimadelrincon.mx\/transparencia\/wp-json\/wp\/v2\/comments?post=15264"}],"version-history":[{"count":9,"href":"https:\/\/purisimadelrincon.mx\/transparencia\/wp-json\/wp\/v2\/pages\/15264\/revisions"}],"predecessor-version":[{"id":15419,"href":"https:\/\/purisimadelrincon.mx\/transparencia\/wp-json\/wp\/v2\/pages\/15264\/revisions\/15419"}],"wp:attachment":[{"href":"https:\/\/purisimadelrincon.mx\/transparencia\/wp-json\/wp\/v2\/media?parent=15264"}],"curies":[{"name":"wp","href":"https:\/\/api.w.org\/{rel}","templated":true}]}}