{"id":15295,"date":"2023-04-17T21:20:19","date_gmt":"2023-04-17T21:20:19","guid":{"rendered":"http:\/\/purisimadelrincon.mx\/transparencia\/?page_id=15295"},"modified":"2023-08-15T19:44:07","modified_gmt":"2023-08-15T19:44:07","slug":"1trimestres-version-publica-de-las-declaraciones-patrimoniales-anuales","status":"publish","type":"page","link":"https:\/\/purisimadelrincon.mx\/transparencia\/1trimestres-version-publica-de-las-declaraciones-patrimoniales-anuales\/","title":{"rendered":"1TRIMESTRE  VERSI\u00d3N P\u00daBLICA DE LAS DECLARACIONES PATRIMONIALES ANUALES"},"content":{"rendered":"<h4 style=\"text-align: center;\">\u00a0<\/h4>\n<ul>\n<li><a href=\"https:\/\/purisimadelrincon.mx\/transparencia\/wp-content\/uploads\/ALFREDO-LOPEZ-ZERMENO-1.pdf\">ALFREDO LOPEZ ZERME\u00d1O<\/a><\/li>\n<li><a href=\"https:\/\/purisimadelrincon.mx\/transparencia\/wp-content\/uploads\/ALFREDO-VASQUEZ-MUNOZ-1.pdf\">ALFREDO VASQUEZ MU\u00d1OZ<\/a><\/li>\n<li><a href=\"https:\/\/purisimadelrincon.mx\/transparencia\/wp-content\/uploads\/CARLOS-ALBERTO-CORONADO-HERNANDEZ-1.pdf\">CARLOS ALBERTO CORONADO HERNANDEZ<\/a><\/li>\n<li><a href=\"https:\/\/purisimadelrincon.mx\/transparencia\/wp-content\/uploads\/CARLOS-ANDRES-MONTANEZ-VALADEZ-1.pdf\">CARLOS ANDRES MONTA\u00d1EZ VALADEZ<\/a><\/li>\n<li><a href=\"https:\/\/purisimadelrincon.mx\/transparencia\/wp-content\/uploads\/CRISTIAN-MIGUEL-RODRIGUEZ.pdf\">CRISTIAN MIGUEL RODRIGUEZ<\/a><\/li>\n<li><a href=\"https:\/\/purisimadelrincon.mx\/transparencia\/wp-content\/uploads\/CRUZ-ANTONIO-CRUZ-GALVAN-1.pdf\">CRUZ ANTONIO CRUZ GALVAN<\/a><\/li>\n<li><a href=\"https:\/\/purisimadelrincon.mx\/transparencia\/wp-content\/uploads\/EFRAIN-REYNOSO-PEREZ-1.pdf\">EFRAIN REYNOSO PEREZ<\/a><\/li>\n<li><a href=\"https:\/\/purisimadelrincon.mx\/transparencia\/wp-content\/uploads\/ESTEFANIA-CASTANEDA-BUCIO.pdf\">ESTEFANIA CASTA\u00d1EDA BUCIO<\/a><\/li>\n<li><a href=\"https:\/\/purisimadelrincon.mx\/transparencia\/wp-content\/uploads\/FRANCISCO-JAVIER-BECERRA-RIVERA-1.pdf\">FRANCISCO JAVIER BECERRA RIVERA<\/a><\/li>\n<li><a href=\"https:\/\/purisimadelrincon.mx\/transparencia\/wp-content\/uploads\/GENARO-FLORES-FLORES-1.pdf\">GENARO FLORES FLORES<\/a><\/li>\n<li><a href=\"https:\/\/purisimadelrincon.mx\/transparencia\/wp-content\/uploads\/JAVIER-RAMIREZ-RAMIREZ-1.pdf\">JAVIER RAMIREZ RAMIREZ<\/a><\/li>\n<li><a href=\"https:\/\/purisimadelrincon.mx\/transparencia\/wp-content\/uploads\/JORGE-ALBERTO-ARANDA-RIVERA-1.pdf\">JORGE ALBERTO ARANDA RIVERA<\/a><\/li>\n<li><a href=\"https:\/\/purisimadelrincon.mx\/transparencia\/wp-content\/uploads\/JORGE-ALBERTO-RAMIREZ-GAMEZ-1.pdf\">JORGE ALBERTO RAMIREZ GAMEZ<\/a><\/li>\n<li><a href=\"https:\/\/purisimadelrincon.mx\/transparencia\/wp-content\/uploads\/JOSE-LUIS-DAVILA-RAMOS-1.pdf\">JOSE LUIS DAVILA RAMOS<\/a><\/li>\n<li><a href=\"https:\/\/purisimadelrincon.mx\/transparencia\/wp-content\/uploads\/JUAN-JOSE-MANUEL-ARREOLA-REYES-1.pdf\">JUAN JOSE MANUEL ARREOLA REYES<\/a><\/li>\n<li><a href=\"https:\/\/purisimadelrincon.mx\/transparencia\/wp-content\/uploads\/JUAN-LUIS-CANO-JIMENEZ-1.pdf\">JUAN LUIS CANO JIMENEZ<\/a><\/li>\n<li><a href=\"https:\/\/purisimadelrincon.mx\/transparencia\/wp-content\/uploads\/JUAN-MANUEL-GUTIERREZ-MAGALLANES-1.pdf\">JUAN MANUEL GUTIERREZ MAGALLANES<\/a><\/li>\n<li><a href=\"https:\/\/purisimadelrincon.mx\/transparencia\/wp-content\/uploads\/LUZ-ESTEBAN-BECERRA-RIVERA-1.pdf\">LUZ ESTEBAN BECERRA RIVERA<\/a><\/li>\n<li><a href=\"https:\/\/purisimadelrincon.mx\/transparencia\/wp-content\/uploads\/LUZ-NAYELI-PEREZ-GALLEGOS.pdf\">LUZ NAYELI PEREZ GALLEGOS<\/a><\/li>\n<li><a href=\"https:\/\/purisimadelrincon.mx\/transparencia\/wp-content\/uploads\/MA.-CONCEPCION-VALADEZ-SANCHEZ-2.pdf\">MA. CONCEPCION VALADEZ SANCHEZ<\/a><\/li>\n<li><a href=\"https:\/\/purisimadelrincon.mx\/transparencia\/wp-content\/uploads\/MARCIA-DOMINGUEZ-CORTES-2.pdf\">MARCIA DOMINGUEZ CORTES<\/a><\/li>\n<li><a href=\"https:\/\/purisimadelrincon.mx\/transparencia\/wp-content\/uploads\/MARIA-ISABEL-VERDIN-MUNOZ-1.pdf\">MARIA ISABEL VERDIN MU\u00d1OZ<\/a><\/li>\n<li><a href=\"https:\/\/purisimadelrincon.mx\/transparencia\/wp-content\/uploads\/MARIA-VIRIDIANA-VAZQUEZ-GUTIERREZ-1.pdf\">MARIA VIRIDIANA VAZQUEZ GUTIERREZ<\/a><\/li>\n<li><a href=\"https:\/\/purisimadelrincon.mx\/transparencia\/wp-content\/uploads\/MIGUEL-ANGEL-BECERRA-RIVERA-1.pdf\">MIGUEL ANGEL BECERRA RIVERA<\/a><\/li>\n<li><a href=\"https:\/\/purisimadelrincon.mx\/transparencia\/wp-content\/uploads\/NANCY-ALEJANDRA-DELGADO-NAVARRO.pdf\">NANCY ALEJANDRA DELGADO NAVARRO<\/a><\/li>\n<li><a href=\"https:\/\/purisimadelrincon.mx\/transparencia\/wp-content\/uploads\/NAYELY-GUADALUPE-GONZALEZ-RANGEL-2.pdf\">NAYELY GUADALUPE GONZALEZ RANGEL<\/a><\/li>\n<li><a href=\"https:\/\/purisimadelrincon.mx\/transparencia\/wp-content\/uploads\/NELIDA-BETANIA-HERNANDEZ-GUERRERO-1.pdf\">NELIDA BETANIA HERNANDEZ GUERRERO<\/a><\/li>\n<li><a href=\"https:\/\/purisimadelrincon.mx\/transparencia\/wp-content\/uploads\/OSCAR-IVAN-ESPINOZA-CRUZ-1.pdf\">OSCAR IVAN ESPINOZA CRUZ<\/a><\/li>\n<li><a href=\"https:\/\/purisimadelrincon.mx\/transparencia\/wp-content\/uploads\/PEDRO-MUNOZ-PORRAS-1.pdf\">PEDRO MU\u00d1OZ PORRAS<\/a><\/li>\n<\/ul>\n<h5>\u00a0<\/h5>\n<p>\u00a0<\/p>\n<h5>\u00a0<\/h5>\n\n\n<p><\/p>\n\n\n\n<p><\/p>\n\n\n\n<p><\/p>\n\n\n\n<p><\/p>\n\n\n\n<p><\/p>\n\n\n\n<p><\/p>\n\n\n\n<p><\/p>\n\n\n\n<p><\/p>\n\n\n\n<p><\/p>\n\n\n\n<p><\/p>\n\n\n\n<p><\/p>\n\n\n\n<p><\/p>\n\n\n\n<p><\/p>\n\n\n\n<p><\/p>\n\n\n\n<p><\/p>\n\n\n\n<p><\/p>\n\n\n\n<p><\/p>\n\n\n\n<p><\/p>\n\n\n\n<p><\/p>\n\n\n\n<p><\/p>\n\n\n\n<p><\/p>\n\n\n\n<p><\/p>\n\n\n\n<p><\/p>\n\n\n\n<p><\/p>\n\n\n\n<p><\/p>\n\n\n\n<p><\/p>\n\n\n\n<p><\/p>\n\n\n\n<p><\/p>\n\n\n\n<p><\/p>\n\n\n\n<p><\/p>\n\n\n\n<p><\/p>\n\n\n\n<p><\/p>\n\n\n\n<p><\/p>\n\n\n\n<p><\/p>\n\n\n\n<p><\/p>\n\n\n\n<p><\/p>\n\n\n\n<p><\/p>\n\n\n\n<p><\/p>\n\n\n\n<p><\/p>\n\n\n\n<p><\/p>\n\n\n\n<p><\/p>\n\n\n\n<p><\/p>\n\n\n\n<p><\/p>\n\n\n\n<p><\/p>\n\n\n\n<p><\/p>\n\n\n\n<p><\/p>\n\n\n\n<p><\/p>\n\n\n\n<p><\/p>\n\n\n\n<p><\/p>\n\n\n\n<p><\/p>\n\n\n\n<p><\/p>\n\n\n\n<p><\/p>\n\n\n\n<p><\/p>\n\n\n\n<p><\/p>\n\n\n\n<p><\/p>\n\n\n\n<p><\/p>\n","protected":false},"excerpt":{"rendered":"<p>\u00a0 ALFREDO LOPEZ ZERME\u00d1O ALFREDO VASQUEZ MU\u00d1OZ CARLOS ALBERTO CORONADO HERNANDEZ CARLOS ANDRES MONTA\u00d1EZ VALADEZ CRISTIAN MIGUEL RODRIGUEZ CRUZ ANTONIO CRUZ GALVAN EFRAIN REYNOSO PEREZ ESTEFANIA CASTA\u00d1EDA BUCIO FRANCISCO JAVIER BECERRA RIVERA GENARO FLORES FLORES JAVIER RAMIREZ RAMIREZ JORGE ALBERTO <a class=\"more-link\" href=\"https:\/\/purisimadelrincon.mx\/transparencia\/1trimestres-version-publica-de-las-declaraciones-patrimoniales-anuales\/\">Seguir leyendo <span class=\"screen-reader-text\">  1TRIMESTRE  VERSI\u00d3N P\u00daBLICA DE LAS DECLARACIONES PATRIMONIALES ANUALES<\/span><span class=\"meta-nav\">&rarr;<\/span><\/a><\/p>\n","protected":false},"author":2,"featured_media":0,"parent":0,"menu_order":0,"comment_status":"closed","ping_status":"closed","template":"","meta":{"footnotes":""},"class_list":["post-15295","page","type-page","status-publish","hentry"],"_links":{"self":[{"href":"https:\/\/purisimadelrincon.mx\/transparencia\/wp-json\/wp\/v2\/pages\/15295","targetHints":{"allow":["GET"]}}],"collection":[{"href":"https:\/\/purisimadelrincon.mx\/transparencia\/wp-json\/wp\/v2\/pages"}],"about":[{"href":"https:\/\/purisimadelrincon.mx\/transparencia\/wp-json\/wp\/v2\/types\/page"}],"author":[{"embeddable":true,"href":"https:\/\/purisimadelrincon.mx\/transparencia\/wp-json\/wp\/v2\/users\/2"}],"replies":[{"embeddable":true,"href":"https:\/\/purisimadelrincon.mx\/transparencia\/wp-json\/wp\/v2\/comments?post=15295"}],"version-history":[{"count":3,"href":"https:\/\/purisimadelrincon.mx\/transparencia\/wp-json\/wp\/v2\/pages\/15295\/revisions"}],"predecessor-version":[{"id":16551,"href":"https:\/\/purisimadelrincon.mx\/transparencia\/wp-json\/wp\/v2\/pages\/15295\/revisions\/16551"}],"wp:attachment":[{"href":"https:\/\/purisimadelrincon.mx\/transparencia\/wp-json\/wp\/v2\/media?parent=15295"}],"curies":[{"name":"wp","href":"https:\/\/api.w.org\/{rel}","templated":true}]}}