{"id":15365,"date":"2023-05-08T18:44:00","date_gmt":"2023-05-08T18:44:00","guid":{"rendered":"http:\/\/purisimadelrincon.mx\/transparencia\/?page_id=15365"},"modified":"2025-01-13T16:09:04","modified_gmt":"2025-01-13T16:09:04","slug":"facturas-de-gastos-de-representacion-y-viaticos-implan","status":"publish","type":"page","link":"https:\/\/purisimadelrincon.mx\/transparencia\/facturas-de-gastos-de-representacion-y-viaticos-implan\/","title":{"rendered":"Facturas de gastos de representaci\u00f3n y vi\u00e1ticos. IMPLAN"},"content":{"rendered":"<p><strong style=\"color: revert; font-size: 18px;\">A\u00f1o 2023<\/strong><\/p>\n<ul>\n<li><a style=\"font-size: 15px;\" href=\"https:\/\/purisimadelrincon.mx\/transparencia\/wp-content\/uploads\/FEBFactura_19922050509.pdf\">Febrero Instituto Municipal de Planeaci\u00f3n<\/a><\/li>\n<li><a href=\"https:\/\/purisimadelrincon.mx\/transparencia\/wp-content\/uploads\/MARZOFACTURAS.pdf\">Marzo Instituto Municipal de Planeaci\u00f3n<\/a><\/li>\n<li><a href=\"https:\/\/purisimadelrincon.mx\/transparencia\/wp-content\/uploads\/Mayo-Instituto-Municipal-de-planeacion.pdf\">Mayo Instituto Municipal de Planeaci\u00f3n<\/a><\/li>\n<li><a href=\"https:\/\/purisimadelrincon.mx\/transparencia\/wp-content\/uploads\/Junio-Instituto-Municipal-de-planeacion.pdf\">Junio Instituto Municipal de Planeaci\u00f3n<\/a><\/li>\n<li><a href=\"https:\/\/purisimadelrincon.mx\/transparencia\/wp-content\/uploads\/GEG_5_4252812_35_20230825_I.pdf\">Agosto Instituto Municipal de Planeaci\u00f3n<\/a><\/li>\n<li><a href=\"https:\/\/purisimadelrincon.mx\/transparencia\/wp-content\/uploads\/TODASFACTURASEP23.pdf\">Septiembre Instituto Municipal de Planeaci\u00f3n<\/a><\/li>\n<li><a href=\"https:\/\/purisimadelrincon.mx\/transparencia\/wp-content\/uploads\/1_2_merged.pdf\">Octubre Instituto Municipal de Planeaci\u00f3n<\/a><\/li>\n<\/ul>\n<p><strong style=\"color: revert; font-size: 18px;\">A\u00f1o 2024<\/strong><\/p>\n<ul>\n<li><a href=\"https:\/\/purisimadelrincon.mx\/transparencia\/wp-content\/uploads\/Factura_19923928871.pdf\">Enero Instituto Municipal de Planeaci\u00f3n<\/a><\/li>\n<li><a href=\"https:\/\/purisimadelrincon.mx\/transparencia\/wp-content\/uploads\/Factura_19924126730.pdf\">Febrero Instituto Municipal de Planeaci\u00f3n<\/a><\/li>\n<li><a href=\"https:\/\/purisimadelrincon.mx\/transparencia\/wp-content\/uploads\/facimplan-nov.pdf\">Noviembre Instituto Municipal de Planeaci\u00f3n <\/a><\/li>\n<li><a href=\"https:\/\/purisimadelrincon.mx\/transparencia\/wp-content\/uploads\/Purisima-del-Rincon-5.pdf\">Pur\u00edsima del Rinc\u00f3n, Informe de la comisi\u00f3n<\/a><\/li>\n<\/ul>\n\n\n<p><\/p>\n","protected":false},"excerpt":{"rendered":"<p>A\u00f1o 2023 Febrero Instituto Municipal de Planeaci\u00f3n Marzo Instituto Municipal de Planeaci\u00f3n Mayo Instituto Municipal de Planeaci\u00f3n Junio Instituto Municipal de Planeaci\u00f3n Agosto Instituto Municipal de Planeaci\u00f3n Septiembre Instituto Municipal de Planeaci\u00f3n Octubre Instituto Municipal de Planeaci\u00f3n A\u00f1o 2024 Enero <a class=\"more-link\" href=\"https:\/\/purisimadelrincon.mx\/transparencia\/facturas-de-gastos-de-representacion-y-viaticos-implan\/\">Seguir leyendo <span class=\"screen-reader-text\">  Facturas de gastos de representaci\u00f3n y vi\u00e1ticos. IMPLAN<\/span><span class=\"meta-nav\">&rarr;<\/span><\/a><\/p>\n","protected":false},"author":2,"featured_media":0,"parent":0,"menu_order":0,"comment_status":"closed","ping_status":"closed","template":"","meta":{"footnotes":""},"class_list":["post-15365","page","type-page","status-publish","hentry"],"_links":{"self":[{"href":"https:\/\/purisimadelrincon.mx\/transparencia\/wp-json\/wp\/v2\/pages\/15365","targetHints":{"allow":["GET"]}}],"collection":[{"href":"https:\/\/purisimadelrincon.mx\/transparencia\/wp-json\/wp\/v2\/pages"}],"about":[{"href":"https:\/\/purisimadelrincon.mx\/transparencia\/wp-json\/wp\/v2\/types\/page"}],"author":[{"embeddable":true,"href":"https:\/\/purisimadelrincon.mx\/transparencia\/wp-json\/wp\/v2\/users\/2"}],"replies":[{"embeddable":true,"href":"https:\/\/purisimadelrincon.mx\/transparencia\/wp-json\/wp\/v2\/comments?post=15365"}],"version-history":[{"count":9,"href":"https:\/\/purisimadelrincon.mx\/transparencia\/wp-json\/wp\/v2\/pages\/15365\/revisions"}],"predecessor-version":[{"id":19289,"href":"https:\/\/purisimadelrincon.mx\/transparencia\/wp-json\/wp\/v2\/pages\/15365\/revisions\/19289"}],"wp:attachment":[{"href":"https:\/\/purisimadelrincon.mx\/transparencia\/wp-json\/wp\/v2\/media?parent=15365"}],"curies":[{"name":"wp","href":"https:\/\/api.w.org\/{rel}","templated":true}]}}