{"id":15668,"date":"2023-10-13T21:40:04","date_gmt":"2023-10-13T21:40:04","guid":{"rendered":"http:\/\/purisimadelrincon.mx\/transparencia\/?page_id=15668"},"modified":"2024-07-18T19:06:52","modified_gmt":"2024-07-18T19:06:52","slug":"actas-del-consejo","status":"publish","type":"page","link":"https:\/\/purisimadelrincon.mx\/transparencia\/actas-del-consejo\/","title":{"rendered":"ACTAS DEL CONSEJO DIRECTIVO."},"content":{"rendered":"\n<p><\/p>\n\n\n\n<p><\/p>\n\n\n<p><!--StartFragment--><\/p>\n<h3>SESI\u00d3N ORDINARIA 2021-2024<\/h3>\n<ul>\n<li><a href=\"https:\/\/purisimadelrincon.mx\/transparencia\/wp-content\/uploads\/VP-DECIMO-TERCERA-SESION-CONSEJO-DIRECTIVO.pdf\">ACTA DECIMO TERCERA SESION CONSEJO DIRECTIVO<\/a><\/li>\n<li><a href=\"https:\/\/purisimadelrincon.mx\/transparencia\/wp-content\/uploads\/DOCEAVA-SESION-ORDINARIA-CONSEJO-DIRECTIVO-INSTITUTO-DE-LAS-MUJERES.pdf\">ACTA DOCEAVA SESI\u00d3N ORDINARIA CONSEJO DIRECTIVO<\/a><\/li>\n<li><a href=\"https:\/\/purisimadelrincon.mx\/transparencia\/wp-content\/uploads\/onceava-sesion-consejo-directivo-Instituto-Mujer.pdf\">ACTA ONCEAVA SESI\u00d3N ORDINARIA CONSEJO<\/a><\/li>\n<li><a href=\"https:\/\/purisimadelrincon.mx\/transparencia\/wp-content\/uploads\/ACTA-DECIMA-SESION-ORDINARIA-CONSEJO.pdf\">ACTA DECIMA SESI\u00d3N ORDINARIA CONSEJO\u00a0<\/a><\/li>\n<li><a href=\"https:\/\/purisimadelrincon.mx\/transparencia\/wp-content\/uploads\/ACTA-NOVENA-SESION-ORDINARIA-CONSEJO.pdf\">ACTA NOVENA SESI\u00d3N ORDINARIA CONSEJO<\/a><\/li>\n<li><a href=\"https:\/\/purisimadelrincon.mx\/transparencia\/wp-content\/uploads\/ACTA-OCTAVA-SESION-ORDINARIA-CONSEJO.pdf\">ACTA OCTAVA SESI\u00d3N ORDINARIA CONSEJO<\/a><\/li>\n<\/ul>\n\n\n<p><\/p>\n","protected":false},"excerpt":{"rendered":"<p>SESI\u00d3N ORDINARIA 2021-2024 ACTA DECIMO TERCERA SESION CONSEJO DIRECTIVO ACTA DOCEAVA SESI\u00d3N ORDINARIA CONSEJO DIRECTIVO ACTA ONCEAVA SESI\u00d3N ORDINARIA CONSEJO ACTA DECIMA SESI\u00d3N ORDINARIA CONSEJO\u00a0 ACTA NOVENA SESI\u00d3N ORDINARIA CONSEJO ACTA OCTAVA SESI\u00d3N ORDINARIA CONSEJO<\/p>\n","protected":false},"author":1,"featured_media":0,"parent":0,"menu_order":0,"comment_status":"closed","ping_status":"closed","template":"","meta":{"footnotes":""},"class_list":["post-15668","page","type-page","status-publish","hentry"],"_links":{"self":[{"href":"https:\/\/purisimadelrincon.mx\/transparencia\/wp-json\/wp\/v2\/pages\/15668","targetHints":{"allow":["GET"]}}],"collection":[{"href":"https:\/\/purisimadelrincon.mx\/transparencia\/wp-json\/wp\/v2\/pages"}],"about":[{"href":"https:\/\/purisimadelrincon.mx\/transparencia\/wp-json\/wp\/v2\/types\/page"}],"author":[{"embeddable":true,"href":"https:\/\/purisimadelrincon.mx\/transparencia\/wp-json\/wp\/v2\/users\/1"}],"replies":[{"embeddable":true,"href":"https:\/\/purisimadelrincon.mx\/transparencia\/wp-json\/wp\/v2\/comments?post=15668"}],"version-history":[{"count":8,"href":"https:\/\/purisimadelrincon.mx\/transparencia\/wp-json\/wp\/v2\/pages\/15668\/revisions"}],"predecessor-version":[{"id":18919,"href":"https:\/\/purisimadelrincon.mx\/transparencia\/wp-json\/wp\/v2\/pages\/15668\/revisions\/18919"}],"wp:attachment":[{"href":"https:\/\/purisimadelrincon.mx\/transparencia\/wp-json\/wp\/v2\/media?parent=15668"}],"curies":[{"name":"wp","href":"https:\/\/api.w.org\/{rel}","templated":true}]}}