{"id":16813,"date":"2023-10-17T21:56:59","date_gmt":"2023-10-17T21:56:59","guid":{"rendered":"http:\/\/purisimadelrincon.mx\/transparencia\/?page_id=16813"},"modified":"2023-10-18T16:54:27","modified_gmt":"2023-10-18T16:54:27","slug":"informacion-de-interes-publico","status":"publish","type":"page","link":"https:\/\/purisimadelrincon.mx\/transparencia\/informacion-de-interes-publico\/","title":{"rendered":"INFORMACI\u00f3N DE INT\u00c9RES P\u00daBLICO"},"content":{"rendered":"<p><!--StartFragment--><\/p>\n<h3>2023<\/h3>\n<ul>\n<li><a href=\"https:\/\/purisimadelrincon.mx\/transparencia\/wp-content\/uploads\/ABRIL-2023.xlsx\">ABRIL 2023<\/a><\/li>\n<li><a href=\"https:\/\/purisimadelrincon.mx\/transparencia\/wp-content\/uploads\/MAYO-2023.xlsx\">MAYO 2023<\/a><\/li>\n<li><a href=\"https:\/\/purisimadelrincon.mx\/transparencia\/wp-content\/uploads\/Copia-de-JUNIO-2023.xlsx\">JUNIO 2023<\/a><\/li>\n<\/ul>\n\n\n<p><\/p>\n","protected":false},"excerpt":{"rendered":"<p>2023 ABRIL 2023 MAYO 2023 JUNIO 2023<\/p>\n","protected":false},"author":1,"featured_media":0,"parent":0,"menu_order":0,"comment_status":"closed","ping_status":"closed","template":"","meta":{"footnotes":""},"class_list":["post-16813","page","type-page","status-publish","hentry"],"_links":{"self":[{"href":"https:\/\/purisimadelrincon.mx\/transparencia\/wp-json\/wp\/v2\/pages\/16813","targetHints":{"allow":["GET"]}}],"collection":[{"href":"https:\/\/purisimadelrincon.mx\/transparencia\/wp-json\/wp\/v2\/pages"}],"about":[{"href":"https:\/\/purisimadelrincon.mx\/transparencia\/wp-json\/wp\/v2\/types\/page"}],"author":[{"embeddable":true,"href":"https:\/\/purisimadelrincon.mx\/transparencia\/wp-json\/wp\/v2\/users\/1"}],"replies":[{"embeddable":true,"href":"https:\/\/purisimadelrincon.mx\/transparencia\/wp-json\/wp\/v2\/comments?post=16813"}],"version-history":[{"count":3,"href":"https:\/\/purisimadelrincon.mx\/transparencia\/wp-json\/wp\/v2\/pages\/16813\/revisions"}],"predecessor-version":[{"id":16826,"href":"https:\/\/purisimadelrincon.mx\/transparencia\/wp-json\/wp\/v2\/pages\/16813\/revisions\/16826"}],"wp:attachment":[{"href":"https:\/\/purisimadelrincon.mx\/transparencia\/wp-json\/wp\/v2\/media?parent=16813"}],"curies":[{"name":"wp","href":"https:\/\/api.w.org\/{rel}","templated":true}]}}