{"id":16841,"date":"2023-11-06T15:58:46","date_gmt":"2023-11-06T15:58:46","guid":{"rendered":"http:\/\/purisimadelrincon.mx\/transparencia\/?page_id=16841"},"modified":"2023-11-06T17:41:25","modified_gmt":"2023-11-06T17:41:25","slug":"licencias-de-construccion-2023","status":"publish","type":"page","link":"https:\/\/purisimadelrincon.mx\/transparencia\/licencias-de-construccion-2023\/","title":{"rendered":"LICENCIAS DE CONSTRUCCI\u00d3N 2023"},"content":{"rendered":"\n<p><\/p>\n\n\n\n<p><\/p>\n\n\n<p><!--StartFragment--><\/p>\n<h3>2TRIMESTRE<\/h3>\n<ul>\n<li><a href=\"https:\/\/purisimadelrincon.mx\/transparencia\/wp-content\/uploads\/ALEJANDRO-PALACIOS-ESTRADA-CANADA-LOS-SAUCES-106-594-23VP.pdf\">ALEJANDRO PALACIOS ESTRADA &#8211; CA\u00d1ADA LOS SAUCES 106 &#8211; 594-23VP<\/a><\/li>\n<li><a href=\"https:\/\/purisimadelrincon.mx\/transparencia\/wp-content\/uploads\/ALLAN-ROSSANO-SANCHEZ-PROL.-JOSE-MARIA-MORELOS-609-775-23VP.pdf\">ALLAN ROSSANO S\u00c1NCHEZ &#8212; PROL. JOS\u00c9 MAR\u00cdA MORELOS 609&#8212; 775-23VP<\/a><\/li>\n<li><a href=\"https:\/\/purisimadelrincon.mx\/transparencia\/wp-content\/uploads\/ANA-CELIA-ROSAS-ROMERO-MARIANO-ABASOLO-612-A-689-23VP.pdf\">ANA CELIA ROSAS ROMERO &#8211; MARIANO ABASOLO 612-A &#8211;689-23VP<\/a><\/li>\n<li><a href=\"https:\/\/purisimadelrincon.mx\/transparencia\/wp-content\/uploads\/ANDRES-MOJICA-GOMEZ-MARGARITA-114-886-23VP.pdf\">ANDR\u00c9S MOJICA G\u00d3MEZ &#8212;- MARGARITA 114 &#8212; 886-23VP<\/a><\/li>\n<li><a href=\"https:\/\/purisimadelrincon.mx\/transparencia\/wp-content\/uploads\/ANTONIA-GOMEZ-DOMINGUEZ-GRAN-CANARIA-312-B-LOS-MIRASOLES-491-23VP.pdf\">ANTONIA G\u00d3MEZ DOM\u00cdNGUEZ &#8212; GRAN CANARIA 312-B LOS MIRASOLES &#8212; 491-23VP<\/a><\/li>\n<li><a href=\"https:\/\/purisimadelrincon.mx\/transparencia\/wp-content\/uploads\/BENJAMIN-CIPRIANO-BEJAR-PADILLA-IGNACIO-ALLENDE-201-541-23VP.pdf\">BENJAM\u00cdN CIPRIANO BEJAR PADILLA &#8211; IGNACIO ALLENDE 201 &#8211; 541-23VP<\/a><\/li>\n<li><a href=\"https:\/\/purisimadelrincon.mx\/transparencia\/wp-content\/uploads\/BERENICE-CONCEPCION-REYES-SALAS-PROL-JOSE-MARIA-MORELOS-635-703-23VP.pdf\">BERENICE CONCEPCI\u00d3N REYES SALAS-PROL JOS\u00c9 MAR\u00cdA MORELOS 635-703-23VP<\/a><\/li>\n<li><a href=\"https:\/\/purisimadelrincon.mx\/transparencia\/wp-content\/uploads\/CHRISTIAN-FERNANDO-AGUILERA-SALASCEDRO203AMP.DE-LA-COMELPEDERNAL95323VP.pdf\">CHRISTIAN FERNANDO AGUILERA SALASCEDRO203AMP.DE LA COMELPEDERNAL95323VP<\/a><\/li>\n<li><a href=\"https:\/\/purisimadelrincon.mx\/transparencia\/wp-content\/uploads\/DIANA-LILIA-CHAGOLLA-MARQUEZ-LAS-PALMAS-140-671-23VP.pdf\">DIANA LILIA CHAGOLLA M\u00c1RQUEZ &#8211; LAS PALMAS 140 &#8211; 671-23VP<\/a><\/li>\n<li><a href=\"https:\/\/purisimadelrincon.mx\/transparencia\/wp-content\/uploads\/DIEGO-VELAZQUEZ-BECERRA-493-23-FUENTE-DE-SAN-PEDRO-166VP.pdf\">DIEGO VEL\u00c1ZQUEZ BECERRA &#8211; 493-23- FUENTE DE SAN PEDRO 166VP<\/a><\/li>\n<li><a href=\"https:\/\/purisimadelrincon.mx\/transparencia\/wp-content\/uploads\/EMILIANO-CABRERA-GONZALEZ-IGNACIO-ALLENDE-202-SUR-776-23VP.pdf\">EMILIANO CABRERA GONZ\u00c1LEZ &#8212; IGNACIO ALLENDE 202-SUR &#8212; 776-23VP<\/a><\/li>\n<li><a href=\"https:\/\/purisimadelrincon.mx\/transparencia\/wp-content\/uploads\/ENEDINA-LARA-SALAZARCALLEJON-PASEO-DE-LAS-PALMAS-109EL-REFUGIO786-23VP.pdf\">ENEDINA LARA SALAZARCALLEJON PASEO DE LAS PALMAS 109EL REFUGIO786-23VP<\/a><\/li>\n<li><a href=\"https:\/\/purisimadelrincon.mx\/transparencia\/wp-content\/uploads\/ERIKA-VALDEZ-ALDANA-ESQUIPULAS-304-Y-304A-964-23VP.pdf\">ERIKA VALDEZ ALDANA &#8212; ESQU\u00cdPULAS 304 Y 304A &#8212; 964-23VP<\/a><\/li>\n<li><a href=\"https:\/\/purisimadelrincon.mx\/transparencia\/wp-content\/uploads\/ERNESTO-FONSECA-MUNOZ-LA-PALMA-307-A-SAN-ANDRES-DE-JALPA-748-23VP.pdf\">ERNESTO FONSECA MU\u00d1OZ &#8211; LA PALMA 307-A SAN ANDR\u00c9S DE JALPA &#8211; 748-23VP<\/a><\/li>\n<li><a href=\"https:\/\/purisimadelrincon.mx\/transparencia\/wp-content\/uploads\/EVA-VELAZQUEZ-LOPEZ-MARIA-DE-LA-LUZ-114-LAS-CRUCITAS-954-23VP.pdf\">EVA VEL\u00c1ZQUEZ L\u00d3PEZ &#8212;- MAR\u00cdA DE LA LUZ 114 LAS CRUCITAS &#8212;- 954-23VP<\/a><\/li>\n<li><a href=\"https:\/\/purisimadelrincon.mx\/transparencia\/wp-content\/uploads\/EVA-VIRGINIA-ARCEO-SAN-DIEGO-110-LOMA-DE-OBRAJEROS-994-23VP.pdf\">EVA VIRGINIA ARCEO &#8212; SAN DIEGO 110- LOMA DE OBRAJEROS &#8212; 994-23VP<\/a><\/li>\n<li><a href=\"https:\/\/purisimadelrincon.mx\/transparencia\/wp-content\/uploads\/FCO-ENRIQUE-SANCHEZ-BARREDABELLAVISTA-129-A-678-23BARDA-PERIMETRALVP.pdf\">FCO ENRIQUE S\u00c1NCHEZ BARREDABELLAVISTA 129-A &#8211; 678-23BARDA PERIMETRALVP<\/a><\/li>\n<li><a href=\"https:\/\/purisimadelrincon.mx\/transparencia\/wp-content\/uploads\/FCO-ENRIQUE-SANCHEZ-BARREDABELLAVISTA-129-A-1149-23CASA-HABITACIONVP.pdf\">FCO ENRIQUE S\u00c1NCHEZ BARREDABELLAVISTA 129-A &#8211; 1149-23CASA HABITACI\u00d3NVP<\/a><\/li>\n<li><a href=\"https:\/\/purisimadelrincon.mx\/transparencia\/wp-content\/uploads\/FELIPE-ORNELAS-ROMO-30-DE-ABRIL-118-975-23VP.pdf\">FELIPE ORNELAS ROMO &#8212;&#8211; 30 DE ABRIL 118&#8212;&#8211; 975-23VP<\/a><\/li>\n<li><a href=\"https:\/\/purisimadelrincon.mx\/transparencia\/wp-content\/uploads\/FLORENCIA-HERNANDEZ-JIMENEZ-PROL.-CALLE-PUERTO-DE-COZUMEL-91-676-23VP.pdf\">FLORENCIA HERN\u00c1NDEZ JIM\u00c9NEZ &#8211; PROL. CALLE PUERTO DE COZUMEL 91- 676-23VP<\/a><\/li>\n<li><a href=\"https:\/\/purisimadelrincon.mx\/transparencia\/wp-content\/uploads\/GABRIEL-HERNANDEZ-MARTINEZ-PUERTO-PROGRESO-87-8223-VP.pdf\">GABRIEL HERN\u00c1NDEZ MARTINEZ &#8211; PUERTO PROGRESO 87 &#8211; 8223 VP<\/a><\/li>\n<li><a href=\"https:\/\/purisimadelrincon.mx\/transparencia\/wp-content\/uploads\/GENARO-MARQUEZ-LARA-CASTANO113-142-23-VP.pdf\">GENARO M\u00c1RQUEZ LARA &#8211; CASTA\u00d1O113 &#8211; 142-23 VP<\/a><\/li>\n<li><a href=\"https:\/\/purisimadelrincon.mx\/transparencia\/wp-content\/uploads\/GERARDO-TORRES-VALLECILLOPROL.-CALLE-PIPILA-500-PARCELA-52-876-23-VP.pdf\">GERARDO TORRES VALLECILLOPROL. CALLE P\u00cdPILA 500-PARCELA 52 876-23 VP<\/a><\/li>\n<li><a href=\"https:\/\/purisimadelrincon.mx\/transparencia\/wp-content\/uploads\/HECTOR-ISAUL-PADILLA-GARCIA-GILBERTO-PALOMINIO-MENDEZ-106-713-23VP.pdf\">H\u00c9CTOR ISAUL PADILLA GARC\u00cdA &#8211; GILBERTO PALOMINIO M\u00c9NDEZ 106 713-23VP<\/a><\/li>\n<li><a href=\"https:\/\/purisimadelrincon.mx\/transparencia\/wp-content\/uploads\/HORTENCIA-LOPEZ-GONZALEZ-AV.-FRANCISCO-I-MADERO-306-NORTE-1004-23-VP.pdf\">HORTENCIA L\u00d3PEZ GONZ\u00c1LEZ AV. FRANCISCO I MADERO 306 NORTE 1004-23 VP<\/a><\/li>\n<li><a href=\"https:\/\/purisimadelrincon.mx\/transparencia\/wp-content\/uploads\/HORTENCIA-LOPEZ-GONZALEZAV.-FRANCISCO-I-MADERO-306-NORTE1004-23VP.pdf\">HORTENCIA L\u00d3PEZ GONZ\u00c1LEZAV. FRANCISCO I MADERO 306 NORTE1004-23VP<\/a><\/li>\n<li><a href=\"https:\/\/purisimadelrincon.mx\/transparencia\/wp-content\/uploads\/HUGO-JASIEL-MARTINEZ-SANCHEZ-CAMINO-REAL-1120-B-LA-DESCUBRIDORA750-23-VP.pdf\">HUGO JASIEL MART\u00cdNEZ S\u00c1NCHEZ CAMINO REAL 1120-B LA DESCUBRIDORA750-23 VP<\/a><\/li>\n<li><a href=\"https:\/\/purisimadelrincon.mx\/transparencia\/wp-content\/uploads\/ISIDRO-HERNANDEZ-LOPEZ-AGUSTIN-MELGAR-211-Y-213-298-23-VP.pdf\">ISIDRO HERN\u00c1NDEZ L\u00d3PEZ &#8211; AGUST\u00cdN MELGAR 211 Y 213 &#8211; 298-23 VP<\/a><\/li>\n<li><a href=\"https:\/\/purisimadelrincon.mx\/transparencia\/wp-content\/uploads\/ISMAEL-CAMARGO-BECERRA-ORQUIDEA-102-NORTE-824-23-VP.pdf\">ISMAEL CAMARGO BECERRA &#8212; ORQU\u00cdDEA 102 NORTE &#8212; 824-23 VP<\/a><\/li>\n<li><a href=\"https:\/\/purisimadelrincon.mx\/transparencia\/wp-content\/uploads\/ISMAEL-GAONA-MIGUEL-ROBLE-309-LOMA-EJIDAL-903-23VP.pdf\">ISMAEL GAONA MIGUEL &#8212; ROBLE 309 LOMA EJIDAL &#8212;- 903-23VP<\/a><\/li>\n<li><a href=\"https:\/\/purisimadelrincon.mx\/transparencia\/wp-content\/uploads\/ISRAEL-MELENDEZ-GOMEZAV.20-DE-NOV104-AMP.FCO-VILLA-891-23VP.pdf\">ISRAEL MELENDEZ G\u00d3MEZAV.20 DE NOV104 AMP.FCO VILLA 891-23VP<\/a><\/li>\n<li><a href=\"https:\/\/purisimadelrincon.mx\/transparencia\/wp-content\/uploads\/J-JESUS-LOPEZ-GALVAN-BUGAMBILIAS-200-704-23-VP.pdf\">J JES\u00daS L\u00d3PEZ GALV\u00c1N &#8211; BUGAMBILIAS 200- 704-23 VP<\/a><\/li>\n<li><a href=\"https:\/\/purisimadelrincon.mx\/transparencia\/wp-content\/uploads\/J.-GUADALUPE-FLORIDO-RICO-ESQUIPULAS-205-ORIENTE-496-23-VP.pdf\">J. GUADALUPE FLORIDO RICO &#8211; ESQUIPULAS 205 ORIENTE &#8211; 496-23 VP<\/a><\/li>\n<li><a href=\"https:\/\/purisimadelrincon.mx\/transparencia\/wp-content\/uploads\/JEANZ-VICENTE-SALAS-LOPEZ-AVENIDA-REAL-210-NORTE-393-23-VP.pdf\">JEANZ VICENTE SALAS L\u00d3PEZ &#8211; AVENIDA REAL 210 NORTE &#8211; 393-23 VP<\/a><\/li>\n<li><a href=\"https:\/\/purisimadelrincon.mx\/transparencia\/wp-content\/uploads\/JORGE-ALBERTO-BECERRA-LUNA-GIRASOLES-233-732-23-VP.pdf\">JORGE ALBERTO BECERRA LUNA &#8211; GIRASOLES 233 &#8211; 732-23 VP<\/a><\/li>\n<li><a href=\"https:\/\/purisimadelrincon.mx\/transparencia\/wp-content\/uploads\/JOSE-ARMANDO-OLIVA-RENTERIA-JILGUEROS-1100-695-23-VP.pdf\">JOS\u00c9 ARMANDO OLIVA RENTER\u00cdA &#8212; JILGUEROS 1100 &#8211; 695-23 VP<\/a><\/li>\n<li><a href=\"https:\/\/purisimadelrincon.mx\/transparencia\/wp-content\/uploads\/JOSE-DE-JESUS-DOMINGUEZ-RAMIREZ-PIPILA-315-SUR-700-23-VP.pdf\">JOS\u00c9 DE JES\u00daS DOM\u00cdNGUEZ RAM\u00cdREZ &#8211; P\u00cdPILA 315 SUR &#8211; 700-23 VP<\/a><\/li>\n<li><a href=\"https:\/\/purisimadelrincon.mx\/transparencia\/wp-content\/uploads\/JOSE-LUIS-GUTIERREZ-ESTRADAPROL.-CALLE-GOLONDRINAS-628-1016-23VP.pdf\">JOS\u00c9 LUIS GUTI\u00c9RREZ ESTRADAPROL. CALLE GOLONDRINAS 628-1016-23VP<\/a><\/li>\n<li><a href=\"https:\/\/purisimadelrincon.mx\/transparencia\/wp-content\/uploads\/JOSE-RAMIRO-RUIZ-HERRERA-LAZARO-CARDENAS-299-COLDEL-CARMEN873-23VP.pdf\">JOS\u00c9 RAMIRO RUIZ HERRERA -L\u00c1ZARO C\u00c1RDENAS 299 &#8211; COLDEL CARMEN873-23VP<\/a><\/li>\n<li><a href=\"https:\/\/purisimadelrincon.mx\/transparencia\/wp-content\/uploads\/JOSE-ROGELIO-ROMERO-VALADEZ-VENUSTIANO-CARRANZA-130-749-23-VP.pdf\">JOS\u00c9 ROGELIO ROMERO VALADEZ &#8211; VENUSTIANO CARRANZA 130 -749-23 VP<\/a><\/li>\n<li><a href=\"https:\/\/purisimadelrincon.mx\/transparencia\/wp-content\/uploads\/JUAN-CARLOS-GAMBOA-ROJAS-AVENIDA-CEDRO-236.-LOS-OLIVOS-939-23.pdf\">JUAN CARLOS GAMBOA ROJAS &#8212; AVENIDA CEDRO 236,. LOS OLIVOS &#8212; 939-23<\/a><\/li>\n<li><a href=\"https:\/\/purisimadelrincon.mx\/transparencia\/wp-content\/uploads\/JUAN-FELIPE-RODRIGUEZ-URIBEPASEO-SAN-SILVESTRE-200-SAN-SILVESTRE773-23-VP.pdf\">JUAN FELIPE RODR\u00cdGUEZ URIBEPASEO SAN SILVESTRE 200 SAN SILVESTRE773-23 VP<\/a><\/li>\n<li><a href=\"https:\/\/purisimadelrincon.mx\/transparencia\/wp-content\/uploads\/JUANA-VAZQUEZ-VAZQUEZ-JUAN-DE-LA-BARRERA-711-A-586-23-VP.pdf\">JUANA V\u00c1ZQUEZ V\u00c1ZQUEZ &#8211; JUAN DE LA BARRERA 711 A &#8211; 586-23 VP<\/a><\/li>\n<li><a href=\"https:\/\/purisimadelrincon.mx\/transparencia\/wp-content\/uploads\/JULIO-CARDIEL-HERMENEGILDO-BUSTOS-505-B-458_23-VP.pdf\">JULIO CARDIEL &#8211; HERMENEGILDO BUSTOS 505-B &#8211; 458_23 VP<\/a><\/li>\n<li><a href=\"https:\/\/purisimadelrincon.mx\/transparencia\/wp-content\/uploads\/LILIANA-CHAVEZ-PACHECO-IGNACIO-ALLENDE-305-ZONA-CENTRO-534-23-VP.pdf\">LILIANA CH\u00c1VEZ PACHECO &#8212; IGNACIO ALLENDE 305 ZONA CENTRO &#8212;- 534-23 VP<\/a><\/li>\n<li><a href=\"https:\/\/purisimadelrincon.mx\/transparencia\/wp-content\/uploads\/LIZBETHE-GPE-VARGAS-GONZALEZ-CERRO-DEL-TEPEYAC-125-PARCELA34-955-23-VP.pdf\">LIZBETHE GPE VARGAS GONZ\u00c1LEZ CERRO DEL TEPEYAC 125 PARCELA34-955-23 VP<\/a><\/li>\n<li><a href=\"https:\/\/purisimadelrincon.mx\/transparencia\/wp-content\/uploads\/LUIS-FERNANDO-URBANO-COLLAZO-LAGO-DE-PATZCUARO-423-672-23-VP.pdf\">LUIS FERNANDO URBANO COLLAZO &#8211; LAGO DE P\u00c1TZCUARO 423 -672-23 VP<\/a><\/li>\n<li><a href=\"https:\/\/purisimadelrincon.mx\/transparencia\/wp-content\/uploads\/MA-DE-LA-LUZ-FRANCO-TAVARESCALLE-PRINCIPAL-229-EL-PEDERNAL694-23-VP.pdf\">MA DE LA LUZ FRANCO TAVARESCALLE PRINCIPAL 229 EL PEDERNAL694-23 VP<\/a><\/li>\n<li><a href=\"https:\/\/purisimadelrincon.mx\/transparencia\/wp-content\/uploads\/MA.-DE-LOURDES-BARAJAS-MQUEZ-BLVDDEL-VALLE-101-B-INT-1-CENTRO697-23-VP.pdf\">MA. DE LOURDES BARAJAS MQUEZ BLVDDEL VALLE 101-B INT 1 CENTRO697-23 VP<\/a><\/li>\n<li><a href=\"https:\/\/purisimadelrincon.mx\/transparencia\/wp-content\/uploads\/MA.-GUADALUPE-HERNANDEZ-VALDIVIA-GPE-VICTORIA-208-NORTE1879-23VP.pdf\">MA. GUADALUPE HERN\u00c1NDEZ VALDIVIA GPE VICTORIA 208 NORTE1879-23VP<\/a><\/li>\n<li><a href=\"https:\/\/purisimadelrincon.mx\/transparencia\/wp-content\/uploads\/MA.-ISABEL-LOPEZ-GAONAMALECON-SANTO-TORIBIO-328CENTRO751-23-VP.pdf\">MA. ISABEL L\u00d3PEZ GAONAMALEC\u00d3N SANTO TORIBIO 328CENTRO751-23 VP<\/a><\/li>\n<li><a href=\"https:\/\/purisimadelrincon.mx\/transparencia\/wp-content\/uploads\/MA.-SOLEDAD-RANGEL-NAVARROARTEMISA-112-BELLO-HORIZONTE764-23VP.pdf\">MA. SOLEDAD RANGEL NAVARROARTEMISA 112-BELLO HORIZONTE764-23VP<\/a><\/li>\n<li><a href=\"https:\/\/purisimadelrincon.mx\/transparencia\/wp-content\/uploads\/MARCO-ANTONIO-BECERRA-LUNA-GIRASOLES-235-708-23-VP.pdf\">MARCO ANTONIO BECERRA LUNA &#8211; GIRASOLES 235 &#8211; 708-23 VP<\/a><\/li>\n<li><a href=\"https:\/\/purisimadelrincon.mx\/transparencia\/wp-content\/uploads\/MARIA-ANGELICA-OLIVA-RENTERIA-JILGUEROS-1302-1917-23-VP.pdf\">MAR\u00cdA ANG\u00c9LICA OLIVA RENTER\u00cdA &#8211; JILGUEROS 1302 &#8211; 1917-23 VP<\/a><\/li>\n<li><a href=\"https:\/\/purisimadelrincon.mx\/transparencia\/wp-content\/uploads\/MARIA-DE-JESUS-CARMONA-MURILLO-PROL.-CALLE-EBANO-347-654-23-VP.pdf\">MAR\u00cdA DE JES\u00daS CARMONA MURILLO &#8211; PROL. CALLE \u00c9BANO 347 &#8211; 654-23 VP<\/a><\/li>\n<li><a href=\"https:\/\/purisimadelrincon.mx\/transparencia\/wp-content\/uploads\/MARIA-ISABEL-DIMAS-VALVERDE-AV.-DEL-BOSQUE-463-A-NORTE-765-23-VP.pdf\">MARIA ISABEL DIMAS VALVERDE &#8212; AV. DEL BOSQUE 463-A NORTE &#8212; 765-23 VP<\/a><\/li>\n<li><a href=\"https:\/\/purisimadelrincon.mx\/transparencia\/wp-content\/uploads\/MARIA-LUISA-LOPEZ-PADILLA-PROL.-CALLE-AVES-DEL-PARAISO-616-609-23-VP.pdf\">MAR\u00cdA LUISA L\u00d3PEZ PADILLA &#8211; PROL. CALLE AVES DEL PARA\u00cdSO 616 &#8211; 609-23 VP<\/a><\/li>\n<li><a href=\"https:\/\/purisimadelrincon.mx\/transparencia\/wp-content\/uploads\/MARIA-NUNEZ-BENITEZ-PRIV.-REAL-116-POTRERILLOS-707-23-VP.pdf\">MAR\u00cdA NU\u00d1EZ BENITEZ &#8212; PRIV. REAL 116- POTRERILLOS &#8212;- 707-23 VP<\/a><\/li>\n<li><a href=\"https:\/\/purisimadelrincon.mx\/transparencia\/wp-content\/uploads\/MARIA-SUGEY-ELORZA-CRUZ-PROL.-JOSE-MARIA-MORELOS-621-Y-621-A-1009-23VP.pdf\">MAR\u00cdA SUGEY ELORZA CRUZ PROL. JOS\u00c9 MAR\u00cdA MORELOS 621 Y 621-A 1009-23VP<\/a><\/li>\n<li><a href=\"https:\/\/purisimadelrincon.mx\/transparencia\/wp-content\/uploads\/MARIO-ALBERTO-ANGUIANO-CASTANEDA-AVENIDA-CEDRO-217-555-23-VP.pdf\">MARIO ALBERTO ANGUIANO CASTA\u00d1EDA &#8211; AVENIDA CEDRO 217 &#8211; 555-23 VP<\/a><\/li>\n<li><a href=\"https:\/\/purisimadelrincon.mx\/transparencia\/wp-content\/uploads\/MAURILIO-CABRERA-MESILLAS-HIEDRA-403-BELLO-HORIZONTE-VP.pdf\">MAURILIO CABRERA MESILLAS &#8212; HIEDRA 403-BELLO HORIZONTE VP<\/a><\/li>\n<li><a href=\"https:\/\/purisimadelrincon.mx\/transparencia\/wp-content\/uploads\/NATALIA-MONSERRAT-ITZEL-DOMINGUEZ-ALONSO-EJIDO-PURISIMA790-23VP.pdf\">NATALIA MONSERRAT ITZEL DOMINGUEZ ALONSO EJIDO PUR\u00cdSIMA790-23VP<\/a><\/li>\n<li><a href=\"https:\/\/purisimadelrincon.mx\/transparencia\/wp-content\/uploads\/OLGA-ELIDIA-LOPEZ-CRUZ-DIAMANTE-124-796-23-VP.pdf\">OLGA ELIDIA L\u00d3PEZ CRUZ &#8211; DIAMANTE 124- 796-23 VP<\/a><\/li>\n<li><a href=\"https:\/\/purisimadelrincon.mx\/transparencia\/wp-content\/uploads\/OLGA-LIDIA-NATIVIDAD-RODRIGUEZ-10-DE-ABRIL-121-1027-23-VP.pdf\">OLGA LIDIA NATIVIDAD RODR\u00cdGUEZ &#8212; 10 DE ABRIL 121 &#8212;- 1027-23 VP<\/a><\/li>\n<li><a href=\"https:\/\/purisimadelrincon.mx\/transparencia\/wp-content\/uploads\/RAFAEL-ORTIZ-RAMIREZ-SAN-RAFAEL-103-602-23-VP.pdf\">RAFAEL ORTIZ RAM\u00cdREZ&#8212; SAN RAFAEL 103&#8212; 602-23 VP<\/a><\/li>\n<li><a href=\"https:\/\/purisimadelrincon.mx\/transparencia\/wp-content\/uploads\/RAMON-MUNOZ-GONZALEZ-GERBERA-121-JARDINES-DE-PURISIMA-734-2-VP3.pdf\">RAM\u00d3N MU\u00d1OZ GONZ\u00c1LEZ &#8212; GERBERA 121 &#8211; JARDINES DE PUR\u00cdSIMA &#8212; 734-2 VP3<\/a><\/li>\n<li><a href=\"https:\/\/purisimadelrincon.mx\/transparencia\/wp-content\/uploads\/RAUL-CHAVEZ-JIMENEZ-VALLE-HERMOSO-147-VALLE-DEL-RINCON-991-23VP.pdf\">RA\u00daL CHAVEZ JIM\u00c9NEZ VALLE HERMOSO 147 VALLE DEL RINC\u00d3N 991-23VP<\/a><\/li>\n<li><a href=\"https:\/\/purisimadelrincon.mx\/transparencia\/wp-content\/uploads\/REYES-CALIXTOGARCIA-VALLE-HONDO-204-914-23VP.pdf\">REYES CALIXTOGARC\u00cdA &#8212; VALLE HONDO 204 &#8212; 914-23VP<\/a><\/li>\n<li><a href=\"https:\/\/purisimadelrincon.mx\/transparencia\/wp-content\/uploads\/RICARDO-AGUILAR-GARCIA-LOS-ANDES-110-LOS-AREVALO-1021-23-VP.pdf\">RICARDO AGUILAR GARC\u00cdA &#8212; LOS ANDES 110- LOS AR\u00c9VALO &#8212;- 1021-23 VP<\/a><\/li>\n<li><a href=\"https:\/\/purisimadelrincon.mx\/transparencia\/wp-content\/uploads\/ROBERTO-LOPEZ-GONZALEZ-GOLONDRINAS-407-Y-407-A-1729-23-VP.pdf\">ROBERTO L\u00d3PEZ GONZ\u00c1LEZ &#8211; GOLONDRINAS 407 Y 407 A 1729-23 VP<\/a><\/li>\n<li><a href=\"https:\/\/purisimadelrincon.mx\/transparencia\/wp-content\/uploads\/ROSA-MARIA-ORTIZ-ORTIZ-PROL.-LAS-COBACHAS-503-NORTE-547-23-VP.pdf\">ROSA MAR\u00cdA ORTIZ ORTIZ &#8211; PROL. LAS COBACHAS 503 NORTE &#8211; 547-23 VP<\/a><\/li>\n<li><a href=\"https:\/\/purisimadelrincon.mx\/transparencia\/wp-content\/uploads\/ROSA-RICO-MOJICA-ENCINO-102-LA-ALAMEDA-1018-23VP.pdf\">ROSA RICO MOJICA &#8212; ENCINO 102-LA ALAMEDA &#8212;1018-23VP<\/a><\/li>\n<li><a href=\"https:\/\/purisimadelrincon.mx\/transparencia\/wp-content\/uploads\/ROSAURA-MENDOZA-QUINTAS-EL-MAGUEY-141-A-537-23VP.pdf\">ROSAURA MENDOZA &#8211; QUINTAS EL MAGUEY 141- A &#8211; 537-23VP<\/a><\/li>\n<li><a href=\"https:\/\/purisimadelrincon.mx\/transparencia\/wp-content\/uploads\/SALVADOR-VALADEZ-LOPEZ-EL-POCITO-129-LOS-VENEROS-615-23VP.pdf\">SALVADOR VALADEZ LOPEZ &#8211; EL POCITO 129 LOS VENEROS &#8211; 615-23VP<\/a><\/li>\n<li><a href=\"https:\/\/purisimadelrincon.mx\/transparencia\/wp-content\/uploads\/SANJUANA-MARQUEZ-LOPEZ-HERMENEGILDO-BUSTOS-707-A-533-23VP.pdf\">SANJUANA M\u00c1RQUEZ L\u00d3PEZ &#8211; HERMENEGILDO BUSTOS 707 A &#8211; 533-23VP<\/a><\/li>\n<li><a href=\"https:\/\/purisimadelrincon.mx\/transparencia\/wp-content\/uploads\/SANTIAGO-HERNANDEZ-SILVA-LA-MINA-108-640-23VP.pdf\">SANTIAGO HERN\u00c1NDEZ SILVA &#8211; LA MINA 108 &#8212; 640-23VP<\/a><\/li>\n<li><a href=\"https:\/\/purisimadelrincon.mx\/transparencia\/wp-content\/uploads\/SHIRLEY-GUADALUPE-TORRES-LOPEZ-RIO-BALSAS-123-LA-BRISA-859-23VP.pdf\">SHIRLEY GUADALUPE TORRES L\u00d3PEZ &#8212; R\u00cdO BALSAS 123 LA BRISA &#8212; 859-23VP<\/a><\/li>\n<li><a href=\"https:\/\/purisimadelrincon.mx\/transparencia\/wp-content\/uploads\/VALENTIN-REYES-ALONSO-16-DE-SEPTIEMBRE-318-D-SUR-84523VP.pdf\">VALENT\u00cdN REYES ALONSO &#8212; 16 DE SEPTIEMBRE 318-D SUR &#8212; 84523VP<\/a><\/li>\n<li><a href=\"https:\/\/purisimadelrincon.mx\/transparencia\/wp-content\/uploads\/VERONICA-LOPEZ-HERNANDEZ-AZUCENAS-248-934-23VP.pdf\">VER\u00d3NICA L\u00d3PEZ HERN\u00c1NDEZ &#8212; AZUCENAS 248 &#8212; 934-23VP<\/a><\/li>\n<li><a href=\"https:\/\/purisimadelrincon.mx\/transparencia\/wp-content\/uploads\/VERONICA-MARQUEZ-MARQUEZ-MARIANO-MATAMOROS-207-A-Y-207-B-808-23VP.pdf\">VER\u00d3NICA M\u00c1RQUEZ M\u00c1RQUEZ &#8212; MARIANO MATAMOROS 207-A Y 207-B &#8212; 808-23VP<\/a><\/li>\n<li><a href=\"https:\/\/purisimadelrincon.mx\/transparencia\/wp-content\/uploads\/VICTOR-MANUEL-ESPINOZA-GONZALEZ-PRIV.-FLAMINGOS-520-542-23VP.pdf\">V\u00cdCTOR MANUEL ESPINOZA GONZ\u00c1LEZ &#8211; PRIV. FLAMINGOS 520 &#8211; 542-23VP<\/a><\/li>\n<li><a href=\"https:\/\/purisimadelrincon.mx\/transparencia\/wp-content\/uploads\/YAMILE-PEREZ-RENTERIA-BELLA-ARBOLEDA-220-LOS-MIRASOLES-726-23VP.pdf\">YAMILE P\u00c9REZ RENTERIA &#8212; BELLA ARBOLEDA 220 LOS MIRASOLES &#8212;- 726-23VP<\/a><\/li>\n<\/ul>\n\n\n<p><\/p>\n","protected":false},"excerpt":{"rendered":"<p>2TRIMESTRE ALEJANDRO PALACIOS ESTRADA &#8211; CA\u00d1ADA LOS SAUCES 106 &#8211; 594-23VP ALLAN ROSSANO S\u00c1NCHEZ &#8212; PROL. JOS\u00c9 MAR\u00cdA MORELOS 609&#8212; 775-23VP ANA CELIA ROSAS ROMERO &#8211; MARIANO ABASOLO 612-A &#8211;689-23VP ANDR\u00c9S MOJICA G\u00d3MEZ &#8212;- MARGARITA 114 &#8212; 886-23VP ANTONIA G\u00d3MEZ <a class=\"more-link\" href=\"https:\/\/purisimadelrincon.mx\/transparencia\/licencias-de-construccion-2023\/\">Seguir leyendo <span class=\"screen-reader-text\">  LICENCIAS DE CONSTRUCCI\u00d3N 2023<\/span><span class=\"meta-nav\">&rarr;<\/span><\/a><\/p>\n","protected":false},"author":1,"featured_media":0,"parent":0,"menu_order":0,"comment_status":"closed","ping_status":"closed","template":"","meta":{"footnotes":""},"class_list":["post-16841","page","type-page","status-publish","hentry"],"_links":{"self":[{"href":"https:\/\/purisimadelrincon.mx\/transparencia\/wp-json\/wp\/v2\/pages\/16841","targetHints":{"allow":["GET"]}}],"collection":[{"href":"https:\/\/purisimadelrincon.mx\/transparencia\/wp-json\/wp\/v2\/pages"}],"about":[{"href":"https:\/\/purisimadelrincon.mx\/transparencia\/wp-json\/wp\/v2\/types\/page"}],"author":[{"embeddable":true,"href":"https:\/\/purisimadelrincon.mx\/transparencia\/wp-json\/wp\/v2\/users\/1"}],"replies":[{"embeddable":true,"href":"https:\/\/purisimadelrincon.mx\/transparencia\/wp-json\/wp\/v2\/comments?post=16841"}],"version-history":[{"count":2,"href":"https:\/\/purisimadelrincon.mx\/transparencia\/wp-json\/wp\/v2\/pages\/16841\/revisions"}],"predecessor-version":[{"id":16928,"href":"https:\/\/purisimadelrincon.mx\/transparencia\/wp-json\/wp\/v2\/pages\/16841\/revisions\/16928"}],"wp:attachment":[{"href":"https:\/\/purisimadelrincon.mx\/transparencia\/wp-json\/wp\/v2\/media?parent=16841"}],"curies":[{"name":"wp","href":"https:\/\/api.w.org\/{rel}","templated":true}]}}