{"id":16934,"date":"2023-11-27T21:51:48","date_gmt":"2023-11-27T21:51:48","guid":{"rendered":"http:\/\/purisimadelrincon.mx\/transparencia\/?page_id=16934"},"modified":"2026-01-20T19:27:32","modified_gmt":"2026-01-20T19:27:32","slug":"informacion-de-interes-publico-archivo","status":"publish","type":"page","link":"https:\/\/purisimadelrincon.mx\/transparencia\/informacion-de-interes-publico-archivo\/","title":{"rendered":"INFORMACI\u00d3N DE INT\u00c9RES P\u00daBLICO ARCHIVO"},"content":{"rendered":"<p><!--StartFragment--><\/p>\n<h3>2025<\/h3>\n<ul>\n<li><a href=\"https:\/\/purisimadelrincon.mx\/transparencia\/wp-content\/uploads\/RESENA-JUDAS-BLANCO-1.pdf\">RESE\u00d1A JUDAS BLANCO<\/a><\/li>\n<li><a href=\"https:\/\/purisimadelrincon.mx\/transparencia\/wp-content\/uploads\/RESENA-DE-PARROQUIA-PURISIMA-CONCEPCION.pdf\">RESE\u00d1A DE PARROQUIA PUR\u00cdSIMA CONCEPCI\u00d3N<\/a><\/li>\n<li><a href=\"https:\/\/purisimadelrincon.mx\/transparencia\/wp-content\/uploads\/RESENA-DE-JALPA-DESTACA-INTERNACIONAMENTE.pdf\">RESE\u00d1A DE JALPA DESTACA INTERNACIONAMENTE<\/a><\/li>\n<li><a href=\"https:\/\/purisimadelrincon.mx\/transparencia\/wp-content\/uploads\/RESENA-DE-LAS-MASCARAS-3T25.pdf\">RESE\u00d1A DE LAS MASCARAS\u00a0<\/a><\/li>\n<li><a href=\"https:\/\/purisimadelrincon.mx\/transparencia\/wp-content\/uploads\/RESENA-SR.-CURA-JUAN-ERNESTO-CASTRO-3T25.pdf\">RESE\u00d1A SR. CURA JUAN ERNESTO CASTRO\u00a0<\/a><\/li>\n<li><a href=\"https:\/\/purisimadelrincon.mx\/transparencia\/wp-content\/uploads\/RESENA-SALON-DE-LA-FAMA.pdf\">RESE\u00d1A SALON DE LA FAMA<\/a><\/li>\n<li><a href=\"https:\/\/purisimadelrincon.mx\/transparencia\/wp-content\/uploads\/RESENA-DE-LAS-ILUMINACIONES.pdf\">RESE\u00d1A DE LAS ILUMINACIONES<\/a><\/li>\n<\/ul>\n<h3>\u00a0<\/h3>\n<h3>2024<\/h3>\n<ul>\n<li><a href=\"https:\/\/purisimadelrincon.mx\/transparencia\/wp-content\/uploads\/CONSTITUCION-DE-1917.pdf\">CONSTITUCION DE 1917<\/a><\/li>\n<li><a href=\"https:\/\/purisimadelrincon.mx\/transparencia\/wp-content\/uploads\/RESENA-DE-LS-MASCARAS.pdf\">RESE\u00d1A DE LAS M\u00c1SCARAS<\/a><\/li>\n<li><a href=\"https:\/\/purisimadelrincon.mx\/transparencia\/wp-content\/uploads\/RESENA-RESTAURANT-LOS-FAROLITOS.pdf\">RESE\u00d1A RESTAURANT LOS FAROLITOS<\/a><\/li>\n<li><a href=\"https:\/\/purisimadelrincon.mx\/transparencia\/wp-content\/uploads\/RESENA-JUDAS-BLANCO.pdf\">RESE\u00d1A JUDAS BLANCO<\/a><\/li>\n<li><a href=\"https:\/\/purisimadelrincon.mx\/transparencia\/wp-content\/uploads\/RESENA-421-ANIVERSARIO.pdf\">RESE\u00d1A 421 ANIVERSARIO<\/a><\/li>\n<li><a href=\"https:\/\/purisimadelrincon.mx\/transparencia\/wp-content\/uploads\/RESENA-PREMIAN-A-JOVENES.pdf\">RESE\u00d1A PREMIAN A JOVENES<\/a><\/li>\n<li><a href=\"https:\/\/purisimadelrincon.mx\/transparencia\/wp-content\/uploads\/RESENA-TERCER-INFORME-GOBIERNO.pdf\">RESE\u00d1A TERCER INFORME GOBIERNO<\/a><\/li>\n<\/ul>\n<h3>2023<\/h3>\n<ul>\n<li><a href=\"https:\/\/purisimadelrincon.mx\/transparencia\/wp-content\/uploads\/ACUERDOS-DE-AYUNT-RELACIONADOS-JUDEA.pdf\">ACUERDOS DE AYUNT RELACIONADOS JUDEA<\/a><\/li>\n<li><a href=\"https:\/\/purisimadelrincon.mx\/transparencia\/wp-content\/uploads\/RESENA-DE-LA-INUNDACION-DE-PURISIMA-1.pdf\">RESE\u00d1A DE LA INUNDACION DE PURISIMA<\/a><\/li>\n<li><a href=\"https:\/\/purisimadelrincon.mx\/transparencia\/wp-content\/uploads\/RESENA-DE-LIENZO-CHARRO-1.pdf\">RESE\u00d1A DE LIENZO CHARRO<\/a><\/li>\n<li><a href=\"https:\/\/purisimadelrincon.mx\/transparencia\/wp-content\/uploads\/RESENA-HISTORICA-DE-ILUMINACION-DE-LA-PARROQUIA-1.pdf\">RESE\u00d1A HISTORICA DE ILUMINACION DE LA PARROQUIA<\/a><\/li>\n<li><a href=\"https:\/\/purisimadelrincon.mx\/transparencia\/wp-content\/uploads\/RESENA-HISTORICA-MANUEL-G.-ARANDA-1.pdf\">RESE\u00d1A HISTORICA MANUEL G. ARANDA\u00a0<\/a><\/li>\n<li><a href=\"https:\/\/purisimadelrincon.mx\/transparencia\/wp-content\/uploads\/RESENA-HISTORICA-PROFESOR-MANUEL-GILBERTO-PALOMINO-M.pdf\">RESE\u00d1A HISTORICA PROFESOR MANUEL GILBERTO PALOMINO\u00a0<\/a><\/li>\n<li><a href=\"https:\/\/purisimadelrincon.mx\/transparencia\/wp-content\/uploads\/RESENA-INAUGURACION-DEPORTIVA-AGUASOL.pdf\">RESE\u00d1A INAUGURACION DEPORTIVA AGUASOL<\/a><\/li>\n<li><a href=\"https:\/\/purisimadelrincon.mx\/transparencia\/wp-content\/uploads\/RESENA-PROFESOR-ANTONIO-BECERRA-ALCALA.pdf\">RESE\u00d1A PROFESOR ANTONIO BECERRA ALCALA<\/a><\/li>\n<li><a href=\"https:\/\/purisimadelrincon.mx\/transparencia\/wp-content\/uploads\/RESENA-PURISIMA-TIENE-GUERRERO.pdf\">RESE\u00d1A PURISIMA TIENE GUERRERO<\/a><\/li>\n<li><a href=\"https:\/\/purisimadelrincon.mx\/transparencia\/wp-content\/uploads\/RESENA-DEL-HOSPITAL-COL.-DEL-CARMEN.pdf\">RESE\u00d1A DEL HOSPITAL COL. DEL CARMEN<\/a><\/li>\n<li><a href=\"https:\/\/purisimadelrincon.mx\/transparencia\/wp-content\/uploads\/RESENA-DEL-TEATRO.pdf\">RESE\u00d1A DEL TEATRO<\/a><\/li>\n<\/ul>\n\n\n<p><\/p>\n","protected":false},"excerpt":{"rendered":"<p>2025 RESE\u00d1A JUDAS BLANCO RESE\u00d1A DE PARROQUIA PUR\u00cdSIMA CONCEPCI\u00d3N RESE\u00d1A DE JALPA DESTACA INTERNACIONAMENTE RESE\u00d1A DE LAS MASCARAS\u00a0 RESE\u00d1A SR. CURA JUAN ERNESTO CASTRO\u00a0 RESE\u00d1A SALON DE LA FAMA RESE\u00d1A DE LAS ILUMINACIONES \u00a0 2024 CONSTITUCION DE 1917 RESE\u00d1A DE <a class=\"more-link\" href=\"https:\/\/purisimadelrincon.mx\/transparencia\/informacion-de-interes-publico-archivo\/\">Seguir leyendo <span class=\"screen-reader-text\">  INFORMACI\u00d3N DE INT\u00c9RES P\u00daBLICO ARCHIVO<\/span><span class=\"meta-nav\">&rarr;<\/span><\/a><\/p>\n","protected":false},"author":1,"featured_media":0,"parent":0,"menu_order":0,"comment_status":"closed","ping_status":"closed","template":"","meta":{"footnotes":""},"class_list":["post-16934","page","type-page","status-publish","hentry"],"_links":{"self":[{"href":"https:\/\/purisimadelrincon.mx\/transparencia\/wp-json\/wp\/v2\/pages\/16934","targetHints":{"allow":["GET"]}}],"collection":[{"href":"https:\/\/purisimadelrincon.mx\/transparencia\/wp-json\/wp\/v2\/pages"}],"about":[{"href":"https:\/\/purisimadelrincon.mx\/transparencia\/wp-json\/wp\/v2\/types\/page"}],"author":[{"embeddable":true,"href":"https:\/\/purisimadelrincon.mx\/transparencia\/wp-json\/wp\/v2\/users\/1"}],"replies":[{"embeddable":true,"href":"https:\/\/purisimadelrincon.mx\/transparencia\/wp-json\/wp\/v2\/comments?post=16934"}],"version-history":[{"count":13,"href":"https:\/\/purisimadelrincon.mx\/transparencia\/wp-json\/wp\/v2\/pages\/16934\/revisions"}],"predecessor-version":[{"id":21658,"href":"https:\/\/purisimadelrincon.mx\/transparencia\/wp-json\/wp\/v2\/pages\/16934\/revisions\/21658"}],"wp:attachment":[{"href":"https:\/\/purisimadelrincon.mx\/transparencia\/wp-json\/wp\/v2\/media?parent=16934"}],"curies":[{"name":"wp","href":"https:\/\/api.w.org\/{rel}","templated":true}]}}