{"id":17654,"date":"2024-04-11T19:03:26","date_gmt":"2024-04-11T19:03:26","guid":{"rendered":"http:\/\/purisimadelrincon.mx\/transparencia\/?page_id=17654"},"modified":"2025-01-16T21:48:32","modified_gmt":"2025-01-16T21:48:32","slug":"tabulador-2024","status":"publish","type":"page","link":"https:\/\/purisimadelrincon.mx\/transparencia\/tabulador-2024\/","title":{"rendered":"TABULADOR 2024"},"content":{"rendered":"<p><!--StartFragment--><\/p>\n<ul>\n<li>\n<h3><a href=\"https:\/\/purisimadelrincon.mx\/transparencia\/wp-content\/uploads\/1Modificacion.pdf\">Primera Modificaci\u00f3n<\/a><\/h3>\n<\/li>\n<li>\n<h3><a href=\"https:\/\/purisimadelrincon.mx\/transparencia\/wp-content\/uploads\/2DA-MOD-2024-PARA-IMPRIMIR-transparencia.pdf\">Segunda Modificaci\u00f3n<\/a><\/h3>\n<\/li>\n<li>\n<h3><a href=\"https:\/\/purisimadelrincon.mx\/transparencia\/wp-content\/uploads\/PLANTILLA-3RA-MOD-2024.pdf\">Tercera Modificaci\u00f3n<\/a><\/h3>\n<\/li>\n<\/ul>\n\n\n<p><\/p>\n","protected":false},"excerpt":{"rendered":"<p>Primera Modificaci\u00f3n Segunda Modificaci\u00f3n Tercera Modificaci\u00f3n<\/p>\n","protected":false},"author":1,"featured_media":0,"parent":0,"menu_order":0,"comment_status":"closed","ping_status":"closed","template":"","meta":{"footnotes":""},"class_list":["post-17654","page","type-page","status-publish","hentry"],"_links":{"self":[{"href":"https:\/\/purisimadelrincon.mx\/transparencia\/wp-json\/wp\/v2\/pages\/17654","targetHints":{"allow":["GET"]}}],"collection":[{"href":"https:\/\/purisimadelrincon.mx\/transparencia\/wp-json\/wp\/v2\/pages"}],"about":[{"href":"https:\/\/purisimadelrincon.mx\/transparencia\/wp-json\/wp\/v2\/types\/page"}],"author":[{"embeddable":true,"href":"https:\/\/purisimadelrincon.mx\/transparencia\/wp-json\/wp\/v2\/users\/1"}],"replies":[{"embeddable":true,"href":"https:\/\/purisimadelrincon.mx\/transparencia\/wp-json\/wp\/v2\/comments?post=17654"}],"version-history":[{"count":4,"href":"https:\/\/purisimadelrincon.mx\/transparencia\/wp-json\/wp\/v2\/pages\/17654\/revisions"}],"predecessor-version":[{"id":19374,"href":"https:\/\/purisimadelrincon.mx\/transparencia\/wp-json\/wp\/v2\/pages\/17654\/revisions\/19374"}],"wp:attachment":[{"href":"https:\/\/purisimadelrincon.mx\/transparencia\/wp-json\/wp\/v2\/media?parent=17654"}],"curies":[{"name":"wp","href":"https:\/\/api.w.org\/{rel}","templated":true}]}}