{"id":19176,"date":"2024-10-29T15:00:15","date_gmt":"2024-10-29T15:00:15","guid":{"rendered":"https:\/\/purisimadelrincon.mx\/transparencia\/?page_id=19176"},"modified":"2024-10-29T16:32:26","modified_gmt":"2024-10-29T16:32:26","slug":"curriculums","status":"publish","type":"page","link":"https:\/\/purisimadelrincon.mx\/transparencia\/curriculums\/","title":{"rendered":"CURRICULUMS DIF 2021-2024"},"content":{"rendered":"\n<p><\/p>\n\n\n<h3 style=\"text-align: center;\">SISTEMA MUNICIPAL PARA EL DESARROLLO INTEGRAL DE LA FAMILIA.<\/h3>\n<ul>\n<li>Directora General, <a href=\"https:\/\/purisimadelrincon.mx\/transparencia\/wp-content\/uploads\/Liliana-Ramirez-Guerrero.pdf\">Mtra. Liliana Ram\u00edrez Guerrero<\/a><\/li>\n<li>Coordinaci\u00f3n del Centro Municipal de Innovaci\u00f3n por el derecho a vivir en familia, <a href=\"https:\/\/purisimadelrincon.mx\/transparencia\/wp-content\/uploads\/Gloria-Lizbeth.pdf\">Lic. Gloria Lizbeth Cervantes Cabrera<\/a>\u00a0<\/li>\n<li>Encargada de Comunicaci\u00f3n social, <a href=\"https:\/\/purisimadelrincon.mx\/transparencia\/wp-content\/uploads\/Guillermina.pdf\">Lic. Guillermina Ortiz Herrera<\/a><\/li>\n<li>Coordinador Financiero, <a href=\"https:\/\/purisimadelrincon.mx\/transparencia\/wp-content\/uploads\/Jorge-Eduardo.pdf\">C.P. Jorge Eduardo Garc\u00eda Guzm\u00e1n<\/a><\/li>\n<li>Psic\u00f3loga B. \u00c1rea de Poblaci\u00f3n Abierta, <a href=\"https:\/\/purisimadelrincon.mx\/transparencia\/wp-content\/uploads\/Juliana.pdf\">Lic. Juliana Alcal\u00e1 Cruz<\/a><\/li>\n<li>Jur\u00eddico, <a href=\"https:\/\/purisimadelrincon.mx\/transparencia\/wp-content\/uploads\/Leticia.pdf\">Mtra. Leticia Acosta Rodr\u00edguez<\/a><\/li>\n<li>Coordinadora de Asistencia Alimentaria, <a href=\"https:\/\/purisimadelrincon.mx\/transparencia\/wp-content\/uploads\/Maria-Eva.pdf\">Lic. Mar\u00eda Eva Lara Barajas<\/a><\/li>\n<li>Coordinador Operativo de\u00a0 Programas, <a href=\"https:\/\/purisimadelrincon.mx\/transparencia\/wp-content\/uploads\/Miguel-Angel.pdf\">Mtro. Miguel \u00c1ngel Gami\u00f1o Guti\u00e9rrez<\/a><\/li>\n<li>Mantenimiento de Edificios, <a href=\"https:\/\/purisimadelrincon.mx\/transparencia\/wp-content\/uploads\/Miguel-Avila.pdf\">Miguel \u00c1ngel \u00c1vila Garc\u00eda<\/a><\/li>\n<li>Auxiliar de fortaleciendo Familias con Habilidades B\u00e1sicas, <a href=\"https:\/\/purisimadelrincon.mx\/transparencia\/wp-content\/uploads\/Monica-Gutierrez.pdf\">Lic. M\u00f3nica Guti\u00e9rrez Guerrero<\/a><\/li>\n<li>Atenci\u00f3n Ciudadana, <a href=\"https:\/\/purisimadelrincon.mx\/transparencia\/wp-content\/uploads\/Monica-Lucero.pdf\">C.P. M\u00f3nica Lucero Mart\u00ednez Nu\u00f1ez<\/a><\/li>\n<li>Coordinador de Casa Hogar, <a href=\"https:\/\/purisimadelrincon.mx\/transparencia\/wp-content\/uploads\/Perla-Clarita.pdf\">Perla Clarita Moreno Rodr\u00edguez<\/a><\/li>\n<li>Trabajadora social, <a href=\"https:\/\/purisimadelrincon.mx\/transparencia\/wp-content\/uploads\/Sara-Guadalupe.pdf\">Lic. Sara Guadalupe Flores Rodr\u00edguez<\/a><\/li>\n<li>Coordinadora de la Unidad B\u00e1sica de Rehabilitaci\u00f3n, <a href=\"https:\/\/purisimadelrincon.mx\/transparencia\/wp-content\/uploads\/Tayde-Lorelay.pdf\">Lic. Tayd\u00e9 Lorelay Mac\u00edas Enr\u00edquez<\/a><\/li>\n<li>Coordinadora de Red M\u00f3vil, <a href=\"https:\/\/purisimadelrincon.mx\/transparencia\/wp-content\/uploads\/Teresa.pdf\">Teresa M\u00e1rquez Cortes<\/a><\/li>\n<li>Jefe de Adultos Mayores, <a href=\"https:\/\/purisimadelrincon.mx\/transparencia\/wp-content\/uploads\/Jorge-Avila.pdf\">Jorge \u00c1vila S\u00e1nchez<\/a><\/li>\n<\/ul>\n<h5>\u00a0<\/h5>\n\n\n<p><\/p>\n\n\n\n<p><\/p>\n\n\n\n<p><\/p>\n\n\n\n<p><\/p>\n","protected":false},"excerpt":{"rendered":"<p>SISTEMA MUNICIPAL PARA EL DESARROLLO INTEGRAL DE LA FAMILIA. Directora General, Mtra. Liliana Ram\u00edrez Guerrero Coordinaci\u00f3n del Centro Municipal de Innovaci\u00f3n por el derecho a vivir en familia, Lic. Gloria Lizbeth Cervantes Cabrera\u00a0 Encargada de Comunicaci\u00f3n social, Lic. Guillermina Ortiz <a class=\"more-link\" href=\"https:\/\/purisimadelrincon.mx\/transparencia\/curriculums\/\">Seguir leyendo <span class=\"screen-reader-text\">  CURRICULUMS DIF 2021-2024<\/span><span class=\"meta-nav\">&rarr;<\/span><\/a><\/p>\n","protected":false},"author":2,"featured_media":0,"parent":0,"menu_order":0,"comment_status":"closed","ping_status":"closed","template":"","meta":{"footnotes":""},"class_list":["post-19176","page","type-page","status-publish","hentry"],"_links":{"self":[{"href":"https:\/\/purisimadelrincon.mx\/transparencia\/wp-json\/wp\/v2\/pages\/19176","targetHints":{"allow":["GET"]}}],"collection":[{"href":"https:\/\/purisimadelrincon.mx\/transparencia\/wp-json\/wp\/v2\/pages"}],"about":[{"href":"https:\/\/purisimadelrincon.mx\/transparencia\/wp-json\/wp\/v2\/types\/page"}],"author":[{"embeddable":true,"href":"https:\/\/purisimadelrincon.mx\/transparencia\/wp-json\/wp\/v2\/users\/2"}],"replies":[{"embeddable":true,"href":"https:\/\/purisimadelrincon.mx\/transparencia\/wp-json\/wp\/v2\/comments?post=19176"}],"version-history":[{"count":3,"href":"https:\/\/purisimadelrincon.mx\/transparencia\/wp-json\/wp\/v2\/pages\/19176\/revisions"}],"predecessor-version":[{"id":19211,"href":"https:\/\/purisimadelrincon.mx\/transparencia\/wp-json\/wp\/v2\/pages\/19176\/revisions\/19211"}],"wp:attachment":[{"href":"https:\/\/purisimadelrincon.mx\/transparencia\/wp-json\/wp\/v2\/media?parent=19176"}],"curies":[{"name":"wp","href":"https:\/\/api.w.org\/{rel}","templated":true}]}}