{"id":19277,"date":"2025-01-10T18:35:34","date_gmt":"2025-01-10T18:35:34","guid":{"rendered":"https:\/\/purisimadelrincon.mx\/transparencia\/?page_id=19277"},"modified":"2025-01-10T18:35:36","modified_gmt":"2025-01-10T18:35:36","slug":"curriculums-instituto-municipal-de-planeacion-de-purisima-del-rincon","status":"publish","type":"page","link":"https:\/\/purisimadelrincon.mx\/transparencia\/curriculums-instituto-municipal-de-planeacion-de-purisima-del-rincon\/","title":{"rendered":"CURRICULUMS INSTITUTO MUNICIPAL DE  PLANEACI\u00d3N DE PUR\u00cdSIMA DEL RINC\u00d3N"},"content":{"rendered":"\n<p><\/p>\n\n\n<h3 style=\"text-align: center;\">INSTITUTO MUNICIPAL DE PLANEACI\u00d3N<\/h3>\n<ul>\n<li><a href=\"https:\/\/purisimadelrincon.mx\/transparencia\/wp-content\/uploads\/CURRICULUM-BEATRIZ.pdf\">Beatriz Adriana Ponce M\u00e1rquez<\/a>, Directora General<\/li>\n<li><a href=\"https:\/\/purisimadelrincon.mx\/transparencia\/wp-content\/uploads\/CURRICULUM-VITAE-CLAUDIA-PADILLA-G..pdf\">Claudia Padilla Guti\u00e9rrez<\/a>, Auxiliar de Geoestad\u00edstica<\/li>\n<li><a href=\"https:\/\/purisimadelrincon.mx\/transparencia\/wp-content\/uploads\/CURRICULUM-VITAE-EMGL.pdf\">Estefany Mercedes Gonz\u00e1lez Ledesma<\/a>, Responsable de Planeaci\u00f3n ciudadana<\/li>\n<\/ul>\n<h5>\u00a0<\/h5>\n\n\n<p><\/p>\n\n\n\n<p><\/p>\n\n\n\n<p><\/p>\n\n\n\n<p><\/p>\n","protected":false},"excerpt":{"rendered":"<p>INSTITUTO MUNICIPAL DE PLANEACI\u00d3N Beatriz Adriana Ponce M\u00e1rquez, Directora General Claudia Padilla Guti\u00e9rrez, Auxiliar de Geoestad\u00edstica Estefany Mercedes Gonz\u00e1lez Ledesma, Responsable de Planeaci\u00f3n ciudadana \u00a0<\/p>\n","protected":false},"author":2,"featured_media":0,"parent":0,"menu_order":0,"comment_status":"closed","ping_status":"closed","template":"","meta":{"footnotes":""},"class_list":["post-19277","page","type-page","status-publish","hentry"],"_links":{"self":[{"href":"https:\/\/purisimadelrincon.mx\/transparencia\/wp-json\/wp\/v2\/pages\/19277","targetHints":{"allow":["GET"]}}],"collection":[{"href":"https:\/\/purisimadelrincon.mx\/transparencia\/wp-json\/wp\/v2\/pages"}],"about":[{"href":"https:\/\/purisimadelrincon.mx\/transparencia\/wp-json\/wp\/v2\/types\/page"}],"author":[{"embeddable":true,"href":"https:\/\/purisimadelrincon.mx\/transparencia\/wp-json\/wp\/v2\/users\/2"}],"replies":[{"embeddable":true,"href":"https:\/\/purisimadelrincon.mx\/transparencia\/wp-json\/wp\/v2\/comments?post=19277"}],"version-history":[{"count":1,"href":"https:\/\/purisimadelrincon.mx\/transparencia\/wp-json\/wp\/v2\/pages\/19277\/revisions"}],"predecessor-version":[{"id":19281,"href":"https:\/\/purisimadelrincon.mx\/transparencia\/wp-json\/wp\/v2\/pages\/19277\/revisions\/19281"}],"wp:attachment":[{"href":"https:\/\/purisimadelrincon.mx\/transparencia\/wp-json\/wp\/v2\/media?parent=19277"}],"curies":[{"name":"wp","href":"https:\/\/api.w.org\/{rel}","templated":true}]}}