{"id":19399,"date":"2025-01-17T21:36:25","date_gmt":"2025-01-17T21:36:25","guid":{"rendered":"https:\/\/purisimadelrincon.mx\/transparencia\/?page_id=19399"},"modified":"2025-01-17T21:42:19","modified_gmt":"2025-01-17T21:42:19","slug":"curriculums-dif-2024-2027","status":"publish","type":"page","link":"https:\/\/purisimadelrincon.mx\/transparencia\/curriculums-dif-2024-2027\/","title":{"rendered":"CURRICULUMS DIF 2024-2027"},"content":{"rendered":"\n<p><\/p>\n\n\n<h3 style=\"text-align: center;\">SISTEMA MUNICIPAL PARA EL DESARROLLO INTEGRAL DE LA FAMILIA.<\/h3>\n<ul>\n<li>Directora General, <u><a href=\"https:\/\/purisimadelrincon.mx\/transparencia\/wp-content\/uploads\/Liliana-Ramirez-Guerrero.pdf\">Liliana Ram\u00edrez Guerrero<\/a><\/u><\/li>\n<li>Coordinaci\u00f3n del Centro Municipal de Innovaci\u00f3n por el derecho a vivir en familia,\u00a0<a href=\"https:\/\/purisimadelrincon.mx\/transparencia\/wp-content\/uploads\/Gloria-Lizbeth.pdf\"><u> Gloria Lizbeth Cervantes Cabrera<\/u><\/a><\/li>\n<li>Encargada de Comunicaci\u00f3n social,\u00a0<a href=\"https:\/\/purisimadelrincon.mx\/transparencia\/wp-content\/uploads\/Guillermina.pdf\"><u> Guillermina Ortiz Herrera<\/u><\/a><\/li>\n<li>Coordinador Financiero,\u00a0<a href=\"https:\/\/purisimadelrincon.mx\/transparencia\/wp-content\/uploads\/Jorge-Eduardo.pdf\"><u>P. Jorge Eduardo Garc\u00eda Guzm\u00e1n<\/u><\/a><\/li>\n<li>Psic\u00f3loga B. \u00c1rea de Poblaci\u00f3n Abierta,\u00a0<a href=\"https:\/\/purisimadelrincon.mx\/transparencia\/wp-content\/uploads\/Juliana.pdf\"><u> Juliana Alcal\u00e1 Cruz<\/u><\/a><\/li>\n<li>Jur\u00eddico,<a href=\"https:\/\/purisimadelrincon.mx\/transparencia\/wp-content\/uploads\/Carla.pdf\">Lic. Carla Micaela Alonzo Gom\u00e9z<\/a><\/li>\n<li>Coordinadora de Asistencia Alimentaria,<a href=\"https:\/\/purisimadelrincon.mx\/transparencia\/wp-content\/uploads\/Jacob-Abel.pdf\">Ing. Jacob Abel Ricardo Florido<\/a><\/li>\n<li>Coordinador Operativo de\u00a0 Programas,<a href=\"https:\/\/purisimadelrincon.mx\/transparencia\/wp-content\/uploads\/Yadhira-prog.pdf\">C. Yadhira Gutierrez L\u00f3pez<\/a><\/li>\n<li>Mantenimiento de Edificios,\u00a0<a href=\"https:\/\/purisimadelrincon.mx\/transparencia\/wp-content\/uploads\/Miguel-Avila.pdf\"><u>Miguel \u00c1ngel \u00c1vila Garc\u00eda<\/u><\/a><\/li>\n<li>Encargado de \u00c1rea Fortaleciendo Familias con Habilidades B\u00e1sicas,\u00a0<a href=\"https:\/\/purisimadelrincon.mx\/transparencia\/wp-content\/uploads\/Monica-Gutierrez.pdf\"><u> M\u00f3nica Guti\u00e9rrez Guerrero\u00a0<\/u><\/a><\/li>\n<li>Encargado de \u00c1rea Fortaleciendo Familias con Habilidades B\u00e1sicas, <a href=\"https:\/\/purisimadelrincon.mx\/transparencia\/wp-content\/uploads\/Ana-Luz.pdf\">C. Ana Luz Alcal\u00e1 Valadez<\/a><\/li>\n<li>Atenci\u00f3n Ciudadana,\u00a0<a href=\"https:\/\/purisimadelrincon.mx\/transparencia\/wp-content\/uploads\/Monica-Lucero.pdf\"><u>P. M\u00f3nica Lucero Mart\u00ednez Nu\u00f1ez<\/u><\/a><\/li>\n<li>Coordinador de Casa Hogar,<a href=\"https:\/\/purisimadelrincon.mx\/transparencia\/wp-content\/uploads\/Perla-Clarita.pdf\">\u00a0<u>Perla Clarita Moreno Rodr\u00edguez<\/u><\/a><\/li>\n<li>Trabajadora social,\u00a0<a href=\"https:\/\/purisimadelrincon.mx\/transparencia\/wp-content\/uploads\/Sara-Guadalupe.pdf\"><u> Sara Guadalupe Flores Rodr\u00edguez<\/u><\/a><\/li>\n<li>Coordinadora de la Unidad B\u00e1sica de Rehabilitaci\u00f3n,\u00a0<a href=\"https:\/\/purisimadelrincon.mx\/transparencia\/wp-content\/uploads\/Tayde-Lorelay.pdf\"><u> Tayd\u00e9 Lorelay Mac\u00edas Enr\u00edquez<\/u><\/a><\/li>\n<li>Coordinadora de Red M\u00f3vil,<a href=\"https:\/\/purisimadelrincon.mx\/transparencia\/wp-content\/uploads\/Teresa.pdf\">\u00a0<u>Teresa M\u00e1rquez Cortes<\/u><\/a><\/li>\n<li>Jefe de Adultos Mayores,\u00a0<a href=\"https:\/\/purisimadelrincon.mx\/transparencia\/wp-content\/uploads\/Jorge-Avila.pdf\"><u>Jorge \u00c1vila S\u00e1nchez<\/u><\/a><\/li>\n<\/ul>\n<h5>\u00a0<\/h5>\n\n\n<p><\/p>\n\n\n\n<p><\/p>\n\n\n\n<p><\/p>\n\n\n\n<p><\/p>\n","protected":false},"excerpt":{"rendered":"<p>SISTEMA MUNICIPAL PARA EL DESARROLLO INTEGRAL DE LA FAMILIA. Directora General, Liliana Ram\u00edrez Guerrero Coordinaci\u00f3n del Centro Municipal de Innovaci\u00f3n por el derecho a vivir en familia,\u00a0 Gloria Lizbeth Cervantes Cabrera Encargada de Comunicaci\u00f3n social,\u00a0 Guillermina Ortiz Herrera Coordinador Financiero,\u00a0P. <a class=\"more-link\" href=\"https:\/\/purisimadelrincon.mx\/transparencia\/curriculums-dif-2024-2027\/\">Seguir leyendo <span class=\"screen-reader-text\">  CURRICULUMS DIF 2024-2027<\/span><span class=\"meta-nav\">&rarr;<\/span><\/a><\/p>\n","protected":false},"author":2,"featured_media":0,"parent":0,"menu_order":0,"comment_status":"closed","ping_status":"closed","template":"","meta":{"footnotes":""},"class_list":["post-19399","page","type-page","status-publish","hentry"],"_links":{"self":[{"href":"https:\/\/purisimadelrincon.mx\/transparencia\/wp-json\/wp\/v2\/pages\/19399","targetHints":{"allow":["GET"]}}],"collection":[{"href":"https:\/\/purisimadelrincon.mx\/transparencia\/wp-json\/wp\/v2\/pages"}],"about":[{"href":"https:\/\/purisimadelrincon.mx\/transparencia\/wp-json\/wp\/v2\/types\/page"}],"author":[{"embeddable":true,"href":"https:\/\/purisimadelrincon.mx\/transparencia\/wp-json\/wp\/v2\/users\/2"}],"replies":[{"embeddable":true,"href":"https:\/\/purisimadelrincon.mx\/transparencia\/wp-json\/wp\/v2\/comments?post=19399"}],"version-history":[{"count":2,"href":"https:\/\/purisimadelrincon.mx\/transparencia\/wp-json\/wp\/v2\/pages\/19399\/revisions"}],"predecessor-version":[{"id":19406,"href":"https:\/\/purisimadelrincon.mx\/transparencia\/wp-json\/wp\/v2\/pages\/19399\/revisions\/19406"}],"wp:attachment":[{"href":"https:\/\/purisimadelrincon.mx\/transparencia\/wp-json\/wp\/v2\/media?parent=19399"}],"curies":[{"name":"wp","href":"https:\/\/api.w.org\/{rel}","templated":true}]}}