{"id":19421,"date":"2025-01-20T20:39:27","date_gmt":"2025-01-20T20:39:27","guid":{"rendered":"https:\/\/purisimadelrincon.mx\/transparencia\/?page_id=19421"},"modified":"2025-10-28T16:02:22","modified_gmt":"2025-10-28T16:02:22","slug":"curriculums-2024-2027","status":"publish","type":"page","link":"https:\/\/purisimadelrincon.mx\/transparencia\/curriculums-2024-2027\/","title":{"rendered":"CURRICULUMS 2024-2027"},"content":{"rendered":"\n<p><\/p>\n\n\n<h3 style=\"text-align: center;\">ADMINISTRACI\u00d3N 2024-2027<\/h3>\n<h5 style=\"text-align: left;\"><strong>H. Ayuntamiento 2024-2027<\/strong><\/h5>\n<ul>\n<li><u><a href=\"https:\/\/purisimadelrincon.mx\/transparencia\/wp-content\/uploads\/CV.-ROBERTO-GARCIA-URBANO.pdf\">Roberto Garc\u00eda Urbano<\/a>\u00a0<\/u>\/\u00a0<strong>Presidente Municipal <\/strong><\/li>\n<li><u><a href=\"https:\/\/purisimadelrincon.mx\/transparencia\/wp-content\/uploads\/CV.-CLAUDIA-LORENA-ARRIAGA-GUERRERO.pdf\">P. Claudia Lorena Arriaga Guerrero<\/a><\/u>\/\u00a0<strong>S\u00edndico Municipal<\/strong><\/li>\n<li><u><a href=\"https:\/\/purisimadelrincon.mx\/transparencia\/wp-content\/uploads\/CV.-VERONICA-IVETTE-GOMEZ-BECERRA.pdf\">Ver\u00f3nica Ivette G\u00f3mez Becerra<\/a><\/u>\/\u00a0<strong>Secretario del H. Ayuntamiento <\/strong><\/li>\n<li><u><a href=\"https:\/\/purisimadelrincon.mx\/transparencia\/wp-content\/uploads\/CV.-JOSE-BENJAMIN-RODRUGUEZ-CRUZ.pdf\">Jos\u00e9 Benjam\u00edn Rodr\u00edguez Cruz<\/a><\/u>\/\u00a0<strong>Regidor Municipal <\/strong><\/li>\n<li><u><a href=\"https:\/\/purisimadelrincon.mx\/transparencia\/wp-content\/uploads\/CV.-DORA-DELIA-FONSECA-MUNOZ.pdf\">Dora Delia Fonseca Mu\u00f1oz<\/a><\/u>\/\u00a0<strong>Regidora Municipal<\/strong><\/li>\n<li><u><a href=\"https:\/\/purisimadelrincon.mx\/transparencia\/wp-content\/uploads\/CV.-DAVID-ALBERTO-ORTIZ-TRILLO.pdf\">David Alberto Ortiz Trillo<\/a>\/ <\/u><strong>Regidor Municipal<\/strong><\/li>\n<li><u><a href=\"https:\/\/purisimadelrincon.mx\/transparencia\/wp-content\/uploads\/CV.-MARCELA-CHAVEZ-FLORES.pdf\">Marcela Ch\u00e1vez Flores<\/a>\/<\/u><strong> Regidora Municipal<\/strong><\/li>\n<li><u><a href=\"https:\/\/purisimadelrincon.mx\/transparencia\/wp-content\/uploads\/CV.-HECTOR-RAUL-PEREZ-GUZMAN.pdf\">H\u00e9ctor Ra\u00fal P\u00e9rez Guzm\u00e1n<\/a>\/ <\/u><strong>Regidor Municipal<\/strong><\/li>\n<li><u><a href=\"https:\/\/purisimadelrincon.mx\/transparencia\/wp-content\/uploads\/CV.-MONICA-GUADALUPE-LOPEZ-HERNANDEZ.pdf\">M\u00f3nica Guadalupe L\u00f3pez Hern\u00e1ndez<\/a><\/u>\/\u00a0<strong>Regidora Municipal<\/strong><u><\/u><\/li>\n<li><u><a href=\"https:\/\/purisimadelrincon.mx\/transparencia\/wp-content\/uploads\/CV.-SALVADOR-CRUZ-VILLEGAS.pdf\">Salvador Cruz Villegas<\/a><\/u><u><\/u>\/\u00a0<strong>Regidor Municipal <\/strong><u><\/u><\/li>\n<li><u><a href=\"https:\/\/purisimadelrincon.mx\/transparencia\/wp-content\/uploads\/CV.-MARICELA-ALCALA-PUGA.pdf\">Maricela Alcal\u00e1 Puga<\/a> <\/u>\/\u00a0<strong>Regidor Municipal<\/strong><\/li>\n<\/ul>\n<p><strong>Gabinete Municipal 2024-2027<\/strong><\/p>\n<ul>\n<li>Secretar\u00eda Particular,<span style=\"text-decoration: underline;\"><a href=\"https:\/\/purisimadelrincon.mx\/transparencia\/wp-content\/uploads\/CV.-ERIC-RAUL-SEGURA-ZEPEDA.pdf\"> Lic. Eric Ra\u00fal Segura Zepeda<\/a>.<\/span><\/li>\n<li>Contralor Municipal,\u00a0<u> <a href=\"https:\/\/purisimadelrincon.mx\/transparencia\/wp-content\/uploads\/CV.-ARTURO-SANDOVAL-VIURQUEZ.pdf\">Lic. Arturo Sandoval Viurquez.<\/a><\/u><\/li>\n<li>Encargada de Despacho de Contralor\u00eda Municipal, <a href=\"https:\/\/purisimadelrincon.mx\/transparencia\/wp-content\/uploads\/Encargada-de-despacho-contraloria-municipal.pdf\">Maestra Ma. Lourdes Hern\u00e1ndez S\u00e1nchez<\/a> desde el 25\/08\/25<\/li>\n<li>Direcci\u00f3n de Comunicaci\u00f3n Social, <u><a href=\"https:\/\/purisimadelrincon.mx\/transparencia\/wp-content\/uploads\/CV.-ANA-LILIA-OJEDA-COBIAN.pdf\">Lic. Ana Lilia Ojeda Cobi\u00e1n.<\/a><\/u><\/li>\n<li>Direcci\u00f3n de Asuntos Jur\u00eddicos,<span style=\"text-decoration: underline;\"> <a href=\"https:\/\/purisimadelrincon.mx\/transparencia\/wp-content\/uploads\/CV.-PARADA-PEREZ-LORENA.pdf\">Mtra. Lorena Parada P\u00e9rez. <\/a><\/span><\/li>\n<li>Direcci\u00f3n de la Unidad de Transparencia, <u><a href=\"https:\/\/purisimadelrincon.mx\/transparencia\/wp-content\/uploads\/CV.-COLLAZO-SALDANA-PALOMA-YAZMIN-DEL-ROCIO.pdf\">Lic. Paloma Yazm\u00edn del Roc\u00edo Collazo Salda\u00f1a<\/a><\/u><\/li>\n<li>Coordinaci\u00f3n de Asuntos Internos,<u> <a href=\"https:\/\/purisimadelrincon.mx\/transparencia\/wp-content\/uploads\/CV.-CASAS-VIURQUEZ-ANA-LUISA.pdf\">Lic. Ana Luisa Casas Viurquez<\/a><\/u><\/li>\n<li>Coordinaci\u00f3n de \u00c1rbitros Calificadores, <span style=\"text-decoration: underline;\"><a href=\"https:\/\/purisimadelrincon.mx\/transparencia\/wp-content\/uploads\/CV.-CINTHIA-YURIKO-ZUKERMAN-GALLARDO.pdf\">Lic.Cinthia Yuriko Zukerman Gallardo.<\/a><\/span><\/li>\n<li>Coordinaci\u00f3n del Archivo Municipal, <u><a href=\"https:\/\/purisimadelrincon.mx\/transparencia\/wp-content\/uploads\/CV.-ESCARENO-ALONSO-JUAN-FRANCISCO.pdf\">Lic. Juan Francisco Escare\u00f1o Alonso<\/a><\/u><\/li>\n<li>Coordinaci\u00f3n de Inform\u00e1tica,<span style=\"text-decoration: underline;\"> <a href=\"https:\/\/purisimadelrincon.mx\/transparencia\/wp-content\/uploads\/CV.-CASTANON-REYES-FLOR-GUADALUPE.pdf\">Ing. Flor Guadalupe Casta\u00f1\u00f3n Reyes<\/a><\/span><\/li>\n<li>Tesorer\u00eda Municipal, <span style=\"text-decoration: underline;\"><a href=\"https:\/\/purisimadelrincon.mx\/transparencia\/wp-content\/uploads\/CV.-HECTOR-MUNOZ-PORRAS.pdf\">C.P. H\u00e9ctor Mu\u00f1oz Porras<\/a><\/span><\/li>\n<li>Coordinaci\u00f3n de Recursos Humanos,\u00a0<u> <a href=\"https:\/\/purisimadelrincon.mx\/transparencia\/wp-content\/uploads\/CV.-MARIA-DE-LOS-ANGELES-VALADEZ-RODRIGUEZ.pdf\">Lic. Mar\u00eda de los \u00c1ngeles Valadez Rodr\u00edguez<\/a><\/u><\/li>\n<li>Direcci\u00f3n de Predial y Catastro, <span style=\"text-decoration: underline;\"><a href=\"https:\/\/purisimadelrincon.mx\/transparencia\/wp-content\/uploads\/CV.-RODRIGUEZ-ROJAS-JOSE-DE-JESUS.pdf\">Lic. Jos\u00e9 de Jes\u00fas Rodr\u00edguez Rojas<\/a><\/span><\/li>\n<li>Direcci\u00f3n de Cultura,\u00a0<u> <a href=\"https:\/\/purisimadelrincon.mx\/transparencia\/wp-content\/uploads\/CV.-GERARDO-REYES-LOPEZ.pdf\">C. Gerardo Reyes L\u00f3pez.<\/a><\/u><\/li>\n<li>Coordinaci\u00f3n de Educaci\u00f3n Municipal, <span style=\"text-decoration: underline;\"><a href=\"https:\/\/purisimadelrincon.mx\/transparencia\/wp-content\/uploads\/CV.-OVALLE-SOTO-MA.-ELENA.pdf\">C. Ma. Elena Ovalle Soto<\/a><\/span><\/li>\n<li>Direcci\u00f3n de Comisi\u00f3n Municipal del Deporte,\u00a0<u> <a href=\"https:\/\/purisimadelrincon.mx\/transparencia\/wp-content\/uploads\/CV.-JUAN-PABLO-VERDIN-SANCHEZ.pdf\">C. Juan Pablo Verd\u00edn S\u00e1nchez<\/a><\/u><\/li>\n<li>Coordinaci\u00f3n Municipal de las Juventudes, <u><a href=\"https:\/\/purisimadelrincon.mx\/transparencia\/wp-content\/uploads\/CV.-LOPEZ-MARQUEZ-PAULINA.pdf\">C. Paulina L\u00f3pez M\u00e1rquez<\/a><\/u><\/li>\n<li>Direcci\u00f3n de Desarrollo Social y Humano, <u><a href=\"https:\/\/purisimadelrincon.mx\/transparencia\/wp-content\/uploads\/CV.-LOPEZ-RAMIREZ-NORMA-EDITH.pdf\">Lic. Norma Edith L\u00f3pez Ram\u00edrez.<\/a><\/u><\/li>\n<li>Direcci\u00f3n de Desarrollo Econ\u00f3mico, <span style=\"text-decoration: underline;\"><a href=\"https:\/\/purisimadelrincon.mx\/transparencia\/wp-content\/uploads\/CV.-OSCAR-MUNOZ-RAMIREZ-1.pdf\">Lic. Oscar Mu\u00f1oz Ram\u00edrez<\/a><\/span><\/li>\n<li>Direcci\u00f3n de Turismo,<u> <a href=\"https:\/\/purisimadelrincon.mx\/transparencia\/wp-content\/uploads\/CV-JOSE-ROBERTO-CAMARGO-PEREZ.pdf\">Lic. Jos\u00e9 Roberto Camargo P\u00e9rez<\/a><\/u><\/li>\n<li>Direcci\u00f3n de Desarrollo Rural,\u00a0<u> <a href=\"https:\/\/purisimadelrincon.mx\/transparencia\/wp-content\/uploads\/CV.-JOSE-DE-JESUS-BARRAGAN-QUIROZ.pdf\">C. Jos\u00e9 de Jes\u00fas Barrag\u00e1n Quiroz<\/a><\/u><\/li>\n<li>Coordinaci\u00f3n de Rastro Municipal, <span style=\"text-decoration: underline;\"><a href=\"https:\/\/purisimadelrincon.mx\/transparencia\/wp-content\/uploads\/CV.-GOMEZ-CEDILLO-BEATRIZ.pdf\">Lic. Beatriz G\u00f3mez Cedillo.<\/a>\u00a0<\/span><\/li>\n<li>Direcci\u00f3n de Gesti\u00f3n Integral del Territorio,<span style=\"text-decoration: underline;\"> <a href=\"https:\/\/purisimadelrincon.mx\/transparencia\/wp-content\/uploads\/CV.-MARIA-DE-LA-PAZ-VALLEJO-BARRERA.pdf\">Arq. Mar\u00eda de la Paz Vallejo Barrera<\/a><\/span><\/li>\n<li>Coordinaci\u00f3n de Ecolog\u00eda, <span style=\"text-decoration: underline;\"><a href=\"https:\/\/purisimadelrincon.mx\/transparencia\/wp-content\/uploads\/CV.-MUNOZ-ESTRADA-MA.-DOLORES.pdf\">T.S.U. Ma. Dolores Mu\u00f1oz Estrada <\/a><strong>\u00a0<\/strong><\/span><\/li>\n<li>Direcci\u00f3n de Obras P\u00fablicas,\u00a0<u> <a href=\"https:\/\/purisimadelrincon.mx\/transparencia\/wp-content\/uploads\/CV.-ROGELIO-AYALA-GOMEZ.pdf\">Ing. Rogelio Ayala G\u00f3mez<\/a><\/u><\/li>\n<li>Direcci\u00f3n del Instituto Municipal de Planeaci\u00f3n,\u00a0<u> <a href=\"https:\/\/purisimadelrincon.mx\/transparencia\/wp-content\/uploads\/CV.-PONCE-MARQUEZ-BEATRIZ-ADRIANA.pdf\">Beatriz Adriana Ponce M\u00e1rquez<\/a><\/u><\/li>\n<li>Coordinaci\u00f3n de Protecci\u00f3n Civil,\u00a0<span style=\"text-decoration: underline;\"> <a href=\"https:\/\/purisimadelrincon.mx\/transparencia\/wp-content\/uploads\/CV.-CISNEROS-HERNANDEZ-EDGAR-FERNANDO.pdf\">Edgar Fernando Cisneros Hern\u00e1ndez<\/a><\/span><\/li>\n<li>Direcci\u00f3n de Servicios P\u00fablicos Municipales,\u00a0<u> <a href=\"https:\/\/purisimadelrincon.mx\/transparencia\/wp-content\/uploads\/CV.-JUAN-CARLOS-NAVARRETE-RAYON.pdf\">Arq. Juan Carlos Navarrate Ray\u00f3n<\/a><\/u><\/li>\n<li>Director de Seguridad P\u00fablica, Tr\u00e1nsito y Transporte Municipal.<\/li>\n<li>Coordinaci\u00f3n de Tr\u00e1nsito y Transporte.<\/li>\n<li>Instituto de las Mujeres Purisimenses, <span style=\"text-decoration: underline;\"><a href=\"https:\/\/purisimadelrincon.mx\/transparencia\/wp-content\/uploads\/CV-LETICIA-ACOSTA-RODRIGUEZ.pdf\">Lic. Leticia Acosta Rodr\u00edguez.<\/a><\/span><\/li>\n<li>Director de Fiscalizaci\u00f3n y Control,\u00a0<u> <a href=\"https:\/\/purisimadelrincon.mx\/transparencia\/wp-content\/uploads\/CV.-FRANCISCO-JAVIER-MARQUEZ-PADILLA.pdf\">C. Francisco Javier M\u00e1rquez Padilla<\/a><\/u><\/li>\n<li>Direcci\u00f3n General del Sistema de Agua Potable, Alcantarillado y Saneamiento de Pur\u00edsima, <span style=\"text-decoration: underline;\"><a href=\"https:\/\/purisimadelrincon.mx\/transparencia\/wp-content\/uploads\/VAZQUEZ_GOMEZ_FRANCISCO_JAVIER.pdf\">Arq. Francisco Javier V\u00e1zquez G\u00f3mez.<\/a><\/span><\/li>\n<li>Direcci\u00f3n General del Sistema Municipal para el Desarrollo Integral de la Familia, <span style=\"text-decoration: underline;\"><a href=\"https:\/\/purisimadelrincon.mx\/transparencia\/wp-content\/uploads\/Liliana-Ramirez-Guerrero.pdf\">Lic. Liliana Ram\u00edrez Guerrero.<\/a><\/span><\/li>\n<li>Coordinaci\u00f3n de atenci\u00f3n a migrantes y sus familias, <u><a href=\"https:\/\/purisimadelrincon.mx\/transparencia\/wp-content\/uploads\/CV.-PADILLA-MURILLO-RAMON.pdf\">\u00a0Ram\u00f3n Padilla Murillo<\/a>.<\/u><\/li>\n<li>Coordinaci\u00f3n de Derechos humanos, <span style=\"text-decoration: underline;\"><a href=\"https:\/\/purisimadelrincon.mx\/transparencia\/wp-content\/uploads\/CV.-JOSE-ANTONIO-VERDIN-BUSTAMANTE.pdf\">Lic. Jos\u00e9 Antonio Verd\u00edn Bustamante<\/a><\/span><\/li>\n<li>Coordinaci\u00f3n de la Diversidad Sexual y de G\u00e9nero,<span style=\"text-decoration: underline;\"> <a href=\"https:\/\/purisimadelrincon.mx\/transparencia\/wp-content\/uploads\/CV.-ARANDA-FRAUSTO-ADALBERTO-.pdf\">Lic. Adalberto Aranda Frausto.<\/a><\/span><\/li>\n<li>Coordinaci\u00f3n de Mejora Regulatoria, <u>, <a href=\"https:\/\/purisimadelrincon.mx\/transparencia\/wp-content\/uploads\/CV.-NADIA-MARISOL-VALADEZ-RODRIGUEZ.pdf\">C.P. Nadia Marisol Valadez Rodr\u00edguez.<\/a><\/u><\/li>\n<li>Coordinaci\u00f3n Municipal de Salud, <span style=\"text-decoration: underline;\"><a href=\"https:\/\/purisimadelrincon.mx\/transparencia\/wp-content\/uploads\/CV.-GEMA-MA.-LOURDES-RODRIGUEZ-BETANCOURT.pdf\">M\u00e9dico Gema Ma. Lourdes Rodr\u00edguez Betancourt<\/a><\/span><\/li>\n<li>Cronista Municipal,<span style=\"text-decoration: underline;\"> <a href=\"https:\/\/purisimadelrincon.mx\/transparencia\/wp-content\/uploads\/CV.-REYES-TOLEDO-IRAIS-MONSERRAT.pdf\">Lic. Ira\u00eds Monserrat Reyes Toledo.<\/a><\/span><\/li>\n<li>Procuradur\u00eda Auxiliar,<span style=\"text-decoration: underline;\"> <a href=\"https:\/\/purisimadelrincon.mx\/transparencia\/wp-content\/uploads\/CV.-MARIA-DEL-REFUGIO-SALDANA-RAMIREZ.pdf\">Lic. Mar\u00eda del Refugio Salda\u00f1a Ram\u00edrez.<\/a><\/span><\/li>\n<li>Secretar\u00eda Ejecutiva del Sistema Nacional de Protecci\u00f3n Integral de Ni\u00f1as, Ni\u00f1os y Adolescentes (SIPINNA),<span style=\"text-decoration: underline;\"> <a href=\"https:\/\/purisimadelrincon.mx\/transparencia\/wp-content\/uploads\/CV.-MATA-ALDANA-CARMEN-.pdf\">Lic. Carmen Mata Aldana<\/a><\/span><\/li>\n<li>Secretario ejecutivo,<span style=\"text-decoration: underline;\"> <a href=\"https:\/\/purisimadelrincon.mx\/transparencia\/wp-content\/uploads\/CV.-JEAN-CHRISTIAN-MACIAS-PEREZ.pdf\">Lic.Jean Christian Mac\u00edas P\u00e9rez.<\/a><\/span><\/li>\n<\/ul>\n<h5>\u00a0<\/h5>\n\n\n<p><\/p>\n\n\n\n<p><\/p>\n\n\n\n<p><\/p>\n\n\n\n<p><\/p>\n","protected":false},"excerpt":{"rendered":"<p>ADMINISTRACI\u00d3N 2024-2027 H. Ayuntamiento 2024-2027 Roberto Garc\u00eda Urbano\u00a0\/\u00a0Presidente Municipal P. Claudia Lorena Arriaga Guerrero\/\u00a0S\u00edndico Municipal Ver\u00f3nica Ivette G\u00f3mez Becerra\/\u00a0Secretario del H. Ayuntamiento Jos\u00e9 Benjam\u00edn Rodr\u00edguez Cruz\/\u00a0Regidor Municipal Dora Delia Fonseca Mu\u00f1oz\/\u00a0Regidora Municipal David Alberto Ortiz Trillo\/ Regidor Municipal Marcela Ch\u00e1vez <a class=\"more-link\" href=\"https:\/\/purisimadelrincon.mx\/transparencia\/curriculums-2024-2027\/\">Seguir leyendo <span class=\"screen-reader-text\">  CURRICULUMS 2024-2027<\/span><span class=\"meta-nav\">&rarr;<\/span><\/a><\/p>\n","protected":false},"author":2,"featured_media":0,"parent":0,"menu_order":0,"comment_status":"closed","ping_status":"closed","template":"","meta":{"footnotes":""},"class_list":["post-19421","page","type-page","status-publish","hentry"],"_links":{"self":[{"href":"https:\/\/purisimadelrincon.mx\/transparencia\/wp-json\/wp\/v2\/pages\/19421","targetHints":{"allow":["GET"]}}],"collection":[{"href":"https:\/\/purisimadelrincon.mx\/transparencia\/wp-json\/wp\/v2\/pages"}],"about":[{"href":"https:\/\/purisimadelrincon.mx\/transparencia\/wp-json\/wp\/v2\/types\/page"}],"author":[{"embeddable":true,"href":"https:\/\/purisimadelrincon.mx\/transparencia\/wp-json\/wp\/v2\/users\/2"}],"replies":[{"embeddable":true,"href":"https:\/\/purisimadelrincon.mx\/transparencia\/wp-json\/wp\/v2\/comments?post=19421"}],"version-history":[{"count":19,"href":"https:\/\/purisimadelrincon.mx\/transparencia\/wp-json\/wp\/v2\/pages\/19421\/revisions"}],"predecessor-version":[{"id":21378,"href":"https:\/\/purisimadelrincon.mx\/transparencia\/wp-json\/wp\/v2\/pages\/19421\/revisions\/21378"}],"wp:attachment":[{"href":"https:\/\/purisimadelrincon.mx\/transparencia\/wp-json\/wp\/v2\/media?parent=19421"}],"curies":[{"name":"wp","href":"https:\/\/api.w.org\/{rel}","templated":true}]}}