{"id":19594,"date":"2025-01-28T21:55:00","date_gmt":"2025-01-28T21:55:00","guid":{"rendered":"https:\/\/purisimadelrincon.mx\/transparencia\/?page_id=19594"},"modified":"2026-01-22T16:06:38","modified_gmt":"2026-01-22T16:06:38","slug":"actas-comite-de-transparencia","status":"publish","type":"page","link":"https:\/\/purisimadelrincon.mx\/transparencia\/actas-comite-de-transparencia\/","title":{"rendered":"Actas Comit\u00e9 de Transparencia"},"content":{"rendered":"<h5><strong>Administraci\u00f3n 2024-2027<\/strong><\/h5>\n<ul>\n<li style=\"list-style-type: none;\">\n<ul>\n<li style=\"list-style-type: none;\">\n<ul>\n<li style=\"list-style-type: none;\">\n<ul>\n<li><a href=\"https:\/\/purisimadelrincon.mx\/transparencia\/wp-content\/uploads\/Acta-de-instalacion-y-nombramientos-del-Comite-de-Trasnparencia_0001.pdf\">Acta de instalaci\u00f3n y nombramientos del Comit\u00e9 de Transparencia<\/a><\/li>\n<li><a href=\"https:\/\/purisimadelrincon.mx\/transparencia\/wp-content\/uploads\/acta-001_0001.pdf\">Acta 001<\/a><\/li>\n<li><a href=\"https:\/\/purisimadelrincon.mx\/transparencia\/wp-content\/uploads\/002.pdf\">Acta 002<\/a><\/li>\n<li><a href=\"https:\/\/purisimadelrincon.mx\/transparencia\/wp-content\/uploads\/003.pdf\">Acta 003<\/a><\/li>\n<li><a href=\"https:\/\/purisimadelrincon.mx\/transparencia\/wp-content\/uploads\/004.pdf\">Acta 004<\/a><\/li>\n<li><a href=\"https:\/\/purisimadelrincon.mx\/transparencia\/wp-content\/uploads\/005.pdf\">Acta 005<\/a><\/li>\n<li><a href=\"https:\/\/purisimadelrincon.mx\/transparencia\/wp-content\/uploads\/006.pdf\">Acta 006<\/a><\/li>\n<li><a href=\"https:\/\/purisimadelrincon.mx\/transparencia\/wp-content\/uploads\/007.pdf\">Acta 007<\/a><\/li>\n<li><a href=\"https:\/\/purisimadelrincon.mx\/transparencia\/wp-content\/uploads\/008.pdf\">Acta 008<\/a>\u00a0<\/li>\n<li><a href=\"https:\/\/purisimadelrincon.mx\/transparencia\/wp-content\/uploads\/009.pdf\">Acta 009<\/a><\/li>\n<li><a href=\"https:\/\/purisimadelrincon.mx\/transparencia\/wp-content\/uploads\/010.pdf\">Acta 010<\/a><\/li>\n<li><a href=\"https:\/\/purisimadelrincon.mx\/transparencia\/wp-content\/uploads\/Acta-de-Instalacion-del-Secretariado-Tecnico-Municipal-de-Gobierno-Abierto.pdf\">Acta de Instalaci\u00f3n del Secretariado T\u00e9cnico Municipal de Gobierno Abierto<\/a><\/li>\n<li><a href=\"https:\/\/purisimadelrincon.mx\/transparencia\/wp-content\/uploads\/011.pdf\">Acta 011<\/a><\/li>\n<\/ul>\n<\/li>\n<\/ul>\n<\/li>\n<\/ul>\n<\/li>\n<\/ul>\n\n\n<p><\/p>\n","protected":false},"excerpt":{"rendered":"<p>Administraci\u00f3n 2024-2027 Acta de instalaci\u00f3n y nombramientos del Comit\u00e9 de Transparencia Acta 001 Acta 002 Acta 003 Acta 004 Acta 005 Acta 006 Acta 007 Acta 008\u00a0 Acta 009 Acta 010 Acta de Instalaci\u00f3n del Secretariado T\u00e9cnico Municipal de Gobierno <a class=\"more-link\" href=\"https:\/\/purisimadelrincon.mx\/transparencia\/actas-comite-de-transparencia\/\">Seguir leyendo <span class=\"screen-reader-text\">  Actas Comit\u00e9 de Transparencia<\/span><span class=\"meta-nav\">&rarr;<\/span><\/a><\/p>\n","protected":false},"author":2,"featured_media":0,"parent":0,"menu_order":0,"comment_status":"closed","ping_status":"closed","template":"","meta":{"footnotes":""},"class_list":["post-19594","page","type-page","status-publish","hentry"],"_links":{"self":[{"href":"https:\/\/purisimadelrincon.mx\/transparencia\/wp-json\/wp\/v2\/pages\/19594","targetHints":{"allow":["GET"]}}],"collection":[{"href":"https:\/\/purisimadelrincon.mx\/transparencia\/wp-json\/wp\/v2\/pages"}],"about":[{"href":"https:\/\/purisimadelrincon.mx\/transparencia\/wp-json\/wp\/v2\/types\/page"}],"author":[{"embeddable":true,"href":"https:\/\/purisimadelrincon.mx\/transparencia\/wp-json\/wp\/v2\/users\/2"}],"replies":[{"embeddable":true,"href":"https:\/\/purisimadelrincon.mx\/transparencia\/wp-json\/wp\/v2\/comments?post=19594"}],"version-history":[{"count":9,"href":"https:\/\/purisimadelrincon.mx\/transparencia\/wp-json\/wp\/v2\/pages\/19594\/revisions"}],"predecessor-version":[{"id":21777,"href":"https:\/\/purisimadelrincon.mx\/transparencia\/wp-json\/wp\/v2\/pages\/19594\/revisions\/21777"}],"wp:attachment":[{"href":"https:\/\/purisimadelrincon.mx\/transparencia\/wp-json\/wp\/v2\/media?parent=19594"}],"curies":[{"name":"wp","href":"https:\/\/api.w.org\/{rel}","templated":true}]}}