{"id":19983,"date":"2025-04-28T15:34:35","date_gmt":"2025-04-28T15:34:35","guid":{"rendered":"https:\/\/purisimadelrincon.mx\/transparencia\/?page_id=19983"},"modified":"2026-01-15T16:49:00","modified_gmt":"2026-01-15T16:49:00","slug":"facturas-de-gastos-de-representacion-y-viaticos-administracion-2024-2027","status":"publish","type":"page","link":"https:\/\/purisimadelrincon.mx\/transparencia\/facturas-de-gastos-de-representacion-y-viaticos-administracion-2024-2027\/","title":{"rendered":"Facturas de gastos de representaci\u00f3n y vi\u00e1ticos Administraci\u00f3n 2024-2027"},"content":{"rendered":"<p><!--StartFragment--><\/p>\n<h5>A\u00f1o 2025<\/h5>\n<ul>\n<li><a href=\"https:\/\/purisimadelrincon.mx\/transparencia\/wp-content\/uploads\/Enero-Tesoreria.pdf\">Enero Tesorer\u00eda<\/a><\/li>\n<li><a href=\"https:\/\/purisimadelrincon.mx\/transparencia\/wp-content\/uploads\/Febrero-Juventudes.pdf\">Febrero Juventudes<\/a><\/li>\n<li><a href=\"https:\/\/purisimadelrincon.mx\/transparencia\/wp-content\/uploads\/Febrero-Recursos-Humanos.pdf\">Febrero Recursos Humanos<\/a><\/li>\n<li><a href=\"https:\/\/purisimadelrincon.mx\/transparencia\/wp-content\/uploads\/Marzo-Tesoreria.pdf\">Marzo Tesorer\u00eda<\/a><\/li>\n<li><a href=\"https:\/\/purisimadelrincon.mx\/transparencia\/wp-content\/uploads\/Marzo-Rec-Humanos.pdf\">Marzo Recursos Humanos<\/a><\/li>\n<li><a href=\"https:\/\/purisimadelrincon.mx\/transparencia\/wp-content\/uploads\/Marzo-Juventudes.pdf\">Marzo Juventudes<\/a><\/li>\n<li><a href=\"https:\/\/purisimadelrincon.mx\/transparencia\/wp-content\/uploads\/Abril-Secretaria-H.-Ayuntamiento.pdf\">Abril Secretaria H. Ayuntamiento<\/a><\/li>\n<li><a href=\"https:\/\/purisimadelrincon.mx\/transparencia\/wp-content\/uploads\/Abril-Planeacion.pdf\">Abril Planeaci\u00f3n<\/a><\/li>\n<li><a href=\"https:\/\/purisimadelrincon.mx\/transparencia\/wp-content\/uploads\/Abril-Sindico.pdf\">Abril Sindico<\/a><\/li>\n<li><a href=\"https:\/\/purisimadelrincon.mx\/transparencia\/wp-content\/uploads\/Abril-Contraloria.pdf\">Abril Contralor\u00eda<\/a><\/li>\n<li><a href=\"https:\/\/purisimadelrincon.mx\/transparencia\/wp-content\/uploads\/Abril-Comude.pdf\">Abril COMUDE<\/a><\/li>\n<li><a href=\"https:\/\/purisimadelrincon.mx\/transparencia\/wp-content\/uploads\/Abril-Arbitros.pdf\">Abril \u00c1rbitros<\/a><\/li>\n<li><a href=\"https:\/\/purisimadelrincon.mx\/transparencia\/wp-content\/uploads\/Abril-Ecologia.pdf\">Abril Ecolog\u00eda<\/a><\/li>\n<li><a href=\"https:\/\/purisimadelrincon.mx\/transparencia\/wp-content\/uploads\/Abril-Juventudes-1.pdf\">Abril Juventudes<\/a><\/li>\n<li><a href=\"https:\/\/purisimadelrincon.mx\/transparencia\/wp-content\/uploads\/Abril-Recursos-Humanos.pdf\">Abril Recursos Humanos<\/a><\/li>\n<li><a href=\"https:\/\/purisimadelrincon.mx\/transparencia\/wp-content\/uploads\/Mayo-Secretaria-H.-Ayuntamiento.pdf\">Mayo Secretaria H. Ayuntamiento<\/a><\/li>\n<li><a href=\"https:\/\/purisimadelrincon.mx\/transparencia\/wp-content\/uploads\/Mayo-Asuntos-Juridicos.pdf\">Mayo Asuntos Jur\u00eddicos<\/a><\/li>\n<li><a href=\"https:\/\/purisimadelrincon.mx\/transparencia\/wp-content\/uploads\/Mayo-Sindico.pdf\">Mayo Sindico<\/a><\/li>\n<li><a href=\"https:\/\/purisimadelrincon.mx\/transparencia\/wp-content\/uploads\/Mayo-Recursos-Humanos.pdf\">Mayo Recursos Humanos<\/a><\/li>\n<li><a href=\"https:\/\/purisimadelrincon.mx\/transparencia\/wp-content\/uploads\/Mayo-GINTER.pdf\">Mayo GINTER<\/a><\/li>\n<li><a href=\"https:\/\/purisimadelrincon.mx\/transparencia\/wp-content\/uploads\/Mayo-Contraloria-1.pdf\">Mayo Contralor\u00eda<\/a><\/li>\n<li><a href=\"https:\/\/purisimadelrincon.mx\/transparencia\/wp-content\/uploads\/Junio-Unidad-de-Transparencia.pdf\">Junio Unidad de Transparencia<\/a><\/li>\n<li><a href=\"https:\/\/purisimadelrincon.mx\/transparencia\/wp-content\/uploads\/Junio-Secretaria-H.-Ayuntamiento.pdf\">Junio Secretaria H. Ayuntamiento<\/a><\/li>\n<li><a href=\"https:\/\/purisimadelrincon.mx\/transparencia\/wp-content\/uploads\/Junio-Recursos-Humanos.pdf\">Junio Recursos Humanos<\/a><\/li>\n<li><a href=\"https:\/\/purisimadelrincon.mx\/transparencia\/wp-content\/uploads\/Junio-Asuntos-Juridicos.pdf\">Junio Asuntos Jur\u00eddicos<\/a><\/li>\n<li><a href=\"https:\/\/purisimadelrincon.mx\/transparencia\/wp-content\/uploads\/Junio-Regiduria-1.pdf\">Junio Regidur\u00eda<\/a><\/li>\n<li><a href=\"https:\/\/purisimadelrincon.mx\/transparencia\/wp-content\/uploads\/Junio-GINTER.pdf\">Junio GINTER<\/a><\/li>\n<li><a href=\"https:\/\/purisimadelrincon.mx\/transparencia\/wp-content\/uploads\/Junio-Contraloria.pdf\">Junio Contralor\u00eda<\/a><\/li>\n<li><a href=\"https:\/\/purisimadelrincon.mx\/transparencia\/wp-content\/uploads\/Julio-Asuntos-Juridico.pdf\">Julio Asuntos Jur\u00eddico<\/a><\/li>\n<li><a href=\"https:\/\/purisimadelrincon.mx\/transparencia\/wp-content\/uploads\/Julio-Des.-Social.pdf\">Julio Des. Social<\/a><\/li>\n<li><a href=\"https:\/\/purisimadelrincon.mx\/transparencia\/wp-content\/uploads\/Julio-GINTER.pdf\">Julio GINTER<\/a><\/li>\n<li><a href=\"https:\/\/purisimadelrincon.mx\/transparencia\/wp-content\/uploads\/Julio-Predial.pdf\">Julio Predial<\/a><\/li>\n<li><a href=\"https:\/\/purisimadelrincon.mx\/transparencia\/wp-content\/uploads\/Julio-Sec.-Particular.pdf\">Julio Sec. Particular<\/a><\/li>\n<li><a href=\"https:\/\/purisimadelrincon.mx\/transparencia\/wp-content\/uploads\/Julio-SHA.pdf\">Julio SHA<\/a><\/li>\n<li><a href=\"https:\/\/purisimadelrincon.mx\/transparencia\/wp-content\/uploads\/Julio-Tesoreria.pdf\">Julio Tesorer\u00eda<\/a><\/li>\n<li><a href=\"https:\/\/purisimadelrincon.mx\/transparencia\/wp-content\/uploads\/Julio-Turismo.pdf\">Julio Turismo<\/a><\/li>\n<li><a href=\"https:\/\/purisimadelrincon.mx\/transparencia\/wp-content\/uploads\/Julio-Comude.pdf\">Julio Comude<\/a><\/li>\n<li><a href=\"https:\/\/purisimadelrincon.mx\/transparencia\/wp-content\/uploads\/Julio-Rec.-Humanos.pdf\">Julio Rec. Humanos<\/a><\/li>\n<li><a href=\"https:\/\/purisimadelrincon.mx\/transparencia\/wp-content\/uploads\/Julio-Des.-Economico.pdf\">Julio Des. Econ\u00f3mico<\/a><\/li>\n<li><a href=\"https:\/\/purisimadelrincon.mx\/transparencia\/wp-content\/uploads\/Agosto-Asuntos-Juridicos.pdf\">Agosto Asuntos Jur\u00eddicos<\/a><\/li>\n<li><a href=\"https:\/\/purisimadelrincon.mx\/transparencia\/wp-content\/uploads\/Agosto-Comude.pdf\">Agosto Comude<\/a><\/li>\n<li><a href=\"https:\/\/purisimadelrincon.mx\/transparencia\/wp-content\/uploads\/Agosto-Des.-Social.pdf\">Agosto Des. Social<\/a><\/li>\n<li><a href=\"https:\/\/purisimadelrincon.mx\/transparencia\/wp-content\/uploads\/Agosto-Ecologia.pdf\">Agosto Ecolog\u00eda<\/a><\/li>\n<li><a href=\"https:\/\/purisimadelrincon.mx\/transparencia\/wp-content\/uploads\/Agosto-GINTER.pdf\">Agosto GINTER<\/a><\/li>\n<li><a href=\"https:\/\/purisimadelrincon.mx\/transparencia\/wp-content\/uploads\/Agosto-Juventudes.pdf\">Agosto Juventudes<\/a><\/li>\n<li><a href=\"https:\/\/purisimadelrincon.mx\/transparencia\/wp-content\/uploads\/Agosto-Rec.Humanos.pdf\">Agosto Rec.Humanos<\/a><\/li>\n<li><a href=\"https:\/\/purisimadelrincon.mx\/transparencia\/wp-content\/uploads\/Agosto-Sec.-Particular.pdf\">Agosto Sec. Particular<\/a><\/li>\n<li><a href=\"https:\/\/purisimadelrincon.mx\/transparencia\/wp-content\/uploads\/Agosto-SHA.pdf\">Agosto SHA<\/a><\/li>\n<li><a href=\"https:\/\/purisimadelrincon.mx\/transparencia\/wp-content\/uploads\/Agosto-Tesoreria.pdf\">Agosto Tesorer\u00eda<\/a><\/li>\n<li><a href=\"https:\/\/purisimadelrincon.mx\/transparencia\/wp-content\/uploads\/Agosto-Turismo.pdf\">Agosto Turismo<\/a><\/li>\n<li><a href=\"https:\/\/purisimadelrincon.mx\/transparencia\/wp-content\/uploads\/Agosto-IMPLAN.pdf\">Agosto IMPLAN<\/a><\/li>\n<li><a href=\"https:\/\/purisimadelrincon.mx\/transparencia\/wp-content\/uploads\/Agosto-Transparencia.pdf\">Agosto Transparencia<\/a><\/li>\n<li><a href=\"https:\/\/purisimadelrincon.mx\/transparencia\/wp-content\/uploads\/Sindicatura-Agosto.pdf\">Agosto Sindicatura<\/a><\/li>\n<li><a href=\"https:\/\/purisimadelrincon.mx\/transparencia\/wp-content\/uploads\/Septiembre-Asuntos-Juridicos.pdf\">Septiembre Asuntos Jur\u00eddicos<\/a><\/li>\n<li><a href=\"https:\/\/purisimadelrincon.mx\/transparencia\/wp-content\/uploads\/Septiembre-Comude.pdf\">Septiembre Comude<\/a><\/li>\n<li><a href=\"https:\/\/purisimadelrincon.mx\/transparencia\/wp-content\/uploads\/Septiembre-Contraloria.pdf\">Septiembre Contralor\u00eda<\/a><\/li>\n<li><a href=\"https:\/\/purisimadelrincon.mx\/transparencia\/wp-content\/uploads\/Septiembre-Des.-Rural.pdf\">Septiembre Des. Rural<\/a><\/li>\n<li><a href=\"https:\/\/purisimadelrincon.mx\/transparencia\/wp-content\/uploads\/Septiembre-Ecologia.pdf\">Septiembre Ecolog\u00eda<\/a><\/li>\n<li><a href=\"https:\/\/purisimadelrincon.mx\/transparencia\/wp-content\/uploads\/Septiembre-GINTER.pdf\">Septiembre GINTER<\/a><\/li>\n<li><a href=\"https:\/\/purisimadelrincon.mx\/transparencia\/wp-content\/uploads\/Septiembre-IMPLAN.pdf\">Septiembre IMPLAN<\/a><\/li>\n<li><a href=\"https:\/\/purisimadelrincon.mx\/transparencia\/wp-content\/uploads\/Septiembre-Juventudes.pdf\">Septiembre Juventudes<\/a><\/li>\n<li><a href=\"https:\/\/purisimadelrincon.mx\/transparencia\/wp-content\/uploads\/Septiembre-Predial.pdf\">Septiembre Predial<\/a><\/li>\n<li><a href=\"https:\/\/purisimadelrincon.mx\/transparencia\/wp-content\/uploads\/Septiembre-Sec.-Particular.pdf\">Septiembre Sec. Particular<\/a><\/li>\n<li><a href=\"https:\/\/purisimadelrincon.mx\/transparencia\/wp-content\/uploads\/Septiembre-SHA.pdf\">Septiembre SHA<\/a><\/li>\n<li><a href=\"https:\/\/purisimadelrincon.mx\/transparencia\/wp-content\/uploads\/Septiembre-Tesoreria.pdf\">Septiembre Tesorer\u00eda<\/a><\/li>\n<li><a href=\"https:\/\/purisimadelrincon.mx\/transparencia\/wp-content\/uploads\/Septiembre-Transparencia.pdf\">Septiembre Transparencia<\/a><\/li>\n<li><a href=\"https:\/\/purisimadelrincon.mx\/transparencia\/wp-content\/uploads\/Salud-Septiembre.pdf\">Septiembre Salud<\/a><\/li>\n<li><a href=\"https:\/\/purisimadelrincon.mx\/transparencia\/wp-content\/uploads\/Septiembre-Turismo.pdf\">Septiembre Turismo<\/a><\/li>\n<li><a href=\"https:\/\/purisimadelrincon.mx\/transparencia\/wp-content\/uploads\/Octubre-Turismo.pdf\">Octubre Turismo<\/a><\/li>\n<li><a href=\"https:\/\/purisimadelrincon.mx\/transparencia\/wp-content\/uploads\/Octubre-Tesoreria.pdf\">Octubre Tesorer\u00eda<\/a><\/li>\n<li><a href=\"https:\/\/purisimadelrincon.mx\/transparencia\/wp-content\/uploads\/Octubre-Seretaria-H-Ayuntamiento.pdf\">Octubre Secretar\u00eda H Ayuntamiento<\/a><\/li>\n<li><a href=\"https:\/\/purisimadelrincon.mx\/transparencia\/wp-content\/uploads\/Octubre-Salud.pdf\">Octubre Salud<\/a><\/li>\n<li><a href=\"https:\/\/purisimadelrincon.mx\/transparencia\/wp-content\/uploads\/Octubre-Regiduria.pdf\">Octubre Regidur\u00eda<\/a><\/li>\n<li><a href=\"https:\/\/purisimadelrincon.mx\/transparencia\/wp-content\/uploads\/Octubre-Predial.pdf\">Octubre Predial<\/a><\/li>\n<li><a href=\"https:\/\/purisimadelrincon.mx\/transparencia\/wp-content\/uploads\/Octubre-Planeacion.pdf\">Octubre Planeaci\u00f3n<\/a><\/li>\n<li><a href=\"https:\/\/purisimadelrincon.mx\/transparencia\/wp-content\/uploads\/Octubre-Particular.pdf\">Octubre Particular<\/a><\/li>\n<li><a href=\"https:\/\/purisimadelrincon.mx\/transparencia\/wp-content\/uploads\/Octubre-Juventudes.pdf\">Octubre Juventudes<\/a><\/li>\n<li><a href=\"https:\/\/purisimadelrincon.mx\/transparencia\/wp-content\/uploads\/Octubre-Juridico.pdf\">Octubre Jur\u00eddico<\/a><\/li>\n<li><a href=\"https:\/\/purisimadelrincon.mx\/transparencia\/wp-content\/uploads\/Octubre-Economico.pdf\">Octubre Econ\u00f3mico<\/a><\/li>\n<li><a href=\"https:\/\/purisimadelrincon.mx\/transparencia\/wp-content\/uploads\/Octubre-COMUDE.pdf\">Octubre COMUDE<\/a><\/li>\n<li><a href=\"https:\/\/purisimadelrincon.mx\/transparencia\/wp-content\/uploads\/Octubre-Arbitros-Calificadores.pdf\">Octubre \u00c1rbitros Calificadores<\/a><\/li>\n<li><a href=\"https:\/\/purisimadelrincon.mx\/transparencia\/wp-content\/uploads\/Noviembre-Des-Rural.pdf\">Noviembre Des Rural<\/a><\/li>\n<li><a href=\"https:\/\/purisimadelrincon.mx\/transparencia\/wp-content\/uploads\/Noviembre-Ecologia.pdf\">Noviembre Ecolog\u00eda<\/a><\/li>\n<li><a href=\"https:\/\/purisimadelrincon.mx\/transparencia\/wp-content\/uploads\/Noviembre-Jueces-Calificadores.pdf\">Noviembre Jueces Calificadores<\/a><\/li>\n<li><a href=\"https:\/\/purisimadelrincon.mx\/transparencia\/wp-content\/uploads\/Noviembre-Juventudes.pdf\">Noviembre Juventudes<\/a><\/li>\n<li><a href=\"https:\/\/purisimadelrincon.mx\/transparencia\/wp-content\/uploads\/Noviembre-Predial.pdf\">Noviembre Predial<\/a><\/li>\n<li><a href=\"https:\/\/purisimadelrincon.mx\/transparencia\/wp-content\/uploads\/Noviembre-GINTER.pdf\">Noviembre GINTER<\/a><\/li>\n<li><a href=\"https:\/\/purisimadelrincon.mx\/transparencia\/wp-content\/uploads\/Noviembre-IMPLAN.pdf\">Noviembre IMPLAN<\/a><\/li>\n<li><a href=\"https:\/\/purisimadelrincon.mx\/transparencia\/wp-content\/uploads\/Noviembre-Regiduria.pdf\">Noviembre Regidur\u00eda<\/a><\/li>\n<li><a href=\"https:\/\/purisimadelrincon.mx\/transparencia\/wp-content\/uploads\/Noviembre-S.-H.-Ayuntamiento.pdf\">Noviembre S. H. Ayuntamiento<\/a><\/li>\n<li><a href=\"https:\/\/purisimadelrincon.mx\/transparencia\/wp-content\/uploads\/Noviembre-Salud.pdf\">Noviembre Salud<\/a><\/li>\n<li><a href=\"https:\/\/purisimadelrincon.mx\/transparencia\/wp-content\/uploads\/Noviembre-Tesoreria.pdf\">Noviembre Tesorer\u00eda<\/a><\/li>\n<li><a href=\"https:\/\/purisimadelrincon.mx\/transparencia\/wp-content\/uploads\/Noviembre-Turismo.pdf\">Noviembre Turismo<\/a><\/li>\n<li><a href=\"https:\/\/purisimadelrincon.mx\/transparencia\/wp-content\/uploads\/Noviembre-Contraloria.pdf\">Noviembre Contralor\u00eda<\/a><\/li>\n<li><a href=\"https:\/\/purisimadelrincon.mx\/transparencia\/wp-content\/uploads\/Diciembre-Particular.pdf\">Diciembre Particular<\/a><\/li>\n<li><a href=\"https:\/\/purisimadelrincon.mx\/transparencia\/wp-content\/uploads\/Diciembre-Educacion.pdf\">Diciembre Educaci\u00f3n<\/a><\/li>\n<li><a href=\"https:\/\/purisimadelrincon.mx\/transparencia\/wp-content\/uploads\/Diciembre-juridico.pdf\">Diciembre Jur\u00eddico<\/a><\/li>\n<li><a href=\"https:\/\/purisimadelrincon.mx\/transparencia\/wp-content\/uploads\/Diciembre-Juventudes.pdf\">Diciembre Juventudes<\/a><\/li>\n<li><a href=\"https:\/\/purisimadelrincon.mx\/transparencia\/wp-content\/uploads\/Diciembre-IMPLAN.pdf\">Diciembre IMPLAN<\/a><\/li>\n<li><a href=\"https:\/\/purisimadelrincon.mx\/transparencia\/wp-content\/uploads\/Diciembre-Rec-Humanos.pdf\">Diciembre Rec. Humanos<\/a><\/li>\n<li><a href=\"https:\/\/purisimadelrincon.mx\/transparencia\/wp-content\/uploads\/Diciembre-S-H-Ayuntamiento.pdf\">Diciembre S H Ayuntamiento<\/a><\/li>\n<li><a href=\"https:\/\/purisimadelrincon.mx\/transparencia\/wp-content\/uploads\/Diciembre-Regiduria.pdf\">Diciembre Regidur\u00eda<\/a><\/li>\n<li><a href=\"https:\/\/purisimadelrincon.mx\/transparencia\/wp-content\/uploads\/Diciembre-Tesoreria.pdf\">Diciembre Tesorer\u00eda<\/a><\/li>\n<li><a href=\"https:\/\/purisimadelrincon.mx\/transparencia\/wp-content\/uploads\/Diciembre-Contraloria.pdf\">Diciembre Contralor\u00eda<\/a><\/li>\n<li><a href=\"https:\/\/purisimadelrincon.mx\/transparencia\/wp-content\/uploads\/Diciembre-GINTER.pdf\">Diciembre GINTER<\/a><\/li>\n<\/ul>\n\n\n<p><\/p>\n","protected":false},"excerpt":{"rendered":"<p>A\u00f1o 2025 Enero Tesorer\u00eda Febrero Juventudes Febrero Recursos Humanos Marzo Tesorer\u00eda Marzo Recursos Humanos Marzo Juventudes Abril Secretaria H. Ayuntamiento Abril Planeaci\u00f3n Abril Sindico Abril Contralor\u00eda Abril COMUDE Abril \u00c1rbitros Abril Ecolog\u00eda Abril Juventudes Abril Recursos Humanos Mayo Secretaria H. <a class=\"more-link\" href=\"https:\/\/purisimadelrincon.mx\/transparencia\/facturas-de-gastos-de-representacion-y-viaticos-administracion-2024-2027\/\">Seguir leyendo <span class=\"screen-reader-text\">  Facturas de gastos de representaci\u00f3n y vi\u00e1ticos Administraci\u00f3n 2024-2027<\/span><span class=\"meta-nav\">&rarr;<\/span><\/a><\/p>\n","protected":false},"author":1,"featured_media":0,"parent":0,"menu_order":0,"comment_status":"closed","ping_status":"closed","template":"","meta":{"footnotes":""},"class_list":["post-19983","page","type-page","status-publish","hentry"],"_links":{"self":[{"href":"https:\/\/purisimadelrincon.mx\/transparencia\/wp-json\/wp\/v2\/pages\/19983","targetHints":{"allow":["GET"]}}],"collection":[{"href":"https:\/\/purisimadelrincon.mx\/transparencia\/wp-json\/wp\/v2\/pages"}],"about":[{"href":"https:\/\/purisimadelrincon.mx\/transparencia\/wp-json\/wp\/v2\/types\/page"}],"author":[{"embeddable":true,"href":"https:\/\/purisimadelrincon.mx\/transparencia\/wp-json\/wp\/v2\/users\/1"}],"replies":[{"embeddable":true,"href":"https:\/\/purisimadelrincon.mx\/transparencia\/wp-json\/wp\/v2\/comments?post=19983"}],"version-history":[{"count":6,"href":"https:\/\/purisimadelrincon.mx\/transparencia\/wp-json\/wp\/v2\/pages\/19983\/revisions"}],"predecessor-version":[{"id":21646,"href":"https:\/\/purisimadelrincon.mx\/transparencia\/wp-json\/wp\/v2\/pages\/19983\/revisions\/21646"}],"wp:attachment":[{"href":"https:\/\/purisimadelrincon.mx\/transparencia\/wp-json\/wp\/v2\/media?parent=19983"}],"curies":[{"name":"wp","href":"https:\/\/api.w.org\/{rel}","templated":true}]}}