{"id":21539,"date":"2025-12-18T20:41:20","date_gmt":"2025-12-18T20:41:20","guid":{"rendered":"https:\/\/purisimadelrincon.mx\/transparencia\/?page_id=21539"},"modified":"2025-12-18T21:58:23","modified_gmt":"2025-12-18T21:58:23","slug":"manuales-de-organizacion-y-funciones-2025","status":"publish","type":"page","link":"https:\/\/purisimadelrincon.mx\/transparencia\/manuales-de-organizacion-y-funciones-2025\/","title":{"rendered":"Manuales de organizaci\u00f3n y funciones."},"content":{"rendered":"<p><!--StartFragment--><\/p>\n<ul>\n<li><a href=\"https:\/\/purisimadelrincon.mx\/transparencia\/wp-content\/uploads\/MANUAL-DE-FUNCIONES-APROBADO-COMUDE-2025.pdf\">MANUAL DE FUNCIONES COMISI\u00d3N NACIONAL DEL DEPORTE (COMUDE) 2025<\/a><\/li>\n<li><a href=\"https:\/\/purisimadelrincon.mx\/transparencia\/wp-content\/uploads\/MANUAL-DE-FUNCIONES-APROBADO-CONTRALORIA-MUNICIPAL-2025.pdf\">MANUAL DE FUNCIONES CONTRALORIA MUNICIPAL 2025<\/a><\/li>\n<li><a href=\"https:\/\/purisimadelrincon.mx\/transparencia\/wp-content\/uploads\/MANUAL-DE-FUNCIONES-APROBADO-DESARROLLO-ECONOMICO-2025.pdf\">MANUAL DE FUNCIONES DESARROLLO ECON\u00d3MICO 2025<\/a><\/li>\n<li><a href=\"https:\/\/purisimadelrincon.mx\/transparencia\/wp-content\/uploads\/MANUAL-DE-FUNCIONES-APROBADO-DESARROLLO-RURAL-2025.pdf\">MANUAL DE FUNCIONES DESARROLLO RURAL<\/a>\n<ul>\n<li><a href=\"https:\/\/purisimadelrincon.mx\/transparencia\/wp-content\/uploads\/MANUAL-DE-FUNCIONES-APROBADO-RASTRO-MUNICIPAL-2025.pdf\"><em>(COORDINACI\u00d3N DE RASTRO MUNICIPAL<\/em>) 2025<\/a><\/li>\n<\/ul>\n<\/li>\n<li><a href=\"https:\/\/purisimadelrincon.mx\/transparencia\/wp-content\/uploads\/MANUAL-DE-FUNCIONES-APROBADO-DESARROLLO-SOCIAL-Y-HUMANO-2025.pdf\">MANUAL DE FUNCIONES DESARROLLO SOCIAL Y HUMANO<\/a>\n<ul>\n<li><a href=\"https:\/\/purisimadelrincon.mx\/transparencia\/wp-content\/uploads\/MANUAL-DE-FUNCIONES-APROBADO-JUVENTUDES-2025.pdf\">(<em>COORDINACI\u00d3N MUNICIPAL DE JUVENTUDES<\/em><\/a><\/li>\n<li><a href=\"https:\/\/purisimadelrincon.mx\/transparencia\/wp-content\/uploads\/MANUAL-DE-FUNCIONES-APROBADO-SALUD-MUNICIPAL-2025.pdf\"><em> COORDINACI\u00d3N\u00a0 MUNICIPAL DE SALUD<\/em><\/a><\/li>\n<li><a href=\"https:\/\/purisimadelrincon.mx\/transparencia\/wp-content\/uploads\/MANUAL-DE-FUNCIONES-APROBADO-ATENCION-A-MIGRANTES-Y-SUS-FAMILIAS-2025.pdf\"><em>COORDINACI\u00d3N DE MIGRANTES<\/em><\/a><\/li>\n<li><a href=\"https:\/\/purisimadelrincon.mx\/transparencia\/wp-content\/uploads\/MANUAL-DE-FUNCIONES-APROBADO-EDUCACION-2025.pdf\"><em>COORDINACI\u00d3N DE EDUCACI\u00d3N) 2025<\/em><\/a><\/li>\n<\/ul>\n<\/li>\n<li><a href=\"https:\/\/purisimadelrincon.mx\/transparencia\/wp-content\/uploads\/MANUAL-DE-FUNCIONES-APROBADO-SECRETARIA-PARTICULAR-2025.pdf\">MANUAL DE FUNCIONES SECRETARIA PARTICULAR<\/a><br \/>\n<ul>\n<li><em><a href=\"https:\/\/purisimadelrincon.mx\/transparencia\/wp-content\/uploads\/MANUAL-DE-FUNCIONES-APROBADO-COMUNICACION-SOCIAL-2025.pdf\"> DIRECCI\u00d3N DE COMUNICACI\u00d3N<\/a><\/em><\/li>\n<\/ul>\n<\/li>\n<li><a style=\"font-size: 15px;\" href=\"https:\/\/purisimadelrincon.mx\/transparencia\/wp-content\/uploads\/MANUAL-DE-FUNCIONES-APROBADO-UNIDAD-DE-TRANSPARENCIA-2025.pdf\">MANUAL DE FUNCIONES DIRECCI\u00d3N DE LA UNIDAD DE TRANSPARENCIA\u00a02025<\/a><\/li>\n<li><a href=\"https:\/\/purisimadelrincon.mx\/transparencia\/wp-content\/uploads\/MANUAL-DE-FUNCIONES-APROBADO-SECRETARIA-DE-AYUNTAMIENTO-2025.pdf\">MANUAL DE FUNCIONES SECRETARIA DE AYUNTAMIENTO<\/a>\n<ul>\n<li><a href=\"https:\/\/purisimadelrincon.mx\/transparencia\/wp-content\/uploads\/MANUAL-DE-FUNCIONES-APROBADO-ASUNTOS-JURIDICOS-2025.pdf\"><em>(DIRECCI\u00d3N DE ASUNTOS JUR\u00cdDICOS, <\/em><\/a><\/li>\n<li><a href=\"https:\/\/purisimadelrincon.mx\/transparencia\/wp-content\/uploads\/MANUAL-DE-FUNCIONES-APROBADO-FISCALIZACION-Y-CONTROL-2025.pdf\"><em>DIRECCI\u00d3N DE FISCALIZACI\u00d3N Y CONTROL,<\/em><\/a><\/li>\n<li><em><a href=\"https:\/\/purisimadelrincon.mx\/transparencia\/wp-content\/uploads\/MANUAL-DE-FUNCIONES-APROBADO-ARBITROS-CALIFICADORES-2025.pdf\">COORDINACI\u00d3N DE \u00c1RBITROS CALIFICADORES<\/a>,<\/em><\/li>\n<li><a href=\"https:\/\/purisimadelrincon.mx\/transparencia\/wp-content\/uploads\/MANUAL-DE-FUNCIONES-APROBADO-ASUNTOS-INTERNOS-2025.pdf\"><em>COORDINACI\u00d3N DE ASUNTOS INTERNOS,<\/em><\/a><\/li>\n<li><a href=\"https:\/\/purisimadelrincon.mx\/transparencia\/wp-content\/uploads\/MANUAL-DE-FUNCIONES-APROBADO-ARCHIVO-MUNICIPAL-2025.pdf\"><em>COORDINACI\u00d3N DE ARCHIVO MUNICIPAL,<\/em><\/a><\/li>\n<li><a href=\"https:\/\/purisimadelrincon.mx\/transparencia\/wp-content\/uploads\/MANUAL-DE-FUNCIONES-APROBADO-CRONISTA-2025.pdf\"><em>CRONISTA MUNICIPAL,<\/em><\/a><\/li>\n<li><em><a href=\"https:\/\/purisimadelrincon.mx\/transparencia\/wp-content\/uploads\/MANUAL-DE-FUNCIONES-APROBADO-DIVERSIDAD-SEXUAL-Y-DE-GENERO-2025.pdf\">COORDINACI\u00d3N DE DIVERSIDAD SEXUAL Y DE GENERO,<\/a><\/em><\/li>\n<li><a href=\"https:\/\/purisimadelrincon.mx\/transparencia\/wp-content\/uploads\/MANUAL-DE-FUNCIONES-APROBADO-PROCURADURIA-2025.pdf\"><em>PROCURADUR\u00cdA AUXILIAR 2025<\/em><\/a><\/li>\n<\/ul>\n<\/li>\n<li>\u00a0<a href=\"https:\/\/purisimadelrincon.mx\/transparencia\/wp-content\/uploads\/MANUAL-DE-FUNCIONES-APROBADO-MEJORA-REGULATORIA-2025.pdf\">MANUAL DE FUNCIONES DE LA COORDINACI\u00d3N DE MEJORA REGULATORIA<\/a><\/li>\n<li><a href=\"https:\/\/purisimadelrincon.mx\/transparencia\/wp-content\/uploads\/MANUAL-DE-FUNCIONES-APROBADO-SERVICIOS-PUBLICOS-MUNICIPALES-2025.pdf\">MANUAL DE FUNCIONES SERVICIOS P\u00daBLICOS MUNICIPALES 2025<\/a><\/li>\n<li><a href=\"https:\/\/purisimadelrincon.mx\/transparencia\/wp-content\/uploads\/MANUAL-DE-FUNCIONES-APROBADO-TESORERIA-2025.pdf\">MANUAL DE FUNCIONES TESORER\u00cdA MUNICIPAL<\/a>\n<ul>\n<li><a href=\"https:\/\/purisimadelrincon.mx\/transparencia\/wp-content\/uploads\/MANUAL-DE-FUNCIONES-APROBADO-PREDIAL-Y-CATASTRO-2025.pdf\">(<em>DIRECCI\u00d3N DE PREDIAL Y CATASTRO<\/em><\/a><\/li>\n<li><a href=\"https:\/\/purisimadelrincon.mx\/transparencia\/wp-content\/uploads\/MANUAL-DE-FUNCIONES-APROBADO-RECURSOS-HUMANOS-2025.pdf\"><em>COORDINACI\u00d3N DE RECURSOS HUMANOS,<\/em><\/a><\/li>\n<li><a href=\"https:\/\/purisimadelrincon.mx\/transparencia\/wp-content\/uploads\/MANUAL-DE-FUNCIONES-APROBADO-INFORMATICA-2025.pdf\"><em>COORDINACI\u00d3N DE INFORM\u00c1TICA<\/em>) 2025<\/a><\/li>\n<\/ul>\n<\/li>\n<li><a href=\"https:\/\/purisimadelrincon.mx\/transparencia\/wp-content\/uploads\/MANUAL-DE-FUNCIONES-APROBADO-CULTURA-2025.pdf\">MANUAL DE FUNCIONES CULTURA MUNICIPAL 2025<\/a><\/li>\n<li><a href=\"https:\/\/purisimadelrincon.mx\/transparencia\/wp-content\/uploads\/MANUAL-DE-FUNCIONES-APROBADO-RECURSOS-HUMANOS-2025.pdf\">MANUAL DE FUNCIONES COORDINACI\u00d3N DE DERECHOS HUMANOS 2025<\/a><\/li>\n<li>MANUAL DE FUNCIONES GESTI\u00d3N INTEGRAL DEL TERRITORIO 2025<br \/>\n<ul>\n<li><em> COORDINACION DE ECOLOG\u00cdA 2025<\/em><\/li>\n<\/ul>\n<\/li>\n<li><a href=\"https:\/\/purisimadelrincon.mx\/transparencia\/wp-content\/uploads\/MANUAL-DE-FUNCIONES-APROBADO-IMPLAN-2025.pdf\">MANUAL DE FUNCIONES IMPLAN 2025<\/a><\/li>\n<li><a href=\"https:\/\/purisimadelrincon.mx\/transparencia\/wp-content\/uploads\/MANUAL-DE-FUNCIONES-APROBADO-SEGURIDAD-PUBLICA-TRANSITO-Y-TRANSPORTE-2025.pdf\">MANUAL DE FUNCIONES DIRECCI\u00d3N DE SEGURIDAD P\u00daBLICA, TR\u00c1NSITO Y TRANSPORTE 2025<\/a>\n<ul>\n<li><em>\u00a0<a href=\"https:\/\/purisimadelrincon.mx\/transparencia\/wp-content\/uploads\/MANUAL-DE-FUNCIONES-APROBADO-PROTECCION-CIVIL-2025.pdf\">COORDINACI\u00d3N DE PROTECCI\u00d3N CIVIL 2025<\/a><\/em><\/li>\n<\/ul>\n<\/li>\n<\/ul>\n\n\n<p><\/p>\n","protected":false},"excerpt":{"rendered":"<p>MANUAL DE FUNCIONES COMISI\u00d3N NACIONAL DEL DEPORTE (COMUDE) 2025 MANUAL DE FUNCIONES CONTRALORIA MUNICIPAL 2025 MANUAL DE FUNCIONES DESARROLLO ECON\u00d3MICO 2025 MANUAL DE FUNCIONES DESARROLLO RURAL (COORDINACI\u00d3N DE RASTRO MUNICIPAL) 2025 MANUAL DE FUNCIONES DESARROLLO SOCIAL Y HUMANO (COORDINACI\u00d3N MUNICIPAL <a class=\"more-link\" href=\"https:\/\/purisimadelrincon.mx\/transparencia\/manuales-de-organizacion-y-funciones-2025\/\">Seguir leyendo <span class=\"screen-reader-text\">  Manuales de organizaci\u00f3n y funciones.<\/span><span class=\"meta-nav\">&rarr;<\/span><\/a><\/p>\n","protected":false},"author":1,"featured_media":0,"parent":0,"menu_order":0,"comment_status":"closed","ping_status":"closed","template":"","meta":{"footnotes":""},"class_list":["post-21539","page","type-page","status-publish","hentry"],"_links":{"self":[{"href":"https:\/\/purisimadelrincon.mx\/transparencia\/wp-json\/wp\/v2\/pages\/21539","targetHints":{"allow":["GET"]}}],"collection":[{"href":"https:\/\/purisimadelrincon.mx\/transparencia\/wp-json\/wp\/v2\/pages"}],"about":[{"href":"https:\/\/purisimadelrincon.mx\/transparencia\/wp-json\/wp\/v2\/types\/page"}],"author":[{"embeddable":true,"href":"https:\/\/purisimadelrincon.mx\/transparencia\/wp-json\/wp\/v2\/users\/1"}],"replies":[{"embeddable":true,"href":"https:\/\/purisimadelrincon.mx\/transparencia\/wp-json\/wp\/v2\/comments?post=21539"}],"version-history":[{"count":5,"href":"https:\/\/purisimadelrincon.mx\/transparencia\/wp-json\/wp\/v2\/pages\/21539\/revisions"}],"predecessor-version":[{"id":21588,"href":"https:\/\/purisimadelrincon.mx\/transparencia\/wp-json\/wp\/v2\/pages\/21539\/revisions\/21588"}],"wp:attachment":[{"href":"https:\/\/purisimadelrincon.mx\/transparencia\/wp-json\/wp\/v2\/media?parent=21539"}],"curies":[{"name":"wp","href":"https:\/\/api.w.org\/{rel}","templated":true}]}}