{"id":2365,"date":"2015-10-27T17:04:04","date_gmt":"2015-10-27T17:04:04","guid":{"rendered":"http:\/\/localhost\/transparencia\/?page_id=2365"},"modified":"2019-05-10T16:57:22","modified_gmt":"2019-05-10T16:57:22","slug":"dif-cuenta-publica","status":"publish","type":"page","link":"https:\/\/purisimadelrincon.mx\/transparencia\/dif-cuenta-publica\/","title":{"rendered":"XXI. Sistema Municipal del Desarrollo de la Familia (DIF) &#8211; Cuenta P\u00fablica"},"content":{"rendered":"<p>&nbsp;<\/p>\n<h3><strong>Cuenta P\u00fablica 2019<\/strong><\/h3>\n<ul>\n<li><a href=\"https:\/\/purisimadelrincon.mx\/transparencia\/wp-content\/uploads\/DIF-1er-trim-2019.zip\">Cuenta P\u00fablica 1er trimestre 2019<\/a><\/li>\n<\/ul>\n<h3><strong>Cuenta P\u00fablica 2018<\/strong><\/h3>\n<ul>\n<li><a href=\"https:\/\/purisimadelrincon.mx\/transparencia\/wp-content\/uploads\/DIF-JULIO-SEPTIEMBRE-2018.xlsx\">Cuenta P\u00fablica 3er trimestre 2018<\/a><\/li>\n<li><a href=\"https:\/\/purisimadelrincon.mx\/transparencia\/wp-content\/uploads\/DIF-cuenta-publica-abr-jun-2018.zip\">Cuenta P\u00fablica 2do trimestre 2018<\/a><\/li>\n<li><a href=\"https:\/\/purisimadelrincon.mx\/transparencia\/wp-content\/uploads\/DIF-cuenta-publica-ene-mar-2018.zip\">Cuenta P\u00fablica 1er trimestre 2018<\/a><\/li>\n<\/ul>\n<h3><strong>Cuenta P\u00fablica 2017<\/strong><\/h3>\n<ul>\n<li><a href=\"https:\/\/purisimadelrincon.mx\/transparencia\/wp-content\/uploads\/cuenta-publica-2017-1.xlsx\">Cuenta P\u00fablica 2017<\/a><\/li>\n<li><a href=\"https:\/\/purisimadelrincon.mx\/transparencia\/wp-content\/uploads\/DIF-2do-cuenta-publica-2017.xlsx\">Cuenta P\u00fablica 2do trimestre 2017<\/a><\/li>\n<li><a href=\"https:\/\/purisimadelrincon.mx\/transparencia\/wp-content\/uploads\/CUENTA-PUBLICA-ANUAL-2017.zip\">Cuenta P\u00fablica 1er trimestre 2017<\/a><\/li>\n<\/ul>\n<h3><strong>Cuenta P\u00fablica 2016<\/strong><\/h3>\n<ul>\n<li><a href=\"https:\/\/purisimadelrincon.mx\/transparencia\/wp-content\/uploads\/DIF-Formato-Informaci\u00f3n-financiera-de-cuenta-p\u00fablica.zip\">Formato Informaci\u00f3n financiera de cuenta p\u00fablica<\/a><\/li>\n<\/ul>\n<p><strong>Octubre &#8211; Diciembre<\/strong><\/p>\n<ul>\n<li><a href=\"https:\/\/purisimadelrincon.mx\/transparencia\/wp-content\/uploads\/DIF-Cta-Pub-4to-trim-2016.zip\">Cuenta P\u00fablica 4to trim 2016<!--EndFragment--><\/a><\/li>\n<\/ul>\n<p><strong>Julio- Septiembre<\/strong><\/p>\n<ul>\n<li><a href=\"https:\/\/purisimadelrincon.mx\/transparencia\/wp-content\/uploads\/DIF-Cta-Pub-3er-trim-2016.zip\">Cuenta P\u00fablica 3er trim 2016<\/a><\/li>\n<\/ul>\n<p><strong>Abril &#8211; Junio<\/strong><\/p>\n<ul>\n<li><a href=\"https:\/\/purisimadelrincon.mx\/transparencia\/wp-content\/uploads\/DIF-Cta-Pub-2do-trim-2016.zip\">Cuenta P\u00fablica 2do trim 2016<\/a><\/li>\n<\/ul>\n<p><strong>Enero &#8211; Marzo<\/strong><\/p>\n<ul>\n<li><a href=\"https:\/\/purisimadelrincon.mx\/transparencia\/wp-content\/uploads\/DIF-Cta-Pub-1er-trim-2016.zip\"><!--StartFragment-->Cuenta P\u00fablica 1er trim 2016<\/a><\/li>\n<li><a href=\"https:\/\/purisimadelrincon.mx\/transparencia\/wp-content\/uploads\/DIF-Cta-Pub-ANUAL-2016.zip\">Cuenta P\u00fablica ANUAL 2016<\/a><\/li>\n<\/ul>\n<p>&nbsp;<\/p>\n<h3><strong>Cuenta P\u00fablica 2015<\/strong><\/h3>\n<p><strong>Octubre &#8211; Diciembre<\/strong><\/p>\n<ul>\n<li>PDF\u00a0<a href=\"https:\/\/purisimadelrincon.mx\/transparencia\/wp-content\/uploads\/01_ESF_24_Dif_Dic_15.pdf\">Estado de Situaci\u00f3n Financiera Diciembre 2015<\/a><\/li>\n<li>PDF\u00a0<a href=\"https:\/\/purisimadelrincon.mx\/transparencia\/wp-content\/uploads\/02_EA_24_Dif_Dic_15.pdf\">Estado de Actividades Diciembre 2015<\/a><\/li>\n<li>PDF\u00a0<a href=\"https:\/\/purisimadelrincon.mx\/transparencia\/wp-content\/uploads\/03_EVHP_24_Dif_Dic_15.pdf\">Estado de Cambios en el Patrimonio\/Variaciones en la Hacienda P\u00fablica Diciembre 2015<\/a><\/li>\n<li>PDF\u00a0<a href=\"https:\/\/purisimadelrincon.mx\/transparencia\/wp-content\/uploads\/16_ECSF_24_Dif_Dic_15.pdf\">Estado de Cambios en la Situaci\u00f3n Financiera Diciembre 2015<\/a><\/li>\n<li>PDF\u00a0<a href=\"https:\/\/purisimadelrincon.mx\/transparencia\/wp-content\/uploads\/04_EFE_24_Dif_Dic_15.pdf\">Estado de Flujo de Efectivo Diciembre 2015<\/a><\/li>\n<li>PDF\u00a0<a href=\"https:\/\/purisimadelrincon.mx\/transparencia\/wp-content\/uploads\/05_EAA_24_Dif_Dic_15.pdf\">Estado Anal\u00edtico del Activo Diciembre 2015<\/a><\/li>\n<li>PDF\u00a0<a href=\"https:\/\/purisimadelrincon.mx\/transparencia\/wp-content\/uploads\/06_EADOP_24_Dif_Dic_15.pdf\">Estado Anal\u00edtico de la Deuda y Otros Pasivos Diciembre 2015<\/a><\/li>\n<li>PDF\u00a0<a href=\"https:\/\/purisimadelrincon.mx\/transparencia\/wp-content\/uploads\/09_NOT_GA_24_DIF_Nov_151.pdf\">Notas de Gesti\u00f3n Administrativa Diciembre 2015<\/a><\/li>\n<li>PDF\u00a0<a href=\"https:\/\/purisimadelrincon.mx\/transparencia\/wp-content\/uploads\/10_EAI_24_Dif_Dic_15.pdf\">Estado Anal\u00edtico de Ingresos Diciembre 2015<\/a><\/li>\n<li>PDF\u00a0<a href=\"https:\/\/purisimadelrincon.mx\/transparencia\/wp-content\/uploads\/11_EAEPE_24_Dif_Dic_15I.pdf\">Estado Anal\u00edtico del Ejercicio del Presupuesto de Egresos\u00a0Diciembre 2015<\/a><\/li>\n<li>PDF\u00a0<a href=\"https:\/\/purisimadelrincon.mx\/transparencia\/wp-content\/uploads\/12_GCP_24_Dif_Dic_15.pdf\">Gasto por Categor\u00eda Program\u00e1tica Diciembre 2015<\/a><\/li>\n<li>PDF\u00a0<a href=\"https:\/\/purisimadelrincon.mx\/transparencia\/wp-content\/uploads\/14_PPA_24_Dif_Dic_15.pdf\">Plantilla de Personal Autorizada Diciembre 2015<\/a><\/li>\n<li>PDF\u00a0<a href=\"https:\/\/purisimadelrincon.mx\/transparencia\/wp-content\/uploads\/13_TSSA_24_Dif_Dic_15.pdf\">Tabulador de Sueldos y Salarios Autorizados Diciembre 2015<\/a><\/li>\n<\/ul>\n<p><strong>Julio &#8211; Septiembre<\/strong><\/p>\n<ul>\n<li>PDF\u00a0<a href=\"https:\/\/purisimadelrincon.mx\/transparencia\/wp-content\/uploads\/01_ESF_24_Dif_Sep_15.pdf\">Estado de Situaci\u00f3n Financiera Septiembre 2015<\/a><\/li>\n<li>PDF\u00a0<a href=\"https:\/\/purisimadelrincon.mx\/transparencia\/wp-content\/uploads\/02_EA_24_Dif_Sep_15.pdf\">Estado de Actividades Septiembre\u00a02015<\/a><\/li>\n<li>PDF\u00a0<a href=\"https:\/\/purisimadelrincon.mx\/transparencia\/wp-content\/uploads\/03_EVHP_24_Dif_Sep_15.pdf\">Estado de Cambios en el Patrimonio\/Variaciones en la Hacienda P\u00fablica Septiembre\u00a02015<\/a><\/li>\n<li>PDF\u00a0<a href=\"https:\/\/purisimadelrincon.mx\/transparencia\/wp-content\/uploads\/16_ECSF_24_Dif_Sep_15.pdf\">Estado de Cambios en la Situaci\u00f3n Financiera Septiembre\u00a02015<\/a><\/li>\n<li>PDF\u00a0<a href=\"https:\/\/purisimadelrincon.mx\/transparencia\/wp-content\/uploads\/04_EFE_24_Dif_Sep_15.pdf\">Estado de Flujo de Efectivo Septiembre\u00a02015<\/a><\/li>\n<li>PDF\u00a0<a href=\"https:\/\/purisimadelrincon.mx\/transparencia\/wp-content\/uploads\/05_EAA_24_Dif_Sep_15.pdf\">Estado Anal\u00edtico del Activo Septiembre\u00a02015<\/a><\/li>\n<li>PDF\u00a0<a href=\"https:\/\/purisimadelrincon.mx\/transparencia\/wp-content\/uploads\/06_EADOP_24_Dif_Sep_15.pdf\">Estado Anal\u00edtico de la Deuda y Otros Pasivos Septiembre\u00a02015<\/a><\/li>\n<li>PDF\u00a0<a href=\"https:\/\/purisimadelrincon.mx\/transparencia\/wp-content\/uploads\/08_NOT_DYM_24_Dif_Sep_15.pdf\">Notas de Estados Financieros Septiembre\u00a02015<\/a><\/li>\n<li>PDF\u00a0<a href=\"https:\/\/purisimadelrincon.mx\/transparencia\/wp-content\/uploads\/09_NOT_GA_24_DIF_Sep_15.pdf\">Notas de Gesti\u00f3n Administrativa Septiembre\u00a02015<\/a><\/li>\n<li>PDF\u00a0<a href=\"https:\/\/purisimadelrincon.mx\/transparencia\/wp-content\/uploads\/10_EAI_24_Dif_Sep_15.pdf\">Estado Anal\u00edtico de Ingresos Septiembre\u00a02015<\/a><\/li>\n<li>PDF\u00a0<a href=\"https:\/\/purisimadelrincon.mx\/transparencia\/wp-content\/uploads\/11_EAEPE_24_Dif_Sep_15I.pdf\">Estado Anal\u00edtico del Ejercicio del Presupuesto de Egresos Septiembre\u00a02015<\/a><\/li>\n<li>PDF\u00a0<a href=\"https:\/\/purisimadelrincon.mx\/transparencia\/wp-content\/uploads\/12_GCP_24_Dif_Sep_15.pdf\">Gasto por Categor\u00eda Program\u00e1tica Septiembre\u00a02015<\/a><\/li>\n<li>PDF\u00a0<a href=\"https:\/\/purisimadelrincon.mx\/transparencia\/wp-content\/uploads\/14_PPA_24_Dif_Sep_15.pdf\">Plantilla de Personal Autorizada Septiembre\u00a02015<\/a><\/li>\n<li>PDF\u00a0<a href=\"https:\/\/purisimadelrincon.mx\/transparencia\/wp-content\/uploads\/13_TSSA_24_Dif_Sep_15.pdf\">Tabulador de Sueldos y Salarios Autorizados Septiembre\u00a02015<\/a><\/li>\n<\/ul>\n<p><strong>Abril &#8211; Junio<\/strong><\/p>\n<ul>\n<li>PDF\u00a0<a href=\"https:\/\/purisimadelrincon.mx\/transparencia\/wp-content\/uploads\/01_ESF_24_Dif_Jun_15.pdf\">Estado de Situaci\u00f3n Financiera Junio\u00a02015<\/a><\/li>\n<li>PDF\u00a0<a href=\"https:\/\/purisimadelrincon.mx\/transparencia\/wp-content\/uploads\/02_EA_24_Dif_Jun_15.pdf\">Estado de Actividades\u00a0Junio 2015<\/a><\/li>\n<li>PDF\u00a0<a href=\"https:\/\/purisimadelrincon.mx\/transparencia\/wp-content\/uploads\/03_EVHP_24_Dif_Jun_15.pdf\">Estado de Cambios en el Patrimonio\/Variaciones en la Hacienda P\u00fablica Junio\u00a02015<\/a><\/li>\n<li>PDF\u00a0<a href=\"https:\/\/purisimadelrincon.mx\/transparencia\/wp-content\/uploads\/16_ECSF_24_Dif_Jun_15.pdf\">Estado de Cambios en la Situaci\u00f3n Financiera Junio\u00a0\u00a02015<\/a><\/li>\n<li>PDF\u00a0<a href=\"https:\/\/purisimadelrincon.mx\/transparencia\/wp-content\/uploads\/04_EFE_24_Dif_Jun_15.pdf\">Estado de Flujo de Efectivo Junio\u00a02015<\/a><\/li>\n<li>PDF\u00a0<a href=\"https:\/\/purisimadelrincon.mx\/transparencia\/wp-content\/uploads\/05_EAA_24_Dif_Jun_15.pdf\">Estado Anal\u00edtico del Activo Junio\u00a02015<\/a><\/li>\n<li>PDF\u00a0<a href=\"https:\/\/purisimadelrincon.mx\/transparencia\/wp-content\/uploads\/06_EADOP_24_Dif_Jun_15.pdf\">Estado Anal\u00edtico de la Deuda y Otros Pasivos Junio\u00a02015<\/a><\/li>\n<li>PDF\u00a0<a href=\"https:\/\/purisimadelrincon.mx\/transparencia\/wp-content\/uploads\/07_IPC_24_DIF_Jun_15.pdf\">Informes sobre Pasivos Contingentes Junio\u00a02015<\/a><\/li>\n<li>PDF\u00a0<a href=\"https:\/\/purisimadelrincon.mx\/transparencia\/wp-content\/uploads\/08_NOT_DYM_24_Dif_Jun_15.pdf\">Notas de Estados Financieros Junio\u00a02015<\/a><\/li>\n<li>PDF\u00a0<a href=\"https:\/\/purisimadelrincon.mx\/transparencia\/wp-content\/uploads\/09_NOT_GA_24_DIF_Jun_15.pdf\">Notas de Gesti\u00f3n Administrativa Junio\u00a02015<\/a><\/li>\n<li>PDF\u00a0<a href=\"https:\/\/purisimadelrincon.mx\/transparencia\/wp-content\/uploads\/10_EAI_24_Dif_Jun_15.pdf\">Estado Anal\u00edtico de Ingresos Junio\u00a02015<\/a><\/li>\n<li>PDF\u00a0<a href=\"https:\/\/purisimadelrincon.mx\/transparencia\/wp-content\/uploads\/11_EAEPE_24_Dif_Jun_15I.pdf\">Estado Anal\u00edtico del Ejercicio del Presupuesto de Egresos Junio\u00a02015<\/a><\/li>\n<li>PDF\u00a0<a href=\"https:\/\/purisimadelrincon.mx\/transparencia\/wp-content\/uploads\/12_GCP_24_Dif_Jun_15.pdf\">Gasto por Categor\u00eda Program\u00e1tica Julio\u00a02015<\/a><\/li>\n<li>PDF\u00a0<a href=\"https:\/\/purisimadelrincon.mx\/transparencia\/wp-content\/uploads\/14_PPA_24_Dif_Jun_15.pdf\">Plantilla de Personal Autorizada\u00a0Julio\u00a02015<\/a><\/li>\n<li>PDF\u00a0<a href=\"https:\/\/purisimadelrincon.mx\/transparencia\/wp-content\/uploads\/13_TSSA_24_Dif_Jun_15.pdf\">Tabulador de Sueldos y Salarios Autorizados Julio 2015<\/a><\/li>\n<\/ul>\n<p><strong>Enero &#8211; Marzo<\/strong><\/p>\n<ul>\n<li>PDF\u00a0<a href=\"https:\/\/purisimadelrincon.mx\/transparencia\/wp-content\/uploads\/10_EAI_24_Dif_Mar_15I.pdf\">Estado Anal\u00edtico de Ingresos Marzo\u00a02015<\/a><\/li>\n<li>PDF\u00a0<a href=\"https:\/\/purisimadelrincon.mx\/transparencia\/wp-content\/uploads\/01_ESF_24_Dif_Mar_15I.pdf\">Estado de Situaci\u00f3n Financiera Marzo\u00a02015<\/a><\/li>\n<li>PDF\u00a0<a href=\"https:\/\/purisimadelrincon.mx\/transparencia\/wp-content\/uploads\/02_EA_24_Dif_Mar_15I.pdf\">Estado de Actividades Marzo\u00a02015<\/a><\/li>\n<li>PDF\u00a0<a href=\"https:\/\/purisimadelrincon.mx\/transparencia\/wp-content\/uploads\/16_ECSF_24_Dif_Mar_15I.pdf\">Estado de Cambios en la Situaci\u00f3n Financiera Marzo\u00a02015<\/a><\/li>\n<li>PDF\u00a0<a href=\"https:\/\/purisimadelrincon.mx\/transparencia\/wp-content\/uploads\/03_EVHP_24_Dif_Mar_15I.pdf\">Estado de Cambios en el Patrimonio\/Variaciones en la Hacienda P\u00fablica Marzo\u00a02015<\/a><\/li>\n<li>PDF\u00a0<a href=\"https:\/\/purisimadelrincon.mx\/transparencia\/wp-content\/uploads\/04_EFE_24_Dif_Mar_15I.pdf\">Estado de Flujo de Efectivo Marzo\u00a02015<\/a><\/li>\n<li>PDF\u00a0<a href=\"https:\/\/purisimadelrincon.mx\/transparencia\/wp-content\/uploads\/05_EAA_24_Dif_Mar_15I.pdf\">Estado Anal\u00edtico del Activo Marzo\u00a02015<\/a><\/li>\n<li>PDF\u00a0<a href=\"https:\/\/purisimadelrincon.mx\/transparencia\/wp-content\/uploads\/06_EADOP_24_Dif_Mar_15I.pdf\">Estado Anal\u00edtico de la Deuda y Otros Pasivos Marzo\u00a02015<\/a><\/li>\n<li>PDF\u00a0<a href=\"https:\/\/purisimadelrincon.mx\/transparencia\/wp-content\/uploads\/11_EAEPE_24_Dif_Mar_15I.pdf\">Estado Anal\u00edtico del Ejercicio del Presupuesto de Egresos Marzo\u00a02015<\/a><\/li>\n<\/ul>\n<p>&nbsp;<\/p>\n<h3><strong>Cuenta P\u00fablica 2014<\/strong><\/h3>\n<h6><strong>Octubre<\/strong><\/h6>\n<ul>\n<li>PDF\u00a0<a href=\"https:\/\/purisimadelrincon.mx\/transparencia\/wp-content\/uploads\/1_DIF_OCT_14.pdf\" target=\"_blank\" rel=\"noopener\">Estado Anal\u00edtico de la Deuda y Otros Pasivos Octubre 2014<\/a><\/li>\n<li>PDF\u00a0<a href=\"https:\/\/purisimadelrincon.mx\/transparencia\/wp-content\/uploads\/2_DIF_OCT_14.pdf\" target=\"_blank\" rel=\"noopener\">Estado de Actividades Octubre 2014<\/a><\/li>\n<li>PDF\u00a0<a href=\"https:\/\/purisimadelrincon.mx\/transparencia\/wp-content\/uploads\/3_DIF_OCT_14.pdf\" target=\"_blank\" rel=\"noopener\">Estado de Flujo de Efectivo Octubre 2014<\/a><\/li>\n<li>PDF\u00a0<a href=\"https:\/\/purisimadelrincon.mx\/transparencia\/wp-content\/uploads\/4_DIF_OCT_14.pdf\" target=\"_blank\" rel=\"noopener\">Estado de Situaci\u00f3n Financiera Octubre 2014<\/a><\/li>\n<li>PDF\u00a0<a href=\"https:\/\/purisimadelrincon.mx\/transparencia\/wp-content\/uploads\/5_DIF_OCT_14.pdf\" target=\"_blank\" rel=\"noopener\">Estado de Cambios en el Patrimonio\/Variaciones en la Hacienda P\u00fablica Octubre 2014<\/a><\/li>\n<li>PDF\u00a0<a href=\"https:\/\/purisimadelrincon.mx\/transparencia\/wp-content\/uploads\/6_DIF_OCT_14.pdf\" target=\"_blank\" rel=\"noopener\">Estado Anal\u00edtico del Activo Octubre 2014<\/a><\/li>\n<li>PDF\u00a0<a href=\"https:\/\/purisimadelrincon.mx\/transparencia\/wp-content\/uploads\/7_DIF_OCT_14.pdf\" target=\"_blank\" rel=\"noopener\">Estado Anal\u00edtico del Ejercicio del Presupuesto de Egresos Octubre 2014<\/a><\/li>\n<li>PDF\u00a0<a href=\"https:\/\/purisimadelrincon.mx\/transparencia\/wp-content\/uploads\/8_DIF_OCT_14.pdf\" target=\"_blank\" rel=\"noopener\">Estado Anal\u00edtico de Ingresos Octubre 2014<\/a><\/li>\n<\/ul>\n<h6><strong style=\"color: #000000; font-style: normal;\">Septiembre<\/strong><\/h6>\n<ul>\n<li>PDF\u00a0<a href=\"https:\/\/purisimadelrincon.mx\/transparencia\/wp-content\/uploads\/1_DIF_SEP_14.pdf\" target=\"_blank\" rel=\"noopener\">Estado Anal\u00edtico de la Deuda y Otros Pasivos Septiembre 2014<\/a><\/li>\n<li>PDF\u00a0<a href=\"https:\/\/purisimadelrincon.mx\/transparencia\/wp-content\/uploads\/2_DIF_SEP_14.pdf\" target=\"_blank\" rel=\"noopener\">Estado de Actividades Septiembre 2014<\/a><\/li>\n<li>PDF\u00a0<a href=\"https:\/\/purisimadelrincon.mx\/transparencia\/wp-content\/uploads\/3_DIF_SEP_14.pdf\" target=\"_blank\" rel=\"noopener\">Estado de Flujo de Efectivo Septiembre 2014<\/a><\/li>\n<li>PDF\u00a0<a href=\"https:\/\/purisimadelrincon.mx\/transparencia\/wp-content\/uploads\/4_DIF_SEP_14.pdf\" target=\"_blank\" rel=\"noopener\">Estado de Situaci\u00f3n Financiera Septiembre 2014<\/a><\/li>\n<li>PDF\u00a0<a href=\"https:\/\/purisimadelrincon.mx\/transparencia\/wp-content\/uploads\/5_DIF_SEP_14.pdf\" target=\"_blank\" rel=\"noopener\">Estado de Cambios en el Patrimonio\/Variaciones en la Hacienda P\u00fablica Septiembre 2014<\/a><\/li>\n<li>PDF\u00a0<a href=\"https:\/\/purisimadelrincon.mx\/transparencia\/wp-content\/uploads\/6_DIF_SEP_14.pdf\" target=\"_blank\" rel=\"noopener\">Estado Anal\u00edtico del Activo Septiembre 2014<\/a><\/li>\n<li>PDF\u00a0<a href=\"https:\/\/purisimadelrincon.mx\/transparencia\/wp-content\/uploads\/7_DIF_SEP_14.pdf\" target=\"_blank\" rel=\"noopener\">Estado Anal\u00edtico del Ejercicio del Presupuesto de Egresos Septiembre 2014<\/a><\/li>\n<li>PDF\u00a0<a href=\"https:\/\/purisimadelrincon.mx\/transparencia\/wp-content\/uploads\/8_DIF_SEP_14.pdf\" target=\"_blank\" rel=\"noopener\">Estado Anal\u00edtico de Ingresos Septiembre 2014<\/a><\/li>\n<\/ul>\n<p>&nbsp;<\/p>\n","protected":false},"excerpt":{"rendered":"<p>&nbsp; Cuenta P\u00fablica 2019 Cuenta P\u00fablica 1er trimestre 2019 Cuenta P\u00fablica 2018 Cuenta P\u00fablica 3er trimestre 2018 Cuenta P\u00fablica 2do trimestre 2018 Cuenta P\u00fablica 1er trimestre 2018 Cuenta P\u00fablica 2017 Cuenta P\u00fablica 2017 Cuenta P\u00fablica 2do trimestre 2017 Cuenta P\u00fablica <a class=\"more-link\" href=\"https:\/\/purisimadelrincon.mx\/transparencia\/dif-cuenta-publica\/\">Seguir leyendo <span class=\"screen-reader-text\">  XXI. Sistema Municipal del Desarrollo de la Familia (DIF) &#8211; Cuenta P\u00fablica<\/span><span class=\"meta-nav\">&rarr;<\/span><\/a><\/p>\n","protected":false},"author":2,"featured_media":0,"parent":0,"menu_order":0,"comment_status":"closed","ping_status":"closed","template":"","meta":{"footnotes":""},"class_list":["post-2365","page","type-page","status-publish","hentry"],"_links":{"self":[{"href":"https:\/\/purisimadelrincon.mx\/transparencia\/wp-json\/wp\/v2\/pages\/2365","targetHints":{"allow":["GET"]}}],"collection":[{"href":"https:\/\/purisimadelrincon.mx\/transparencia\/wp-json\/wp\/v2\/pages"}],"about":[{"href":"https:\/\/purisimadelrincon.mx\/transparencia\/wp-json\/wp\/v2\/types\/page"}],"author":[{"embeddable":true,"href":"https:\/\/purisimadelrincon.mx\/transparencia\/wp-json\/wp\/v2\/users\/2"}],"replies":[{"embeddable":true,"href":"https:\/\/purisimadelrincon.mx\/transparencia\/wp-json\/wp\/v2\/comments?post=2365"}],"version-history":[{"count":34,"href":"https:\/\/purisimadelrincon.mx\/transparencia\/wp-json\/wp\/v2\/pages\/2365\/revisions"}],"predecessor-version":[{"id":6650,"href":"https:\/\/purisimadelrincon.mx\/transparencia\/wp-json\/wp\/v2\/pages\/2365\/revisions\/6650"}],"wp:attachment":[{"href":"https:\/\/purisimadelrincon.mx\/transparencia\/wp-json\/wp\/v2\/media?parent=2365"}],"curies":[{"name":"wp","href":"https:\/\/api.w.org\/{rel}","templated":true}]}}