{"id":2958,"date":"2016-06-13T19:46:51","date_gmt":"2016-06-13T19:46:51","guid":{"rendered":"http:\/\/localhost\/transparencia\/?page_id=2958"},"modified":"2025-12-04T20:27:00","modified_gmt":"2025-12-04T20:27:00","slug":"xlix-la-relacion-de-solicitudes-de-acceso-a-la-informacion-publica-asi-como-las-respuestas","status":"publish","type":"page","link":"https:\/\/purisimadelrincon.mx\/transparencia\/xlix-la-relacion-de-solicitudes-de-acceso-a-la-informacion-publica-asi-como-las-respuestas\/","title":{"rendered":"XLIX. La relaci\u00f3n de solicitudes de acceso a la informaci\u00f3n p\u00fablica, as\u00ed como las respuestas."},"content":{"rendered":"<h5>\u00a0<\/h5>\n<h5>\u00a0<\/h5>\n<h5>PARA LAS OBLIGACIONES\u00a0 DEL EJERCICIO <strong>2022<\/strong> A LA FECHA ACTUAL, CONSULTALAS\u00a0 EN EL SIGUIENTE BOT\u00d3N\u00a0<\/h5>\n<p><a href=\"https:\/\/consultapublicamx.plataformadetransparencia.org.mx\/vut-web\/faces\/view\/consultaPublica.xhtml#inicio\"><img loading=\"lazy\" decoding=\"async\" class=\" wp-image-12755 aligncenter\" src=\"https:\/\/purisimadelrincon.mx\/transparencia\/wp-content\/uploads\/PLATAFORMANACIONAL-300x151.jpg\" alt=\"\" width=\"259\" height=\"137\" \/><\/a><\/p>\n<h5>Ejercicio 2021<\/h5>\n<ul>\n<li><a href=\"https:\/\/purisimadelrincon.mx\/transparencia\/wp-content\/uploads\/LTAIPG26F1_XLIX-1T2021.xlsx\">1er Trimestre<\/a><\/li>\n<li><a href=\"https:\/\/purisimadelrincon.mx\/transparencia\/wp-content\/uploads\/LTAIPG26F1_XLIX-2T2021.xlsx\">2do Trimestre<\/a><\/li>\n<li><a href=\"https:\/\/purisimadelrincon.mx\/transparencia\/wp-content\/uploads\/LTAIPG26F1_XLIX-3T2021.xlsx\">3er Trimestre\u00a0<\/a><\/li>\n<li><a href=\"https:\/\/purisimadelrincon.mx\/transparencia\/wp-content\/uploads\/LTAIPG26F1_XLIX-4T2021.xlsx\">4to Trimestre<\/a><\/li>\n<\/ul>\n<h5>Ejercicio 2020<\/h5>\n<ul>\n<li><a href=\"https:\/\/purisimadelrincon.mx\/transparencia\/wp-content\/uploads\/LTAIPG26F1_XLIX-1er.xlsx\">1er Trimestre<\/a><\/li>\n<li><a href=\"https:\/\/purisimadelrincon.mx\/transparencia\/wp-content\/uploads\/LTAIPG26F1_XLIX-2do.xlsx\">2do Trimestre<\/a><\/li>\n<li><a href=\"https:\/\/purisimadelrincon.mx\/transparencia\/wp-content\/uploads\/LTAIPG26F1_XLIX-3er..xlsx\">3er\u00a0Trimestre<\/a><\/li>\n<li><a href=\"https:\/\/purisimadelrincon.mx\/transparencia\/wp-content\/uploads\/LTAIPG26F1_XLIX-4to..xlsx\">4to Trimestre<\/a><\/li>\n<\/ul>\n<h5><a href=\"https:\/\/purisimadelrincon.mx\/transparencia\/wp-content\/uploads\/LTAIPG26F1_XLIX-1.xlsx\">Ejercicio 2019<\/a><\/h5>\n<h5><a href=\"https:\/\/purisimadelrincon.mx\/transparencia\/wp-content\/uploads\/Relaci\u00f3n-de-solicitudes-2018-1.xlsx\">Ejercicio 2018<\/a><\/h5>\n<h5><a href=\"https:\/\/purisimadelrincon.mx\/transparencia\/wp-content\/uploads\/Relaci\u00f3n-de-solicitudes-2017.xlsx\">Ejercicio 2017<\/a><\/h5>\n<h5><a href=\"https:\/\/purisimadelrincon.mx\/transparencia\/wp-content\/uploads\/Relaci\u00f3n-de-solicitudes-2016.xlsx\">Ejercicio 2016<\/a><\/h5>\n<h5><a href=\"https:\/\/purisimadelrincon.mx\/transparencia\/wp-content\/uploads\/Relaci\u00f3n-de-solicitudes-2015.xlsx\">Ejercicio 2015<\/a><\/h5>\n<h4><strong>Solicitudes y respuestas de Acceso a la Informaci\u00f3n Publica.<\/strong><\/h4>\n<ul>\n<li><a href=\"https:\/\/purisimadelrincon.mx\/transparencia\/solicitudes-de-informacion-2025\/\">Solicitudes 2025<\/a><\/li>\n<li><a href=\"https:\/\/purisimadelrincon.mx\/transparencia\/solicitudes-de-informacion-2024\/\">Solicitudes 2024<\/a><\/li>\n<li><a href=\"https:\/\/purisimadelrincon.mx\/transparencia\/solicitudes-de-informacion-2023\/\">Solicitudes 2023<\/a><\/li>\n<li><a href=\"https:\/\/purisimadelrincon.mx\/transparencia\/solicitudes-de-informacion-2022\/\">Solicitudes 2022<\/a><\/li>\n<li><a href=\"https:\/\/purisimadelrincon.mx\/transparencia\/solicitudes-de-informacion-2021\/\">Solicitudes 2021<\/a><\/li>\n<li><a href=\"https:\/\/purisimadelrincon.mx\/transparencia\/solicitudes-de-informacion-2020\/\">Solicitudes 2020<\/a><\/li>\n<li><a href=\"https:\/\/purisimadelrincon.mx\/transparencia\/wp-content\/uploads\/2019-Reporte-Solicitudes-UT-01-04.pdf\">Solicitudes 2019<\/a><\/li>\n<li><a href=\"https:\/\/purisimadelrincon.mx\/transparencia\/wp-content\/uploads\/2018-Reporte-Solicitudes-UT.pdf\">Solicitudes 2018<\/a><\/li>\n<li><a href=\"https:\/\/purisimadelrincon.mx\/transparencia\/wp-content\/uploads\/2017-Reporte-Solicitudes.pdf\">Solicitudes 2017<\/a><\/li>\n<li><a href=\"https:\/\/purisimadelrincon.mx\/transparencia\/wp-content\/uploads\/2016-Enero-Dic.pdf\">Solicitudes 2016<\/a><\/li>\n<li><a href=\"https:\/\/purisimadelrincon.mx\/transparencia\/wp-content\/uploads\/2015-Enero-Dic.pdf\">Solicitudes 2015<\/a><\/li>\n<li><a href=\"https:\/\/purisimadelrincon.mx\/transparencia\/?attachment_id=1832\">Solicitudes 2012 &#8211; 2014<\/a><\/li>\n<\/ul>\n\n\n<p><\/p>\n","protected":false},"excerpt":{"rendered":"<p>\u00a0 \u00a0 PARA LAS OBLIGACIONES\u00a0 DEL EJERCICIO 2022 A LA FECHA ACTUAL, CONSULTALAS\u00a0 EN EL SIGUIENTE BOT\u00d3N\u00a0 Ejercicio 2021 1er Trimestre 2do Trimestre 3er Trimestre\u00a0 4to Trimestre Ejercicio 2020 1er Trimestre 2do Trimestre 3er\u00a0Trimestre 4to Trimestre Ejercicio 2019 Ejercicio 2018 <a class=\"more-link\" href=\"https:\/\/purisimadelrincon.mx\/transparencia\/xlix-la-relacion-de-solicitudes-de-acceso-a-la-informacion-publica-asi-como-las-respuestas\/\">Seguir leyendo <span class=\"screen-reader-text\">  XLIX. La relaci\u00f3n de solicitudes de acceso a la informaci\u00f3n p\u00fablica, as\u00ed como las respuestas.<\/span><span class=\"meta-nav\">&rarr;<\/span><\/a><\/p>\n","protected":false},"author":2,"featured_media":0,"parent":0,"menu_order":0,"comment_status":"closed","ping_status":"closed","template":"page-fullwidth.php","meta":{"footnotes":""},"class_list":["post-2958","page","type-page","status-publish","hentry"],"_links":{"self":[{"href":"https:\/\/purisimadelrincon.mx\/transparencia\/wp-json\/wp\/v2\/pages\/2958","targetHints":{"allow":["GET"]}}],"collection":[{"href":"https:\/\/purisimadelrincon.mx\/transparencia\/wp-json\/wp\/v2\/pages"}],"about":[{"href":"https:\/\/purisimadelrincon.mx\/transparencia\/wp-json\/wp\/v2\/types\/page"}],"author":[{"embeddable":true,"href":"https:\/\/purisimadelrincon.mx\/transparencia\/wp-json\/wp\/v2\/users\/2"}],"replies":[{"embeddable":true,"href":"https:\/\/purisimadelrincon.mx\/transparencia\/wp-json\/wp\/v2\/comments?post=2958"}],"version-history":[{"count":62,"href":"https:\/\/purisimadelrincon.mx\/transparencia\/wp-json\/wp\/v2\/pages\/2958\/revisions"}],"predecessor-version":[{"id":21477,"href":"https:\/\/purisimadelrincon.mx\/transparencia\/wp-json\/wp\/v2\/pages\/2958\/revisions\/21477"}],"wp:attachment":[{"href":"https:\/\/purisimadelrincon.mx\/transparencia\/wp-json\/wp\/v2\/media?parent=2958"}],"curies":[{"name":"wp","href":"https:\/\/api.w.org\/{rel}","templated":true}]}}