{"id":2967,"date":"2016-06-14T15:24:27","date_gmt":"2016-06-14T15:24:27","guid":{"rendered":"http:\/\/localhost\/transparencia\/?page_id=2967"},"modified":"2018-02-20T20:47:36","modified_gmt":"2018-02-20T20:47:36","slug":"tramites-del-ano-2017","status":"publish","type":"page","link":"https:\/\/purisimadelrincon.mx\/transparencia\/tramites-del-ano-2017\/","title":{"rendered":"Tr\u00e1mites del a\u00f1o 2017"},"content":{"rendered":"<p>&nbsp;<\/p>\n<h2>Archivo Hist\u00f3rico<\/h2>\n<ul>\n<li><a href=\"https:\/\/purisimadelrincon.mx\/transparencia\/wp-content\/uploads\/2017-TyS-Archivo.docx\">Ver tr\u00e1mites y servicios<\/a><\/li>\n<\/ul>\n<h2>Casa de la Cultura<\/h2>\n<ul>\n<li><a href=\"https:\/\/purisimadelrincon.mx\/transparencia\/wp-content\/uploads\/2017-TyS-Casa-de-la-Cultura.docx\">Ver tr\u00e1mites y servicios<\/a><\/li>\n<\/ul>\n<h2>Comisi\u00f3n Municipal del Deporte<\/h2>\n<ul>\n<li><a href=\"https:\/\/purisimadelrincon.mx\/transparencia\/wp-content\/uploads\/TRAMITES-COMUDE.pdf\" target=\"_blank\" rel=\"noopener\">Actividades de la COMUDE<\/a><\/li>\n<\/ul>\n<div>\n<h2>Contralor\u00eda Municipal<\/h2>\n<ul>\n<li><a href=\"https:\/\/purisimadelrincon.mx\/transparencia\/wp-content\/uploads\/2017-TyS-Contraloria.docx\">Ver tr\u00e1mites y servicios<\/a><\/li>\n<li><a href=\"https:\/\/purisimadelrincon.mx\/transparencia\/wp-content\/uploads\/TRAMITES-Contraloria-Formato-Quejas-Denuncias.pdf\" target=\"_blank\" rel=\"noopener\">Formato de quejas y denuncias<\/a><\/li>\n<\/ul>\n<h2>Coordinacion de la Juventud<\/h2>\n<ul>\n<li><a href=\"https:\/\/purisimadelrincon.mx\/transparencia\/wp-content\/uploads\/2017-TyS-Coord-Juventud.docx\">Ver tr\u00e1mites y servicios<\/a><\/li>\n<\/ul>\n<\/div>\n<div>\n<h2>Desarrollo Rural<\/h2>\n<ul>\n<li><a href=\"https:\/\/purisimadelrincon.mx\/transparencia\/wp-content\/uploads\/2017-TyS-Des-Rural.docx\">Ver tr\u00e1mites y servicios<\/a><\/li>\n<\/ul>\n<h2>Desarrollo Econ\u00f3mico<\/h2>\n<ul>\n<li><a href=\"https:\/\/purisimadelrincon.mx\/transparencia\/wp-content\/uploads\/2017-TyS-DesEco.pdf\">Ver tr\u00e1mites y servicios<\/a><\/li>\n<\/ul>\n<h2>Desarrollo Social<\/h2>\n<ul>\n<li><a href=\"https:\/\/purisimadelrincon.mx\/transparencia\/wp-content\/uploads\/2017-TyS-Des-Social.docx\">Ver tr\u00e1mites y servicios<\/a><\/li>\n<\/ul>\n<h2>Desarrollo Urbano<\/h2>\n<ul>\n<li><a href=\"https:\/\/purisimadelrincon.mx\/transparencia\/wp-content\/uploads\/2017-TyS-Des-Urbano.docx\">Ver tr\u00e1mites y servicios<\/a><\/li>\n<li><a href=\"https:\/\/purisimadelrincon.mx\/transparencia\/wp-content\/uploads\/TRAMITES-DesUrb-Formato-Unico-Solicitud.pdf\" target=\"_blank\" rel=\"noopener\">Formato unico de solicitud<\/a><\/li>\n<\/ul>\n<h2>DIF Municipal<\/h2>\n<ul>\n<li><a href=\"https:\/\/purisimadelrincon.mx\/transparencia\/wp-content\/uploads\/TRMAITES-DIF.pdf\" target=\"_blank\" rel=\"noopener\">Ver tr\u00e1mites y servicios<\/a><\/li>\n<\/ul>\n<h2>Educaci\u00f3n Municipal<\/h2>\n<ul>\n<li><a href=\"https:\/\/purisimadelrincon.mx\/transparencia\/wp-content\/uploads\/2017-TyS-Educacion-Municipal.docx\">Ver tr\u00e1mites y servicios<\/a><\/li>\n<\/ul>\n<div>\n<h2>Medio Ambiente y Ecolog\u00eda<\/h2>\n<ul>\n<li><a href=\"https:\/\/purisimadelrincon.mx\/transparencia\/wp-content\/uploads\/2017-TyS-MA-Eco.docx\">Ver tr\u00e1mites y servicios<\/a><\/li>\n<\/ul>\n<\/div>\n<h2>Predial y Catastro<\/h2>\n<ul>\n<li><a href=\"https:\/\/purisimadelrincon.mx\/transparencia\/wp-content\/uploads\/2017-TyS-Predial.docx\">Ver tr\u00e1mites y servicios<\/a><\/li>\n<\/ul>\n<h2>Protecci\u00f3n Civil<\/h2>\n<ul>\n<li><a href=\"https:\/\/purisimadelrincon.mx\/transparencia\/wp-content\/uploads\/TRAMITES-Proteccion-Civil.pdf\">Ver tr\u00e1mites y servicios<\/a><\/li>\n<\/ul>\n<h2>Rastro Municipal<\/h2>\n<ul>\n<li><a href=\"https:\/\/purisimadelrincon.mx\/transparencia\/wp-content\/uploads\/2017-TyS-Rastro.docx\">Ver tr\u00e1mites y servicios<\/a><\/li>\n<\/ul>\n<h2>Sistema de Agua Potable y Alcantarilla de Pur\u00edsima (SAPAP)<\/h2>\n<ul>\n<li><a href=\"https:\/\/purisimadelrincon.mx\/transparencia\/wp-content\/uploads\/2017-SAPAP-Tramites-y-Servicios.pdf\" target=\"_blank\" rel=\"noopener\">Ver tr\u00e1mites y servicios<\/a><\/li>\n<\/ul>\n<h2>Secretar\u00eda del H. Ayuntamiento<\/h2>\n<ul>\n<li><a href=\"https:\/\/purisimadelrincon.mx\/transparencia\/wp-content\/uploads\/2017-TyS-SHA.docx\">Ver tr\u00e1mites y servicios<\/a><\/li>\n<\/ul>\n<h2>Secretar\u00eda Particular<\/h2>\n<ul>\n<li><a href=\"https:\/\/purisimadelrincon.mx\/transparencia\/wp-content\/uploads\/2017-TyS-SParticular.docx\">Ver tr\u00e1mites y servicios<\/a><\/li>\n<\/ul>\n<h2>Seguridad P\u00fablica y Tr\u00e1nsito Municipal<\/h2>\n<ul>\n<li><a href=\"https:\/\/purisimadelrincon.mx\/transparencia\/wp-content\/uploads\/2017-TyS-Seg-Pub-y-Transito.docx\">Ver tr\u00e1mites y servicios<\/a><\/li>\n<\/ul>\n<\/div>\n<h2>Unidad de Transparencia<\/h2>\n<ul>\n<li><a href=\"https:\/\/purisimadelrincon.mx\/transparencia\/wp-content\/uploads\/2017-TyS-Transpa.docx\">Ver tr\u00e1mites y servicios<\/a><\/li>\n<li><a href=\"https:\/\/purisimadelrincon.mx\/transparencia\/wp-content\/uploads\/TRAMITES-UAIP-Formato-Solicitud-de-InfoPub.pdf\" target=\"_blank\" rel=\"noopener\">Formato de Solicitud de Informaci\u00f3n P\u00fablica<\/a><\/li>\n<li><a href=\"https:\/\/purisimadelrincon.mx\/transparencia\/wp-content\/uploads\/TRAMITES-UAIP-Formato-Solicitud-de-Correcci\u00f3n-de-Datos-Personales.pdf\" target=\"_blank\" rel=\"noopener\">Solicitud de Correcci\u00f3n de Datos Personales<\/a><\/li>\n<\/ul>\n<p>&nbsp;<\/p>\n","protected":false},"excerpt":{"rendered":"<p>&nbsp; Archivo Hist\u00f3rico Ver tr\u00e1mites y servicios Casa de la Cultura Ver tr\u00e1mites y servicios Comisi\u00f3n Municipal del Deporte Actividades de la COMUDE Contralor\u00eda Municipal Ver tr\u00e1mites y servicios Formato de quejas y denuncias Coordinacion de la Juventud Ver tr\u00e1mites <a class=\"more-link\" href=\"https:\/\/purisimadelrincon.mx\/transparencia\/tramites-del-ano-2017\/\">Seguir leyendo <span class=\"screen-reader-text\">  Tr\u00e1mites del a\u00f1o 2017<\/span><span class=\"meta-nav\">&rarr;<\/span><\/a><\/p>\n","protected":false},"author":2,"featured_media":0,"parent":0,"menu_order":0,"comment_status":"closed","ping_status":"closed","template":"","meta":{"footnotes":""},"class_list":["post-2967","page","type-page","status-publish","hentry"],"_links":{"self":[{"href":"https:\/\/purisimadelrincon.mx\/transparencia\/wp-json\/wp\/v2\/pages\/2967","targetHints":{"allow":["GET"]}}],"collection":[{"href":"https:\/\/purisimadelrincon.mx\/transparencia\/wp-json\/wp\/v2\/pages"}],"about":[{"href":"https:\/\/purisimadelrincon.mx\/transparencia\/wp-json\/wp\/v2\/types\/page"}],"author":[{"embeddable":true,"href":"https:\/\/purisimadelrincon.mx\/transparencia\/wp-json\/wp\/v2\/users\/2"}],"replies":[{"embeddable":true,"href":"https:\/\/purisimadelrincon.mx\/transparencia\/wp-json\/wp\/v2\/comments?post=2967"}],"version-history":[{"count":25,"href":"https:\/\/purisimadelrincon.mx\/transparencia\/wp-json\/wp\/v2\/pages\/2967\/revisions"}],"predecessor-version":[{"id":4766,"href":"https:\/\/purisimadelrincon.mx\/transparencia\/wp-json\/wp\/v2\/pages\/2967\/revisions\/4766"}],"wp:attachment":[{"href":"https:\/\/purisimadelrincon.mx\/transparencia\/wp-json\/wp\/v2\/media?parent=2967"}],"curies":[{"name":"wp","href":"https:\/\/api.w.org\/{rel}","templated":true}]}}