{"id":2970,"date":"2016-06-14T15:28:52","date_gmt":"2016-06-14T15:28:52","guid":{"rendered":"http:\/\/localhost\/transparencia\/?page_id=2970"},"modified":"2025-12-04T21:01:03","modified_gmt":"2025-12-04T21:01:03","slug":"xxviii-la-informacion-procedimientos-de-adjudicacion-directa-invitacion-restringida-y-licitacion-de-cualquier-naturaleza","status":"publish","type":"page","link":"https:\/\/purisimadelrincon.mx\/transparencia\/xxviii-la-informacion-procedimientos-de-adjudicacion-directa-invitacion-restringida-y-licitacion-de-cualquier-naturaleza\/","title":{"rendered":"XXVIII. La informaci\u00f3n sobre los resultados sobre procedimientos de adjudicaci\u00f3n directa, invitaci\u00f3n restringida y licitaci\u00f3n de cualquier naturaleza, incluyendo la Versi\u00f3n P\u00fablica del Expediente respectivo y de los contratos celebrados."},"content":{"rendered":"<h5>PARA LAS OBLIGACIONES DEL EJERCICIO <strong>2022<\/strong> A LA FECHA ACTUAL, CONSULTALAS EN EL SIGUIENTE BOTON<\/h5>\n<p><a href=\"https:\/\/consultapublicamx.plataformadetransparencia.org.mx\/vut-web\/faces\/view\/consultaPublica.xhtml#inicio\"><img loading=\"lazy\" decoding=\"async\" class=\" wp-image-12755 aligncenter\" src=\"https:\/\/purisimadelrincon.mx\/transparencia\/wp-content\/uploads\/PLATAFORMANACIONAL-300x151.jpg\" alt=\"\" width=\"260\" height=\"136\" \/><\/a><\/p>\n<h5>\u00a0<\/h5>\n<h5>Ejercicio 2021<\/h5>\n<ul>\n<li>1er Trimestre <a href=\"https:\/\/purisimadelrincon.mx\/transparencia\/wp-content\/uploads\/LTAIPG26F1_XXVIIIA-1T21-Obras.xlsx\">XXVIIIA <\/a>y <a href=\"https:\/\/purisimadelrincon.mx\/transparencia\/wp-content\/uploads\/LTAIPG26F2_XXVIIIB-1T21-Obras.xlsx\">XXVIIIB<\/a><\/li>\n<li>2do Trimestre <a href=\"https:\/\/purisimadelrincon.mx\/transparencia\/wp-content\/uploads\/LTAIPG26F1_XXVIIIA-2T21-Obras.xlsx\">XXVIIIA<\/a> y <a href=\"https:\/\/purisimadelrincon.mx\/transparencia\/wp-content\/uploads\/LTAIPG26F2_XXVIIIB-2T21-Obras.xlsx\">XXVIIIB<\/a><\/li>\n<li>3er\u00a0Trimestre <a href=\"https:\/\/purisimadelrincon.mx\/transparencia\/wp-content\/uploads\/LTAIPG26F1_XXVIIIA-3T21-obras.xlsx\">XXVIIIA <\/a>y <a href=\"https:\/\/purisimadelrincon.mx\/transparencia\/wp-content\/uploads\/LTAIPG26F2_XXVIIIB-3T21-obras.xlsx\">XXVIIIB<\/a><\/li>\n<li>4to Trimestre <a href=\"https:\/\/purisimadelrincon.mx\/transparencia\/wp-content\/uploads\/LTAIPG26F1_XXVIIIA4T21ObrasObs.xlsx\">XXVIIIA<\/a> y <a href=\"https:\/\/purisimadelrincon.mx\/transparencia\/wp-content\/uploads\/LTAIPG26F2_XXVIIIB4T21ObrasModif.xlsx\">XXVIIIB<\/a><\/li>\n<\/ul>\n<h5>Ejercicio 2020<\/h5>\n<ul>\n<li>1er Trimestre\u00a0<a href=\"https:\/\/purisimadelrincon.mx\/transparencia\/wp-content\/uploads\/LTAIPG26F1_XXVIIIA-1T20-obras.xlsx\">XXVIIIA<\/a> y <a href=\"https:\/\/purisimadelrincon.mx\/transparencia\/wp-content\/uploads\/LTAIPG26F2_XXVIIIB-1T20-obras.xlsx\">XXVIIIB<\/a><\/li>\n<li>2do\u00a0Trimestre\u00a0<a href=\"https:\/\/purisimadelrincon.mx\/transparencia\/wp-content\/uploads\/LTAIPG26F1_XXVIIIA-2T20-obras.xlsx\">XXVIIIA<\/a> y <a href=\"https:\/\/purisimadelrincon.mx\/transparencia\/wp-content\/uploads\/LTAIPG26F2_XXVIIIB-2T20-obras.xlsx\">XXVIIIB<\/a><\/li>\n<li>3er\u00a0Trimestre\u00a0<a href=\"https:\/\/purisimadelrincon.mx\/transparencia\/wp-content\/uploads\/LTAIPG26F1_XXVIIIA-3T20-obras.xlsx\">XXVIIIA<\/a> y <a href=\"https:\/\/purisimadelrincon.mx\/transparencia\/wp-content\/uploads\/LTAIPG26F2_XXVIIIB-3T20-obras.xlsx\">XXVIIIB<\/a><\/li>\n<li>4to\u00a0Trimestre\u00a0<a href=\"https:\/\/purisimadelrincon.mx\/transparencia\/wp-content\/uploads\/LTAIPG26F1_XXVIIIA-4T20-obras.xlsx\">XXVIIIA<\/a> y <a href=\"https:\/\/purisimadelrincon.mx\/transparencia\/wp-content\/uploads\/LTAIPG26F2_XXVIIIB-4T20-obras.xlsx\">XXVIIIB<\/a><\/li>\n<\/ul>\n<h5>Formato Resultados de procedimientos de adjudicaci\u00f3n directa realizados 2019<\/h5>\n<ul>\n<li><a href=\"https:\/\/purisimadelrincon.mx\/transparencia\/wp-content\/uploads\/FORMATO-LTAIPG26F1_XXVIII2.xlsx\">1er. Trimestre<\/a><\/li>\n<li><a href=\"https:\/\/purisimadelrincon.mx\/transparencia\/wp-content\/uploads\/FORMATO-LTAIPG26F1_XXVIII3.xlsx\">2do.Trimestre<\/a><\/li>\n<li><a href=\"https:\/\/purisimadelrincon.mx\/transparencia\/wp-content\/uploads\/FORMATO-LTAIPG26F1_XXVIII3-1.xlsx\">3er. Trimestre<\/a><\/li>\n<li><a href=\"https:\/\/purisimadelrincon.mx\/transparencia\/wp-content\/uploads\/FORMATO-LTAIPG26F1_XXVIII3-2.xlsx\">4to. Trimestre<\/a><\/li>\n<\/ul>\n<h5>Formato de procedimientos de licitaci\u00f3n p\u00fablica realizados 2019<\/h5>\n<ul>\n<li><a href=\"https:\/\/purisimadelrincon.mx\/transparencia\/wp-content\/uploads\/LTAIPG26F2_XXVIIIB.xlsx\">1er Trimestre<\/a><\/li>\n<li><a href=\"https:\/\/purisimadelrincon.mx\/transparencia\/wp-content\/uploads\/LTAIPG26F2_XXVIIIB1.xlsx\">2do Trimestre<\/a><\/li>\n<li><a href=\"https:\/\/purisimadelrincon.mx\/transparencia\/wp-content\/uploads\/LTAIPG26F2_XXVIIIB1-1.xlsx\">3er Trimestre<\/a><\/li>\n<li><a href=\"https:\/\/purisimadelrincon.mx\/transparencia\/wp-content\/uploads\/LTAIPG26F2_XXVIIIB1-2.xlsx\">4to Trimestre<\/a><\/li>\n<\/ul>\n<ul>\n<li><a href=\"https:\/\/purisimadelrincon.mx\/transparencia\/wp-content\/uploads\/OBRAS-Formato-Resultados-de-procedimientos-de-adjudicaci\u00f3n-directa-realizados-2018.xlsx\">Formato Resultados de procedimientos de adjudicaci\u00f3n directa realizados 2018<\/a><\/li>\n<li><a href=\"https:\/\/purisimadelrincon.mx\/transparencia\/wp-content\/uploads\/LTAIPG26F1_XXVIIIA.xlsx\">Formato Resultados de procedimientos de adjudicaci\u00f3n directa realizados 2019 3er. Trimestre<\/a><\/li>\n<li><a href=\"https:\/\/purisimadelrincon.mx\/transparencia\/wp-content\/uploads\/OBRAS-Formato-Resultados-de-procedimientos-de-licitaci\u00f3n-p\u00fablica-e-invitaci\u00f3n-2018.xlsx\">Formato Resultados de procedimientos de licitaci\u00f3n p\u00fablica e invitaci\u00f3n 2018<\/a><\/li>\n<li><a href=\"https:\/\/purisimadelrincon.mx\/transparencia\/wp-content\/uploads\/Formato-Resultados-de-procedimientos-de-adjudicaci\u00f3n-directa-realizados-1.zip\">Formato Resultados de procedimientos<\/a><\/li>\n<\/ul>\n<p>.<\/p>\n<h4><a href=\"https:\/\/purisimadelrincon.mx\/transparencia\/xxviii-contratos-de-obra-publica\/\" target=\"_blank\" rel=\"noopener\"><strong>Contratos de Obra P\u00fablica<\/strong><\/a><\/h4>\n<p><a href=\"https:\/\/purisimadelrincon.mx\/transparencia\/wp-content\/uploads\/1.-CONTRATO-AJ-SP-15-2025-75-LUMINARIAS-2.pdf\">1.-CONTRATO AJ-SP-15-2025-75 LUMINARIAS<\/a><\/p>\n<h4><a href=\"https:\/\/purisimadelrincon.mx\/transparencia\/xxviii-avances-fisicos-y-financieros\/\">Avances F\u00edsicos y Financieros<\/a><\/h4>\n<h4><strong><a href=\"https:\/\/purisimadelrincon.mx\/transparencia\/xxviii-licitaciones-de-obra-publica\/\" target=\"_blank\" rel=\"noopener\">Licitaciones de Obra P\u00fablica<\/a><\/strong><\/h4>\n<h5>Concursos<\/h5>\n<ul>\n<li>PDF\u00a0<a href=\"https:\/\/purisimadelrincon.mx\/transparencia\/wp-content\/uploads\/lista-de-concursos-2015-ACTUALIZADA-15-DE-NOV.pdf\" target=\"_blank\" rel=\"noopener noreferrer\">Relaci\u00f3n de Concursos y Licitaciones 2015<\/a><\/li>\n<li>PDF\u00a0<a href=\"https:\/\/purisimadelrincon.mx\/transparencia\/wp-content\/uploads\/licitaciones_2014.pdf\" target=\"_blank\" rel=\"noopener noreferrer\">Relaci\u00f3n de Concursos y Licitaciones 2014<\/a><\/li>\n<li>PDF <a href=\"https:\/\/purisimadelrincon.mx\/transparencia\/wp-content\/uploads\/ConcursosAyuntamiento.pdf\" target=\"_blank\" rel=\"noopener noreferrer\">Relaci\u00f3n de Concursos H. Ayuntamiento<\/a><\/li>\n<\/ul>\n<h5><a href=\"https:\/\/purisimadelrincon.mx\/transparencia\/?page_id=5172&amp;preview=true\">Invitaciones de SAPAP<\/a><\/h5>\n<ul>\n<li><a href=\"https:\/\/purisimadelrincon.mx\/transparencia\/wp-content\/uploads\/SAPAP-Formato-Resultados-de-procedimientos-de-adjudicaci\u00f3n-directa-realizado-2018.xlsx\">Formato Resultados de procedimientos de adjudicaci\u00f3n directa realizado 2018<\/a><\/li>\n<li><a href=\"https:\/\/purisimadelrincon.mx\/transparencia\/wp-content\/uploads\/SAPAP-Formato-Resultados-de-procedimientos-de-adjudicaci\u00f3n-directa-realizados-2017.xlsx\">Formato Resultados de procedimientos de adjudicaci\u00f3n directa realizados 2017<\/a><\/li>\n<li><a href=\"https:\/\/purisimadelrincon.mx\/transparencia\/wp-content\/uploads\/SAPAP-Formato-Resultados-de-procedimientos-de-licitaci\u00f3n-p\u00fablica-e-invitaci\u00f3n-2017.xlsx\">Formato Resultados de procedimientos de licitaci\u00f3n p\u00fablica e invitaci\u00f3n 2017<\/a><\/li>\n<\/ul>\n\n\n<p><\/p>\n","protected":false},"excerpt":{"rendered":"<p>PARA LAS OBLIGACIONES DEL EJERCICIO 2022 A LA FECHA ACTUAL, CONSULTALAS EN EL SIGUIENTE BOTON \u00a0 Ejercicio 2021 1er Trimestre XXVIIIA y XXVIIIB 2do Trimestre XXVIIIA y XXVIIIB 3er\u00a0Trimestre XXVIIIA y XXVIIIB 4to Trimestre XXVIIIA y XXVIIIB Ejercicio 2020 1er <a class=\"more-link\" href=\"https:\/\/purisimadelrincon.mx\/transparencia\/xxviii-la-informacion-procedimientos-de-adjudicacion-directa-invitacion-restringida-y-licitacion-de-cualquier-naturaleza\/\">Seguir leyendo <span class=\"screen-reader-text\">  XXVIII. La informaci\u00f3n sobre los resultados sobre procedimientos de adjudicaci\u00f3n directa, invitaci\u00f3n restringida y licitaci\u00f3n de cualquier naturaleza, incluyendo la Versi\u00f3n P\u00fablica del Expediente respectivo y de los contratos celebrados.<\/span><span class=\"meta-nav\">&rarr;<\/span><\/a><\/p>\n","protected":false},"author":2,"featured_media":0,"parent":0,"menu_order":0,"comment_status":"closed","ping_status":"closed","template":"page-fullwidth.php","meta":{"footnotes":""},"class_list":["post-2970","page","type-page","status-publish","hentry"],"_links":{"self":[{"href":"https:\/\/purisimadelrincon.mx\/transparencia\/wp-json\/wp\/v2\/pages\/2970","targetHints":{"allow":["GET"]}}],"collection":[{"href":"https:\/\/purisimadelrincon.mx\/transparencia\/wp-json\/wp\/v2\/pages"}],"about":[{"href":"https:\/\/purisimadelrincon.mx\/transparencia\/wp-json\/wp\/v2\/types\/page"}],"author":[{"embeddable":true,"href":"https:\/\/purisimadelrincon.mx\/transparencia\/wp-json\/wp\/v2\/users\/2"}],"replies":[{"embeddable":true,"href":"https:\/\/purisimadelrincon.mx\/transparencia\/wp-json\/wp\/v2\/comments?post=2970"}],"version-history":[{"count":64,"href":"https:\/\/purisimadelrincon.mx\/transparencia\/wp-json\/wp\/v2\/pages\/2970\/revisions"}],"predecessor-version":[{"id":21499,"href":"https:\/\/purisimadelrincon.mx\/transparencia\/wp-json\/wp\/v2\/pages\/2970\/revisions\/21499"}],"wp:attachment":[{"href":"https:\/\/purisimadelrincon.mx\/transparencia\/wp-json\/wp\/v2\/media?parent=2970"}],"curies":[{"name":"wp","href":"https:\/\/api.w.org\/{rel}","templated":true}]}}