{"id":2984,"date":"2016-06-14T15:46:26","date_gmt":"2016-06-14T15:46:26","guid":{"rendered":"http:\/\/localhost\/transparencia\/?page_id=2984"},"modified":"2025-12-04T20:40:08","modified_gmt":"2025-12-04T20:40:08","slug":"xxi-la-informacion-financiera-sobre-el-presupuesto-asignado-asi-como-los-informes-del-ejercicio-trimestral-del-gasto-en-terminos-de-la-ley-general-de-contabilidad-gubernamental-y-demas-normatividad","status":"publish","type":"page","link":"https:\/\/purisimadelrincon.mx\/transparencia\/xxi-la-informacion-financiera-sobre-el-presupuesto-asignado-asi-como-los-informes-del-ejercicio-trimestral-del-gasto-en-terminos-de-la-ley-general-de-contabilidad-gubernamental-y-demas-normatividad\/","title":{"rendered":"XXI. La informaci\u00f3n financiera sobre el presupuesto asignado, as\u00ed como los informes del ejercicio trimestral del gasto, en t\u00e9rminos de la Ley General de Contabilidad Gubernamental y dem\u00e1s normatividad aplicable."},"content":{"rendered":"<h5>PARA LAS OBLIGACIONES DEL EJERCICIO <strong>2022<\/strong> A LA FECHA ACTUAL, CONSULTALAS EN EL SIGUIENTE BOT\u00d3N<\/h5>\n<p><a href=\"https:\/\/consultapublicamx.plataformadetransparencia.org.mx\/vut-web\/faces\/view\/consultaPublica.xhtml#inicio\"><img loading=\"lazy\" decoding=\"async\" class=\" wp-image-12755 aligncenter\" src=\"https:\/\/purisimadelrincon.mx\/transparencia\/wp-content\/uploads\/PLATAFORMANACIONAL-300x151.jpg\" alt=\"\" width=\"260\" height=\"136\" \/><\/a><\/p>\n<h5>Ejercicio 2021<\/h5>\n<ul>\n<li>1er Trimestre <a href=\"https:\/\/purisimadelrincon.mx\/transparencia\/wp-content\/uploads\/LTAIPG26F1_XXIA-1T21-Teso.xlsx\">F1_XXIA<\/a>, <a href=\"https:\/\/purisimadelrincon.mx\/transparencia\/wp-content\/uploads\/LTAIPG26F2_XXIB-1T21-Teso.xlsx\">F1_XXIB<\/a> y <a href=\"https:\/\/purisimadelrincon.mx\/transparencia\/wp-content\/uploads\/LTAIPG26F3_XXIC-1T21-Teso.xlsx\">F1_XXIC<\/a><\/li>\n<li>2do Trimestre <a href=\"https:\/\/purisimadelrincon.mx\/transparencia\/wp-content\/uploads\/LTAIPG26F1_XXIA-2T21-Tes.xlsx\">F1_XXIA<\/a>, <a href=\"https:\/\/purisimadelrincon.mx\/transparencia\/wp-content\/uploads\/LTAIPG26F2_XXIB-2T21-Tes.xlsx\">F1_XXIB<\/a> y <a href=\"https:\/\/purisimadelrincon.mx\/transparencia\/wp-content\/uploads\/LTAIPG26F2_XXIB-2T21-Tes.xlsx\">F1_XXIC<\/a><\/li>\n<li>3er Trimestre <a href=\"https:\/\/purisimadelrincon.mx\/transparencia\/wp-content\/uploads\/LTAIPG26F1_XXIA-3T21-Teso.xlsx\">F1_XXIA<\/a>, <a href=\"https:\/\/purisimadelrincon.mx\/transparencia\/wp-content\/uploads\/LTAIPG26F2_XXIB-3T21-Teso.xlsx\">F1_XXIB<\/a> y <a href=\"https:\/\/purisimadelrincon.mx\/transparencia\/wp-content\/uploads\/LTAIPG26F3_XXIC-3T21-Teso.xlsx\">F1_XXIC<\/a><\/li>\n<li>4to Trimestre <a href=\"https:\/\/purisimadelrincon.mx\/transparencia\/wp-content\/uploads\/LTAIPG26F1_XXIA-4T21-Teso.xlsx\">F1_XXIA<\/a>, <a href=\"https:\/\/purisimadelrincon.mx\/transparencia\/wp-content\/uploads\/LTAIPG26F2_XXIB-4T21-Teso.xlsx\">F1_XXIB<\/a> y <a href=\"https:\/\/purisimadelrincon.mx\/transparencia\/wp-content\/uploads\/LTAIPG26F3_XXIC-4T21-Teso.xlsx\">F1_XXIC<\/a><\/li>\n<\/ul>\n<h5>Ejercicio 2020<\/h5>\n<ul>\n<li>1er Trimestre <a href=\"https:\/\/purisimadelrincon.mx\/transparencia\/wp-content\/uploads\/LTAIPG26F1_XXIA-1T20-Teso.xlsx\">F1_XXIA<\/a>, <a href=\"https:\/\/purisimadelrincon.mx\/transparencia\/wp-content\/uploads\/LTAIPG26F2_XXIB-1T20-Teso.xlsx\">F1_XXIB<\/a> y <a href=\"https:\/\/purisimadelrincon.mx\/transparencia\/wp-content\/uploads\/LTAIPG26F3_XXIC-1T20-Teso.xlsx\">F1_XXIC<\/a><\/li>\n<li>2do Trimestre <a href=\"https:\/\/purisimadelrincon.mx\/transparencia\/wp-content\/uploads\/LTAIPG26F1_XXIA-2T20-Teso.xlsx\">F1_XXIA<\/a>, <a href=\"https:\/\/purisimadelrincon.mx\/transparencia\/wp-content\/uploads\/LTAIPG26F2_XXIB-2T20-Teso.xlsx\">F1_XXIB<\/a> y <a href=\"https:\/\/purisimadelrincon.mx\/transparencia\/wp-content\/uploads\/LTAIPG26F3_XXIC-2T20-Teso.xlsx\">F1_XXIC<\/a><\/li>\n<li>3er Trimestre <a href=\"https:\/\/purisimadelrincon.mx\/transparencia\/wp-content\/uploads\/LTAIPG26F1_XXIA-3T20-Teso.xlsx\">F1_XXIA<\/a>, <a href=\"https:\/\/purisimadelrincon.mx\/transparencia\/wp-content\/uploads\/LTAIPG26F2_XXIB-3T20-Teso.xlsx\">F1_XXIB<\/a> y <a href=\"https:\/\/purisimadelrincon.mx\/transparencia\/wp-content\/uploads\/LTAIPG26F3_XXIC-3T20-Teso.xlsx\">F1_XXIC<\/a><\/li>\n<li>4to Trimestre <a href=\"https:\/\/purisimadelrincon.mx\/transparencia\/wp-content\/uploads\/LTAIPG26F1_XXIA-4T20-Teso.xlsx\">F1_XXIA<\/a>, <a href=\"https:\/\/purisimadelrincon.mx\/transparencia\/wp-content\/uploads\/LTAIPG26F2_XXIB-4T20-Teso.xlsx\">F1_XXIB<\/a> y <a href=\"https:\/\/purisimadelrincon.mx\/transparencia\/wp-content\/uploads\/LTAIPG26F3_XXIC-4T20-Teso.xlsx\">F1_XXIC<\/a><\/li>\n<\/ul>\n<h5>Ejercicio 2019<\/h5>\n<ul>\n<li><a href=\"https:\/\/purisimadelrincon.mx\/transparencia\/xxi-formatos-cuenta-publica-y-presupuesto\/\">Formatos Cuenta P\u00fablica y Presupuesto<\/a><\/li>\n<li><a href=\"https:\/\/purisimadelrincon.mx\/transparencia\/wp-content\/uploads\/LTAIPG26F1_XXIA-1.xlsx\">1er. Trimestre<\/a><\/li>\n<li><a href=\"https:\/\/purisimadelrincon.mx\/transparencia\/wp-content\/uploads\/LTAIPG26F1_XXIA-2.xlsx\">2do.Trimestre<\/a><\/li>\n<li><a href=\"https:\/\/purisimadelrincon.mx\/transparencia\/wp-content\/uploads\/LTAIPG26F1_XXIA-3.xlsx\">3er. Trimestre<\/a><\/li>\n<li><a title=\"Cuenta P\u00fablica\" href=\"https:\/\/purisimadelrincon.mx\/transparencia\/presidencia-municipal-cuenta-publica\/\">Cuenta P\u00fablica e informes trimestrales<\/a><\/li>\n<li><a href=\"https:\/\/purisimadelrincon.mx\/transparencia\/wp-content\/uploads\/LTAIPG26F3_XXIC-1.xlsx\">1er. Trimestre<\/a><\/li>\n<li><a href=\"https:\/\/purisimadelrincon.mx\/transparencia\/wp-content\/uploads\/LTAIPG26F3_XXIC-2.xlsx\">2do.Trimestre<\/a><\/li>\n<li><a href=\"https:\/\/purisimadelrincon.mx\/transparencia\/wp-content\/uploads\/LTAIPG26F3_XXIC-3.xlsx\">3er. Trimestre<\/a><\/li>\n<li><a title=\"XXI. Presupuesto\" href=\"https:\/\/purisimadelrincon.mx\/transparencia\/xxi-presupuesto\/\">Presupuesto<\/a><\/li>\n<li><a href=\"https:\/\/purisimadelrincon.mx\/transparencia\/wp-content\/uploads\/LTAIPG26F2_XXIB-2.xlsx\">1er. Trimestre<\/a><\/li>\n<li><a href=\"https:\/\/purisimadelrincon.mx\/transparencia\/wp-content\/uploads\/LTAIPG26F2_XXIB-3.xlsx\">2do.Trimestre<\/a><\/li>\n<li><a href=\"https:\/\/purisimadelrincon.mx\/transparencia\/wp-content\/uploads\/LTAIPG26F2_XXIB-4.xlsx\">3er. Trimestre<\/a><\/li>\n<\/ul>\n<h5>Publicaci\u00f3n Oficial<\/h5>\n<ul>\n<li>PDF <a href=\"https:\/\/purisimadelrincon.mx\/transparencia\/wp-content\/uploads\/PO_261_25va_Presupuesto-de-ingresos-y-egresos-2022.pdf\">Presupuesto de Egresos 2022 del municipio de Pur\u00edsima del Rinc\u00f3n,<\/a><br \/><a href=\"https:\/\/purisimadelrincon.mx\/transparencia\/wp-content\/uploads\/PO_261_25va_Presupuesto-de-ingresos-y-egresos-2022.pdf\">Gto.<\/a><\/li>\n<\/ul>\n<h5>Sistema Municipal del Desarrollo de la Familia (DIF)<\/h5>\n<ul>\n<li><a href=\"https:\/\/purisimadelrincon.mx\/transparencia\/wp-content\/uploads\/DIF_InformacionFinanciera_presupuesto-INICIAL.xlsx\">Formato <span class=\"title\">informe trimestral 2019<\/span><\/a><\/li>\n<li><a href=\"https:\/\/purisimadelrincon.mx\/transparencia\/wp-content\/uploads\/DIF-2018-informe-trimerstral-enero-marzo.xlsx\">Formato <span class=\"title\">informe trimestral enero-marzo 2018<\/span><\/a><\/li>\n<li><a href=\"https:\/\/purisimadelrincon.mx\/transparencia\/wp-content\/uploads\/DIF-cuenta-publica-2017.xlsx\">Formato de Cuenta P\u00fablica 2017<\/a><\/li>\n<li><a href=\"https:\/\/purisimadelrincon.mx\/transparencia\/dif-cuenta-publica\/\">Cuenta P\u00fablica\u00a0e informes trimestrales<\/a><\/li>\n<li><a href=\"https:\/\/purisimadelrincon.mx\/transparencia\/dif-presupuesto\/\">Presupuesto<\/a><\/li>\n<\/ul>\n\n\n<p><\/p>\n","protected":false},"excerpt":{"rendered":"<p>PARA LAS OBLIGACIONES DEL EJERCICIO 2022 A LA FECHA ACTUAL, CONSULTALAS EN EL SIGUIENTE BOT\u00d3N Ejercicio 2021 1er Trimestre F1_XXIA, F1_XXIB y F1_XXIC 2do Trimestre F1_XXIA, F1_XXIB y F1_XXIC 3er Trimestre F1_XXIA, F1_XXIB y F1_XXIC 4to Trimestre F1_XXIA, F1_XXIB y <a class=\"more-link\" href=\"https:\/\/purisimadelrincon.mx\/transparencia\/xxi-la-informacion-financiera-sobre-el-presupuesto-asignado-asi-como-los-informes-del-ejercicio-trimestral-del-gasto-en-terminos-de-la-ley-general-de-contabilidad-gubernamental-y-demas-normatividad\/\">Seguir leyendo <span class=\"screen-reader-text\">  XXI. La informaci\u00f3n financiera sobre el presupuesto asignado, as\u00ed como los informes del ejercicio trimestral del gasto, en t\u00e9rminos de la Ley General de Contabilidad Gubernamental y dem\u00e1s normatividad aplicable.<\/span><span class=\"meta-nav\">&rarr;<\/span><\/a><\/p>\n","protected":false},"author":2,"featured_media":0,"parent":0,"menu_order":0,"comment_status":"closed","ping_status":"closed","template":"page-fullwidth.php","meta":{"footnotes":""},"class_list":["post-2984","page","type-page","status-publish","hentry"],"_links":{"self":[{"href":"https:\/\/purisimadelrincon.mx\/transparencia\/wp-json\/wp\/v2\/pages\/2984","targetHints":{"allow":["GET"]}}],"collection":[{"href":"https:\/\/purisimadelrincon.mx\/transparencia\/wp-json\/wp\/v2\/pages"}],"about":[{"href":"https:\/\/purisimadelrincon.mx\/transparencia\/wp-json\/wp\/v2\/types\/page"}],"author":[{"embeddable":true,"href":"https:\/\/purisimadelrincon.mx\/transparencia\/wp-json\/wp\/v2\/users\/2"}],"replies":[{"embeddable":true,"href":"https:\/\/purisimadelrincon.mx\/transparencia\/wp-json\/wp\/v2\/comments?post=2984"}],"version-history":[{"count":51,"href":"https:\/\/purisimadelrincon.mx\/transparencia\/wp-json\/wp\/v2\/pages\/2984\/revisions"}],"predecessor-version":[{"id":21488,"href":"https:\/\/purisimadelrincon.mx\/transparencia\/wp-json\/wp\/v2\/pages\/2984\/revisions\/21488"}],"wp:attachment":[{"href":"https:\/\/purisimadelrincon.mx\/transparencia\/wp-json\/wp\/v2\/media?parent=2984"}],"curies":[{"name":"wp","href":"https:\/\/api.w.org\/{rel}","templated":true}]}}