{"id":2986,"date":"2016-06-14T15:47:27","date_gmt":"2016-06-14T15:47:27","guid":{"rendered":"http:\/\/localhost\/transparencia\/?page_id=2986"},"modified":"2025-12-04T20:40:53","modified_gmt":"2025-12-04T20:40:53","slug":"xxii-la-informacion-relativa-a-la-deuda-publica-en-terminos-de-la-normatividad-aplicable","status":"publish","type":"page","link":"https:\/\/purisimadelrincon.mx\/transparencia\/xxii-la-informacion-relativa-a-la-deuda-publica-en-terminos-de-la-normatividad-aplicable\/","title":{"rendered":"XXII. La informaci\u00f3n relativa a la deuda p\u00fablica, en t\u00e9rminos de la normatividad aplicable."},"content":{"rendered":"<h5>PARA LAS OBLIGACIONES DEL EJERCICIO <strong>2022<\/strong> A LA FECHA ACTUAL, CONSULTALAS EN EL SIGUIENTE BOTON<\/h5>\n<p><a href=\"https:\/\/consultapublicamx.plataformadetransparencia.org.mx\/vut-web\/faces\/view\/consultaPublica.xhtml#inicio\"><img loading=\"lazy\" decoding=\"async\" class=\" wp-image-12755 aligncenter\" src=\"https:\/\/purisimadelrincon.mx\/transparencia\/wp-content\/uploads\/PLATAFORMANACIONAL-300x151.jpg\" alt=\"\" width=\"260\" height=\"136\" \/><\/a><\/p>\n<h5>Ejercicio 2021<\/h5>\n<ul>\n<li><a href=\"https:\/\/purisimadelrincon.mx\/transparencia\/wp-content\/uploads\/LTAIPG26F1_XXII-1T21-Teso.xlsx\">1er Trimestre<\/a><\/li>\n<li><a href=\"https:\/\/purisimadelrincon.mx\/transparencia\/wp-content\/uploads\/LTAIPG26F1_XXII-2T21-Teso.xlsx\">2do Trimestre<\/a><\/li>\n<li><a href=\"https:\/\/purisimadelrincon.mx\/transparencia\/wp-content\/uploads\/LTAIPG26F1_XXII-3T21-Teso.xlsx\">3er\u00a0Trimestre<\/a><\/li>\n<li><a href=\"https:\/\/purisimadelrincon.mx\/transparencia\/wp-content\/uploads\/LTAIPG26F1_XXII-4T21-Teso.xlsx\">4to Trimestre<\/a><\/li>\n<\/ul>\n<h5>Ejercicio 2020<\/h5>\n<ul>\n<li><a href=\"https:\/\/purisimadelrincon.mx\/transparencia\/wp-content\/uploads\/LTAIPG26F1_XXII-1T20-Teso.xlsx\">1er Trimestre<\/a><\/li>\n<li><a href=\"https:\/\/purisimadelrincon.mx\/transparencia\/wp-content\/uploads\/LTAIPG26F1_XXII-2T20-Teso.xlsx\">2do Trimestre<\/a><\/li>\n<li><a href=\"https:\/\/purisimadelrincon.mx\/transparencia\/wp-content\/uploads\/LTAIPG26F1_XXII-3T20-Teso.xlsx\">3er\u00a0Trimestre<\/a><\/li>\n<li><a href=\"https:\/\/purisimadelrincon.mx\/transparencia\/wp-content\/uploads\/LTAIPG26F1_XXII-4T20-Teso.xlsx\">4to Trimestre<\/a><\/li>\n<\/ul>\n<h5>Ejercicio 2019<\/h5>\n<ul>\n<li><a href=\"https:\/\/purisimadelrincon.mx\/transparencia\/wp-content\/uploads\/LTAIPG26F1_XXII-201906.xlsx\">Formato Deuda P\u00fablica 2019<\/a><\/li>\n<li><a href=\"https:\/\/purisimadelrincon.mx\/transparencia\/wp-content\/uploads\/LTAIPG26F1_XXII-1.xlsx\">1er. Trimestre<\/a><\/li>\n<li><a href=\"https:\/\/purisimadelrincon.mx\/transparencia\/wp-content\/uploads\/LTAIPG26F1_XXII-2.xlsx\">2do.Trimestre<\/a><\/li>\n<li><a href=\"https:\/\/purisimadelrincon.mx\/transparencia\/wp-content\/uploads\/LTAIPG26F1_XXII-3.xlsx\">3er. Trimestre<\/a><\/li>\n<\/ul>\n<h5>Sistema Municipal del Desarrollo de la Familia (DIF)<\/h5>\n<ul>\n<li><a href=\"https:\/\/purisimadelrincon.mx\/transparencia\/wp-content\/uploads\/DIF-Formato-Deuda-P\u00fablica.zip\">Formato Deuda P\u00fablica 2016<\/a><\/li>\n<\/ul>\n","protected":false},"excerpt":{"rendered":"<p>PARA LAS OBLIGACIONES DEL EJERCICIO 2022 A LA FECHA ACTUAL, CONSULTALAS EN EL SIGUIENTE BOTON Ejercicio 2021 1er Trimestre 2do Trimestre 3er\u00a0Trimestre 4to Trimestre Ejercicio 2020 1er Trimestre 2do Trimestre 3er\u00a0Trimestre 4to Trimestre Ejercicio 2019 Formato Deuda P\u00fablica 2019 1er. <a class=\"more-link\" href=\"https:\/\/purisimadelrincon.mx\/transparencia\/xxii-la-informacion-relativa-a-la-deuda-publica-en-terminos-de-la-normatividad-aplicable\/\">Seguir leyendo <span class=\"screen-reader-text\">  XXII. La informaci\u00f3n relativa a la deuda p\u00fablica, en t\u00e9rminos de la normatividad aplicable.<\/span><span class=\"meta-nav\">&rarr;<\/span><\/a><\/p>\n","protected":false},"author":2,"featured_media":0,"parent":0,"menu_order":0,"comment_status":"closed","ping_status":"closed","template":"page-fullwidth.php","meta":{"footnotes":""},"class_list":["post-2986","page","type-page","status-publish","hentry"],"_links":{"self":[{"href":"https:\/\/purisimadelrincon.mx\/transparencia\/wp-json\/wp\/v2\/pages\/2986","targetHints":{"allow":["GET"]}}],"collection":[{"href":"https:\/\/purisimadelrincon.mx\/transparencia\/wp-json\/wp\/v2\/pages"}],"about":[{"href":"https:\/\/purisimadelrincon.mx\/transparencia\/wp-json\/wp\/v2\/types\/page"}],"author":[{"embeddable":true,"href":"https:\/\/purisimadelrincon.mx\/transparencia\/wp-json\/wp\/v2\/users\/2"}],"replies":[{"embeddable":true,"href":"https:\/\/purisimadelrincon.mx\/transparencia\/wp-json\/wp\/v2\/comments?post=2986"}],"version-history":[{"count":23,"href":"https:\/\/purisimadelrincon.mx\/transparencia\/wp-json\/wp\/v2\/pages\/2986\/revisions"}],"predecessor-version":[{"id":21489,"href":"https:\/\/purisimadelrincon.mx\/transparencia\/wp-json\/wp\/v2\/pages\/2986\/revisions\/21489"}],"wp:attachment":[{"href":"https:\/\/purisimadelrincon.mx\/transparencia\/wp-json\/wp\/v2\/media?parent=2986"}],"curies":[{"name":"wp","href":"https:\/\/api.w.org\/{rel}","templated":true}]}}