{"id":3069,"date":"2016-08-12T18:22:09","date_gmt":"2016-08-12T18:22:09","guid":{"rendered":"http:\/\/localhost\/transparencia\/?page_id=3069"},"modified":"2025-12-03T21:51:44","modified_gmt":"2025-12-03T21:51:44","slug":"viii-la-remuneracion-bruta-y-neta-de-todos-los-servidores-publicos-de-base-o-de-confianza-de-todas-las-percepciones-incluyendo-sueldos-prestaciones-gratificaciones-primas-comisiones-dietas-bo","status":"publish","type":"page","link":"https:\/\/purisimadelrincon.mx\/transparencia\/viii-la-remuneracion-bruta-y-neta-de-todos-los-servidores-publicos-de-base-o-de-confianza-de-todas-las-percepciones-incluyendo-sueldos-prestaciones-gratificaciones-primas-comisiones-dietas-bo\/","title":{"rendered":"VIII. La remuneraci\u00f3n bruta y neta de todos los Servidores P\u00fablicos de base o de confianza, de todas las percepciones, incluyendo sueldos, prestaciones, gratificaciones, primas, comisiones, dietas, bonos, est\u00edmulos, ingresos y sistemas de compensaci\u00f3n, se\u00f1alando la periodicidad de dicha remuneraci\u00f3n."},"content":{"rendered":"<h5>PARA LAS OBLIGACIONES DEL EJERCICIO <strong>2022<\/strong> A LA FECHA ACTUAL, CONSULTALAS EN EL SIGUIENTE BOT\u00d3N<\/h5>\n<p><a href=\"https:\/\/consultapublicamx.plataformadetransparencia.org.mx\/vut-web\/faces\/view\/consultaPublica.xhtml#inicio\"><img loading=\"lazy\" decoding=\"async\" class=\" wp-image-12755 aligncenter\" src=\"https:\/\/purisimadelrincon.mx\/transparencia\/wp-content\/uploads\/PLATAFORMANACIONAL-300x151.jpg\" alt=\"\" width=\"260\" height=\"136\" \/><\/a><\/p>\n<h5>Ejercicio 2021<\/h5>\n<ul>\n<li>1er Trimestre\u00a0<a href=\"https:\/\/purisimadelrincon.mx\/transparencia\/wp-content\/uploads\/LTAIPG26F1_VIII1T22RecHum.xlsx\">VIII<\/a> y <a href=\"https:\/\/purisimadelrincon.mx\/transparencia\/wp-content\/uploads\/LGTAIPG26F2_VIIIB-1T21-RH.xlsx\">VIIIB<\/a><\/li>\n<li>2do Trimestre <a href=\"https:\/\/purisimadelrincon.mx\/transparencia\/wp-content\/uploads\/LTAIPG26F1_VIII2T21RecHum.xlsx\">VIII<\/a>\u00a0y <a href=\"https:\/\/purisimadelrincon.mx\/transparencia\/wp-content\/uploads\/LGTAIPG26F2_VIIIB-2T21-RH.xlsx\">VIIIB<\/a><\/li>\n<li>3er Trimestre <a href=\"https:\/\/purisimadelrincon.mx\/transparencia\/wp-content\/uploads\/LTAIPG26F1_VIII3T21RecHum.xlsx\">VIII<\/a> y <a href=\"https:\/\/purisimadelrincon.mx\/transparencia\/wp-content\/uploads\/LGTAIPG26F2_VIIIB-3T21-RH.xlsx\">VIIIB<\/a><\/li>\n<li>4to Trimestre <a href=\"https:\/\/purisimadelrincon.mx\/transparencia\/wp-content\/uploads\/LTAIPG26F1_VIII4T21RecHum.xlsx\">VIII<\/a> y <a href=\"https:\/\/purisimadelrincon.mx\/transparencia\/wp-content\/uploads\/LGTAIPG26F2_VIIIB-4T21-RH.xlsx\">VIIIB<\/a><\/li>\n<\/ul>\n<h5>Ejercicio 2020<\/h5>\n<ul>\n<li><a href=\"https:\/\/purisimadelrincon.mx\/transparencia\/wp-content\/uploads\/LTAIPG26F1_VIII1T20RecHUM.xlsx\">1er Trimestre<\/a><\/li>\n<li><a href=\"https:\/\/purisimadelrincon.mx\/transparencia\/wp-content\/uploads\/LTAIPG26F1_VIII2T20RecHum.xlsx\">2do Trimestre<\/a><\/li>\n<li><a href=\"https:\/\/purisimadelrincon.mx\/transparencia\/wp-content\/uploads\/LTAIPG26F1_VIII3T20RecHum.xlsx\">3er\u00a0Trimestre<\/a><\/li>\n<li><a href=\"https:\/\/purisimadelrincon.mx\/transparencia\/wp-content\/uploads\/LTAIPG26F1_VIII4T20RecHum.xlsx\">4to Trimestre<\/a><\/li>\n<\/ul>\n<h5>Ejercicio 2019<\/h5>\n<ul>\n<li><a href=\"https:\/\/purisimadelrincon.mx\/transparencia\/wp-content\/uploads\/LTAIPG26F1_VIII-T1Y2-19RecHum.xlsx\">Formato Remuneraci\u00f3n bruta y neta 1er. y 2do. Trimestre<\/a><\/li>\n<li><a href=\"https:\/\/purisimadelrincon.mx\/transparencia\/wp-content\/uploads\/LTAIPG26F1_VIII-T319RecHum.xlsx\">Formato Remuneraci\u00f3n bruta y neta 3er. Trimestre<\/a><\/li>\n<li><a href=\"https:\/\/purisimadelrincon.mx\/transparencia\/wp-content\/uploads\/LTAIPG26F1_VIII-T419RecHum.xlsx\">Formato Remuneraci\u00f3n bruta y neta 4to. Trimestre<\/a><\/li>\n<\/ul>\n<h4>Tabulador de sueldos<\/h4>\n<ul>\n<li><a href=\"https:\/\/purisimadelrincon.mx\/transparencia\/tabulador-2025\/\">Tabulador Presidencia 2025<\/a><\/li>\n<li><a href=\"https:\/\/purisimadelrincon.mx\/transparencia\/tabulador-2024\/\">Tabulador Presidencia 2024<\/a><\/li>\n<li><a href=\"https:\/\/purisimadelrincon.mx\/transparencia\/tabulador-2023\/\">Tabulador Presidencia 2023<\/a><\/li>\n<li><a href=\"https:\/\/purisimadelrincon.mx\/transparencia\/tabulador-2022\/\">Tabulador Presidencia 2022<\/a><\/li>\n<li><a href=\"https:\/\/purisimadelrincon.mx\/transparencia\/wp-content\/uploads\/TABULADOR2021.pdf\">Tabulador Presidencia 2021<\/a><\/li>\n<li><a href=\"https:\/\/purisimadelrincon.mx\/transparencia\/wp-content\/uploads\/TABULADOR2020.pdf\">Tabulador Presidencia 2020<\/a><\/li>\n<li><a style=\"font-size: 15px;\" href=\"https:\/\/purisimadelrincon.mx\/transparencia\/wp-content\/uploads\/TABULADOR-201902.pdf\">Tabulador Presidencia 2019<\/a><\/li>\n<li><a href=\"https:\/\/purisimadelrincon.mx\/transparencia\/wp-content\/uploads\/TABULADOR-2018.pdf\" target=\"_blank\" rel=\"noopener noreferrer\">Tabulador Presidencia 2018<\/a><\/li>\n<li><a href=\"https:\/\/purisimadelrincon.mx\/transparencia\/wp-content\/uploads\/TABULADOR-2017.pdf\" target=\"_blank\" rel=\"noopener noreferrer\">Tabulador Presidencia 2017<\/a><\/li>\n<li><a href=\"https:\/\/purisimadelrincon.mx\/transparencia\/wp-content\/uploads\/TABULADOR-2016.pdf\">Tabulador Presidencia 2016<\/a><\/li>\n<li><a href=\"https:\/\/purisimadelrincon.mx\/transparencia\/wp-content\/uploads\/TABULADOR-ADMON-2015-2018.pdf\">Tabulador Presidencia 2015<\/a><\/li>\n<li><a href=\"https:\/\/purisimadelrincon.mx\/transparencia\/wp-content\/uploads\/Tabulador2014Septiembre.pdf\" target=\"_blank\" rel=\"noopener noreferrer\">Tabulador Presidencia 2014<\/a><\/li>\n<\/ul>\n<h5>DIF<\/h5>\n<ul>\n<li><a href=\"https:\/\/purisimadelrincon.mx\/transparencia\/wp-content\/uploads\/Tabulador-2015-3ra-modificaion.pdf\">Tabulador DIF 2015 3ra modificaci\u00f3n<\/a><\/li>\n<li><a href=\"https:\/\/purisimadelrincon.mx\/transparencia\/?attachment_id=1743\">Tabulador DIF 2015<\/a><\/li>\n<li><a href=\"https:\/\/purisimadelrincon.mx\/transparencia\/wp-content\/uploads\/Tab_2014_DIF.pdf\" target=\"_blank\" rel=\"noopener noreferrer\">Tabulador DIF 2014 modificaci\u00f3n septiembre<\/a><\/li>\n<li><a href=\"https:\/\/purisimadelrincon.mx\/transparencia\/wp-content\/uploads\/2014\/05\/Tabulador2014_DIF.pdf\" target=\"_blank\" rel=\"noopener noreferrer\">Tabulador DIF 2014<\/a><\/li>\n<\/ul>\n<h5>Instituto de las Mujeres Purisimenses<\/h5>\n<ul>\n<li><a href=\"https:\/\/purisimadelrincon.mx\/transparencia\/wp-content\/uploads\/TABULADOR-DE-SUELDOS-Y-SALARIOS-2025-01-SEP-25.pdf\">Tabulador de sueldos y salarios Sept 2025\u00a0<\/a><\/li>\n<li><a href=\"https:\/\/purisimadelrincon.mx\/transparencia\/wp-content\/uploads\/TABULADOR-DE-SUELDOS-Y-SALARIOS-2025.pdf\">Tabulador de Sueldos y Salarios 2025<\/a><\/li>\n<li><a href=\"https:\/\/purisimadelrincon.mx\/transparencia\/wp-content\/uploads\/TABULADOR-DE-SUELDOS-Y-SALARIOS-2024.pdf\">Tabulador de sueldos y salarios 2024<\/a><\/li>\n<li><a href=\"https:\/\/purisimadelrincon.mx\/transparencia\/wp-content\/uploads\/TABULADOR-DE-SUELDOS-Y-SALARIOS-2023.pdf\">Tabulador de sueldos y salarios 2023<\/a><\/li>\n<li><a href=\"https:\/\/purisimadelrincon.mx\/transparencia\/wp-content\/uploads\/TABULADOR-DE-SUELDOS-Y-SALARIOS-AL-01-DE-SEPTIEMBRE-DEL-2023.pdf\">Tabulador de sueldos y salarios al 01 de Sept. del 2023<\/a><\/li>\n<\/ul>\n\n\n<p><\/p>\n","protected":false},"excerpt":{"rendered":"<p>PARA LAS OBLIGACIONES DEL EJERCICIO 2022 A LA FECHA ACTUAL, CONSULTALAS EN EL SIGUIENTE BOT\u00d3N Ejercicio 2021 1er Trimestre\u00a0VIII y VIIIB 2do Trimestre VIII\u00a0y VIIIB 3er Trimestre VIII y VIIIB 4to Trimestre VIII y VIIIB Ejercicio 2020 1er Trimestre 2do <a class=\"more-link\" href=\"https:\/\/purisimadelrincon.mx\/transparencia\/viii-la-remuneracion-bruta-y-neta-de-todos-los-servidores-publicos-de-base-o-de-confianza-de-todas-las-percepciones-incluyendo-sueldos-prestaciones-gratificaciones-primas-comisiones-dietas-bo\/\">Seguir leyendo <span class=\"screen-reader-text\">  VIII. La remuneraci\u00f3n bruta y neta de todos los Servidores P\u00fablicos de base o de confianza, de todas las percepciones, incluyendo sueldos, prestaciones, gratificaciones, primas, comisiones, dietas, bonos, est\u00edmulos, ingresos y sistemas de compensaci\u00f3n, se\u00f1alando la periodicidad de dicha remuneraci\u00f3n.<\/span><span class=\"meta-nav\">&rarr;<\/span><\/a><\/p>\n","protected":false},"author":2,"featured_media":0,"parent":0,"menu_order":0,"comment_status":"closed","ping_status":"closed","template":"page-fullwidth.php","meta":{"footnotes":""},"class_list":["post-3069","page","type-page","status-publish","hentry"],"_links":{"self":[{"href":"https:\/\/purisimadelrincon.mx\/transparencia\/wp-json\/wp\/v2\/pages\/3069","targetHints":{"allow":["GET"]}}],"collection":[{"href":"https:\/\/purisimadelrincon.mx\/transparencia\/wp-json\/wp\/v2\/pages"}],"about":[{"href":"https:\/\/purisimadelrincon.mx\/transparencia\/wp-json\/wp\/v2\/types\/page"}],"author":[{"embeddable":true,"href":"https:\/\/purisimadelrincon.mx\/transparencia\/wp-json\/wp\/v2\/users\/2"}],"replies":[{"embeddable":true,"href":"https:\/\/purisimadelrincon.mx\/transparencia\/wp-json\/wp\/v2\/comments?post=3069"}],"version-history":[{"count":55,"href":"https:\/\/purisimadelrincon.mx\/transparencia\/wp-json\/wp\/v2\/pages\/3069\/revisions"}],"predecessor-version":[{"id":21474,"href":"https:\/\/purisimadelrincon.mx\/transparencia\/wp-json\/wp\/v2\/pages\/3069\/revisions\/21474"}],"wp:attachment":[{"href":"https:\/\/purisimadelrincon.mx\/transparencia\/wp-json\/wp\/v2\/media?parent=3069"}],"curies":[{"name":"wp","href":"https:\/\/api.w.org\/{rel}","templated":true}]}}