{"id":3080,"date":"2016-08-12T18:49:27","date_gmt":"2016-08-12T18:49:27","guid":{"rendered":"http:\/\/localhost\/transparencia\/?page_id=3080"},"modified":"2025-12-04T21:30:35","modified_gmt":"2025-12-04T21:30:35","slug":"xlviii-cualquier-otra-informacion-que-sea-de-utilidad-o-se-considere-relevante-ademas-de-la-que-con-base-en-la-informacion-estadistica-responda-a-las-preguntas-hechas-con-mas-frecuencia-por-el-pub","status":"publish","type":"page","link":"https:\/\/purisimadelrincon.mx\/transparencia\/xlviii-cualquier-otra-informacion-que-sea-de-utilidad-o-se-considere-relevante-ademas-de-la-que-con-base-en-la-informacion-estadistica-responda-a-las-preguntas-hechas-con-mas-frecuencia-por-el-pub\/","title":{"rendered":"XLVIII. Cualquier otra informaci\u00f3n que sea de utilidad o se considere relevante, adem\u00e1s de la que, con base en la informaci\u00f3n estad\u00edstica, responda a las preguntas hechas con m\u00e1s frecuencia por el p\u00fablico, debiendo comunicar al Pleno del Instituto los rubros de informaci\u00f3n para que \u00e9ste, fundada y motivada apruebe la relaci\u00f3n de informaci\u00f3n que deber\u00e1 publicarse, debiendo hacer menci\u00f3n en su p\u00e1gina web de la que no les resulte aplicable."},"content":{"rendered":"<h5>PARA LAS OBLIGACIONES DEL EJERCICIO <strong>2022<\/strong> A LA FECHA ACTUAL, CONSULTALAS EN EL SIGUIENTE BOT\u00d3N<\/h5>\n<p><a href=\"https:\/\/consultapublicamx.plataformadetransparencia.org.mx\/vut-web\/faces\/view\/consultaPublica.xhtml#inicio\"><img loading=\"lazy\" decoding=\"async\" class=\" wp-image-12755 aligncenter\" src=\"https:\/\/purisimadelrincon.mx\/transparencia\/wp-content\/uploads\/PLATAFORMANACIONAL-300x151.jpg\" alt=\"\" width=\"260\" height=\"136\" \/><\/a><\/p>\n<h5>Ejercicio 2021<\/h5>\n<ul>\n<li>1er Trimestre\n<ul>\n<li style=\"list-style-type: none;\">\n<ul>\n<li><a href=\"https:\/\/purisimadelrincon.mx\/transparencia\/wp-content\/uploads\/LTAIPG26F1_XLVIIIA-1T21-Todos.xlsx\"><span class=\"title\">Informaci\u00f3n inter\u00e9s p\u00fablico<\/span><\/a><\/li>\n<li><a href=\"https:\/\/purisimadelrincon.mx\/transparencia\/wp-content\/uploads\/LTAIPG26F2_XLVIIIB-1T21-Todos.xlsx\">Preguntas frecuentes<\/a><\/li>\n<li><a href=\"https:\/\/purisimadelrincon.mx\/transparencia\/wp-content\/uploads\/LTAIPG26F3_XLVIIIC-1T21-Todos.xlsx\">Transparencia proactiva<\/a><\/li>\n<\/ul>\n<\/li>\n<\/ul>\n<\/li>\n<li>2do Trimestre\n<ul>\n<li style=\"list-style-type: none;\">\n<ul>\n<li><a href=\"https:\/\/purisimadelrincon.mx\/transparencia\/wp-content\/uploads\/LTAIPG26F1_XLVIIIA-2T21-todos.xlsx\"><span class=\"title\">Informaci\u00f3n inter\u00e9s p\u00fablico<\/span><\/a><\/li>\n<li><a href=\"https:\/\/purisimadelrincon.mx\/transparencia\/wp-content\/uploads\/LTAIPG26F2_XLVIIIB-2T21-todos.xlsx\">Preguntas frecuentes<\/a><\/li>\n<li><a href=\"https:\/\/purisimadelrincon.mx\/transparencia\/wp-content\/uploads\/LTAIPG26F3_XLVIIIC-2T21-todos.xlsx\">Transparencia proactiva<\/a><\/li>\n<\/ul>\n<\/li>\n<\/ul>\n<\/li>\n<li>3er Trimestre\n<ul>\n<li style=\"list-style-type: none;\">\n<ul>\n<li><a href=\"https:\/\/purisimadelrincon.mx\/transparencia\/wp-content\/uploads\/LTAIPG26F1_XLVIIIA-3T21-ATODOS.xlsx\"><span class=\"title\">Informaci\u00f3n inter\u00e9s p\u00fablico<\/span><\/a><\/li>\n<li><a href=\"https:\/\/purisimadelrincon.mx\/transparencia\/wp-content\/uploads\/LTAIPG26F2_XLVIIIB-3T21-ATODOS.xlsx\">Preguntas frecuentes<\/a><\/li>\n<li><a href=\"https:\/\/purisimadelrincon.mx\/transparencia\/wp-content\/uploads\/LTAIPG26F3_XLVIIIC-3T21-ATODOS.xlsx\">Transparencia proactiva<\/a><\/li>\n<\/ul>\n<\/li>\n<\/ul>\n<\/li>\n<li>4to Trimestre\n<ul>\n<li style=\"list-style-type: none;\">\n<ul>\n<li><a href=\"https:\/\/purisimadelrincon.mx\/transparencia\/wp-content\/uploads\/LTAIPG26F1_XLVIIIA-4T21-CONJUNTO.xlsx\"><span class=\"title\">Informaci\u00f3n inter\u00e9s p\u00fablico<\/span><\/a><\/li>\n<li><a href=\"https:\/\/purisimadelrincon.mx\/transparencia\/wp-content\/uploads\/LTAIPG26F2_XLVIIIB-4T21-CONJUNTO.xlsx\">Preguntas frecuentes<\/a><\/li>\n<li><a href=\"https:\/\/purisimadelrincon.mx\/transparencia\/wp-content\/uploads\/LTAIPG26F3_XLVIIIC-4T21-CONJUNTO.xlsx\">Transparencia proactiva<\/a><\/li>\n<\/ul>\n<\/li>\n<\/ul>\n<\/li>\n<\/ul>\n<h5>Ejercicio 2020<\/h5>\n<ul>\n<li>1er Trimestre\n<ul>\n<li style=\"list-style-type: none;\">\n<ul>\n<li><a href=\"https:\/\/purisimadelrincon.mx\/transparencia\/wp-content\/uploads\/LTAIPG26F1_XLVIIIA-1T20.xlsx\"><span class=\"title\">Informaci\u00f3n inter\u00e9s p\u00fablico<\/span><\/a><\/li>\n<li><a href=\"https:\/\/purisimadelrincon.mx\/transparencia\/wp-content\/uploads\/LTAIPG26F2_XLVIIIB-1T20.xlsx\">Preguntas frecuentes<\/a><\/li>\n<li><a href=\"https:\/\/purisimadelrincon.mx\/transparencia\/wp-content\/uploads\/LTAIPG26F3_XLVIIIC-1T20.xlsx\">Transparencia proactiva<\/a><\/li>\n<\/ul>\n<\/li>\n<\/ul>\n<\/li>\n<li>2do Trimestre\n<ul>\n<li style=\"list-style-type: none;\">\n<ul>\n<li><a href=\"https:\/\/purisimadelrincon.mx\/transparencia\/wp-content\/uploads\/LTAIPG26F1_XLVIIIA-2T20t.xlsx\"><span class=\"title\">Informaci\u00f3n inter\u00e9s p\u00fablico<\/span><\/a><\/li>\n<li><a href=\"https:\/\/purisimadelrincon.mx\/transparencia\/wp-content\/uploads\/LTAIPG26F2_XLVIIIB-2T20t.xlsx\">Preguntas frecuentes<\/a><\/li>\n<li><a href=\"https:\/\/purisimadelrincon.mx\/transparencia\/wp-content\/uploads\/LTAIPG26F3_XLVIIIC-2T20t.xlsx\">Transparencia proactiva<\/a><\/li>\n<\/ul>\n<\/li>\n<\/ul>\n<\/li>\n<li>3er Trimestre\n<ul>\n<li style=\"list-style-type: none;\">\n<ul>\n<li><a href=\"https:\/\/purisimadelrincon.mx\/transparencia\/wp-content\/uploads\/LTAIPG26F1_XLVIIIA-3T20t.xlsx\"><span class=\"title\">Informaci\u00f3n inter\u00e9s p\u00fablico<\/span><\/a><\/li>\n<li><a href=\"https:\/\/purisimadelrincon.mx\/transparencia\/wp-content\/uploads\/LTAIPG26F2_XLVIIIB-3T20t.xlsx\">Preguntas frecuentes<\/a><\/li>\n<li><a href=\"https:\/\/purisimadelrincon.mx\/transparencia\/wp-content\/uploads\/LTAIPG26F3_XLVIIIC-3T20t.xlsx\">Transparencia proactiva<\/a><\/li>\n<\/ul>\n<\/li>\n<\/ul>\n<\/li>\n<li>4to Trimestre\n<ul>\n<li style=\"list-style-type: none;\">\n<ul>\n<li><a href=\"https:\/\/purisimadelrincon.mx\/transparencia\/wp-content\/uploads\/LTAIPG26F1_XLVIIIA-4T20t.xlsx\"><span class=\"title\">Informaci\u00f3n inter\u00e9s p\u00fablico<\/span><\/a><\/li>\n<li><a href=\"https:\/\/purisimadelrincon.mx\/transparencia\/wp-content\/uploads\/LTAIPG26F2_XLVIIIB-4T20t.xlsx\">Preguntas frecuentes<\/a><\/li>\n<li><a href=\"https:\/\/purisimadelrincon.mx\/transparencia\/wp-content\/uploads\/LTAIPG26F3_XLVIIIC-4T20t.xlsx\">Transparencia proactiva<\/a><\/li>\n<\/ul>\n<\/li>\n<\/ul>\n<\/li>\n<\/ul>\n<h5>Ejercicio 2019<\/h5>\n<ul>\n<li style=\"list-style-type: none;\">\n<ul>\n<li style=\"list-style-type: none;\">\n<ul>\n<li><a href=\"https:\/\/purisimadelrincon.mx\/transparencia\/wp-content\/uploads\/LTAIPG26F1_XLVIIIA.xlsx\"><span class=\"title\">Informaci\u00f3n inter\u00e9s p\u00fablico<\/span><\/a><\/li>\n<li><a href=\"https:\/\/purisimadelrincon.mx\/transparencia\/wp-content\/uploads\/LTAIPG26F2_XLVIIIB.xlsx\">Preguntas frecuentes<\/a><\/li>\n<li><a href=\"https:\/\/purisimadelrincon.mx\/transparencia\/wp-content\/uploads\/LTAIPG26F3_XLVIIIC.xlsx\">Transparencia Proactiva<\/a><\/li>\n<\/ul>\n<\/li>\n<\/ul>\n<\/li>\n<\/ul>\n<h5>Ejercicio 2017<\/h5>\n<ul>\n<li style=\"list-style-type: none;\">\n<ul>\n<li style=\"list-style-type: none;\">\n<ul>\n<li><span class=\"title\"><a href=\"https:\/\/purisimadelrincon.mx\/transparencia\/wp-content\/uploads\/Informaci\u00f3n-inter\u00e9s-p\u00fablico-2017-A.xlsx\">Informaci\u00f3n Inter\u00e9s p\u00fablico A<\/a><\/span><\/li>\n<li><a href=\"https:\/\/purisimadelrincon.mx\/transparencia\/wp-content\/uploads\/Informaci\u00f3n-Inter\u00e9s-p\u00fablico-2017-B.xlsx\"><span class=\"title\">Informaci\u00f3n Inter\u00e9s p\u00fablico B<\/span><\/a><\/li>\n<li><a href=\"https:\/\/purisimadelrincon.mx\/transparencia\/wp-content\/uploads\/Preguntas-frecuentes2017.xlsx\">Preguntas frecuentes<\/a><\/li>\n<li><a href=\"https:\/\/purisimadelrincon.mx\/transparencia\/wp-content\/uploads\/Transparencia-Proactiva2017.xlsx\">Transparencia Proactiva<\/a><\/li>\n<\/ul>\n<\/li>\n<\/ul>\n<\/li>\n<\/ul>\n<h5>Ejercicio 2016<\/h5>\n<ul>\n<li style=\"list-style-type: none;\">\n<ul>\n<li style=\"list-style-type: none;\">\n<ul>\n<li>\n<div class=\"filename new\"><span class=\"title\"><a href=\"https:\/\/purisimadelrincon.mx\/transparencia\/wp-content\/uploads\/Informaci\u00f3n-inter\u00e9s-p\u00fablico-2016-A.xlsx\">Informaci\u00f3n Inter\u00e9s p\u00fablico A<\/a><br \/><\/span><\/div>\n<\/li>\n<li><a href=\"https:\/\/purisimadelrincon.mx\/transparencia\/wp-content\/uploads\/Informaci\u00f3n-Inter\u00e9s-p\u00fablico-2016-B.xlsx\"><span class=\"title\">Informaci\u00f3n Inter\u00e9s p\u00fablico B<\/span><\/a><\/li>\n<li><a href=\"https:\/\/purisimadelrincon.mx\/transparencia\/wp-content\/uploads\/Preguntas-frecuentes2016.xlsx\">Preguntas frecuentes<\/a><\/li>\n<li><a href=\"https:\/\/purisimadelrincon.mx\/transparencia\/wp-content\/uploads\/Transparencia-Proactiva2016.xlsx\">Transparencia Proactiva<\/a><\/li>\n<\/ul>\n<\/li>\n<\/ul>\n<\/li>\n<\/ul>\n<h5>Ejercicio 2015<\/h5>\n<ul>\n<li style=\"list-style-type: none;\">\n<ul>\n<li style=\"list-style-type: none;\">\n<ul>\n<li><span class=\"title\"><a href=\"https:\/\/purisimadelrincon.mx\/transparencia\/wp-content\/uploads\/Informaci\u00f3n-inter\u00e9s-p\u00fablico-2015-A.xlsx\">Informaci\u00f3n Inter\u00e9s p\u00fablico A<\/a><\/span><\/li>\n<li>\n<div class=\"filename new\"><a href=\"https:\/\/purisimadelrincon.mx\/transparencia\/wp-content\/uploads\/Informaci\u00f3n-inter\u00e9s-p\u00fablico-2015-B.xlsx\"><span class=\"title\">Informaci\u00f3n Inter\u00e9s p\u00fablico B<\/span><\/a><\/div>\n<\/li>\n<li><a href=\"https:\/\/purisimadelrincon.mx\/transparencia\/wp-content\/uploads\/Preguntas-frecuentes2015.xlsx\">Preguntas frecuentes<\/a><\/li>\n<li><a href=\"https:\/\/purisimadelrincon.mx\/transparencia\/wp-content\/uploads\/Transparencia-Proactiva2015.xlsx\">Transparencia Proactiva<\/a><\/li>\n<\/ul>\n<\/li>\n<\/ul>\n<\/li>\n<\/ul>\n<h5><strong>Secretar\u00eda del H. Ayuntamiento<\/strong><\/h5>\n<ul>\n<li>Beneficiarios de apoyos Enero-Junio 2018\u00a0<a href=\"https:\/\/purisimadelrincon.mx\/transparencia\/wp-content\/uploads\/Formato-Padr\u00f3n-de-beneficiarios-del-programa-social-2018-01-06.pdf\">PDF<\/a><\/li>\n<li>Beneficiarios de apoyos 2017<a href=\"https:\/\/purisimadelrincon.mx\/transparencia\/wp-content\/uploads\/Formato-Padr\u00f3n-de-beneficiarios-2017-SP-01-121.pdf\" target=\"_blank\" rel=\"noopener noreferrer\"> PDF<\/a> y <a href=\"https:\/\/purisimadelrincon.mx\/transparencia\/wp-content\/uploads\/Formato-Padr\u00f3n-de-beneficiarios-del-programa-social-2017-SP.xlsx\">XLS<\/a><\/li>\n<li>Beneficiarios de apoyos 2016<a href=\"https:\/\/purisimadelrincon.mx\/transparencia\/wp-content\/uploads\/2016-Apoyos-Ene-Dici.pdf\" target=\"_blank\" rel=\"noopener noreferrer\"> PDF<\/a> y <a href=\"https:\/\/purisimadelrincon.mx\/transparencia\/wp-content\/uploads\/Formato-Padr\u00f3n-de-beneficiarios-del-programa-social-2016-SP.xlsx\" target=\"_blank\" rel=\"noopener noreferrer\">XLS<\/a><\/li>\n<li>Beneficiarios de apoyos 2015<a href=\"https:\/\/purisimadelrincon.mx\/transparencia\/wp-content\/uploads\/2015-Apoyos-Ene-Dic.pdf\" target=\"_blank\" rel=\"noopener noreferrer\"> PDF<\/a> y <a href=\"https:\/\/purisimadelrincon.mx\/transparencia\/wp-content\/uploads\/Formato-Padr\u00f3n-de-beneficiarios-del-programa-social-2015-SP.xlsx\" target=\"_blank\" rel=\"noopener noreferrer\">XLS<\/a><\/li>\n<li>Beneficiarios de apoyos 2014<a href=\"https:\/\/purisimadelrincon.mx\/transparencia\/wp-content\/uploads\/Apoyos2014.pdf\" target=\"_blank\" rel=\"noopener noreferrer\"> PDF<\/a> y <a href=\"https:\/\/purisimadelrincon.mx\/transparencia\/wp-content\/uploads\/Formato-Padr\u00f3n-de-beneficiarios-del-programa-social-2014-SP.xlsx\" target=\"_blank\" rel=\"noopener noreferrer\">XLS<\/a><\/li>\n<\/ul>\n<h5><a href=\"https:\/\/purisimadelrincon.mx\/transparencia\/informacion-de-interes-publico\/\"><strong>Coordinaci\u00f3n de Transito y Transporte<\/strong><\/a><\/h5>\n<h5><strong><a href=\"https:\/\/purisimadelrincon.mx\/transparencia\/informacion-de-interes-publico-archivo\/\">Coordinaci\u00f3n de Archivo Municipal<\/a><\/strong><\/h5>\n<h5><a href=\"https:\/\/purisimadelrincon.mx\/transparencia\/informacion-de-interes-publico-desarrollo-economico\/\"><b>Direcci\u00f3n<\/b><strong>\u00a0de Desarrollo\u00a0<\/strong><b>Econ\u00f3mico<\/b><\/a><\/h5>\n\n\n<p><\/p>\n","protected":false},"excerpt":{"rendered":"<p>PARA LAS OBLIGACIONES DEL EJERCICIO 2022 A LA FECHA ACTUAL, CONSULTALAS EN EL SIGUIENTE BOT\u00d3N Ejercicio 2021 1er Trimestre Informaci\u00f3n inter\u00e9s p\u00fablico Preguntas frecuentes Transparencia proactiva 2do Trimestre Informaci\u00f3n inter\u00e9s p\u00fablico Preguntas frecuentes Transparencia proactiva 3er Trimestre Informaci\u00f3n inter\u00e9s p\u00fablico <a class=\"more-link\" href=\"https:\/\/purisimadelrincon.mx\/transparencia\/xlviii-cualquier-otra-informacion-que-sea-de-utilidad-o-se-considere-relevante-ademas-de-la-que-con-base-en-la-informacion-estadistica-responda-a-las-preguntas-hechas-con-mas-frecuencia-por-el-pub\/\">Seguir leyendo <span class=\"screen-reader-text\">  XLVIII. Cualquier otra informaci\u00f3n que sea de utilidad o se considere relevante, adem\u00e1s de la que, con base en la informaci\u00f3n estad\u00edstica, responda a las preguntas hechas con m\u00e1s frecuencia por el p\u00fablico, debiendo comunicar al Pleno del Instituto los rubros de informaci\u00f3n para que \u00e9ste, fundada y motivada apruebe la relaci\u00f3n de informaci\u00f3n que deber\u00e1 publicarse, debiendo hacer menci\u00f3n en su p\u00e1gina web de la que no les resulte aplicable.<\/span><span class=\"meta-nav\">&rarr;<\/span><\/a><\/p>\n","protected":false},"author":2,"featured_media":0,"parent":0,"menu_order":0,"comment_status":"closed","ping_status":"closed","template":"page-fullwidth.php","meta":{"footnotes":""},"class_list":["post-3080","page","type-page","status-publish","hentry"],"_links":{"self":[{"href":"https:\/\/purisimadelrincon.mx\/transparencia\/wp-json\/wp\/v2\/pages\/3080","targetHints":{"allow":["GET"]}}],"collection":[{"href":"https:\/\/purisimadelrincon.mx\/transparencia\/wp-json\/wp\/v2\/pages"}],"about":[{"href":"https:\/\/purisimadelrincon.mx\/transparencia\/wp-json\/wp\/v2\/types\/page"}],"author":[{"embeddable":true,"href":"https:\/\/purisimadelrincon.mx\/transparencia\/wp-json\/wp\/v2\/users\/2"}],"replies":[{"embeddable":true,"href":"https:\/\/purisimadelrincon.mx\/transparencia\/wp-json\/wp\/v2\/comments?post=3080"}],"version-history":[{"count":66,"href":"https:\/\/purisimadelrincon.mx\/transparencia\/wp-json\/wp\/v2\/pages\/3080\/revisions"}],"predecessor-version":[{"id":21518,"href":"https:\/\/purisimadelrincon.mx\/transparencia\/wp-json\/wp\/v2\/pages\/3080\/revisions\/21518"}],"wp:attachment":[{"href":"https:\/\/purisimadelrincon.mx\/transparencia\/wp-json\/wp\/v2\/media?parent=3080"}],"curies":[{"name":"wp","href":"https:\/\/api.w.org\/{rel}","templated":true}]}}