{"id":3190,"date":"2016-12-01T19:25:14","date_gmt":"2016-12-01T19:25:14","guid":{"rendered":"http:\/\/localhost\/transparencia\/?page_id=3190"},"modified":"2016-12-01T20:08:27","modified_gmt":"2016-12-01T20:08:27","slug":"programa-de-inversion-publica-2015","status":"publish","type":"page","link":"https:\/\/purisimadelrincon.mx\/transparencia\/programa-de-inversion-publica-2015\/","title":{"rendered":"Programa de Inversi\u00f3n de Obra P\u00fablica 2015"},"content":{"rendered":"<p>Para poder visualizar los archivos\u00a0<strong>PDF<\/strong>, necesitas el programa\u00a0<strong><span style=\"color: #ff0000;\">ADOBE\u00ae<\/span>\u00a0READER\u00ae<\/strong>, si no lo tienes, desc\u00e1rgalo\u00a0<a href=\"http:\/\/get.adobe.com\/es\/reader\/\" target=\"_blank\">aqu\u00ed<\/a>.<\/p>\n<h1><\/h1>\n<h3>Programa de Inversi\u00f3n de Obra P\u00fablica 2015<\/h3>\n<h6><strong><a href=\"https:\/\/purisimadelrincon.mx\/transparencia\/wp-content\/uploads\/PROGRAMA-DE-INV.-OP-2015-INICIAL.pdf\" target=\"_blank\">Programa de Inversi\u00f3n de Obra P\u00fablica 2015 &#8211; Inicial<\/a><br \/>\n<\/strong><\/h6>\n<h6><strong><a href=\"https:\/\/purisimadelrincon.mx\/transparencia\/wp-content\/uploads\/PROGRAMA-DE-INV.-OP-2015-2A.pdf\" target=\"_blank\">Programa de Inversi\u00f3n de Obra P\u00fablica 2015 &#8211; 2da<\/a><br \/>\n<\/strong><\/h6>\n<h6><strong><a href=\"https:\/\/purisimadelrincon.mx\/transparencia\/wp-content\/uploads\/PROGRANA-DE-INV.-OP-2015-3A.pdf\" target=\"_blank\">Programa de Inversi\u00f3n de Obra P\u00fablica 2015 &#8211; 3ra<\/a><br \/>\n<\/strong><\/h6>\n<h6><a href=\"https:\/\/purisimadelrincon.mx\/transparencia\/wp-content\/uploads\/PROGRAMA-DE-INV.-OP-2015-4A.pdf\" target=\"_blank\"><strong>Programa de Inversi\u00f3n de Obra P\u00fablica 2015 &#8211; 4ta<\/strong><\/a><\/h6>\n","protected":false},"excerpt":{"rendered":"<p>Para poder visualizar los archivos\u00a0PDF, necesitas el programa\u00a0ADOBE\u00ae\u00a0READER\u00ae, si no lo tienes, desc\u00e1rgalo\u00a0aqu\u00ed. Programa de Inversi\u00f3n de Obra P\u00fablica 2015 Programa de Inversi\u00f3n de Obra P\u00fablica 2015 &#8211; Inicial Programa de Inversi\u00f3n de Obra P\u00fablica 2015 &#8211; 2da Programa de <a class=\"more-link\" href=\"https:\/\/purisimadelrincon.mx\/transparencia\/programa-de-inversion-publica-2015\/\">Seguir leyendo <span class=\"screen-reader-text\">  Programa de Inversi\u00f3n de Obra P\u00fablica 2015<\/span><span class=\"meta-nav\">&rarr;<\/span><\/a><\/p>\n","protected":false},"author":2,"featured_media":0,"parent":0,"menu_order":0,"comment_status":"closed","ping_status":"closed","template":"","meta":{"footnotes":""},"class_list":["post-3190","page","type-page","status-publish","hentry"],"_links":{"self":[{"href":"https:\/\/purisimadelrincon.mx\/transparencia\/wp-json\/wp\/v2\/pages\/3190","targetHints":{"allow":["GET"]}}],"collection":[{"href":"https:\/\/purisimadelrincon.mx\/transparencia\/wp-json\/wp\/v2\/pages"}],"about":[{"href":"https:\/\/purisimadelrincon.mx\/transparencia\/wp-json\/wp\/v2\/types\/page"}],"author":[{"embeddable":true,"href":"https:\/\/purisimadelrincon.mx\/transparencia\/wp-json\/wp\/v2\/users\/2"}],"replies":[{"embeddable":true,"href":"https:\/\/purisimadelrincon.mx\/transparencia\/wp-json\/wp\/v2\/comments?post=3190"}],"version-history":[{"count":8,"href":"https:\/\/purisimadelrincon.mx\/transparencia\/wp-json\/wp\/v2\/pages\/3190\/revisions"}],"predecessor-version":[{"id":3215,"href":"https:\/\/purisimadelrincon.mx\/transparencia\/wp-json\/wp\/v2\/pages\/3190\/revisions\/3215"}],"wp:attachment":[{"href":"https:\/\/purisimadelrincon.mx\/transparencia\/wp-json\/wp\/v2\/media?parent=3190"}],"curies":[{"name":"wp","href":"https:\/\/api.w.org\/{rel}","templated":true}]}}