{"id":3704,"date":"2017-05-03T15:58:23","date_gmt":"2017-05-03T15:58:23","guid":{"rendered":"http:\/\/localhost\/transparencia\/?page_id=3704"},"modified":"2021-12-14T20:02:07","modified_gmt":"2021-12-14T20:02:07","slug":"programa-operativo-anual","status":"publish","type":"page","link":"https:\/\/purisimadelrincon.mx\/transparencia\/programa-operativo-anual\/","title":{"rendered":"Programa Operativo Anual"},"content":{"rendered":"<h5>Archivo Hist\u00f3rico<\/h5>\n<ul>\n<li><a href=\"https:\/\/purisimadelrincon.mx\/transparencia\/wp-content\/uploads\/POA-Archivo-2018.xls\" target=\"_blank\" rel=\"noopener\">POA 2018<\/a><\/li>\n<li>POA 2017<\/li>\n<\/ul>\n<h5>Casa de la Cultura<\/h5>\n<ul>\n<li><a href=\"https:\/\/purisimadelrincon.mx\/transparencia\/wp-content\/uploads\/POA-CCultura-2018.xls\" target=\"_blank\" rel=\"noopener\">POA 2018<\/a><\/li>\n<li><a href=\"https:\/\/purisimadelrincon.mx\/transparencia\/wp-content\/uploads\/POA-CCultura-2017.xls\" target=\"_blank\" rel=\"noopener\">POA 2017<\/a><\/li>\n<\/ul>\n<h5>Comisi\u00f3n Municipal del Deporte<\/h5>\n<ul>\n<li><a href=\"https:\/\/purisimadelrincon.mx\/transparencia\/wp-content\/uploads\/POA-Comude-2018.xls\" target=\"_blank\" rel=\"noopener\">POA 2018<\/a><\/li>\n<li><a href=\"https:\/\/purisimadelrincon.mx\/transparencia\/wp-content\/uploads\/POA-Comude-2017.xls\" target=\"_blank\" rel=\"noopener\">POA 2017<\/a><\/li>\n<\/ul>\n<div>\n<h5>Comunicaci\u00f3n Social<\/h5>\n<ul>\n<li><a href=\"https:\/\/purisimadelrincon.mx\/transparencia\/wp-content\/uploads\/POA-CComunic-2018.xls\" target=\"_blank\" rel=\"noopener\">POA 2018<\/a><\/li>\n<li><a href=\"https:\/\/purisimadelrincon.mx\/transparencia\/wp-content\/uploads\/POA-Comunic-2017.xls\" target=\"_blank\" rel=\"noopener\">POA 2017<\/a><\/li>\n<\/ul>\n<h5>Contralor\u00eda Municipal<\/h5>\n<ul>\n<li>POA 2018<\/li>\n<li>POA 2017<\/li>\n<\/ul>\n<h5>Coordinaci\u00f3n de Planeaci\u00f3n<\/h5>\n<ul>\n<li><a href=\"https:\/\/purisimadelrincon.mx\/transparencia\/wp-content\/uploads\/POA-Planeacion-2018.xls\">POA 2018<\/a><\/li>\n<li><a href=\"https:\/\/purisimadelrincon.mx\/transparencia\/wp-content\/uploads\/POA-Planea-2017.xls\" target=\"_blank\" rel=\"noopener\">POA 2017<\/a><\/li>\n<\/ul>\n<h5>Coordinaci\u00f3n Municipal de la Mujer<\/h5>\n<ul>\n<li>POA 2018<\/li>\n<li><a href=\"https:\/\/purisimadelrincon.mx\/transparencia\/wp-content\/uploads\/POA-InstMujer-2017.xls\" target=\"_blank\" rel=\"noopener\">POA 2017<\/a><\/li>\n<\/ul>\n<h5>Desarrollo Econ\u00f3mico<\/h5>\n<ul>\n<li>POA 2018<\/li>\n<li><a href=\"https:\/\/purisimadelrincon.mx\/transparencia\/wp-content\/uploads\/POA-Econo-2017.xls\" target=\"_blank\" rel=\"noopener\">POA 2017<\/a><\/li>\n<\/ul>\n<h5>Desarrollo Rural<\/h5>\n<ul>\n<li><a href=\"https:\/\/purisimadelrincon.mx\/transparencia\/wp-content\/uploads\/POA-DesRural-2018.xls\" target=\"_blank\" rel=\"noopener\">POA 2018<\/a><\/li>\n<li><a href=\"https:\/\/purisimadelrincon.mx\/transparencia\/wp-content\/uploads\/POA-Rural-2017.zip\" target=\"_blank\" rel=\"noopener\">POA 2017<\/a><\/li>\n<\/ul>\n<h5>Desarrollo Social<\/h5>\n<ul>\n<li><a href=\"https:\/\/purisimadelrincon.mx\/transparencia\/wp-content\/uploads\/POA-DesSocial-2018.xls\" target=\"_blank\" rel=\"noopener\">POA 2018<\/a><\/li>\n<li><a href=\"https:\/\/purisimadelrincon.mx\/transparencia\/wp-content\/uploads\/POA-DesSoc-2017.xls\" target=\"_blank\" rel=\"noopener\">POA 2017<\/a><\/li>\n<\/ul>\n<h5>Desarrollo Urbano<\/h5>\n<ul>\n<li><a href=\"https:\/\/purisimadelrincon.mx\/transparencia\/wp-content\/uploads\/POA-DesUrb-2018.xls\" target=\"_blank\" rel=\"noopener\">POA 2018<\/a><\/li>\n<li><a href=\"https:\/\/purisimadelrincon.mx\/transparencia\/wp-content\/uploads\/POA-DesUrb-2017.xls\" target=\"_blank\" rel=\"noopener\">POA 2017<\/a><\/li>\n<\/ul>\n<h5>Educaci\u00f3n Municipal<\/h5>\n<ul>\n<li>POA 2018<\/li>\n<li><a href=\"https:\/\/purisimadelrincon.mx\/transparencia\/wp-content\/uploads\/POA-Educ-2017.xls\" target=\"_blank\" rel=\"noopener\">POA 2017<\/a><\/li>\n<\/ul>\n<h5>Inform\u00e1tica<\/h5>\n<ul>\n<li><a href=\"https:\/\/purisimadelrincon.mx\/transparencia\/wp-content\/uploads\/POA-Informa.xls\">POA 2018<\/a><\/li>\n<li><a href=\"https:\/\/purisimadelrincon.mx\/transparencia\/wp-content\/uploads\/POA-informatica-2017.xls\" target=\"_blank\" rel=\"noopener\">POA 2017<\/a><\/li>\n<\/ul>\n<h5>Instancia de la Juventud<\/h5>\n<ul>\n<li>POA 2018<\/li>\n<li>POA 2017<\/li>\n<\/ul>\n<div>\n<h5>Jur\u00eddico<\/h5>\n<ul>\n<li><a href=\"https:\/\/purisimadelrincon.mx\/transparencia\/wp-content\/uploads\/POA-Predial-2018.xls\">POA 2018<\/a><\/li>\n<li><a href=\"https:\/\/purisimadelrincon.mx\/transparencia\/wp-content\/uploads\/POA-Juridico-2017.xls\" target=\"_blank\" rel=\"noopener\">POA 2017<\/a><\/li>\n<\/ul>\n<h5>Medio Ambiente y Ecolog\u00eda<\/h5>\n<ul>\n<li>POA 2018<\/li>\n<li><a href=\"https:\/\/purisimadelrincon.mx\/transparencia\/wp-content\/uploads\/POA-MAEco-2017.xlsx\" target=\"_blank\" rel=\"noopener\">POA 2017<\/a><\/li>\n<\/ul>\n<\/div>\n<h5>Obras P\u00fablicas<\/h5>\n<ul>\n<li><a href=\"https:\/\/purisimadelrincon.mx\/transparencia\/wp-content\/uploads\/POA-Obras-2018.xlsx\">POA 2018<\/a><\/li>\n<li>POA 2017<\/li>\n<\/ul>\n<h5>Predial y Catastro<\/h5>\n<ul>\n<li><a href=\"https:\/\/purisimadelrincon.mx\/transparencia\/wp-content\/uploads\/POA-Predial-2018.xls\">POA 2018<\/a><\/li>\n<li><a href=\"https:\/\/purisimadelrincon.mx\/transparencia\/wp-content\/uploads\/POA-Predial-2017.xlsx\" target=\"_blank\" rel=\"noopener\">POA 2017<\/a><\/li>\n<\/ul>\n<h5>Protecci\u00f3n Civil<\/h5>\n<ul>\n<li><a href=\"https:\/\/purisimadelrincon.mx\/transparencia\/wp-content\/uploads\/POA-ProteCivil-2018.xls\">POA 2018<\/a><\/li>\n<li>POA 2017<\/li>\n<\/ul>\n<h5>Rastro Municipal<\/h5>\n<ul>\n<li><a href=\"https:\/\/purisimadelrincon.mx\/transparencia\/wp-content\/uploads\/POA-RASTRO-2018.xls\">POA 2018<\/a><\/li>\n<li><a href=\"https:\/\/purisimadelrincon.mx\/transparencia\/wp-content\/uploads\/POA-Rastro-2017.xls\" target=\"_blank\" rel=\"noopener\">POA 2017<\/a><\/li>\n<\/ul>\n<h5>Secretar\u00eda del H. Ayuntamiento<\/h5>\n<ul>\n<li><a href=\"https:\/\/purisimadelrincon.mx\/transparencia\/wp-content\/uploads\/POA-SHA-2018.xls\">POA 2018<\/a><\/li>\n<li><a href=\"https:\/\/purisimadelrincon.mx\/transparencia\/wp-content\/uploads\/POA-2017-SHA.xls\" target=\"_blank\" rel=\"noopener\">POA 2017<\/a><\/li>\n<\/ul>\n<h5>Secretar\u00eda Particular<\/h5>\n<ul>\n<li><a href=\"https:\/\/purisimadelrincon.mx\/transparencia\/wp-content\/uploads\/POA-SecPart-2018.xls\">POA 2018<\/a><\/li>\n<li><a href=\"https:\/\/purisimadelrincon.mx\/transparencia\/wp-content\/uploads\/SecPart-POA-2017.xls\" target=\"_blank\" rel=\"noopener\">POA 2017<\/a><\/li>\n<\/ul>\n<h5>Seguridad P\u00fablica y Tr\u00e1nsito Municipal<\/h5>\n<ul>\n<li><a href=\"https:\/\/purisimadelrincon.mx\/transparencia\/wp-content\/uploads\/POA-SegPub-2018.xls\">POA 2018<\/a><\/li>\n<li><a href=\"https:\/\/purisimadelrincon.mx\/transparencia\/wp-content\/uploads\/SegPub-POA-2017.zip\" target=\"_blank\" rel=\"noopener\">POA 2017<\/a><\/li>\n<\/ul>\n<h5>Servicios P\u00fablicos Municipales<\/h5>\n<ul>\n<li><a href=\"https:\/\/purisimadelrincon.mx\/transparencia\/wp-content\/uploads\/POA-Servicios-2018.xls\">POA 2018<\/a><\/li>\n<li><a href=\"https:\/\/purisimadelrincon.mx\/transparencia\/wp-content\/uploads\/POA-Servcios-2017.xls\" target=\"_blank\" rel=\"noopener\">POA 2017<\/a><\/li>\n<\/ul>\n<\/div>\n<h5>Tesorer\u00eda Municipal<\/h5>\n<ul>\n<li>POA 2018<\/li>\n<li><a href=\"https:\/\/purisimadelrincon.mx\/transparencia\/wp-content\/uploads\/POA-Tesoreria-2017.xlsx\" target=\"_blank\" rel=\"noopener\">POA 2017<\/a><\/li>\n<\/ul>\n<h5>Unidad de Transparencia<\/h5>\n<ul>\n<li><a href=\"https:\/\/purisimadelrincon.mx\/transparencia\/wp-content\/uploads\/POA-Trans-2018.xls\">POA 2018<\/a><\/li>\n<li><a href=\"https:\/\/purisimadelrincon.mx\/transparencia\/wp-content\/uploads\/UAIP-POA-2017.xls\" target=\"_blank\" rel=\"noopener\">POA 2017<\/a><\/li>\n<\/ul>\n<h5>Programa Operativo Anual 2016<\/h5>\n<table style=\"height: 296px;\" border=\"0\" width=\"584\">\n<tbody>\n<tr>\n<td align=\"center\">\n<div align=\"center\"><a href=\"https:\/\/purisimadelrincon.mx\/transparencia\/wp-content\/uploads\/2016-POA-Archivo.pdf\" target=\"_blank\" rel=\"noopener\">Archivo Hist\u00f3rico<\/a><\/div>\n<\/td>\n<td align=\"center\">\n<div align=\"center\"><a href=\"https:\/\/purisimadelrincon.mx\/transparencia\/wp-content\/uploads\/2016-POA-Comude.pdf\" target=\"_blank\" rel=\"noopener\">COMUDE<\/a><\/div>\n<\/td>\n<td align=\"center\">\n<div align=\"center\"><a href=\"https:\/\/purisimadelrincon.mx\/transparencia\/wp-content\/uploads\/2016-POA-Comunicacion.pdf\" target=\"_blank\" rel=\"noopener\">Comunicaci\u00f3n<\/a><\/div>\n<\/td>\n<\/tr>\n<tr>\n<td>\n<div align=\"center\"><a href=\"https:\/\/purisimadelrincon.mx\/transparencia\/wp-content\/uploads\/2016-POA-Contraloria.pdf\" target=\"_blank\" rel=\"noopener\">Contralor\u00eda<\/a><\/div>\n<\/td>\n<td>\n<div align=\"center\"><a href=\"https:\/\/purisimadelrincon.mx\/transparencia\/wp-content\/uploads\/2016-POA-DesEconomico.pdf\" target=\"_blank\" rel=\"noopener\">Desarrollo Econ\u00f3mico<\/a><\/div>\n<\/td>\n<td>\n<div align=\"center\"><a href=\"https:\/\/purisimadelrincon.mx\/transparencia\/wp-content\/uploads\/2016-POA-Rural.pdf\" target=\"_blank\" rel=\"noopener\">Desarrollo Rural<\/a><\/div>\n<\/td>\n<\/tr>\n<tr>\n<td>\n<div align=\"center\"><a href=\"https:\/\/purisimadelrincon.mx\/transparencia\/wp-content\/uploads\/2016-POA-Des-Social.pdf\" target=\"_blank\" rel=\"noopener\">Desarrollo Social<\/a><\/div>\n<\/td>\n<td>\n<div align=\"center\"><a href=\"https:\/\/purisimadelrincon.mx\/transparencia\/wp-content\/uploads\/2016-POA-Des-Urbano.pdf\" target=\"_blank\" rel=\"noopener\">Desarrollo Urbano<\/a><\/div>\n<\/td>\n<td>\n<div align=\"center\"><a href=\"https:\/\/purisimadelrincon.mx\/transparencia\/wp-content\/uploads\/2016-POA-Ecologia-y-MA.pdf\" target=\"_blank\" rel=\"noopener\">Ecolog\u00eda<\/a><\/div>\n<\/td>\n<\/tr>\n<tr>\n<td>\n<div align=\"center\"><a href=\"https:\/\/purisimadelrincon.mx\/transparencia\/wp-content\/uploads\/2016-POA-Educacion.pdf\" target=\"_blank\" rel=\"noopener\">Educaci\u00f3n<\/a><\/div>\n<\/td>\n<td>\n<div align=\"center\"><a href=\"https:\/\/purisimadelrincon.mx\/transparencia\/wp-content\/uploads\/2016-POA-Informatica.pdf\" target=\"_blank\" rel=\"noopener\">Inform\u00e1tica<\/a><\/div>\n<\/td>\n<td>\n<div align=\"center\"><a href=\"https:\/\/purisimadelrincon.mx\/transparencia\/wp-content\/uploads\/2016-POA-Inst-Mujer.pdf\" target=\"_blank\" rel=\"noopener\">Instancia de la Mujer<\/a><\/div>\n<\/td>\n<\/tr>\n<tr>\n<td>\n<div style=\"text-align: center;\" align=\"center\"><a href=\"https:\/\/purisimadelrincon.mx\/transparencia\/wp-content\/uploads\/2016-POA-InstJuv.pdf\" target=\"_blank\" rel=\"noopener\">Instituto de la Juventud<\/a><\/div>\n<\/td>\n<td>\n<div align=\"center\"><a href=\"https:\/\/purisimadelrincon.mx\/transparencia\/wp-content\/uploads\/2016-POA-Juridico.pdf\" target=\"_blank\" rel=\"noopener\">Jur\u00eddico<\/a><\/div>\n<\/td>\n<td>\n<div align=\"center\"><a href=\"https:\/\/purisimadelrincon.mx\/transparencia\/wp-content\/uploads\/2016-POA-Predial.pdf\" target=\"_blank\" rel=\"noopener\">Predial y Catastro<\/a><\/div>\n<\/td>\n<\/tr>\n<tr>\n<td>\n<div align=\"center\"><a href=\"https:\/\/purisimadelrincon.mx\/transparencia\/wp-content\/uploads\/2016-POA-Educacion1.pdf\" target=\"_blank\" rel=\"noopener\">Rastro<\/a><\/div>\n<\/td>\n<td>\n<div align=\"center\"><a href=\"https:\/\/purisimadelrincon.mx\/transparencia\/wp-content\/uploads\/2016-POA-Sec.-Particular.pdf\" target=\"_blank\" rel=\"noopener\">Secretar\u00eda del H. Ayuntamiento<\/a><\/div>\n<\/td>\n<td>\n<div align=\"center\"><a href=\"https:\/\/purisimadelrincon.mx\/transparencia\/wp-content\/uploads\/2016-POA-Seg-Publica.pdf\" target=\"_blank\" rel=\"noopener\">Seguridad P\u00fablica<\/a><\/div>\n<\/td>\n<\/tr>\n<tr>\n<td>\n<div align=\"center\"><a href=\"https:\/\/purisimadelrincon.mx\/transparencia\/wp-content\/uploads\/2016-POA-Servicios-Mpales.pdf\" target=\"_blank\" rel=\"noopener\">Servicios P\u00fablicos<\/a><\/div>\n<\/td>\n<td>\n<div align=\"center\"><a href=\"https:\/\/purisimadelrincon.mx\/transparencia\/wp-content\/uploads\/2016-POA-Tesoreria.pdf\" target=\"_blank\" rel=\"noopener\">Tesorer\u00eda<\/a><\/div>\n<\/td>\n<td>\n<div align=\"center\"><a href=\"https:\/\/purisimadelrincon.mx\/transparencia\/wp-content\/uploads\/2016-POA-Transito.pdf\" target=\"_blank\" rel=\"noopener\">Tr\u00e1nsito<\/a><\/div>\n<\/td>\n<td><\/td>\n<\/tr>\n<tr>\n<td>\n<div align=\"center\"><a href=\"https:\/\/purisimadelrincon.mx\/transparencia\/wp-content\/uploads\/2016-POA-UAIP.pdf\" target=\"_blank\" rel=\"noopener\">UAIP<\/a><\/div>\n<\/td>\n<td><\/td>\n<td><\/td>\n<td><\/td>\n<\/tr>\n<\/tbody>\n<\/table>\n<h5>Programa Operativo Anual 2015<\/h5>\n<table border=\"0\" width=\"584\">\n<tbody>\n<tr>\n<td align=\"center\">\n<div align=\"center\"><a href=\"https:\/\/purisimadelrincon.mx\/transparencia\/wp-content\/uploads\/01_POAS_pre_2015.pdf\" target=\"_blank\" rel=\"noopener\">Presidencia<\/a><\/div>\n<\/td>\n<td align=\"center\">\n<div align=\"center\"><a href=\"https:\/\/purisimadelrincon.mx\/transparencia\/wp-content\/uploads\/02_POAS_pre_2015.pdf\" target=\"_blank\" rel=\"noopener\">Casa de la Cultura<\/a><\/div>\n<\/td>\n<td align=\"center\">\n<div align=\"center\"><a href=\"https:\/\/purisimadelrincon.mx\/transparencia\/wp-content\/uploads\/03_POAS_pre_2015.pdf\" target=\"_blank\" rel=\"noopener\">COMUDE<\/a><\/div>\n<\/td>\n<\/tr>\n<tr>\n<td>\n<div align=\"center\"><a href=\"https:\/\/purisimadelrincon.mx\/transparencia\/wp-content\/uploads\/04_POAS_pre_2015.pdf\" target=\"_blank\" rel=\"noopener\">Contralor\u00eda<\/a><\/div>\n<\/td>\n<td>\n<div align=\"center\"><a href=\"https:\/\/purisimadelrincon.mx\/transparencia\/wp-content\/uploads\/05_POAS_pre_2015.pdf\" target=\"_blank\" rel=\"noopener\">Desarrollo Agropecuario<\/a><\/div>\n<\/td>\n<td>\n<div align=\"center\"><a href=\"https:\/\/purisimadelrincon.mx\/transparencia\/wp-content\/uploads\/06_POAS_pre_2015.pdf\" target=\"_blank\" rel=\"noopener\">Desarrollo\u00a0Social<\/a><\/div>\n<\/td>\n<\/tr>\n<tr>\n<td>\n<div align=\"center\"><a href=\"https:\/\/purisimadelrincon.mx\/transparencia\/wp-content\/uploads\/07_POAS_pre_2015.pdf\" target=\"_blank\" rel=\"noopener\">Desarrollo Urbano<\/a><\/div>\n<\/td>\n<td>\n<div align=\"center\"><a href=\"https:\/\/purisimadelrincon.mx\/transparencia\/wp-content\/uploads\/08_POAS_pre_2015.pdf\" target=\"_blank\" rel=\"noopener\">Ecolog\u00eda<\/a><\/div>\n<\/td>\n<td>\n<div align=\"center\"><a href=\"https:\/\/purisimadelrincon.mx\/transparencia\/wp-content\/uploads\/09_POAS_pre_2015.pdf\" target=\"_blank\" rel=\"noopener\">Fiscalizaci\u00f3n<\/a><\/div>\n<\/td>\n<\/tr>\n<tr>\n<td>\n<div align=\"center\"><a href=\"https:\/\/purisimadelrincon.mx\/transparencia\/wp-content\/uploads\/10_POAS_pre_2015.pdf\" target=\"_blank\" rel=\"noopener\">Jur\u00eddico<\/a><\/div>\n<\/td>\n<td>\n<div align=\"center\"><a href=\"https:\/\/purisimadelrincon.mx\/transparencia\/wp-content\/uploads\/11_POAS_pre_2015.pdf\" target=\"_blank\" rel=\"noopener\">Predial y Catastro<\/a><\/div>\n<\/td>\n<td>\n<div align=\"center\"><a href=\"https:\/\/purisimadelrincon.mx\/transparencia\/wp-content\/uploads\/12_POAS_pre_2015.pdf\" target=\"_blank\" rel=\"noopener\">Protecci\u00f3n Civil<\/a><\/div>\n<\/td>\n<\/tr>\n<tr>\n<td>\n<div align=\"center\"><a href=\"https:\/\/purisimadelrincon.mx\/transparencia\/wp-content\/uploads\/13_POAS_pre_2015.pdf\" target=\"_blank\" rel=\"noopener\">Rastro<\/a><\/div>\n<\/td>\n<td>\n<div align=\"center\"><a href=\"https:\/\/purisimadelrincon.mx\/transparencia\/wp-content\/uploads\/14_POAS_pre_2015.pdf\" target=\"_blank\" rel=\"noopener\">Seguridad P\u00fablica<\/a><\/div>\n<\/td>\n<td>\n<div align=\"center\"><a href=\"https:\/\/purisimadelrincon.mx\/transparencia\/wp-content\/uploads\/15_POAS_pre_2015.pdf\" target=\"_blank\" rel=\"noopener\">Servicios P\u00fablicos<\/a><\/div>\n<\/td>\n<\/tr>\n<tr>\n<td>\n<div align=\"center\"><a href=\"https:\/\/purisimadelrincon.mx\/transparencia\/wp-content\/uploads\/16_POAS_pre_2015.pdf\" target=\"_blank\" rel=\"noopener\">Tesoreria<\/a><\/div>\n<\/td>\n<td><\/td>\n<td><\/td>\n<\/tr>\n<\/tbody>\n<\/table>\n<h5>Programa Operativo Anual 2014<\/h5>\n<table style=\"height: 296px;\" border=\"0\" width=\"584\">\n<tbody>\n<tr>\n<td align=\"center\">\n<div align=\"center\"><a href=\"https:\/\/purisimadelrincon.mx\/transparencia\/wp-content\/uploads\/2014\/06\/POAS_pre_01.pdf\" target=\"_blank\" rel=\"noopener\">Archivo Hist\u00f3rico<\/a><\/div>\n<\/td>\n<td align=\"center\">\n<div align=\"center\"><a href=\"https:\/\/purisimadelrincon.mx\/transparencia\/wp-content\/uploads\/2014\/06\/POAS_pre_02.pdf\" target=\"_blank\" rel=\"noopener\">Casa de la Cultura<\/a><\/div>\n<\/td>\n<td align=\"center\">\n<div align=\"center\"><a href=\"https:\/\/purisimadelrincon.mx\/transparencia\/wp-content\/uploads\/2014\/06\/POAS_pre_03.pdf\" target=\"_blank\" rel=\"noopener\">COMUDE<\/a><\/div>\n<\/td>\n<\/tr>\n<tr>\n<td>\n<div align=\"center\"><a href=\"https:\/\/purisimadelrincon.mx\/transparencia\/wp-content\/uploads\/2014\/06\/POAS_pre_04.pdf\" target=\"_blank\" rel=\"noopener\">Comunicaci\u00f3n<\/a><\/div>\n<\/td>\n<td>\n<div align=\"center\"><a href=\"https:\/\/purisimadelrincon.mx\/transparencia\/wp-content\/uploads\/2014\/06\/POAS_pre_05.pdf\" target=\"_blank\" rel=\"noopener\">Contralor\u00eda<\/a><\/div>\n<\/td>\n<td>\n<div align=\"center\"><a href=\"https:\/\/purisimadelrincon.mx\/transparencia\/wp-content\/uploads\/2014\/06\/POAS_pre_06.pdf\" target=\"_blank\" rel=\"noopener\">Desarrollo Agropecuario<\/a><\/div>\n<\/td>\n<\/tr>\n<tr>\n<td>\n<div align=\"center\"><a href=\"https:\/\/purisimadelrincon.mx\/transparencia\/wp-content\/uploads\/2014\/06\/POAS_pre_07.pdf\" target=\"_blank\" rel=\"noopener\">Desarrollo Econ\u00f3mico<\/a><\/div>\n<\/td>\n<td>\n<div align=\"center\"><a href=\"https:\/\/purisimadelrincon.mx\/transparencia\/wp-content\/uploads\/2014\/06\/POAS_pre_08.pdf\" target=\"_blank\" rel=\"noopener\">Desarrollo Social<\/a><\/div>\n<\/td>\n<td>\n<div align=\"center\"><a href=\"https:\/\/purisimadelrincon.mx\/transparencia\/wp-content\/uploads\/2014\/06\/POAS_pre_09.pdf\" target=\"_blank\" rel=\"noopener\">Desarrollo Urbano<\/a><\/div>\n<\/td>\n<\/tr>\n<tr>\n<td>\n<div align=\"center\"><a href=\"https:\/\/purisimadelrincon.mx\/transparencia\/wp-content\/uploads\/2014\/06\/POAS_pre_10.pdf\" target=\"_blank\" rel=\"noopener\">Ecolog\u00eda<\/a><\/div>\n<\/td>\n<td>\n<div align=\"center\"><a href=\"https:\/\/purisimadelrincon.mx\/transparencia\/wp-content\/uploads\/2014\/06\/POAS_pre_11.pdf\" target=\"_blank\" rel=\"noopener\">Educaci\u00f3n<\/a><\/div>\n<\/td>\n<td>\n<div align=\"center\"><a href=\"https:\/\/purisimadelrincon.mx\/transparencia\/wp-content\/uploads\/2014\/06\/POAS_pre_12.pdf\" target=\"_blank\" rel=\"noopener\">Fiscalizaci\u00f3n<\/a><\/div>\n<\/td>\n<\/tr>\n<tr>\n<td>\n<div align=\"center\"><a href=\"https:\/\/purisimadelrincon.mx\/transparencia\/wp-content\/uploads\/2014\/06\/POAS_pre_13.pdf\" target=\"_blank\" rel=\"noopener\">Inform\u00e1tica<\/a><\/div>\n<\/td>\n<td>\n<div align=\"center\"><a href=\"https:\/\/purisimadelrincon.mx\/transparencia\/wp-content\/uploads\/2014\/06\/POAS_pre_14.pdf\" target=\"_blank\" rel=\"noopener\">Instancia de la Mujer<\/a><\/div>\n<\/td>\n<td>\n<div align=\"center\"><a href=\"https:\/\/purisimadelrincon.mx\/transparencia\/wp-content\/uploads\/2014\/06\/POAS_pre_15.pdf\" target=\"_blank\" rel=\"noopener\">Jur\u00eddico<\/a><\/div>\n<\/td>\n<\/tr>\n<tr>\n<td>\n<div align=\"center\"><a href=\"https:\/\/purisimadelrincon.mx\/transparencia\/wp-content\/uploads\/2014\/06\/POAS_pre_16.pdf\" target=\"_blank\" rel=\"noopener\">Obras P\u00fablicas<\/a><\/div>\n<\/td>\n<td>\n<div align=\"center\"><a href=\"https:\/\/purisimadelrincon.mx\/transparencia\/wp-content\/uploads\/2014\/06\/POAS_pre_17.pdf\" target=\"_blank\" rel=\"noopener\">Protecci\u00f3n Civil<\/a><\/div>\n<\/td>\n<td>\n<div align=\"center\"><a href=\"https:\/\/purisimadelrincon.mx\/transparencia\/wp-content\/uploads\/2014\/06\/POAS_pre_18.pdf\" target=\"_blank\" rel=\"noopener\">Predial y Catastro<\/a><\/div>\n<\/td>\n<\/tr>\n<tr>\n<td>\n<div align=\"center\"><a href=\"https:\/\/purisimadelrincon.mx\/transparencia\/wp-content\/uploads\/2014\/06\/POAS_pre_19.pdf\" target=\"_blank\" rel=\"noopener\">Rastro<\/a><\/div>\n<\/td>\n<td>\n<div align=\"center\"><a href=\"https:\/\/purisimadelrincon.mx\/transparencia\/wp-content\/uploads\/2014\/06\/POAS_pre_20.pdf\" target=\"_blank\" rel=\"noopener\">Secretar\u00eda de Ayuntamiento<\/a><\/div>\n<\/td>\n<td>\n<div align=\"center\"><a href=\"https:\/\/purisimadelrincon.mx\/transparencia\/wp-content\/uploads\/2014\/06\/POAS_pre_21.pdf\" target=\"_blank\" rel=\"noopener\">Seguridad P\u00fablica<\/a><\/div>\n<\/td>\n<\/tr>\n<tr>\n<td>\n<div align=\"center\"><a href=\"https:\/\/purisimadelrincon.mx\/transparencia\/wp-content\/uploads\/2014\/06\/POAS_pre_22.pdf\" target=\"_blank\" rel=\"noopener\">Servicios P\u00fablicos<\/a><\/div>\n<\/td>\n<td>\n<div align=\"center\"><a href=\"https:\/\/purisimadelrincon.mx\/transparencia\/wp-content\/uploads\/2014\/06\/POAS_pre_23.pdf\" target=\"_blank\" rel=\"noopener\">Tesorer\u00eda<\/a><\/div>\n<\/td>\n<td>\n<div align=\"center\"><a href=\"https:\/\/purisimadelrincon.mx\/transparencia\/wp-content\/uploads\/2014\/06\/POAS_pre_24.pdf\" target=\"_blank\" rel=\"noopener\">UAIP<\/a><\/div>\n<\/td>\n<td><\/td>\n<\/tr>\n<\/tbody>\n<\/table>\n","protected":false},"excerpt":{"rendered":"<p>Archivo Hist\u00f3rico POA 2018 POA 2017 Casa de la Cultura POA 2018 POA 2017 Comisi\u00f3n Municipal del Deporte POA 2018 POA 2017 Comunicaci\u00f3n Social POA 2018 POA 2017 Contralor\u00eda Municipal POA 2018 POA 2017 Coordinaci\u00f3n de Planeaci\u00f3n POA 2018 POA <a class=\"more-link\" href=\"https:\/\/purisimadelrincon.mx\/transparencia\/programa-operativo-anual\/\">Seguir leyendo <span class=\"screen-reader-text\">  Programa Operativo Anual<\/span><span class=\"meta-nav\">&rarr;<\/span><\/a><\/p>\n","protected":false},"author":2,"featured_media":0,"parent":0,"menu_order":0,"comment_status":"closed","ping_status":"closed","template":"","meta":{"footnotes":""},"class_list":["post-3704","page","type-page","status-publish","hentry"],"_links":{"self":[{"href":"https:\/\/purisimadelrincon.mx\/transparencia\/wp-json\/wp\/v2\/pages\/3704","targetHints":{"allow":["GET"]}}],"collection":[{"href":"https:\/\/purisimadelrincon.mx\/transparencia\/wp-json\/wp\/v2\/pages"}],"about":[{"href":"https:\/\/purisimadelrincon.mx\/transparencia\/wp-json\/wp\/v2\/types\/page"}],"author":[{"embeddable":true,"href":"https:\/\/purisimadelrincon.mx\/transparencia\/wp-json\/wp\/v2\/users\/2"}],"replies":[{"embeddable":true,"href":"https:\/\/purisimadelrincon.mx\/transparencia\/wp-json\/wp\/v2\/comments?post=3704"}],"version-history":[{"count":22,"href":"https:\/\/purisimadelrincon.mx\/transparencia\/wp-json\/wp\/v2\/pages\/3704\/revisions"}],"predecessor-version":[{"id":10316,"href":"https:\/\/purisimadelrincon.mx\/transparencia\/wp-json\/wp\/v2\/pages\/3704\/revisions\/10316"}],"wp:attachment":[{"href":"https:\/\/purisimadelrincon.mx\/transparencia\/wp-json\/wp\/v2\/media?parent=3704"}],"curies":[{"name":"wp","href":"https:\/\/api.w.org\/{rel}","templated":true}]}}