{"id":3796,"date":"2017-05-03T20:26:32","date_gmt":"2017-05-03T20:26:32","guid":{"rendered":"http:\/\/localhost\/transparencia\/?page_id=3796"},"modified":"2025-12-04T20:36:07","modified_gmt":"2025-12-04T20:36:07","slug":"xvi-las-condiciones-generales-de-trabajo-contratos-o-convenios-que-regulen-las-relaciones-laborales-del-personal-de-base-o-de-confianza-asi-como-los-recursos-publicos-economicos-en-especie-o-donat","status":"publish","type":"page","link":"https:\/\/purisimadelrincon.mx\/transparencia\/xvi-las-condiciones-generales-de-trabajo-contratos-o-convenios-que-regulen-las-relaciones-laborales-del-personal-de-base-o-de-confianza-asi-como-los-recursos-publicos-economicos-en-especie-o-donat\/","title":{"rendered":"XVI. Las condiciones generales de trabajo, contratos o convenios que regulen las relaciones laborales del personal de base o de confianza, as\u00ed como los recursos p\u00fablicos econ\u00f3micos, en especie o donativos, que sean entregados a los sindicatos y ejerzan como recursos p\u00fablicos."},"content":{"rendered":"<h5>PARA LOS OBLIGACIONES DEL EJERCICIO <strong>2022<\/strong> A LA FECHA ACTUAL, CONSULTALAS EN EL SIGUIENTE BOTON<\/h5>\n<p><a href=\"https:\/\/consultapublicamx.plataformadetransparencia.org.mx\/vut-web\/faces\/view\/consultaPublica.xhtml#inicio\"><img loading=\"lazy\" decoding=\"async\" class=\" wp-image-12755 aligncenter\" src=\"https:\/\/purisimadelrincon.mx\/transparencia\/wp-content\/uploads\/PLATAFORMANACIONAL-300x151.jpg\" alt=\"\" width=\"260\" height=\"136\" \/><\/a><\/p>\n<h5>\u00a0<\/h5>\n<h5>Ejercicio 2021<\/h5>\n<ul>\n<li>1er Trimestre <a href=\"https:\/\/purisimadelrincon.mx\/transparencia\/wp-content\/uploads\/LTAIPG26F1_XVIA-1T21-RH.xlsx\">XVIA<\/a> y <a href=\"https:\/\/purisimadelrincon.mx\/transparencia\/wp-content\/uploads\/LTAIPG26F2_XVIB-1T21-RH.xlsx\">XVIB<\/a><\/li>\n<li>2do Trimestre <a href=\"https:\/\/purisimadelrincon.mx\/transparencia\/wp-content\/uploads\/LTAIPG26F1_XVIA-2T21-rh.xlsx\">XVIA<\/a> y <a href=\"https:\/\/purisimadelrincon.mx\/transparencia\/wp-content\/uploads\/LTAIPG26F2_XVIB-2T21-rh.xlsx\">XVIB<\/a><\/li>\n<li>3er Trimestre <a href=\"https:\/\/purisimadelrincon.mx\/transparencia\/wp-content\/uploads\/LTAIPG26F1_XVIA-3T21-RH.xlsx\">XVIA<\/a> y <a href=\"https:\/\/purisimadelrincon.mx\/transparencia\/wp-content\/uploads\/LTAIPG26F2_XVIB-3T21-RH.xlsx\">XVIB<\/a><\/li>\n<li>4to Trimestre <a href=\"https:\/\/purisimadelrincon.mx\/transparencia\/wp-content\/uploads\/LTAIPG26F1_XVIA-4T21-RH.xlsx\">XVIA<\/a> y <a href=\"https:\/\/purisimadelrincon.mx\/transparencia\/wp-content\/uploads\/LTAIPG26F2_XVIB-4T21-RH.xlsx\">XVIB<\/a><\/li>\n<\/ul>\n<h5>Ejercicio 2020<\/h5>\n<ul>\n<li>1er Trimestre <a href=\"https:\/\/purisimadelrincon.mx\/transparencia\/wp-content\/uploads\/LTAIPG26F1_XVIA-1T20-RH.xlsx\">XVIA<\/a> y <a href=\"https:\/\/purisimadelrincon.mx\/transparencia\/wp-content\/uploads\/LTAIPG26F2_XVIB-1T20-RH.xlsx\">XVIB<\/a><\/li>\n<li>2do Trimestre <a href=\"https:\/\/purisimadelrincon.mx\/transparencia\/wp-content\/uploads\/LTAIPG26F1_XVIA-2T20-RH.xlsx\">XVIA<\/a> y <a href=\"https:\/\/purisimadelrincon.mx\/transparencia\/wp-content\/uploads\/LTAIPG26F2_XVIB-2T20-RH.xlsx\">XVIB<\/a><\/li>\n<li>3er Trimestre <a href=\"https:\/\/purisimadelrincon.mx\/transparencia\/wp-content\/uploads\/LTAIPG26F1_XVIA-3T20-RH.xlsx\">XVIA<\/a> y <a href=\"https:\/\/purisimadelrincon.mx\/transparencia\/wp-content\/uploads\/LTAIPG26F2_XVIB-3T20-RH.xlsx\">XVIB<\/a><\/li>\n<li>4to Trimestre <a href=\"https:\/\/purisimadelrincon.mx\/transparencia\/wp-content\/uploads\/LTAIPG26F1_XVIA-4T20-RH.xlsx\">XVIA<\/a> y <a href=\"https:\/\/purisimadelrincon.mx\/transparencia\/wp-content\/uploads\/LTAIPG26F2_XVIB-4T20-RH.xlsx\">XVIB<\/a><\/li>\n<\/ul>\n<h5>Ejercicio 2019<\/h5>\n<ul>\n<li><a href=\"https:\/\/purisimadelrincon.mx\/transparencia\/wp-content\/uploads\/LTAIPG26F1_XVIA-3.xlsx\">Formato Condiciones generales de trabajo y sindicatos normatividad laboral A 1er. Y 2do. Trimestre.<\/a><\/li>\n<li><a href=\"https:\/\/purisimadelrincon.mx\/transparencia\/wp-content\/uploads\/LTAIPG26F1_XVIA-2.xlsx\">Formato Condiciones generales de trabajo y sindicatos normatividad laboral A 3er. Trimestre.<\/a><\/li>\n<li><a href=\"https:\/\/purisimadelrincon.mx\/transparencia\/wp-content\/uploads\/LTAIPG26F1_XVIA-4.xlsx\">Formato Condiciones generales de trabajo y sindicatos normatividad laboral A 4to. Trimestre.<\/a><\/li>\n<li><a href=\"https:\/\/purisimadelrincon.mx\/transparencia\/wp-content\/uploads\/LTAIPG26F2_XVIB-3.xlsx\">Formato Condiciones generales de trabajo y sindicatos normatividad laboral B 1er. Trimestre y 2do. Trimestre<\/a><\/li>\n<li><a href=\"https:\/\/purisimadelrincon.mx\/transparencia\/wp-content\/uploads\/LTAIPG26F2_XVIB-2.xlsx\">Formato Condiciones generales de trabajo y sindicatos normatividad laboral B 3er. Trimestre.<\/a><\/li>\n<li><a href=\"https:\/\/purisimadelrincon.mx\/transparencia\/wp-content\/uploads\/LTAIPG26F2_XVIB-4.xlsx\">Formato Condiciones generales de trabajo y sindicatos normatividad laboral B 4to. Trimestre.<\/a><\/li>\n<\/ul>\n\n\n<p><\/p>\n","protected":false},"excerpt":{"rendered":"<p>PARA LOS OBLIGACIONES DEL EJERCICIO 2022 A LA FECHA ACTUAL, CONSULTALAS EN EL SIGUIENTE BOTON \u00a0 Ejercicio 2021 1er Trimestre XVIA y XVIB 2do Trimestre XVIA y XVIB 3er Trimestre XVIA y XVIB 4to Trimestre XVIA y XVIB Ejercicio 2020 <a class=\"more-link\" href=\"https:\/\/purisimadelrincon.mx\/transparencia\/xvi-las-condiciones-generales-de-trabajo-contratos-o-convenios-que-regulen-las-relaciones-laborales-del-personal-de-base-o-de-confianza-asi-como-los-recursos-publicos-economicos-en-especie-o-donat\/\">Seguir leyendo <span class=\"screen-reader-text\">  XVI. Las condiciones generales de trabajo, contratos o convenios que regulen las relaciones laborales del personal de base o de confianza, as\u00ed como los recursos p\u00fablicos econ\u00f3micos, en especie o donativos, que sean entregados a los sindicatos y ejerzan como recursos p\u00fablicos.<\/span><span class=\"meta-nav\">&rarr;<\/span><\/a><\/p>\n","protected":false},"author":2,"featured_media":0,"parent":0,"menu_order":0,"comment_status":"closed","ping_status":"closed","template":"page-fullwidth.php","meta":{"footnotes":""},"class_list":["post-3796","page","type-page","status-publish","hentry"],"_links":{"self":[{"href":"https:\/\/purisimadelrincon.mx\/transparencia\/wp-json\/wp\/v2\/pages\/3796","targetHints":{"allow":["GET"]}}],"collection":[{"href":"https:\/\/purisimadelrincon.mx\/transparencia\/wp-json\/wp\/v2\/pages"}],"about":[{"href":"https:\/\/purisimadelrincon.mx\/transparencia\/wp-json\/wp\/v2\/types\/page"}],"author":[{"embeddable":true,"href":"https:\/\/purisimadelrincon.mx\/transparencia\/wp-json\/wp\/v2\/users\/2"}],"replies":[{"embeddable":true,"href":"https:\/\/purisimadelrincon.mx\/transparencia\/wp-json\/wp\/v2\/comments?post=3796"}],"version-history":[{"count":25,"href":"https:\/\/purisimadelrincon.mx\/transparencia\/wp-json\/wp\/v2\/pages\/3796\/revisions"}],"predecessor-version":[{"id":21483,"href":"https:\/\/purisimadelrincon.mx\/transparencia\/wp-json\/wp\/v2\/pages\/3796\/revisions\/21483"}],"wp:attachment":[{"href":"https:\/\/purisimadelrincon.mx\/transparencia\/wp-json\/wp\/v2\/media?parent=3796"}],"curies":[{"name":"wp","href":"https:\/\/api.w.org\/{rel}","templated":true}]}}