{"id":3871,"date":"2017-05-04T15:47:22","date_gmt":"2017-05-04T15:47:22","guid":{"rendered":"http:\/\/localhost\/transparencia\/?page_id=3871"},"modified":"2025-12-04T21:19:20","modified_gmt":"2025-12-04T21:19:20","slug":"xxxviii-los-programas-que-ofrecen","status":"publish","type":"page","link":"https:\/\/purisimadelrincon.mx\/transparencia\/xxxviii-los-programas-que-ofrecen\/","title":{"rendered":"XXXVIII. Los programas que ofrecen, incluyendo informaci\u00f3n sobre la poblaci\u00f3n, objetivo y destino, as\u00ed como los tr\u00e1mites, tiempos de respuesta, requisitos y formatos para acceder a los mismos."},"content":{"rendered":"<h5>PARA LAS OBLIGACIONES DEL EJERCICIO <strong>2022<\/strong> A LA FECHA ACTUAL, CONSULTALAS EN EL SIGUIENTE BOT\u00d3N<\/h5>\n<p><a href=\"https:\/\/consultapublicamx.plataformadetransparencia.org.mx\/vut-web\/faces\/view\/consultaPublica.xhtml#inicio\"><img loading=\"lazy\" decoding=\"async\" class=\" wp-image-12755 aligncenter\" src=\"https:\/\/purisimadelrincon.mx\/transparencia\/wp-content\/uploads\/PLATAFORMANACIONAL-300x151.jpg\" alt=\"\" width=\"260\" height=\"136\" \/><\/a><\/p>\n<h5>Ejercicio 2021<\/h5>\n<ul>\n<li>1er Trimestre XXXVIIIA y XXXVIIIB<\/li>\n<li>2do Trimestre XXXVIIIA y XXXVIIIB<\/li>\n<li>3er Trimestre <a href=\"https:\/\/purisimadelrincon.mx\/transparencia\/wp-content\/uploads\/LTAIPG26F1_XXXVIIIA-3T21-rursocecoedu.xlsx\">XXXVIIIA<\/a> y <a href=\"https:\/\/purisimadelrincon.mx\/transparencia\/wp-content\/uploads\/LTAIPG26F2_XXXVIIIB-3T21-rursocecoedu.xlsx\">XXXVIIIB<\/a><\/li>\n<li>4to Trimestre <a href=\"https:\/\/purisimadelrincon.mx\/transparencia\/wp-content\/uploads\/LTAIPG26F1_XXXVIIIA-4T21-CONJUNTO.xlsx\">XXXVIIIA<\/a> y <a href=\"https:\/\/purisimadelrincon.mx\/transparencia\/wp-content\/uploads\/LTAIPG26F2_XXXVIIIB-4T21-CONJUNTO.xlsx\">XXXVIIIB<\/a><\/li>\n<\/ul>\n<h5>Ejercicio 2020<\/h5>\n<ul>\n<li>1er Trimestre XXXVIIIA y XXXVIIIB<\/li>\n<li>2do Trimestre <a href=\"https:\/\/purisimadelrincon.mx\/transparencia\/wp-content\/uploads\/LTAIPG26F1_XXXVIIIA-2T20-CONJ.xlsx\">XXXVIIIA<\/a> y <a href=\"https:\/\/purisimadelrincon.mx\/transparencia\/wp-content\/uploads\/LTAIPG26F2_XXXVIIIB-2T20-CONJ.xlsx\">XXXVIIIB<\/a><\/li>\n<li>3er Trimestre <a href=\"https:\/\/purisimadelrincon.mx\/transparencia\/wp-content\/uploads\/LTAIPG26F1_XXXVIIIA-3T20-CONJ.xlsx\">XXXVIIIA<\/a> y <a href=\"https:\/\/purisimadelrincon.mx\/transparencia\/wp-content\/uploads\/LTAIPG26F2_XXXVIIIB-3T20-CONJ.xlsx\">XXXVIIIB<\/a><\/li>\n<li>4to Trimestre <a href=\"https:\/\/purisimadelrincon.mx\/transparencia\/wp-content\/uploads\/LTAIPG26F1_XXXVIIIA-4T20-CONJ.xlsx\">XXXVIIIA<\/a> y <a href=\"https:\/\/purisimadelrincon.mx\/transparencia\/wp-content\/uploads\/LTAIPG26F2_XXXVIIIB-4T20-CONJ.xlsx\">XXXVIIIB<\/a><\/li>\n<\/ul>\n<h5>Educaci\u00f3n Municipal<\/h5>\n<ul>\n<li><a href=\"https:\/\/purisimadelrincon.mx\/transparencia\/wp-content\/uploads\/LTAIPG26F1_XXXVIIIA-3.xlsx\">Formato Programas que ofrecen<\/a><\/li>\n<li><a href=\"https:\/\/purisimadelrincon.mx\/transparencia\/wp-content\/uploads\/LTAIPG26F2_XXXVIIIB.xlsx\">Formato Tr\u00e1mites para acceder a programas que ofrecen<\/a><\/li>\n<\/ul>\n<h5>Desarrollo Econ\u00f3mico y Turismo<\/h5>\n<ul>\n<li><a href=\"https:\/\/purisimadelrincon.mx\/transparencia\/wp-content\/uploads\/LTAIPG26F1_XXXVIIIA-201906-Econo.xlsx\">Formato Programas que ofrecen<\/a><\/li>\n<li><a href=\"https:\/\/purisimadelrincon.mx\/transparencia\/wp-content\/uploads\/LTAIPG26F2_XXXVIIIB-201906-Econo.xlsx\">Formato Tr\u00e1mites para acceder a programas que ofrecen<\/a><\/li>\n<\/ul>\n<h5>Desarrollo Rural<\/h5>\n<ul>\n<li><a href=\"https:\/\/purisimadelrincon.mx\/transparencia\/wp-content\/uploads\/LTAIPG26F1_XXXVIIIA-Rural.xlsx\">Formato Programas que ofrecen A<\/a><\/li>\n<li><a href=\"https:\/\/purisimadelrincon.mx\/transparencia\/wp-content\/uploads\/LTAIPG26F2_XXXVIIIB-Rural.xlsx\">Formato Programas que ofrecen B<\/a><\/li>\n<\/ul>\n<h5>Desarrollo Social<\/h5>\n<ul>\n<li><a href=\"https:\/\/purisimadelrincon.mx\/transparencia\/wp-content\/uploads\/LTAIPG26F1_XXXVIIIA-1.xlsx\">Formato Programas que ofrecen A<\/a><\/li>\n<li><a href=\"https:\/\/purisimadelrincon.mx\/transparencia\/wp-content\/uploads\/LTAIPG26F2_XXXVIIIB-3.xlsx\">Formato Programas que ofrecen B<\/a><\/li>\n<\/ul>\n","protected":false},"excerpt":{"rendered":"<p>PARA LAS OBLIGACIONES DEL EJERCICIO 2022 A LA FECHA ACTUAL, CONSULTALAS EN EL SIGUIENTE BOT\u00d3N Ejercicio 2021 1er Trimestre XXXVIIIA y XXXVIIIB 2do Trimestre XXXVIIIA y XXXVIIIB 3er Trimestre XXXVIIIA y XXXVIIIB 4to Trimestre XXXVIIIA y XXXVIIIB Ejercicio 2020 1er <a class=\"more-link\" href=\"https:\/\/purisimadelrincon.mx\/transparencia\/xxxviii-los-programas-que-ofrecen\/\">Seguir leyendo <span class=\"screen-reader-text\">  XXXVIII. Los programas que ofrecen, incluyendo informaci\u00f3n sobre la poblaci\u00f3n, objetivo y destino, as\u00ed como los tr\u00e1mites, tiempos de respuesta, requisitos y formatos para acceder a los mismos.<\/span><span class=\"meta-nav\">&rarr;<\/span><\/a><\/p>\n","protected":false},"author":2,"featured_media":0,"parent":0,"menu_order":0,"comment_status":"closed","ping_status":"closed","template":"page-fullwidth.php","meta":{"footnotes":""},"class_list":["post-3871","page","type-page","status-publish","hentry"],"_links":{"self":[{"href":"https:\/\/purisimadelrincon.mx\/transparencia\/wp-json\/wp\/v2\/pages\/3871","targetHints":{"allow":["GET"]}}],"collection":[{"href":"https:\/\/purisimadelrincon.mx\/transparencia\/wp-json\/wp\/v2\/pages"}],"about":[{"href":"https:\/\/purisimadelrincon.mx\/transparencia\/wp-json\/wp\/v2\/types\/page"}],"author":[{"embeddable":true,"href":"https:\/\/purisimadelrincon.mx\/transparencia\/wp-json\/wp\/v2\/users\/2"}],"replies":[{"embeddable":true,"href":"https:\/\/purisimadelrincon.mx\/transparencia\/wp-json\/wp\/v2\/comments?post=3871"}],"version-history":[{"count":46,"href":"https:\/\/purisimadelrincon.mx\/transparencia\/wp-json\/wp\/v2\/pages\/3871\/revisions"}],"predecessor-version":[{"id":21509,"href":"https:\/\/purisimadelrincon.mx\/transparencia\/wp-json\/wp\/v2\/pages\/3871\/revisions\/21509"}],"wp:attachment":[{"href":"https:\/\/purisimadelrincon.mx\/transparencia\/wp-json\/wp\/v2\/media?parent=3871"}],"curies":[{"name":"wp","href":"https:\/\/api.w.org\/{rel}","templated":true}]}}