{"id":3956,"date":"2017-05-04T20:46:27","date_gmt":"2017-05-04T20:46:27","guid":{"rendered":"http:\/\/localhost\/transparencia\/?page_id=3956"},"modified":"2025-12-04T20:31:54","modified_gmt":"2025-12-04T20:31:54","slug":"xii-la-informacion-en-version-publica","status":"publish","type":"page","link":"https:\/\/purisimadelrincon.mx\/transparencia\/xii-la-informacion-en-version-publica\/","title":{"rendered":"XII. La informaci\u00f3n en Versi\u00f3n P\u00fablica de las declaraciones patrimoniales de los Servidores P\u00fablicos que as\u00ed lo determinen, en los sistemas habilitados para ello, de acuerdo a la normatividad aplicable."},"content":{"rendered":"<h5>PARA LAS OBLIGACIONES DEL EJERCICIO <strong>2022<\/strong> A LA FECHA ACTUAL, CONSULTALAS EN EL SIGUIENTE BOTON<\/h5>\n<h5><a href=\"https:\/\/consultapublicamx.plataformadetransparencia.org.mx\/vut-web\/faces\/view\/consultaPublica.xhtml#inicio\"><img loading=\"lazy\" decoding=\"async\" class=\" wp-image-12755 aligncenter\" src=\"https:\/\/purisimadelrincon.mx\/transparencia\/wp-content\/uploads\/PLATAFORMANACIONAL-300x151.jpg\" alt=\"\" width=\"260\" height=\"136\" \/><\/a><\/h5>\n<h4>\u00a0<\/h4>\n<h4 style=\"text-align: center;\"><a href=\"https:\/\/purisimadelrincon.mx\/transparencia\/version-publica-de-las-declaraciones-patrimoniales-2022\/\"><strong>VERSI\u00d3N P\u00daBLICA DE LAS DECLARACIONES PATRIMONIALES 2022<\/strong>.<\/a><\/h4>\n<h4 style=\"text-align: center;\"><a href=\"https:\/\/purisimadelrincon.mx\/transparencia\/version-publica-de-las-declaraciones-patrimoniales-2023\/\"><strong>VERSI\u00d3N P\u00daBLICA DE LAS DECLARACIONES PATRIMONIALES 2023<\/strong><\/a><\/h4>\n<h4 style=\"text-align: center;\"><strong><a href=\"https:\/\/purisimadelrincon.mx\/transparencia\/version-publica-de-las-declaraciones-patrimoniales-2024\/\">VERSI\u00d3N P\u00daBLICA DE LAS DECLARACIONES PATRIMONIALES 2024<\/a><\/strong><\/h4>\n<h4 style=\"text-align: center;\"><a href=\"https:\/\/purisimadelrincon.mx\/transparencia\/version-publica-de-las-declaraciones-patrimoniales-2025\/\"><strong>VERSI\u00d3N P\u00daBLICA DE LAS DECLARACIONES PATRIMONIALES 2025<\/strong><\/a><\/h4>\n<ul>\n<li><a href=\"https:\/\/purisimadelrincon.mx\/transparencia\/wp-content\/uploads\/ACTA-AUTORIZAN-VERSION-PUBLICA-DECLARACIONES.pdf\">ACTA MEDIANTE LA CUAL SE AUTORIZAN LAS VERSIONES PUBLICAS DE LAS DECLARACIONES PATRIMONIALES<\/a>.<\/li>\n<\/ul>\n<h5>\u00a0<\/h5>\n<h5><span style=\"color: revert; font-size: 18px;\">Ejercicio 2021<\/span><\/h5>\n<ul>\n<li><a href=\"https:\/\/purisimadelrincon.mx\/transparencia\/wp-content\/uploads\/LTAIPG26F1_XII-1T21-Contraloria.xlsx\">1er Trimestre<\/a><\/li>\n<li><a href=\"https:\/\/purisimadelrincon.mx\/transparencia\/wp-content\/uploads\/LTAIPG26F1_XII-2T21-Contraloria.xlsx\">2do Trimestre<\/a><\/li>\n<li><a href=\"https:\/\/purisimadelrincon.mx\/transparencia\/wp-content\/uploads\/LTAIPG26F1_XII-3T21-Contra.xlsx\">3er\u00a0Trimestre<\/a><\/li>\n<li><a href=\"https:\/\/purisimadelrincon.mx\/transparencia\/wp-content\/uploads\/LTAIPG26F1_XII-4T21-Contra.xlsx\">4to Trimestre<\/a><\/li>\n<\/ul>\n<h5>Ejercicio 2020<\/h5>\n<ul>\n<li><a href=\"https:\/\/purisimadelrincon.mx\/transparencia\/wp-content\/uploads\/LTAIPG26F1_XII-1T20-Contra.xlsx\">1er Trimestre<\/a><\/li>\n<li><a href=\"https:\/\/purisimadelrincon.mx\/transparencia\/wp-content\/uploads\/LTAIPG26F1_XII-2T20-Contra.xlsx\">2do Trimestre<\/a><\/li>\n<li><a href=\"https:\/\/purisimadelrincon.mx\/transparencia\/wp-content\/uploads\/LTAIPG26F1_XII-3T20-Contra.xlsx\">3er\u00a0Trimestre<\/a><\/li>\n<li><a href=\"https:\/\/purisimadelrincon.mx\/transparencia\/wp-content\/uploads\/LTAIPG26F1_XII-4T20-Contra.xlsx\">4to Trimestre<\/a><\/li>\n<\/ul>\n<h5>Ejercicio 2019<\/h5>\n<ul>\n<li><a href=\"https:\/\/purisimadelrincon.mx\/transparencia\/wp-content\/uploads\/LTAIPG26F1_XII-1.xlsx\">1er Trimestre<\/a><\/li>\n<li><a href=\"https:\/\/purisimadelrincon.mx\/transparencia\/wp-content\/uploads\/LTAIPG26F1_XII-2.xlsx\">2do Trimestre\u00a0<\/a><\/li>\n<li><a href=\"https:\/\/purisimadelrincon.mx\/transparencia\/wp-content\/uploads\/LTAIPG26F1_XII-3.xlsx\">3er Trimestre\u00a0<\/a><\/li>\n<li><a href=\"https:\/\/purisimadelrincon.mx\/transparencia\/wp-content\/uploads\/LTAIPG26F1_XII-4.xlsx\">4to Trimestre<\/a><\/li>\n<\/ul>\n<h5>Formato Declaraciones de Situaci\u00f3n patrimonial de los(as) servidores(as) p\u00fablicos(as)<\/h5>\n<ul>\n<li><a href=\"https:\/\/purisimadelrincon.mx\/transparencia\/wp-content\/uploads\/LGTA70F1_XII-201812.xlsx\">2018<\/a><\/li>\n<li><a href=\"https:\/\/purisimadelrincon.mx\/transparencia\/wp-content\/uploads\/Formato-Declaraciones-de-Situaci\u00f3n-patrimonial-2017.xlsx\">2017<\/a><\/li>\n<li><a href=\"https:\/\/purisimadelrincon.mx\/transparencia\/wp-content\/uploads\/Formato-Declaraciones-de-Situaci%C3%B3n-patrimonial-de-losas-servidoresas-p%C3%BAblicosas-2016.zip\">2016<\/a><\/li>\n<li><a href=\"https:\/\/purisimadelrincon.mx\/transparencia\/wp-content\/uploads\/Formato-Declaraciones-de-Situaci%C3%B3n-patrimonial-de-losas-servidoresas-p%C3%BAblicosas-2015.zip\">2015<\/a><\/li>\n<\/ul>\n\n\n<p><\/p>\n","protected":false},"excerpt":{"rendered":"<p>PARA LAS OBLIGACIONES DEL EJERCICIO 2022 A LA FECHA ACTUAL, CONSULTALAS EN EL SIGUIENTE BOTON \u00a0 VERSI\u00d3N P\u00daBLICA DE LAS DECLARACIONES PATRIMONIALES 2022. VERSI\u00d3N P\u00daBLICA DE LAS DECLARACIONES PATRIMONIALES 2023 VERSI\u00d3N P\u00daBLICA DE LAS DECLARACIONES PATRIMONIALES 2024 VERSI\u00d3N P\u00daBLICA DE <a class=\"more-link\" href=\"https:\/\/purisimadelrincon.mx\/transparencia\/xii-la-informacion-en-version-publica\/\">Seguir leyendo <span class=\"screen-reader-text\">  XII. La informaci\u00f3n en Versi\u00f3n P\u00fablica de las declaraciones patrimoniales de los Servidores P\u00fablicos que as\u00ed lo determinen, en los sistemas habilitados para ello, de acuerdo a la normatividad aplicable.<\/span><span class=\"meta-nav\">&rarr;<\/span><\/a><\/p>\n","protected":false},"author":2,"featured_media":0,"parent":0,"menu_order":0,"comment_status":"closed","ping_status":"closed","template":"page-fullwidth.php","meta":{"footnotes":""},"class_list":["post-3956","page","type-page","status-publish","hentry"],"_links":{"self":[{"href":"https:\/\/purisimadelrincon.mx\/transparencia\/wp-json\/wp\/v2\/pages\/3956","targetHints":{"allow":["GET"]}}],"collection":[{"href":"https:\/\/purisimadelrincon.mx\/transparencia\/wp-json\/wp\/v2\/pages"}],"about":[{"href":"https:\/\/purisimadelrincon.mx\/transparencia\/wp-json\/wp\/v2\/types\/page"}],"author":[{"embeddable":true,"href":"https:\/\/purisimadelrincon.mx\/transparencia\/wp-json\/wp\/v2\/users\/2"}],"replies":[{"embeddable":true,"href":"https:\/\/purisimadelrincon.mx\/transparencia\/wp-json\/wp\/v2\/comments?post=3956"}],"version-history":[{"count":43,"href":"https:\/\/purisimadelrincon.mx\/transparencia\/wp-json\/wp\/v2\/pages\/3956\/revisions"}],"predecessor-version":[{"id":21479,"href":"https:\/\/purisimadelrincon.mx\/transparencia\/wp-json\/wp\/v2\/pages\/3956\/revisions\/21479"}],"wp:attachment":[{"href":"https:\/\/purisimadelrincon.mx\/transparencia\/wp-json\/wp\/v2\/media?parent=3956"}],"curies":[{"name":"wp","href":"https:\/\/api.w.org\/{rel}","templated":true}]}}