{"id":3962,"date":"2017-05-04T20:58:07","date_gmt":"2017-05-04T20:58:07","guid":{"rendered":"http:\/\/localhost\/transparencia\/?page_id=3962"},"modified":"2025-12-04T20:59:34","modified_gmt":"2025-12-04T20:59:34","slug":"xxvi-los-montos-criterios-convocatorias-y-listado","status":"publish","type":"page","link":"https:\/\/purisimadelrincon.mx\/transparencia\/xxvi-los-montos-criterios-convocatorias-y-listado\/","title":{"rendered":"XXVI. Los montos, criterios, convocatorias y listado de personas f\u00edsicas o morales a quienes, por cualquier motivo, se les asigne o permita usar recursos p\u00fablicos o, en los t\u00e9rminos de las disposiciones aplicables, realicen actos de autoridad. Asimismo, los informes que dichas personas les entreguen sobre el uso y destino de dichos recursos."},"content":{"rendered":"<p><!--StartFragment--><\/p>\n<h5>PARA LAS OBLIGACIONES DEL EJERCICIO <strong>2022<\/strong> A LA FECHA ACTUAL, CONSULTALAS EN EL SIGUIENTE BOT\u00d3N<\/h5>\n<p><a href=\"https:\/\/consultapublicamx.plataformadetransparencia.org.mx\/vut-web\/faces\/view\/consultaPublica.xhtml#inicio\"><img loading=\"lazy\" decoding=\"async\" class=\" wp-image-12755 aligncenter\" src=\"https:\/\/purisimadelrincon.mx\/transparencia\/wp-content\/uploads\/PLATAFORMANACIONAL-300x151.jpg\" alt=\"\" width=\"260\" height=\"136\" \/><\/a><\/p>\n<h5>Ejercicio 2021<\/h5>\n<ul>\n<li><a href=\"https:\/\/purisimadelrincon.mx\/transparencia\/wp-content\/uploads\/LTAIPG26F1_XXVI-1T21-Teso.xlsx\">1er Trimestre<\/a><\/li>\n<li><a href=\"https:\/\/purisimadelrincon.mx\/transparencia\/wp-content\/uploads\/LTAIPG26F1_XXVI-2T21-Teso.xlsx\">2do Trimestre<\/a><\/li>\n<li><a href=\"https:\/\/purisimadelrincon.mx\/transparencia\/wp-content\/uploads\/LTAIPG26F1_XXVI-3T21-Teso.xlsx\">3er\u00a0Trimestre<\/a><\/li>\n<li><a href=\"https:\/\/purisimadelrincon.mx\/transparencia\/wp-content\/uploads\/LTAIPG26F1_XXVI-4T21-Teso.xlsx\">4to Trimestre<\/a><\/li>\n<\/ul>\n<h5>Ejercicio 2020<\/h5>\n<ul>\n<li><a href=\"https:\/\/purisimadelrincon.mx\/transparencia\/wp-content\/uploads\/LTAIPG26F1_XXVI-1T20-Teso.xlsx\">1er Trimestre<\/a><\/li>\n<li><a href=\"https:\/\/purisimadelrincon.mx\/transparencia\/wp-content\/uploads\/LTAIPG26F1_XXVI-2T20-Teso.xlsx\">2do Trimestre<\/a><\/li>\n<li><a href=\"https:\/\/purisimadelrincon.mx\/transparencia\/wp-content\/uploads\/LTAIPG26F1_XXVI-3T20-Teso.xlsx\">3er\u00a0Trimestre<\/a><\/li>\n<li><a href=\"https:\/\/purisimadelrincon.mx\/transparencia\/wp-content\/uploads\/LTAIPG26F1_XXVI-4T20-Teso.xlsx\">4to Trimestre<\/a><\/li>\n<\/ul>\n<h5><\/h5>\n<ul>\n<li><a href=\"https:\/\/purisimadelrincon.mx\/transparencia\/wp-content\/uploads\/LTAIPG26F1_XXVI-201906.xlsx\">Formato de Personas que usan recursos p\u00fablicos 2019<\/a><\/li>\n<li><a href=\"https:\/\/purisimadelrincon.mx\/transparencia\/wp-content\/uploads\/LTAIPG26F1_XXVI-1.xlsx\">1er. Trimestre<\/a><\/li>\n<li><a href=\"https:\/\/purisimadelrincon.mx\/transparencia\/wp-content\/uploads\/LTAIPG26F1_XXVI-2.xlsx\">2do.Trimestre<\/a><\/li>\n<li><a href=\"https:\/\/purisimadelrincon.mx\/transparencia\/wp-content\/uploads\/LTAIPG26F1_XXVI-3.xlsx\">3er. Trimestre<\/a><\/li>\n<\/ul>\n<p><!--EndFragment--><\/p>\n","protected":false},"excerpt":{"rendered":"<p>PARA LAS OBLIGACIONES DEL EJERCICIO 2022 A LA FECHA ACTUAL, CONSULTALAS EN EL SIGUIENTE BOT\u00d3N Ejercicio 2021 1er Trimestre 2do Trimestre 3er\u00a0Trimestre 4to Trimestre Ejercicio 2020 1er Trimestre 2do Trimestre 3er\u00a0Trimestre 4to Trimestre Formato de Personas que usan recursos p\u00fablicos <a class=\"more-link\" href=\"https:\/\/purisimadelrincon.mx\/transparencia\/xxvi-los-montos-criterios-convocatorias-y-listado\/\">Seguir leyendo <span class=\"screen-reader-text\">  XXVI. Los montos, criterios, convocatorias y listado de personas f\u00edsicas o morales a quienes, por cualquier motivo, se les asigne o permita usar recursos p\u00fablicos o, en los t\u00e9rminos de las disposiciones aplicables, realicen actos de autoridad. Asimismo, los informes que dichas personas les entreguen sobre el uso y destino de dichos recursos.<\/span><span class=\"meta-nav\">&rarr;<\/span><\/a><\/p>\n","protected":false},"author":2,"featured_media":0,"parent":0,"menu_order":0,"comment_status":"closed","ping_status":"closed","template":"page-fullwidth.php","meta":{"footnotes":""},"class_list":["post-3962","page","type-page","status-publish","hentry"],"_links":{"self":[{"href":"https:\/\/purisimadelrincon.mx\/transparencia\/wp-json\/wp\/v2\/pages\/3962","targetHints":{"allow":["GET"]}}],"collection":[{"href":"https:\/\/purisimadelrincon.mx\/transparencia\/wp-json\/wp\/v2\/pages"}],"about":[{"href":"https:\/\/purisimadelrincon.mx\/transparencia\/wp-json\/wp\/v2\/types\/page"}],"author":[{"embeddable":true,"href":"https:\/\/purisimadelrincon.mx\/transparencia\/wp-json\/wp\/v2\/users\/2"}],"replies":[{"embeddable":true,"href":"https:\/\/purisimadelrincon.mx\/transparencia\/wp-json\/wp\/v2\/comments?post=3962"}],"version-history":[{"count":16,"href":"https:\/\/purisimadelrincon.mx\/transparencia\/wp-json\/wp\/v2\/pages\/3962\/revisions"}],"predecessor-version":[{"id":21497,"href":"https:\/\/purisimadelrincon.mx\/transparencia\/wp-json\/wp\/v2\/pages\/3962\/revisions\/21497"}],"wp:attachment":[{"href":"https:\/\/purisimadelrincon.mx\/transparencia\/wp-json\/wp\/v2\/media?parent=3962"}],"curies":[{"name":"wp","href":"https:\/\/api.w.org\/{rel}","templated":true}]}}