{"id":4359,"date":"2018-01-18T19:39:06","date_gmt":"2018-01-18T19:39:06","guid":{"rendered":"http:\/\/localhost\/transparencia\/?page_id=4359"},"modified":"2018-12-10T15:55:41","modified_gmt":"2018-12-10T15:55:41","slug":"tramites-del-ano-2018","status":"publish","type":"page","link":"https:\/\/purisimadelrincon.mx\/transparencia\/tramites-del-ano-2018\/","title":{"rendered":"Tr\u00e1mites del a\u00f1o 2018"},"content":{"rendered":"<p>&nbsp;<\/p>\n<h3>Archivo Hist\u00f3rico<\/h3>\n<ul>\n<li><a href=\"https:\/\/purisimadelrincon.mx\/transparencia\/wp-content\/uploads\/2017-TyS-Archivo.docx\">Ver tr\u00e1mites<\/a><\/li>\n<\/ul>\n<h3>Casa de la Cultura<\/h3>\n<ul>\n<li><a href=\"https:\/\/purisimadelrincon.mx\/transparencia\/18tys-casacultura\/\">Ver tr\u00e1mites<\/a><\/li>\n<\/ul>\n<h3>Comisi\u00f3n Municipal del Deporte<\/h3>\n<ul>\n<li><a href=\"https:\/\/purisimadelrincon.mx\/transparencia\/wp-content\/uploads\/18TyS-COMUDE.xlsx\">Ver Tr\u00e1mites<\/a><\/li>\n<\/ul>\n<div>\n<h3>Contralor\u00eda Municipal<\/h3>\n<ul>\n<li><a href=\"https:\/\/purisimadelrincon.mx\/transparencia\/wp-content\/uploads\/18TyS-Contraloria.xlsx\">Ver tr\u00e1mites<\/a><\/li>\n<li><a href=\"https:\/\/purisimadelrincon.mx\/transparencia\/wp-content\/uploads\/TRAMITES-Contraloria-Formato-Quejas-Denuncias.pdf\">Formato quejas y denuncias<\/a><\/li>\n<\/ul>\n<h3>Desarrollo Econ\u00f3mico y Turismo<\/h3>\n<ul>\n<li><a href=\"https:\/\/purisimadelrincon.mx\/transparencia\/wp-content\/uploads\/18TyS-DesEcono-1.xlsx\">Ver tr\u00e1mites<\/a><\/li>\n<\/ul>\n<h3>Desarrollo Urbano<\/h3>\n<ul>\n<li><a href=\"https:\/\/purisimadelrincon.mx\/transparencia\/wp-content\/uploads\/18TyS-DesUrb.docx\">Ver tr\u00e1mites<\/a><\/li>\n<li><a href=\"https:\/\/purisimadelrincon.mx\/transparencia\/wp-content\/uploads\/TRAMITES-DesUrb-Formato-Unico-Solicitud.pdf\">Formato \u00fanico de solicitud<\/a><\/li>\n<li><a href=\"https:\/\/purisimadelrincon.mx\/transparencia\/wp-content\/uploads\/MANUAL-DE-FRACCIONAMIENTOS.docx\">Manual de Fraccionamientos<\/a><\/li>\n<\/ul>\n<h3>Educaci\u00f3n Municipal<\/h3>\n<ul>\n<li><a href=\"https:\/\/purisimadelrincon.mx\/transparencia\/wp-content\/uploads\/18TyS-Educacion.xlsx\">Ver tr\u00e1mites<\/a><\/li>\n<\/ul>\n<div>\n<h3>Medio Ambiente y Ecolog\u00eda<\/h3>\n<ul>\n<li><a href=\"https:\/\/purisimadelrincon.mx\/transparencia\/wp-content\/uploads\/ECO-Formato-Servicios-que-ofrece-el-sujeto-obligado.xlsx\">Formato Servicios que ofrece el sujeto obligado<\/a><\/li>\n<li><a href=\"https:\/\/purisimadelrincon.mx\/transparencia\/wp-content\/uploads\/ECO-Formato-Programas-que-ofrecen.xlsx\">Formato Programas que ofrecen<\/a><\/li>\n<li><a href=\"https:\/\/purisimadelrincon.mx\/transparencia\/wp-content\/uploads\/ECO-Formato-Tr\u00e1mites-del-Sujeto-Obligado.xlsx\">Formato Tr\u00e1mites del Sujeto Obligado<\/a><\/li>\n<\/ul>\n<\/div>\n<h3>Predial y Catastro<\/h3>\n<ul>\n<li><a href=\"https:\/\/purisimadelrincon.mx\/transparencia\/wp-content\/uploads\/18TyS-Predial.xlsx\">Ver tr\u00e1mites<\/a><\/li>\n<\/ul>\n<h3>Protecci\u00f3n Civil<\/h3>\n<ul>\n<li><a href=\"https:\/\/purisimadelrincon.mx\/transparencia\/wp-content\/uploads\/TRAMITES-Proteccion-Civil.pdf\">Ver tr\u00e1mites<\/a><\/li>\n<\/ul>\n<h3>Rastro Municipal<\/h3>\n<ul>\n<li><a href=\"https:\/\/purisimadelrincon.mx\/transparencia\/wp-content\/uploads\/18TyS-Rastro.docx\">Ver tr\u00e1mites<\/a><\/li>\n<\/ul>\n<h3>Secretar\u00eda del H. Ayuntamiento<\/h3>\n<ul>\n<li><a href=\"https:\/\/purisimadelrincon.mx\/transparencia\/wp-content\/uploads\/18TyS-SHA.docx\">Ver tr\u00e1mites<\/a><\/li>\n<\/ul>\n<h3>Secretar\u00eda Particular<\/h3>\n<ul>\n<li>Ver tr\u00e1mites<\/li>\n<\/ul>\n<h3>Seguridad P\u00fablica y Tr\u00e1nsito Municipal<\/h3>\n<ul>\n<li><a href=\"https:\/\/purisimadelrincon.mx\/transparencia\/wp-content\/uploads\/18TyS-Transito.docx\">Ver tr\u00e1mites<\/a><\/li>\n<\/ul>\n<\/div>\n<h3>Unidad de Transparencia<\/h3>\n<ul>\n<li><a href=\"https:\/\/purisimadelrincon.mx\/transparencia\/wp-content\/uploads\/18TyS-UAIP.xlsx\">Ver tr\u00e1mites<\/a><\/li>\n<li><a href=\"https:\/\/purisimadelrincon.mx\/transparencia\/wp-content\/uploads\/Formato-de-Solicitudes-de-Informacion-Publica.pdf\">Formato de Solicitud de Informaci\u00f3n P\u00fablica<\/a><\/li>\n<li><a href=\"https:\/\/purisimadelrincon.mx\/transparencia\/wp-content\/uploads\/Solicitud-de-Correcci\u00f3n-de-Datos-Personales-1.pdf\">Solicitud de Correcci\u00f3n de Datos Personales<\/a><\/li>\n<\/ul>\n<p>&nbsp;<\/p>\n<p>&nbsp;<\/p>\n<h1>Sistema de Agua Potable, Alcantarillado y Saneamiento de Pur\u00edsima del Rinc\u00f3n (SAPAP)<\/h1>\n<ul>\n<li>Ver tr\u00e1mites<\/li>\n<\/ul>\n<p>&nbsp;<\/p>\n<h1>Sistema Municipal del Desarrollo de la Familia (DIF)<\/h1>\n<ul>\n<li>Ver tr\u00e1mites<\/li>\n<\/ul>\n<p>&nbsp;<\/p>\n<p>&nbsp;<\/p>\n<p>&nbsp;<\/p>\n","protected":false},"excerpt":{"rendered":"<p>&nbsp; Archivo Hist\u00f3rico Ver tr\u00e1mites Casa de la Cultura Ver tr\u00e1mites Comisi\u00f3n Municipal del Deporte Ver Tr\u00e1mites Contralor\u00eda Municipal Ver tr\u00e1mites Formato quejas y denuncias Desarrollo Econ\u00f3mico y Turismo Ver tr\u00e1mites Desarrollo Urbano Ver tr\u00e1mites Formato \u00fanico de solicitud Manual <a class=\"more-link\" href=\"https:\/\/purisimadelrincon.mx\/transparencia\/tramites-del-ano-2018\/\">Seguir leyendo <span class=\"screen-reader-text\">  Tr\u00e1mites del a\u00f1o 2018<\/span><span class=\"meta-nav\">&rarr;<\/span><\/a><\/p>\n","protected":false},"author":2,"featured_media":0,"parent":0,"menu_order":0,"comment_status":"closed","ping_status":"closed","template":"","meta":{"footnotes":""},"class_list":["post-4359","page","type-page","status-publish","hentry"],"_links":{"self":[{"href":"https:\/\/purisimadelrincon.mx\/transparencia\/wp-json\/wp\/v2\/pages\/4359","targetHints":{"allow":["GET"]}}],"collection":[{"href":"https:\/\/purisimadelrincon.mx\/transparencia\/wp-json\/wp\/v2\/pages"}],"about":[{"href":"https:\/\/purisimadelrincon.mx\/transparencia\/wp-json\/wp\/v2\/types\/page"}],"author":[{"embeddable":true,"href":"https:\/\/purisimadelrincon.mx\/transparencia\/wp-json\/wp\/v2\/users\/2"}],"replies":[{"embeddable":true,"href":"https:\/\/purisimadelrincon.mx\/transparencia\/wp-json\/wp\/v2\/comments?post=4359"}],"version-history":[{"count":28,"href":"https:\/\/purisimadelrincon.mx\/transparencia\/wp-json\/wp\/v2\/pages\/4359\/revisions"}],"predecessor-version":[{"id":6455,"href":"https:\/\/purisimadelrincon.mx\/transparencia\/wp-json\/wp\/v2\/pages\/4359\/revisions\/6455"}],"wp:attachment":[{"href":"https:\/\/purisimadelrincon.mx\/transparencia\/wp-json\/wp\/v2\/media?parent=4359"}],"curies":[{"name":"wp","href":"https:\/\/api.w.org\/{rel}","templated":true}]}}