{"id":4500,"date":"2018-01-24T16:15:52","date_gmt":"2018-01-24T16:15:52","guid":{"rendered":"http:\/\/localhost\/transparencia\/?page_id=4500"},"modified":"2023-07-26T18:22:08","modified_gmt":"2023-07-26T18:22:08","slug":"obligaciones-especificas","status":"publish","type":"page","link":"https:\/\/purisimadelrincon.mx\/transparencia\/obligaciones-especificas\/","title":{"rendered":"Art\u00edculo 28. Obligaciones Espec\u00edficas"},"content":{"rendered":"<p data-canvas-width=\"613.2616666666668\"><img loading=\"lazy\" decoding=\"async\" class=\"aligncenter\" src=\"https:\/\/purisimadelrincon.mx\/transparencia\/wp-content\/uploads\/PNTbarr.jpg\" alt=\"\" width=\"761\" height=\"149\" \/><\/p>\n<h3 style=\"text-align: center;\">Ley de Transparencia y Acceso a la Informaci\u00f3n P\u00fablica para el Estado de Guanajuato<\/h3>\n<p style=\"text-align: justify;\"><strong>Art\u00edculo 28. <\/strong>Los sujetos obligados del Poder Ejecutivo y los ayuntamientos, deber\u00e1n poner a disposici\u00f3n del p\u00fablico y actualizar la siguiente informaci\u00f3n:<\/p>\n<p><strong>(NA) = No aplica<\/strong><\/p>\n<ul>\n<li><strong>\u00a0I. En el caso del Poder Ejecutivo y los ayuntamientos:<\/strong><\/li>\n<\/ul>\n<p><a href=\"https:\/\/purisimadelrincon.mx\/transparencia\/a-los-planes-estatales-y-municipales-de-desarrollo\/\">a) Los planes estatales y municipales de desarrollo<\/a>, seg\u00fan corresponda<strong><br \/>\n<\/strong><\/p>\n<p><a href=\"https:\/\/purisimadelrincon.mx\/transparencia\/b-el-presupuesto-de-egresos-y-las-formulas-de-distribucion-de-los-recursos-otorgados\/\" target=\"_blank\" rel=\"noopener\">b) El presupuesto de egresos y las f\u00f3rmulas de distribuci\u00f3n de los recursos otorgados<\/a><strong><br \/>\n<\/strong><\/p>\n<p><a href=\"https:\/\/purisimadelrincon.mx\/transparencia\/c-el-listado-de-expropiaciones-decretadas-y-ejecutadas\/\" target=\"_blank\" rel=\"noopener\">c) El listado de expropiaciones decretadas y ejecutadas<\/a> que incluya, cuando menos, la fecha de expropiaci\u00f3n, el domicilio y la causa de utilidad p\u00fablica y las ocupaciones superficiales<strong><br \/>\n<\/strong><\/p>\n<p><a href=\"https:\/\/purisimadelrincon.mx\/transparencia\/d-el-nombre-denominacion-o-razon-social-y-clave-del-registro-federal\/\" target=\"_blank\" rel=\"noopener\">d) El nombre, denominaci\u00f3n o raz\u00f3n social y clave del registro federal<\/a> de las personas contribuyentes a los que se les hubiera cancelado o condonado alg\u00fan cr\u00e9dito fiscal, as\u00ed como los montos respectivos. Asimismo, la informaci\u00f3n estad\u00edstica sobre las exenciones previstas en las disposiciones fiscales<strong><br \/>\n<\/strong><\/p>\n<p>e) Los nombres de las personas a quienes se les habilit\u00f3 para ejercer como notarios p\u00fablicos, as\u00ed como sus datos de contacto, la informaci\u00f3n relacionada con el proceso de otorgamiento del f\u00edat y las sanciones que se les hubieran aplicado; <strong>(no aplica)<br \/>\n<\/strong><\/p>\n<p><a href=\"https:\/\/purisimadelrincon.mx\/transparencia\/f-la-informacion-detallada-que-contengan-los-planes-de-desarrollo-urbano\/\" target=\"_blank\" rel=\"noopener\">f) La informaci\u00f3n detallada que contengan los planes de desarrollo urbano<\/a>, ordenamiento territorial y ecol\u00f3gico, los tipos y usos de suelo, licencias de uso y construcci\u00f3n otorgadas por los gobiernos municipales<strong><br \/>\n<\/strong><\/p>\n<p><a href=\"https:\/\/purisimadelrincon.mx\/transparencia\/g-las-disposiciones-administrativas-directamente-o-a-traves-de-la-autoridad-competente\/\" target=\"_blank\" rel=\"noopener\">g) Las disposiciones administrativas, directamente o a trav\u00e9s de la autoridad competente<\/a>, con el plazo de anticipaci\u00f3n que prevean las disposiciones aplicables al sujeto obligado de que se trate, salvo que su difusi\u00f3n pueda comprometer los efectos que se pretenden lograr con la disposici\u00f3n o se trate de situaciones de emergencia, de conformidad con dichas disposiciones.<strong><br \/>\n<\/strong><\/p>\n<ul>\n<li><strong>II. Adicionalmente, en el caso de los ayuntamientos:<\/strong><\/li>\n<\/ul>\n<p><a href=\"https:\/\/purisimadelrincon.mx\/transparencia\/a-el-contenido-de-los-resolutivos-y-acuerdos-aprobados-por-los-ayuntamientos\/\" target=\"_blank\" rel=\"noopener\">a) El contenido de los resolutivos y acuerdos aprobados por los ayuntamientos<\/a><strong><br \/>\n<\/strong><\/p>\n<p><a href=\"https:\/\/purisimadelrincon.mx\/transparencia\/b-las-actas-de-sesiones-y-el-sentido-de-votacion-de-comisiones-organos-y-consejos-asi-como-los-controles-de-asistencia\/\" target=\"_blank\" rel=\"noopener\">b) Las actas de sesiones y el sentido de votaci\u00f3n de comisiones, \u00f3rganos y consejos as\u00ed como los controles de asistencia<\/a>.<strong><br \/>\n<\/strong><\/p>\n","protected":false},"excerpt":{"rendered":"<p>Ley de Transparencia y Acceso a la Informaci\u00f3n P\u00fablica para el Estado de Guanajuato Art\u00edculo 28. Los sujetos obligados del Poder Ejecutivo y los ayuntamientos, deber\u00e1n poner a disposici\u00f3n del p\u00fablico y actualizar la siguiente informaci\u00f3n: (NA) = No aplica <a class=\"more-link\" href=\"https:\/\/purisimadelrincon.mx\/transparencia\/obligaciones-especificas\/\">Seguir leyendo <span class=\"screen-reader-text\">  Art\u00edculo 28. Obligaciones Espec\u00edficas<\/span><span class=\"meta-nav\">&rarr;<\/span><\/a><\/p>\n","protected":false},"author":2,"featured_media":0,"parent":0,"menu_order":0,"comment_status":"closed","ping_status":"closed","template":"","meta":{"footnotes":""},"class_list":["post-4500","page","type-page","status-publish","hentry"],"_links":{"self":[{"href":"https:\/\/purisimadelrincon.mx\/transparencia\/wp-json\/wp\/v2\/pages\/4500","targetHints":{"allow":["GET"]}}],"collection":[{"href":"https:\/\/purisimadelrincon.mx\/transparencia\/wp-json\/wp\/v2\/pages"}],"about":[{"href":"https:\/\/purisimadelrincon.mx\/transparencia\/wp-json\/wp\/v2\/types\/page"}],"author":[{"embeddable":true,"href":"https:\/\/purisimadelrincon.mx\/transparencia\/wp-json\/wp\/v2\/users\/2"}],"replies":[{"embeddable":true,"href":"https:\/\/purisimadelrincon.mx\/transparencia\/wp-json\/wp\/v2\/comments?post=4500"}],"version-history":[{"count":68,"href":"https:\/\/purisimadelrincon.mx\/transparencia\/wp-json\/wp\/v2\/pages\/4500\/revisions"}],"predecessor-version":[{"id":16479,"href":"https:\/\/purisimadelrincon.mx\/transparencia\/wp-json\/wp\/v2\/pages\/4500\/revisions\/16479"}],"wp:attachment":[{"href":"https:\/\/purisimadelrincon.mx\/transparencia\/wp-json\/wp\/v2\/media?parent=4500"}],"curies":[{"name":"wp","href":"https:\/\/api.w.org\/{rel}","templated":true}]}}