{"id":4605,"date":"2018-01-25T18:47:30","date_gmt":"2018-01-25T18:47:30","guid":{"rendered":"http:\/\/localhost\/transparencia\/?page_id=4605"},"modified":"2025-12-04T21:38:08","modified_gmt":"2025-12-04T21:38:08","slug":"d-el-nombre-denominacion-o-razon-social-y-clave-del-registro-federal","status":"publish","type":"page","link":"https:\/\/purisimadelrincon.mx\/transparencia\/d-el-nombre-denominacion-o-razon-social-y-clave-del-registro-federal\/","title":{"rendered":"d) El nombre, denominaci\u00f3n o raz\u00f3n social y clave del registro federal"},"content":{"rendered":"<h5>PARA LAS OBLIGACIONES DEL EJERCICIO <strong>2022<\/strong> A LA FECHA ACTUAL, CONSULTALAS EN EL SIGUIENTE BOT\u00d3N<\/h5>\n<p><a href=\"https:\/\/consultapublicamx.plataformadetransparencia.org.mx\/vut-web\/faces\/view\/consultaPublica.xhtml#inicio\"><img loading=\"lazy\" decoding=\"async\" class=\"wp-image-12755 aligncenter\" src=\"https:\/\/purisimadelrincon.mx\/transparencia\/wp-content\/uploads\/PLATAFORMANACIONAL-300x151.jpg\" alt=\"\" width=\"260\" height=\"136\" \/><\/a><\/p>\n<h5>Ejercicio 2021<\/h5>\n<ul>\n<li>1er Trimestre <a href=\"https:\/\/purisimadelrincon.mx\/transparencia\/wp-content\/uploads\/LTAIPG28F7_ID-1t21-pred.xlsx\">F7_ID<\/a>, <a href=\"https:\/\/purisimadelrincon.mx\/transparencia\/wp-content\/uploads\/LTAIPG28F8_ID-1t21-pred.xlsx\">F8_ID<\/a> y <a href=\"https:\/\/purisimadelrincon.mx\/transparencia\/wp-content\/uploads\/LTAIPG28F9_ID-1t21-pred.xlsx\">F9_ID<\/a><\/li>\n<li>2do Trimestre <a href=\"https:\/\/purisimadelrincon.mx\/transparencia\/wp-content\/uploads\/LTAIPG28F7_ID-2T21-Pred.xlsx\">F7_ID<\/a>, <a href=\"https:\/\/purisimadelrincon.mx\/transparencia\/wp-content\/uploads\/LTAIPG28F8_ID-2T21-Pred.xlsx\">F8_ID<\/a> y <a href=\"https:\/\/purisimadelrincon.mx\/transparencia\/wp-content\/uploads\/LTAIPG28F9_ID-2T21-Pred.xlsx\">F9_ID<\/a><\/li>\n<li>3er Trimestre <a href=\"https:\/\/purisimadelrincon.mx\/transparencia\/wp-content\/uploads\/LTAIPG28F7_ID-3T21-Predial.xlsx\">F7_ID<\/a>, <a href=\"https:\/\/purisimadelrincon.mx\/transparencia\/wp-content\/uploads\/LTAIPG28F8_ID-3T21-Predial.xlsx\">F8_ID<\/a> y <a href=\"https:\/\/purisimadelrincon.mx\/transparencia\/wp-content\/uploads\/LTAIPG28F9_ID-3T21-Predial.xlsx\">F9_ID<\/a><\/li>\n<li>4to Trimestre <a href=\"https:\/\/purisimadelrincon.mx\/transparencia\/wp-content\/uploads\/LTAIPG28F7_ID-4T21-Predial.xlsx\">F7_ID<\/a>, <a href=\"https:\/\/purisimadelrincon.mx\/transparencia\/wp-content\/uploads\/LTAIPG28F8_ID-4T21-Predial.xlsx\">F8_ID<\/a> y <a href=\"https:\/\/purisimadelrincon.mx\/transparencia\/wp-content\/uploads\/LTAIPG28F9_ID-4T21-Predial.xlsx\">F9_ID<\/a><\/li>\n<\/ul>\n<h5>Ejercicio 2020<\/h5>\n<ul>\n<li>1er Trimestre <a href=\"https:\/\/purisimadelrincon.mx\/transparencia\/wp-content\/uploads\/LTAIPG28F7_ID-1T20-Predial.xlsx\">F7_ID<\/a>, <a href=\"https:\/\/purisimadelrincon.mx\/transparencia\/wp-content\/uploads\/LTAIPG28F8_ID-1T20-Predial.xlsx\">F8_ID<\/a> y <a href=\"https:\/\/purisimadelrincon.mx\/transparencia\/wp-content\/uploads\/LTAIPG28F9_ID-1T20-Predial.xlsx\">F9_ID<\/a><\/li>\n<li>2do Trimestre <a href=\"https:\/\/purisimadelrincon.mx\/transparencia\/wp-content\/uploads\/LTAIPG28F7_ID-2T20-Predial.xlsx\">F7_ID<\/a>, <a href=\"https:\/\/purisimadelrincon.mx\/transparencia\/wp-content\/uploads\/LTAIPG28F8_ID-2T20-Predial.xlsx\">F8_ID<\/a> y <a href=\"https:\/\/purisimadelrincon.mx\/transparencia\/wp-content\/uploads\/LTAIPG28F9_ID-2T20-Predial.xlsx\">F9_ID<\/a><\/li>\n<li>3er Trimestre <a href=\"https:\/\/purisimadelrincon.mx\/transparencia\/wp-content\/uploads\/LTAIPG28F7_ID-3T20-Predial.xlsx\">F7_ID<\/a>, <a href=\"https:\/\/purisimadelrincon.mx\/transparencia\/wp-content\/uploads\/LTAIPG28F8_ID-3T20-Predial.xlsx\">F8_ID<\/a> y <a href=\"https:\/\/purisimadelrincon.mx\/transparencia\/wp-content\/uploads\/LTAIPG28F9_ID-3T20-Predial.xlsx\">F9_ID<\/a><\/li>\n<li>4to Trimestre <a href=\"https:\/\/purisimadelrincon.mx\/transparencia\/wp-content\/uploads\/LTAIPG28F7_ID-4T20-Predial.xlsx\">F7_ID<\/a>, <a href=\"https:\/\/purisimadelrincon.mx\/transparencia\/wp-content\/uploads\/LTAIPG28F8_ID-4T20-Predial.xlsx\">F8_ID<\/a> y <a href=\"https:\/\/purisimadelrincon.mx\/transparencia\/wp-content\/uploads\/LTAIPG28F9_ID-4T20-Predial.xlsx\">F9_ID<\/a><\/li>\n<\/ul>\n<h5>Ejercicio 2019<\/h5>\n<ul>\n<li>\u00a0<\/li>\n<\/ul>\n<h5>Ejercicio 2018<\/h5>\n<ul>\n<li><a href=\"https:\/\/purisimadelrincon.mx\/transparencia\/wp-content\/uploads\/LGTA71F4_IDI.xlsx\">Contribuyentes que recibieron cancelaci\u00f3n o condonaci\u00f3n de cr\u00e9ditos fiscales.<\/a><\/li>\n<li><a href=\"https:\/\/purisimadelrincon.mx\/transparencia\/wp-content\/uploads\/LGTA71F4_IDI-1.xlsx\">4to. Trimestre Contribuyentes que recibieron cancelaci\u00f3n o condonaci\u00f3n de cr\u00e9ditos fiscales.<\/a>\n<ul>\n<li><a href=\"https:\/\/purisimadelrincon.mx\/transparencia\/wp-content\/uploads\/LGTA71F4b_IDII-201812.xlsx\">Estad\u00edsticas sobre exenciones<\/a><\/li>\n<\/ul>\n<\/li>\n<li>4to. Trimestre <a href=\"https:\/\/purisimadelrincon.mx\/transparencia\/wp-content\/uploads\/LGTA71F4b_IDII-201812-1.xlsx\">Estad\u00edsticas sobre exenciones<\/a><\/li>\n<\/ul>\n<p>.<\/p>\n<h5>Sistema Municipal del Desarrollo de la Familia (DIF)<\/h5>\n<ul>\n<li>2do Trimestre <a href=\"https:\/\/purisimadelrincon.mx\/transparencia\/wp-content\/uploads\/Dif-2do-LGTA71F4_IDI.xlsx\">Contribuyentes que recibieron cancelaci\u00f3n o condonaci\u00f3n de cr\u00e9ditos fiscales.<\/a>\n<ul>\n<li><a href=\"https:\/\/purisimadelrincon.mx\/transparencia\/wp-content\/uploads\/Dif-2do-LGTA71F4b_IDII.xlsx\">Estad\u00edsticas sobre exenciones<\/a><\/li>\n<\/ul>\n<\/li>\n<li>1er Trimestre <a href=\"https:\/\/purisimadelrincon.mx\/transparencia\/wp-content\/uploads\/DIF-LGTA71F4_IDI.xlsx\">Contribuyentes que recibieron cancelaci\u00f3n o condonaci\u00f3n de cr\u00e9ditos fiscales.<\/a>\n<ul>\n<li><a href=\"https:\/\/purisimadelrincon.mx\/transparencia\/wp-content\/uploads\/DIF-LGTA71F4b_IDII.xlsx\">Estad\u00edsticas sobre exenciones<\/a><\/li>\n<\/ul>\n<\/li>\n<\/ul>\n\n\n<p><\/p>\n","protected":false},"excerpt":{"rendered":"<p>PARA LAS OBLIGACIONES DEL EJERCICIO 2022 A LA FECHA ACTUAL, CONSULTALAS EN EL SIGUIENTE BOT\u00d3N Ejercicio 2021 1er Trimestre F7_ID, F8_ID y F9_ID 2do Trimestre F7_ID, F8_ID y F9_ID 3er Trimestre F7_ID, F8_ID y F9_ID 4to Trimestre F7_ID, F8_ID y <a class=\"more-link\" href=\"https:\/\/purisimadelrincon.mx\/transparencia\/d-el-nombre-denominacion-o-razon-social-y-clave-del-registro-federal\/\">Seguir leyendo <span class=\"screen-reader-text\">  d) El nombre, denominaci\u00f3n o raz\u00f3n social y clave del registro federal<\/span><span class=\"meta-nav\">&rarr;<\/span><\/a><\/p>\n","protected":false},"author":2,"featured_media":0,"parent":0,"menu_order":0,"comment_status":"closed","ping_status":"closed","template":"","meta":{"footnotes":""},"class_list":["post-4605","page","type-page","status-publish","hentry"],"_links":{"self":[{"href":"https:\/\/purisimadelrincon.mx\/transparencia\/wp-json\/wp\/v2\/pages\/4605","targetHints":{"allow":["GET"]}}],"collection":[{"href":"https:\/\/purisimadelrincon.mx\/transparencia\/wp-json\/wp\/v2\/pages"}],"about":[{"href":"https:\/\/purisimadelrincon.mx\/transparencia\/wp-json\/wp\/v2\/types\/page"}],"author":[{"embeddable":true,"href":"https:\/\/purisimadelrincon.mx\/transparencia\/wp-json\/wp\/v2\/users\/2"}],"replies":[{"embeddable":true,"href":"https:\/\/purisimadelrincon.mx\/transparencia\/wp-json\/wp\/v2\/comments?post=4605"}],"version-history":[{"count":28,"href":"https:\/\/purisimadelrincon.mx\/transparencia\/wp-json\/wp\/v2\/pages\/4605\/revisions"}],"predecessor-version":[{"id":21523,"href":"https:\/\/purisimadelrincon.mx\/transparencia\/wp-json\/wp\/v2\/pages\/4605\/revisions\/21523"}],"wp:attachment":[{"href":"https:\/\/purisimadelrincon.mx\/transparencia\/wp-json\/wp\/v2\/media?parent=4605"}],"curies":[{"name":"wp","href":"https:\/\/api.w.org\/{rel}","templated":true}]}}