{"id":4617,"date":"2018-01-25T19:16:33","date_gmt":"2018-01-25T19:16:33","guid":{"rendered":"http:\/\/localhost\/transparencia\/?page_id=4617"},"modified":"2025-12-04T21:40:56","modified_gmt":"2025-12-04T21:40:56","slug":"b-las-actas-de-sesiones-y-el-sentido-de-votacion-de-comisiones-organos-y-consejos-asi-como-los-controles-de-asistencia","status":"publish","type":"page","link":"https:\/\/purisimadelrincon.mx\/transparencia\/b-las-actas-de-sesiones-y-el-sentido-de-votacion-de-comisiones-organos-y-consejos-asi-como-los-controles-de-asistencia\/","title":{"rendered":"b) Las actas de sesiones y el sentido de votaci\u00f3n de comisiones, \u00f3rganos y consejos as\u00ed como los controles de asistencia"},"content":{"rendered":"<h5>PARA LAS OBLIGACIONES DEL EJERCICIO <strong>2022<\/strong> A LA FECHA ACTUAL, CONSULTALAS EN EL SIGUIENTE BOT\u00d3N<\/h5>\n<p><a href=\"https:\/\/consultapublicamx.plataformadetransparencia.org.mx\/vut-web\/faces\/view\/consultaPublica.xhtml#inicio\"><img loading=\"lazy\" decoding=\"async\" class=\"wp-image-12755 aligncenter\" src=\"https:\/\/purisimadelrincon.mx\/transparencia\/wp-content\/uploads\/PLATAFORMANACIONAL-300x151.jpg\" alt=\"\" width=\"260\" height=\"136\" \/><\/a><\/p>\n<h5>Ejercicio 2021<\/h5>\n<ul>\n<li>1er Trimestre <a href=\"https:\/\/purisimadelrincon.mx\/transparencia\/wp-content\/uploads\/LTAIPG28F22_IIB-1T21-SHA.xlsx\">8F22_IIA<\/a> y <a href=\"https:\/\/purisimadelrincon.mx\/transparencia\/wp-content\/uploads\/LTAIPG28F23_IIB-1T21-SHA.xlsx\">F23_IIB\u00a0<\/a><\/li>\n<li>2do Trimestre <a href=\"https:\/\/purisimadelrincon.mx\/transparencia\/wp-content\/uploads\/LTAIPG28F22_IIB-2T21-SHA.xlsx\">F22_IIA<\/a> y <a href=\"https:\/\/purisimadelrincon.mx\/transparencia\/wp-content\/uploads\/LTAIPG28F23_IIB-2T21-SHA.xlsx\">F23_IIB<\/a><\/li>\n<li>3er Trimestre <a href=\"https:\/\/purisimadelrincon.mx\/transparencia\/wp-content\/uploads\/LTAIPG28F22_IIB-3T21-SHA.xlsx\">F22_IIA<\/a> y <a href=\"https:\/\/purisimadelrincon.mx\/transparencia\/wp-content\/uploads\/LTAIPG28F23_IIB-3T21-SHA-1.xlsx\">F23_IIB<\/a><\/li>\n<li>4tor Trimestre <a href=\"https:\/\/purisimadelrincon.mx\/transparencia\/wp-content\/uploads\/LTAIPG28F22_IIB-4T21-SHA.xlsx\">F22_IIA<\/a> y <a href=\"https:\/\/purisimadelrincon.mx\/transparencia\/wp-content\/uploads\/LTAIPG28F23_IIB-4T21-SHA-1.xlsx\">F23_IIB<\/a><\/li>\n<\/ul>\n<h5>Ejercicio 2020<\/h5>\n<ul>\n<li>1er Trimestre <a href=\"https:\/\/purisimadelrincon.mx\/transparencia\/wp-content\/uploads\/LTAIPG28F22_IIB-1T20-SHA.xlsx\">F22_IIA<\/a> y <a href=\"https:\/\/purisimadelrincon.mx\/transparencia\/wp-content\/uploads\/LTAIPG28F23_IIB-1T20-SHA.xlsx\">F23_IIB<\/a><\/li>\n<li>2do Trimestre <a href=\"https:\/\/purisimadelrincon.mx\/transparencia\/wp-content\/uploads\/LTAIPG28F22_IIB-2T20-SHA.xlsx\">F22_IIA<\/a> y <a href=\"https:\/\/purisimadelrincon.mx\/transparencia\/wp-content\/uploads\/LTAIPG28F23_IIB-2T20-SHA.xlsx\">F23_IIB<\/a><\/li>\n<li>3er Trimestre <a href=\"https:\/\/purisimadelrincon.mx\/transparencia\/wp-content\/uploads\/LTAIPG28F22_IIB-3T20-SHA.xlsx\">F22_IIA<\/a> y <a href=\"https:\/\/purisimadelrincon.mx\/transparencia\/wp-content\/uploads\/LTAIPG28F23_IIB-3T20-SHA.xlsx\">F23_IIB<\/a><\/li>\n<li>4tor Trimestre <a href=\"https:\/\/purisimadelrincon.mx\/transparencia\/wp-content\/uploads\/LTAIPG28F22_IIB-4T20-SHA.xlsx\">F22_IIA<\/a> y <a href=\"https:\/\/purisimadelrincon.mx\/transparencia\/wp-content\/uploads\/LTAIPG28F23_IIB-4T20-SHA.xlsx\">F23_IIB<\/a><\/li>\n<\/ul>\n<h5>Ejercicio 2019<\/h5>\n<ul>\n<li><a href=\"https:\/\/purisimadelrincon.mx\/transparencia\/wp-content\/uploads\/LTAIPG28F22_IIB.xlsx\">Formato Calendario de sesiones del Cabildo 2019<\/a><\/li>\n<li><a href=\"https:\/\/purisimadelrincon.mx\/transparencia\/wp-content\/uploads\/LTAIPG28F23_IIB.xlsx\">Formato Sesiones celebradas de Cabildo 2019<\/a><\/li>\n<\/ul>\n<ul>\n<li><span style=\"color: #339966;\"><a style=\"color: #339966;\" href=\"https:\/\/purisimadelrincon.mx\/transparencia\/wp-content\/uploads\/LTAIP28F2_2B_2018.xlsx\">Las actas de sesiones y el sentido de votaci\u00f3n 2018<\/a><\/span><\/li>\n<li><span style=\"color: #339966;\"><a style=\"color: #339966;\" href=\"https:\/\/purisimadelrincon.mx\/transparencia\/wp-content\/uploads\/LTAIP28F2_2B_2017.xlsx\">Las actas de sesiones y el sentido de votaci\u00f3n 2017<\/a><\/span><\/li>\n<li>\n<div class=\"filename new\"><span style=\"color: #339966;\"><a style=\"color: #339966;\" href=\"https:\/\/purisimadelrincon.mx\/transparencia\/wp-content\/uploads\/LTAIP28F2_2B_2016.xlsx\">Las actas de sesiones y el sentido de votaci\u00f3n 2016<\/a><\/span><\/div>\n<\/li>\n<\/ul>\n<h4><strong><a href=\"https:\/\/purisimadelrincon.mx\/transparencia\/lista-de-asistencia\/\">ASISTENCIA<\/a><\/strong><\/h4>\n<h4><a href=\"https:\/\/purisimadelrincon.mx\/transparencia\/orden-del-dia\/\"><strong>ORDEN DEL DIA<\/strong><\/a><\/h4>\n\n\n<p><\/p>\n","protected":false},"excerpt":{"rendered":"<p>PARA LAS OBLIGACIONES DEL EJERCICIO 2022 A LA FECHA ACTUAL, CONSULTALAS EN EL SIGUIENTE BOT\u00d3N Ejercicio 2021 1er Trimestre 8F22_IIA y F23_IIB\u00a0 2do Trimestre F22_IIA y F23_IIB 3er Trimestre F22_IIA y F23_IIB 4tor Trimestre F22_IIA y F23_IIB Ejercicio 2020 1er <a class=\"more-link\" href=\"https:\/\/purisimadelrincon.mx\/transparencia\/b-las-actas-de-sesiones-y-el-sentido-de-votacion-de-comisiones-organos-y-consejos-asi-como-los-controles-de-asistencia\/\">Seguir leyendo <span class=\"screen-reader-text\">  b) Las actas de sesiones y el sentido de votaci\u00f3n de comisiones, \u00f3rganos y consejos as\u00ed como los controles de asistencia<\/span><span class=\"meta-nav\">&rarr;<\/span><\/a><\/p>\n","protected":false},"author":2,"featured_media":0,"parent":0,"menu_order":0,"comment_status":"closed","ping_status":"closed","template":"","meta":{"footnotes":""},"class_list":["post-4617","page","type-page","status-publish","hentry"],"_links":{"self":[{"href":"https:\/\/purisimadelrincon.mx\/transparencia\/wp-json\/wp\/v2\/pages\/4617","targetHints":{"allow":["GET"]}}],"collection":[{"href":"https:\/\/purisimadelrincon.mx\/transparencia\/wp-json\/wp\/v2\/pages"}],"about":[{"href":"https:\/\/purisimadelrincon.mx\/transparencia\/wp-json\/wp\/v2\/types\/page"}],"author":[{"embeddable":true,"href":"https:\/\/purisimadelrincon.mx\/transparencia\/wp-json\/wp\/v2\/users\/2"}],"replies":[{"embeddable":true,"href":"https:\/\/purisimadelrincon.mx\/transparencia\/wp-json\/wp\/v2\/comments?post=4617"}],"version-history":[{"count":25,"href":"https:\/\/purisimadelrincon.mx\/transparencia\/wp-json\/wp\/v2\/pages\/4617\/revisions"}],"predecessor-version":[{"id":21527,"href":"https:\/\/purisimadelrincon.mx\/transparencia\/wp-json\/wp\/v2\/pages\/4617\/revisions\/21527"}],"wp:attachment":[{"href":"https:\/\/purisimadelrincon.mx\/transparencia\/wp-json\/wp\/v2\/media?parent=4617"}],"curies":[{"name":"wp","href":"https:\/\/api.w.org\/{rel}","templated":true}]}}