{"id":4672,"date":"2018-01-29T16:14:47","date_gmt":"2018-01-29T16:14:47","guid":{"rendered":"http:\/\/localhost\/transparencia\/?page_id=4672"},"modified":"2026-01-29T20:50:19","modified_gmt":"2026-01-29T20:50:19","slug":"xlv-el-catalogo-de-disposicion-y-guia-de-archivo-documental","status":"publish","type":"page","link":"https:\/\/purisimadelrincon.mx\/transparencia\/xlv-el-catalogo-de-disposicion-y-guia-de-archivo-documental\/","title":{"rendered":"XLV. El cat\u00e1logo de disposici\u00f3n y gu\u00eda de archivo documental."},"content":{"rendered":"<h5>\u00a0<\/h5>\n<h5>\u00a0<\/h5>\n<h5>PARA LAS OBLIGACIONES DEL EJERCICIO <strong>2022<\/strong> A LA FECHA ACTUAL, CONSULTALAS EN EL SIGUIENTE BOT\u00d3N\u00a0<\/h5>\n<p><a href=\"https:\/\/consultapublicamx.plataformadetransparencia.org.mx\/vut-web\/faces\/view\/consultaPublica.xhtml#inicio\"><img loading=\"lazy\" decoding=\"async\" class=\" wp-image-12755 aligncenter\" src=\"https:\/\/purisimadelrincon.mx\/transparencia\/wp-content\/uploads\/PLATAFORMANACIONAL-300x151.jpg\" alt=\"\" width=\"259\" height=\"137\" \/><\/a><\/p>\n<h5>\u00a0<\/h5>\n<h5><span style=\"color: revert; font-size: 18px;\">Ejercicio 2021<\/span><\/h5>\n<ul>\n<li><a href=\"https:\/\/purisimadelrincon.mx\/transparencia\/wp-content\/uploads\/LTAIPG26F1_XLV-1T21-Archivo.xlsx\">1er Trimestre<\/a><\/li>\n<li><a href=\"https:\/\/purisimadelrincon.mx\/transparencia\/wp-content\/uploads\/LTAIPG26F1_XLV-2T21-Archivo.xlsx\">2do Trimestre<\/a><\/li>\n<li><a href=\"https:\/\/purisimadelrincon.mx\/transparencia\/wp-content\/uploads\/LTAIPG26F1_XLV-3T21-Archivo.xlsx\">3er\u00a0Trimestre<\/a><\/li>\n<li><a href=\"https:\/\/purisimadelrincon.mx\/transparencia\/wp-content\/uploads\/LTAIPG26F1_XLV-4T21-Archivo.xlsx\">4to Trimestre<\/a><\/li>\n<\/ul>\n<h5>Ejercicio 2020<\/h5>\n<ul>\n<li><a href=\"https:\/\/purisimadelrincon.mx\/transparencia\/wp-content\/uploads\/LTAIPG26F1_XLV-1T20-Archivo.xlsx\">1er Trimestre<\/a><\/li>\n<li><a href=\"https:\/\/purisimadelrincon.mx\/transparencia\/wp-content\/uploads\/LTAIPG26F1_XLV-2T20-Archivo.xlsx\">2do Trimestre<\/a><\/li>\n<li><a href=\"https:\/\/purisimadelrincon.mx\/transparencia\/wp-content\/uploads\/LTAIPG26F1_XLV-3T20-Archivo.xlsx\">3er\u00a0Trimestre<\/a><\/li>\n<li><a href=\"https:\/\/purisimadelrincon.mx\/transparencia\/wp-content\/uploads\/LTAIPG26F1_XLV-4T20-Archivo.xlsx\">4to Trimestre<\/a><\/li>\n<\/ul>\n<h4><a href=\"https:\/\/purisimadelrincon.mx\/transparencia\/articulo-69-indice-de-expedientes-clasificados\/\"><strong>Art\u00edculo 69. \u00cdndice de expedientes clasificados<\/strong><\/a><\/h4>\n<h4>\u00a0<\/h4>\n<h4><strong>INVENTARIO<\/strong><\/h4>\n<ul>\n<li style=\"list-style-type: none;\">\n<ul>\n<li><a href=\"https:\/\/purisimadelrincon.mx\/transparencia\/wp-content\/uploads\/Inventario-documental-4T25.pdf\">Inventario documental 4T25<\/a><\/li>\n<li><a style=\"font-size: 15px;\" href=\"https:\/\/purisimadelrincon.mx\/transparencia\/wp-content\/uploads\/Inventario-documental-3T25.pdf\">Inventario documental 3T25<\/a><\/li>\n<li><a href=\"https:\/\/purisimadelrincon.mx\/transparencia\/wp-content\/uploads\/Inventario-documental-2T25.pdf\">Inventario documental 2T25<\/a><\/li>\n<li><a href=\"https:\/\/purisimadelrincon.mx\/transparencia\/wp-content\/uploads\/Inventario-documental-1T25.pdf\">Inventario documental 1T25<\/a><\/li>\n<li><a href=\"https:\/\/purisimadelrincon.mx\/transparencia\/wp-content\/uploads\/04-Inventario-Documental-2024-1.pdf\">04-Inventario-Documental-2024 4T<\/a><\/li>\n<li><a href=\"https:\/\/purisimadelrincon.mx\/transparencia\/wp-content\/uploads\/04-Inventario-Documental-3T2024.pdf\">04-Inventario-Documental-3T2024<\/a><\/li>\n<\/ul>\n<\/li>\n<\/ul>\n<p>&nbsp;<\/p>\n<h3>PADA<\/h3>\n<ul>\n<li style=\"list-style-type: none;\">\n<ul>\n<li><a href=\"https:\/\/purisimadelrincon.mx\/transparencia\/wp-content\/uploads\/PADA-2026-Archivo-Mpal.-Purisima-del-Rincon-Gto.pdf\">PADA 2026 Archivo Mpal. Pur\u00edsima del Rinc\u00f3n, Gto.<\/a><\/li>\n<li><a href=\"https:\/\/purisimadelrincon.mx\/transparencia\/wp-content\/uploads\/PADA-2025-Archivo-Municipal-Purisima-del-Rincon.pdf\">PADA 2025 Archivo Municipal Pur\u00edsima del Rinc\u00f3n<\/a><\/li>\n<li><a href=\"https:\/\/purisimadelrincon.mx\/transparencia\/wp-content\/uploads\/Informe-anual-de-cumplimiento-del-PADA-2025-Archivo-Mpal.-Purisima-del-Rincon-Gto.pdf\">Informe anual de\u00a0 PADA 2025\u00a0<\/a><\/li>\n<li><a href=\"https:\/\/purisimadelrincon.mx\/transparencia\/wp-content\/uploads\/Informe-anual-del-PADA-2024.pdf\">Informe anual del PADA 2024<\/a><\/li>\n<li><a style=\"font-size: 15px;\" href=\"https:\/\/purisimadelrincon.mx\/transparencia\/wp-content\/uploads\/PADA-2023.pdf\">Plan Anual de Desarrollo Archiv\u00edstico 2023<\/a><\/li>\n<\/ul>\n<\/li>\n<\/ul>\n<ul>\n<li style=\"list-style-type: none;\">\u00a0<\/li>\n<\/ul>\n<h3>CAT\u00c1LOGO DE DISPOSICI\u00d3N<\/h3>\n<ul>\n<li><a href=\"https:\/\/purisimadelrincon.mx\/transparencia\/wp-content\/uploads\/CADIDO-2020.pdf\">Catalogo de Disposici\u00f3n 2020-2021<\/a><\/li>\n<li><a href=\"https:\/\/purisimadelrincon.mx\/transparencia\/wp-content\/uploads\/LTAIPG26F1_XLV-2.xlsx\">Cat\u00e1logo disposici\u00f3n documental y gu\u00eda 2019<\/a><\/li>\n<li><a href=\"https:\/\/purisimadelrincon.mx\/transparencia\/wp-content\/uploads\/Cat\u00e1logo-disposici\u00f3n-documental-y-guia-201809.xlsx\">Cat\u00e1logo disposici\u00f3n documental y gu\u00eda 2018<\/a><\/li>\n<li><a href=\"https:\/\/purisimadelrincon.mx\/transparencia\/wp-content\/uploads\/Cat\u00e1logo-disposici\u00f3n-documental-y-guia.xlsx\">Cat\u00e1logo disposici\u00f3n documental y gu\u00eda 2015-2017<\/a><\/li>\n<li><a href=\"https:\/\/purisimadelrincon.mx\/transparencia\/wp-content\/uploads\/Catalogo-de-Disposicion.xlsx\">Cat\u00e1logo de disposici\u00f3n<\/a><\/li>\n<\/ul>\n<h3>CUADRO GENERAL DE CLASIFICACI\u00d3N<\/h3>\n<ul>\n<li><a href=\"https:\/\/purisimadelrincon.mx\/transparencia\/wp-content\/uploads\/CGCA-2020.pdf\">Cuadro General de Clasificaci\u00f3n 2020-2021<\/a><\/li>\n<li><a href=\"https:\/\/purisimadelrincon.mx\/transparencia\/wp-content\/uploads\/Cuadro-General-de-Clasificaci\u00f3n-1.xlsx\">Cuadro General de Clasificaci\u00f3n<\/a><\/li>\n<li><a href=\"https:\/\/purisimadelrincon.mx\/transparencia\/wp-content\/uploads\/Cuadro-General-de-Clasificaci\u00f3n.xlsx\">Cuadro de clasificaci\u00f3n archiv\u00edstica del Municipio de Pur\u00edsima del Rinc\u00f3n 2018.<\/a><\/li>\n<li><a href=\"https:\/\/purisimadelrincon.mx\/transparencia\/wp-content\/uploads\/CUADRO-DE-CLASIFICACION-ARCHIVISTICA-MUNICIPIO-DE-PURISIMA-DEL-RINCON.xlsx\">Cuadro de clasificaci\u00f3n archiv\u00edstica del Municipio de Pur\u00edsima del Rinc\u00f3n 2017.<\/a><\/li>\n<\/ul>\n<h3>GUIA SIMPLE<\/h3>\n<ul>\n<li style=\"list-style-type: none;\">\n<ul>\n<li><a href=\"https:\/\/purisimadelrincon.mx\/transparencia\/wp-content\/uploads\/Guia-Simple-2020.pdf\">Gu\u00eda Simple 2020-2021<\/a><\/li>\n<li><a href=\"https:\/\/purisimadelrincon.mx\/transparencia\/wp-content\/uploads\/Guia-Simple-2018.docx\">Gu\u00eda Simple<\/a><\/li>\n<\/ul>\n<\/li>\n<\/ul>\n\n\n<p><\/p>\n","protected":false},"excerpt":{"rendered":"<p>\u00a0 \u00a0 PARA LAS OBLIGACIONES DEL EJERCICIO 2022 A LA FECHA ACTUAL, CONSULTALAS EN EL SIGUIENTE BOT\u00d3N\u00a0 \u00a0 Ejercicio 2021 1er Trimestre 2do Trimestre 3er\u00a0Trimestre 4to Trimestre Ejercicio 2020 1er Trimestre 2do Trimestre 3er\u00a0Trimestre 4to Trimestre Art\u00edculo 69. \u00cdndice de <a class=\"more-link\" href=\"https:\/\/purisimadelrincon.mx\/transparencia\/xlv-el-catalogo-de-disposicion-y-guia-de-archivo-documental\/\">Seguir leyendo <span class=\"screen-reader-text\">  XLV. El cat\u00e1logo de disposici\u00f3n y gu\u00eda de archivo documental.<\/span><span class=\"meta-nav\">&rarr;<\/span><\/a><\/p>\n","protected":false},"author":2,"featured_media":0,"parent":0,"menu_order":0,"comment_status":"closed","ping_status":"closed","template":"page-fullwidth.php","meta":{"footnotes":""},"class_list":["post-4672","page","type-page","status-publish","hentry"],"_links":{"self":[{"href":"https:\/\/purisimadelrincon.mx\/transparencia\/wp-json\/wp\/v2\/pages\/4672","targetHints":{"allow":["GET"]}}],"collection":[{"href":"https:\/\/purisimadelrincon.mx\/transparencia\/wp-json\/wp\/v2\/pages"}],"about":[{"href":"https:\/\/purisimadelrincon.mx\/transparencia\/wp-json\/wp\/v2\/types\/page"}],"author":[{"embeddable":true,"href":"https:\/\/purisimadelrincon.mx\/transparencia\/wp-json\/wp\/v2\/users\/2"}],"replies":[{"embeddable":true,"href":"https:\/\/purisimadelrincon.mx\/transparencia\/wp-json\/wp\/v2\/comments?post=4672"}],"version-history":[{"count":54,"href":"https:\/\/purisimadelrincon.mx\/transparencia\/wp-json\/wp\/v2\/pages\/4672\/revisions"}],"predecessor-version":[{"id":21953,"href":"https:\/\/purisimadelrincon.mx\/transparencia\/wp-json\/wp\/v2\/pages\/4672\/revisions\/21953"}],"wp:attachment":[{"href":"https:\/\/purisimadelrincon.mx\/transparencia\/wp-json\/wp\/v2\/media?parent=4672"}],"curies":[{"name":"wp","href":"https:\/\/api.w.org\/{rel}","templated":true}]}}