{"id":6048,"date":"2018-09-06T15:08:21","date_gmt":"2018-09-06T15:08:21","guid":{"rendered":"http:\/\/localhost\/transparencia\/?page_id=6048"},"modified":"2025-12-04T20:36:57","modified_gmt":"2025-12-04T20:36:57","slug":"xvii-la-informacion-curricular-desde-el-nivel-de-jefatura-de-departamento-o-equivalente","status":"publish","type":"page","link":"https:\/\/purisimadelrincon.mx\/transparencia\/xvii-la-informacion-curricular-desde-el-nivel-de-jefatura-de-departamento-o-equivalente\/","title":{"rendered":"XVII. La informaci\u00f3n curricular, desde el nivel de jefatura de departamento o equivalente"},"content":{"rendered":"<h5>PARA LAS OBLIGACIONES DEL EJERCICIO <strong>2022<\/strong> A LA FECHA ACTUAL, CONSULTALAS EN EL SIGUIENTE BOTON<\/h5>\n<p><a href=\"https:\/\/consultapublicamx.plataformadetransparencia.org.mx\/vut-web\/faces\/view\/consultaPublica.xhtml#inicio\"><img loading=\"lazy\" decoding=\"async\" class=\" wp-image-12755 aligncenter\" src=\"https:\/\/purisimadelrincon.mx\/transparencia\/wp-content\/uploads\/PLATAFORMANACIONAL-300x151.jpg\" alt=\"\" width=\"260\" height=\"136\" \/><\/a><\/p>\n<h5>Ejercicio 2021<\/h5>\n<ul>\n<li><a href=\"https:\/\/purisimadelrincon.mx\/transparencia\/wp-content\/uploads\/LTAIPG26F1_XVII1T21RecHum.xlsx\">1er Trimestre<\/a><\/li>\n<li><a href=\"https:\/\/purisimadelrincon.mx\/transparencia\/wp-content\/uploads\/LTAIPG26F1_XVII2T21RecHum.xlsx\">2do Trimestre<\/a><\/li>\n<li><a href=\"https:\/\/purisimadelrincon.mx\/transparencia\/wp-content\/uploads\/LTAIPG26F1_XVII3T21RecHum.xlsx\">3er\u00a0Trimestre<\/a><\/li>\n<li><a href=\"https:\/\/purisimadelrincon.mx\/transparencia\/wp-content\/uploads\/LTAIPG26F1_XVII-4T21RecHum.xlsx\">4to Trimestre<\/a><\/li>\n<\/ul>\n<h5>Ejercicio 2020<\/h5>\n<ul>\n<li><a href=\"https:\/\/purisimadelrincon.mx\/transparencia\/wp-content\/uploads\/LTAIPG26F1_XVII1T20RecHum.xlsx\">1er Trimestre<\/a><\/li>\n<li><a href=\"https:\/\/purisimadelrincon.mx\/transparencia\/wp-content\/uploads\/LTAIPG26F1_XVII2T20RecHum.xlsx\">2do Trimestre<\/a><\/li>\n<li><a href=\"https:\/\/purisimadelrincon.mx\/transparencia\/wp-content\/uploads\/LTAIPG26F1_XVII3T20RecHum.xlsx\">3er\u00a0Trimestre<\/a><\/li>\n<li><a href=\"https:\/\/purisimadelrincon.mx\/transparencia\/wp-content\/uploads\/LTAIPG26F1_XVII4T20RecHum.xlsx\">4to Trimestre<\/a><\/li>\n<\/ul>\n<h5>Ejercicio 2019<\/h5>\n<ul>\n<li><a href=\"https:\/\/purisimadelrincon.mx\/transparencia\/wp-content\/uploads\/LTAIPG26F1_XVII1y2T19RecHum.xlsx\">Formato Informaci\u00f3n curricular de los(as) servidores(as) p\u00fablicas(os) 1er. Y 2do. Trimestre.<\/a><\/li>\n<li><a href=\"https:\/\/purisimadelrincon.mx\/transparencia\/wp-content\/uploads\/LTAIPG26F1_XVII3T19RecHum.xlsx\">Formato Informaci\u00f3n curricular de los(as) servidores(as) p\u00fablicas(os) 3er. Trimestre<\/a><\/li>\n<li><a href=\"https:\/\/purisimadelrincon.mx\/transparencia\/wp-content\/uploads\/LTAIPG26F1_XVII4T19RecHum.xlsx\">Formato Informaci\u00f3n curricular de los(as) servidores(as) p\u00fablicas(os) 4to. Trimestre<\/a><\/li>\n<\/ul>\n<h1 style=\"text-align: center;\"><em><strong>Informaci\u00f3n Curricular<\/strong><\/em><\/h1>\n<h3><a href=\"https:\/\/purisimadelrincon.mx\/transparencia\/curriculums-adminitracion-2021-2024\/\">H. Ayuntamiento 2021-2024<\/a><\/h3>\n<h3><a href=\"https:\/\/purisimadelrincon.mx\/transparencia\/curriculums-2024-2027\/\">H. Ayuntamiento 2024-2027<\/a><\/h3>\n<h3>\u00a0<\/h3>\n<h3><a href=\"https:\/\/purisimadelrincon.mx\/transparencia\/curriculums\/\">Sistema Municipal DIF 2021-2024<\/a><\/h3>\n<h3><a href=\"https:\/\/purisimadelrincon.mx\/transparencia\/curriculums-dif-2024-2027\/\">Sistema Municipal DIF 2024-2027<\/a><\/h3>\n<h3><a href=\"https:\/\/purisimadelrincon.mx\/transparencia\/curriculums-instituto-de-las-mujeres-purisimenses\/\">Instituto de las Mujeres Purisimenses 2021-2024<\/a><\/h3>\n<h3><a href=\"https:\/\/purisimadelrincon.mx\/transparencia\/curriculums-instituto-de-las-mujeres-purisimenses-2024-2027\/\">Instituto de las Mujeres Purisimenses 2024-2027<\/a><\/h3>\n<h3><a href=\"https:\/\/purisimadelrincon.mx\/transparencia\/curriculums-instituto-municipal-de-planeacion-de-purisima-del-rincon\/\">Instituto Municipal de Planeaci\u00f3n de Pur\u00edsima del Rinc\u00f3n 2024-2027<\/a><\/h3>\n<h5>\u00a0<\/h5>\n\n\n<div class=\"wp-block-columns is-layout-flex wp-container-core-columns-is-layout-9d6595d7 wp-block-columns-is-layout-flex\">\n<div class=\"wp-block-column is-layout-flow wp-block-column-is-layout-flow\">\n<p><\/p>\n<\/div>\n<\/div>\n\n\n\n<p><\/p>\n","protected":false},"excerpt":{"rendered":"<p>PARA LAS OBLIGACIONES DEL EJERCICIO 2022 A LA FECHA ACTUAL, CONSULTALAS EN EL SIGUIENTE BOTON Ejercicio 2021 1er Trimestre 2do Trimestre 3er\u00a0Trimestre 4to Trimestre Ejercicio 2020 1er Trimestre 2do Trimestre 3er\u00a0Trimestre 4to Trimestre Ejercicio 2019 Formato Informaci\u00f3n curricular de los(as) <a class=\"more-link\" href=\"https:\/\/purisimadelrincon.mx\/transparencia\/xvii-la-informacion-curricular-desde-el-nivel-de-jefatura-de-departamento-o-equivalente\/\">Seguir leyendo <span class=\"screen-reader-text\">  XVII. La informaci\u00f3n curricular, desde el nivel de jefatura de departamento o equivalente<\/span><span class=\"meta-nav\">&rarr;<\/span><\/a><\/p>\n","protected":false},"author":2,"featured_media":0,"parent":0,"menu_order":0,"comment_status":"closed","ping_status":"closed","template":"page-fullwidth.php","meta":{"footnotes":""},"class_list":["post-6048","page","type-page","status-publish","hentry"],"_links":{"self":[{"href":"https:\/\/purisimadelrincon.mx\/transparencia\/wp-json\/wp\/v2\/pages\/6048","targetHints":{"allow":["GET"]}}],"collection":[{"href":"https:\/\/purisimadelrincon.mx\/transparencia\/wp-json\/wp\/v2\/pages"}],"about":[{"href":"https:\/\/purisimadelrincon.mx\/transparencia\/wp-json\/wp\/v2\/types\/page"}],"author":[{"embeddable":true,"href":"https:\/\/purisimadelrincon.mx\/transparencia\/wp-json\/wp\/v2\/users\/2"}],"replies":[{"embeddable":true,"href":"https:\/\/purisimadelrincon.mx\/transparencia\/wp-json\/wp\/v2\/comments?post=6048"}],"version-history":[{"count":110,"href":"https:\/\/purisimadelrincon.mx\/transparencia\/wp-json\/wp\/v2\/pages\/6048\/revisions"}],"predecessor-version":[{"id":21484,"href":"https:\/\/purisimadelrincon.mx\/transparencia\/wp-json\/wp\/v2\/pages\/6048\/revisions\/21484"}],"wp:attachment":[{"href":"https:\/\/purisimadelrincon.mx\/transparencia\/wp-json\/wp\/v2\/media?parent=6048"}],"curies":[{"name":"wp","href":"https:\/\/api.w.org\/{rel}","templated":true}]}}