{"id":6382,"date":"2018-12-05T19:46:32","date_gmt":"2018-12-05T19:46:32","guid":{"rendered":"http:\/\/localhost\/transparencia\/?page_id=6382"},"modified":"2025-12-04T21:04:45","modified_gmt":"2025-12-04T21:04:45","slug":"xxxiii-los-convenios-de-coordinacion-de-concertacion-con-los-sectores-social-y-privado","status":"publish","type":"page","link":"https:\/\/purisimadelrincon.mx\/transparencia\/xxxiii-los-convenios-de-coordinacion-de-concertacion-con-los-sectores-social-y-privado\/","title":{"rendered":"XXXIII. Los convenios de coordinaci\u00f3n de concertaci\u00f3n con los sectores social y privado."},"content":{"rendered":"<h5>PARA LAS OBLIGACIONES DEL EJERCICIO 2022 A LA FECHA ACTUAL, CONSULTALAS EN EL SIGUIENTE BOT\u00d3N<\/h5>\n<p><a href=\"https:\/\/consultapublicamx.plataformadetransparencia.org.mx\/vut-web\/faces\/view\/consultaPublica.xhtml#inicio\"><img loading=\"lazy\" decoding=\"async\" class=\" wp-image-12755 aligncenter\" src=\"https:\/\/purisimadelrincon.mx\/transparencia\/wp-content\/uploads\/PLATAFORMANACIONAL-300x151.jpg\" alt=\"\" width=\"260\" height=\"136\" \/><\/a><\/p>\n<h5>\u00a0<\/h5>\n<h5>Ejercicio 2021<\/h5>\n<ul>\n<li><a href=\"https:\/\/purisimadelrincon.mx\/transparencia\/wp-content\/uploads\/LTAIPG26F1_XXXIII-1T21-SHA.xlsx\">1er Trimestre<\/a><\/li>\n<li><a href=\"https:\/\/purisimadelrincon.mx\/transparencia\/wp-content\/uploads\/LTAIPG26F1_XXXIII-2T21-SHA.xlsx\">2do Trimestre<\/a><\/li>\n<li><a href=\"https:\/\/purisimadelrincon.mx\/transparencia\/wp-content\/uploads\/LTAIPG26F1_XXXIII-3T21-SHA.xlsx\">3er Trimestre<\/a><\/li>\n<li><a href=\"https:\/\/purisimadelrincon.mx\/transparencia\/wp-content\/uploads\/LTAIPG26F1_XXXIII-4T21-SHA.xlsx\">4to Trimestre<\/a><\/li>\n<\/ul>\n<h5>Ejercicio 2020<\/h5>\n<ul>\n<li><a href=\"https:\/\/purisimadelrincon.mx\/transparencia\/wp-content\/uploads\/LTAIPG26F1_XXXIII-1T20-SHA.xlsx\">1er Trimestre<\/a><\/li>\n<li><a href=\"https:\/\/purisimadelrincon.mx\/transparencia\/wp-content\/uploads\/LTAIPG26F1_XXXIII-2T20-SHA.xlsx\">2do Trimestre<\/a><\/li>\n<li><a href=\"https:\/\/purisimadelrincon.mx\/transparencia\/wp-content\/uploads\/LTAIPG26F1_XXXIII-3T20-SHA.xlsx\">3er\u00a0Trimestre<\/a><\/li>\n<li><a href=\"https:\/\/purisimadelrincon.mx\/transparencia\/wp-content\/uploads\/LTAIPG26F1_XXXIII-4T20-SHA.xlsx\">4to Trimestre<\/a><\/li>\n<\/ul>\n<h5>Ejercicio 2019<\/h5>\n<ul>\n<li><a href=\"https:\/\/purisimadelrincon.mx\/transparencia\/wp-content\/uploads\/LTAIPG26F1_XXXIII.xlsx\">Formato Convenios de coordinaci\u00f3n de concertaci\u00f3n con el sector social o privado 1er. Trimestre<\/a><\/li>\n<li><a href=\"https:\/\/purisimadelrincon.mx\/transparencia\/wp-content\/uploads\/LTAIPG26F1_XXXIII-1.xlsx\">Formato Convenios de coordinaci\u00f3n de concertaci\u00f3n con el sector social o privado 4to. Trimestre<\/a><\/li>\n<\/ul>\n<h3>SISTEMA DEL DESARROLO INTEGRAL DE LA FAMILIA<\/h3>\n<h5 style=\"text-align: center;\"><a href=\"https:\/\/purisimadelrincon.mx\/transparencia\/convenios-de-coordinacion-de-concertacion-con-los-sectores-social-y-privado\/\"><strong>Administraci\u00f3n 2024-2027<\/strong><\/a><\/h5>\n<h5>\u00a0<\/h5>\n<h5 style=\"text-align: center;\"><strong>Administraci\u00f3n 2021-2024<\/strong><\/h5>\n<ul>\n<li><a href=\"https:\/\/purisimadelrincon.mx\/transparencia\/wp-content\/uploads\/Programa-Federal-de-Salud-y-Bienestar-Comunitario.pdf\">Programa Federal de Salud y Bienestar Comunitario<\/a><\/li>\n<li><a href=\"https:\/\/purisimadelrincon.mx\/transparencia\/wp-content\/uploads\/CONVENIO-DE-COLABORACION-PATRONATO-LUPE-GOMEZ_vp.pdf\">CONVENIO DE COLABORACI\u00d3N PATRONATO LUPE GOMEZ<\/a><\/li>\n<li><a href=\"https:\/\/purisimadelrincon.mx\/transparencia\/wp-content\/uploads\/CONVENIO-REGALANDO-SONRISAS-INSTITUTO-FACE_vp.pdf\">CONVENIO REGALANDO SONRISAS INSTITUTO FACE<\/a><\/li>\n<li><a href=\"https:\/\/purisimadelrincon.mx\/transparencia\/wp-content\/uploads\/Purisima_del_Rincon._Primeros_1000_dias.pdf\">Pur\u00edsima del Rinc\u00f3n. Primeros 1000 d\u00edas.<\/a><\/li>\n<li><a href=\"https:\/\/purisimadelrincon.mx\/transparencia\/wp-content\/uploads\/Purisima_del_Rincon._Grupos_Prioritarios.pdf\">Pur\u00edsima del Rinc\u00f3n. Grupos Prioritarios.<\/a><\/li>\n<li><a href=\"https:\/\/purisimadelrincon.mx\/transparencia\/wp-content\/uploads\/Purisima-del-Rincon.-Alimentacion-Escolar.pdf\">Pur\u00edsima del Rinc\u00f3n. Alimentaci\u00f3n Escolar.<\/a><\/li>\n<li><a href=\"https:\/\/purisimadelrincon.mx\/transparencia\/wp-content\/uploads\/convenio-Red-Movil24.pdf\">Convenio Red Movil24.<\/a><\/li>\n<li><a href=\"https:\/\/purisimadelrincon.mx\/transparencia\/wp-content\/uploads\/convenio-fortalecimiento-dif-gto.pdf\">Convenio fortalecimiento DIF Gto.<\/a><\/li>\n<li><a href=\"https:\/\/purisimadelrincon.mx\/transparencia\/wp-content\/uploads\/608-MOD._PURISIMA_DEL_RINCON_MECANISMOS_DE_CORRESPONSABILIDAD.pdf\">608Mod.Pur\u00edsima del Rinc\u00f3n. Mecanismos de corresponsabilidad<\/a><\/li>\n<li><a href=\"https:\/\/purisimadelrincon.mx\/transparencia\/wp-content\/uploads\/490._PURISIMA_DEL_RINCON_MECANISMOS_DE_CORRESPONSABILIDAD.pdf\">490Pur\u00edsima del Rinc\u00f3n. Mecanismos de corresponsabilidad.<\/a><\/li>\n<\/ul>\n\n\n<p><\/p>\n\n\n\n<p><\/p>\n\n\n\n<p><\/p>\n","protected":false},"excerpt":{"rendered":"<p>PARA LAS OBLIGACIONES DEL EJERCICIO 2022 A LA FECHA ACTUAL, CONSULTALAS EN EL SIGUIENTE BOT\u00d3N \u00a0 Ejercicio 2021 1er Trimestre 2do Trimestre 3er Trimestre 4to Trimestre Ejercicio 2020 1er Trimestre 2do Trimestre 3er\u00a0Trimestre 4to Trimestre Ejercicio 2019 Formato Convenios de <a class=\"more-link\" href=\"https:\/\/purisimadelrincon.mx\/transparencia\/xxxiii-los-convenios-de-coordinacion-de-concertacion-con-los-sectores-social-y-privado\/\">Seguir leyendo <span class=\"screen-reader-text\">  XXXIII. Los convenios de coordinaci\u00f3n de concertaci\u00f3n con los sectores social y privado.<\/span><span class=\"meta-nav\">&rarr;<\/span><\/a><\/p>\n","protected":false},"author":2,"featured_media":0,"parent":0,"menu_order":0,"comment_status":"closed","ping_status":"closed","template":"page-fullwidth.php","meta":{"footnotes":""},"class_list":["post-6382","page","type-page","status-publish","hentry"],"_links":{"self":[{"href":"https:\/\/purisimadelrincon.mx\/transparencia\/wp-json\/wp\/v2\/pages\/6382","targetHints":{"allow":["GET"]}}],"collection":[{"href":"https:\/\/purisimadelrincon.mx\/transparencia\/wp-json\/wp\/v2\/pages"}],"about":[{"href":"https:\/\/purisimadelrincon.mx\/transparencia\/wp-json\/wp\/v2\/types\/page"}],"author":[{"embeddable":true,"href":"https:\/\/purisimadelrincon.mx\/transparencia\/wp-json\/wp\/v2\/users\/2"}],"replies":[{"embeddable":true,"href":"https:\/\/purisimadelrincon.mx\/transparencia\/wp-json\/wp\/v2\/comments?post=6382"}],"version-history":[{"count":21,"href":"https:\/\/purisimadelrincon.mx\/transparencia\/wp-json\/wp\/v2\/pages\/6382\/revisions"}],"predecessor-version":[{"id":21504,"href":"https:\/\/purisimadelrincon.mx\/transparencia\/wp-json\/wp\/v2\/pages\/6382\/revisions\/21504"}],"wp:attachment":[{"href":"https:\/\/purisimadelrincon.mx\/transparencia\/wp-json\/wp\/v2\/media?parent=6382"}],"curies":[{"name":"wp","href":"https:\/\/api.w.org\/{rel}","templated":true}]}}