{"id":6386,"date":"2018-12-05T19:58:48","date_gmt":"2018-12-05T19:58:48","guid":{"rendered":"http:\/\/localhost\/transparencia\/?page_id=6386"},"modified":"2025-12-04T21:06:06","modified_gmt":"2025-12-04T21:06:06","slug":"xxxv-las-recomendaciones-emitidas-por-los-organos-publicos-del-estado-mexicano-u-organismos-internacionales-garantes-de-los-derechos-humanos-asi-como-las-acciones-que-han-llevado-a-cabo-para-su-aten","status":"publish","type":"page","link":"https:\/\/purisimadelrincon.mx\/transparencia\/xxxv-las-recomendaciones-emitidas-por-los-organos-publicos-del-estado-mexicano-u-organismos-internacionales-garantes-de-los-derechos-humanos-asi-como-las-acciones-que-han-llevado-a-cabo-para-su-aten\/","title":{"rendered":"XXXV. Las recomendaciones emitidas por los \u00f3rganos p\u00fablicos del Estado mexicano u organismos internacionales garantes de los derechos humanos, as\u00ed como las acciones que han llevado a cabo para su atenci\u00f3n."},"content":{"rendered":"<h5>PARA LAS OBLIGACIONES DEL EJERCICIO <strong>2022<\/strong> A LA FECHA ACTUAL, CONSULTALAS EN EL SIGUIENTE BOT\u00d3N<\/h5>\n<p><a href=\"https:\/\/consultapublicamx.plataformadetransparencia.org.mx\/vut-web\/faces\/view\/consultaPublica.xhtml#inicio\"><img loading=\"lazy\" decoding=\"async\" class=\" wp-image-12755 aligncenter\" src=\"https:\/\/purisimadelrincon.mx\/transparencia\/wp-content\/uploads\/PLATAFORMANACIONAL-300x151.jpg\" alt=\"\" width=\"260\" height=\"136\" \/><\/a><\/p>\n<h5>Ejercicio 2021<\/h5>\n<ul>\n<li>1er Trimestre XXXV, XXXVA y XXXVB<\/li>\n<li>2do Trimestre\u00a0<a href=\"https:\/\/purisimadelrincon.mx\/transparencia\/wp-content\/uploads\/LTAIPG26F1_XXXV-2t21-Juri.xlsx\">XXXV<\/a>, <a href=\"https:\/\/purisimadelrincon.mx\/transparencia\/wp-content\/uploads\/LTAIPG26F1_XXXVA-2t21-Juri.xlsx\">XXXVA<\/a> y <a href=\"https:\/\/purisimadelrincon.mx\/transparencia\/wp-content\/uploads\/LTAIPG26F2_XXXVB-2t21-Juri.xlsx\">XXXVB<\/a><\/li>\n<li>3er Trimestre\u00a0<a href=\"https:\/\/purisimadelrincon.mx\/transparencia\/wp-content\/uploads\/LTAIPG26F1_XXXV-3T21-Juri.xlsx\">XXXV<\/a>, <a href=\"https:\/\/purisimadelrincon.mx\/transparencia\/wp-content\/uploads\/LTAIPG26F1_XXXVA-3T21-Juri.xlsx\">XXXVA<\/a> y <a href=\"https:\/\/purisimadelrincon.mx\/transparencia\/wp-content\/uploads\/LTAIPG26F2_XXXVB-3T21-Juri.xlsx\">XXXVB<\/a><\/li>\n<li>4to Trimestre\u00a0<a href=\"https:\/\/purisimadelrincon.mx\/transparencia\/wp-content\/uploads\/LTAIPG26F1_XXXV-4T21-Jur.xlsx\">XXXV<\/a>, <a href=\"https:\/\/purisimadelrincon.mx\/transparencia\/wp-content\/uploads\/LTAIPG26F1_XXXVA-4T21-Juri.xlsx\">XXXVA<\/a> y <a href=\"https:\/\/purisimadelrincon.mx\/transparencia\/wp-content\/uploads\/LTAIPG26F2_XXXVB-4T21-Juri.xlsx\">XXXVB<\/a><\/li>\n<\/ul>\n<h5>Ejercicio 2020<\/h5>\n<ul>\n<li>1er Trimestre <a href=\"https:\/\/purisimadelrincon.mx\/transparencia\/wp-content\/uploads\/LTAIPG26F1_XXXV-1T20-SecP.xlsx\">XXXV<\/a>, <a href=\"https:\/\/purisimadelrincon.mx\/transparencia\/wp-content\/uploads\/LTAIPG26F1_XXXVA-1T20-SecP.xlsx\">XXXVA<\/a> y <a href=\"https:\/\/purisimadelrincon.mx\/transparencia\/wp-content\/uploads\/LTAIPG26F2_XXXVB-1T20-SecP.xlsx\">XXXVB<\/a><\/li>\n<li>2do Trimestre <a href=\"https:\/\/purisimadelrincon.mx\/transparencia\/wp-content\/uploads\/LTAIPG26F1_XXXV-2T20-SecP.xlsx\">XXXV<\/a>, <a href=\"https:\/\/purisimadelrincon.mx\/transparencia\/wp-content\/uploads\/LTAIPG26F1_XXXVA-2T20-SecP.xlsx\">XXXVA<\/a> y <a href=\"https:\/\/purisimadelrincon.mx\/transparencia\/wp-content\/uploads\/LTAIPG26F2_XXXVB-2T20-SecP.xlsx\">XXXVB<\/a><\/li>\n<li>3er Trimestre <a href=\"https:\/\/purisimadelrincon.mx\/transparencia\/wp-content\/uploads\/LTAIPG26F1_XXXV-3T20-SecP.xlsx\">XXXV<\/a>, <a href=\"https:\/\/purisimadelrincon.mx\/transparencia\/wp-content\/uploads\/LTAIPG26F1_XXXVA-3T20-SecP.xlsx\">XXXVA <\/a>y <a href=\"https:\/\/purisimadelrincon.mx\/transparencia\/wp-content\/uploads\/LTAIPG26F2_XXXVB-3T20-SecP.xlsx\">XXXVB<\/a><\/li>\n<li>4to Trimestre <a href=\"https:\/\/purisimadelrincon.mx\/transparencia\/wp-content\/uploads\/LTAIPG26F1_XXXV-4T20-SecP.xlsx\">XXXV<\/a>, <a href=\"https:\/\/purisimadelrincon.mx\/transparencia\/wp-content\/uploads\/LTAIPG26F1_XXXVA-4T20-SecP.xlsx\">XXXVA<\/a> y <a href=\"https:\/\/purisimadelrincon.mx\/transparencia\/wp-content\/uploads\/LTAIPG26F2_XXXVB-4T20-SecP.xlsx\">XXXVB<\/a><\/li>\n<\/ul>\n<h5>Ejercicio 2019<\/h5>\n<ul>\n<li><a href=\"https:\/\/purisimadelrincon.mx\/transparencia\/wp-content\/uploads\/LTAIPG26F2_XXXVB.xlsx\">Formato Casos especiales emitidos por la CNDH u otros organismos 2019 3er. Trimestre<\/a><\/li>\n<li><a href=\"https:\/\/purisimadelrincon.mx\/transparencia\/wp-content\/uploads\/LTAIPG26F1_XXXVA.xlsx\">Formato Recomendaciones emitidas por la Comisi\u00f3n Nacional de Derechos Humanos 2019 3er. Trimestre<\/a><\/li>\n<li><a href=\"https:\/\/purisimadelrincon.mx\/transparencia\/wp-content\/uploads\/LTAIPG26F1_XXXV.xlsx\">Formato Recomendaciones emitidas por Organismos internacionales 2019 3er. Trimestre<\/a><\/li>\n<li><a href=\"https:\/\/purisimadelrincon.mx\/transparencia\/wp-content\/uploads\/LTAIPG26F2_XXXVB-1.xlsx\">Formato Casos especiales emitidos por la CNDH u otros organismos 2019 4to. Trimestre<\/a><\/li>\n<li><a href=\"https:\/\/purisimadelrincon.mx\/transparencia\/wp-content\/uploads\/LTAIPG26F1_XXXVA-1.xlsx\">Formato Recomendaciones emitidas por la Comisi\u00f3n Nacional de Derechos Humanos 2019 4to. Trimestre<\/a><\/li>\n<li><a href=\"https:\/\/purisimadelrincon.mx\/transparencia\/wp-content\/uploads\/LTAIPG26F1_XXXV-1.xlsx\">Formato Recomendaciones emitidas por Organismos internacionales 2019 4to. Trimestre<\/a><\/li>\n<\/ul>\n\n\n<p><\/p>\n","protected":false},"excerpt":{"rendered":"<p>PARA LAS OBLIGACIONES DEL EJERCICIO 2022 A LA FECHA ACTUAL, CONSULTALAS EN EL SIGUIENTE BOT\u00d3N Ejercicio 2021 1er Trimestre XXXV, XXXVA y XXXVB 2do Trimestre\u00a0XXXV, XXXVA y XXXVB 3er Trimestre\u00a0XXXV, XXXVA y XXXVB 4to Trimestre\u00a0XXXV, XXXVA y XXXVB Ejercicio 2020 <a class=\"more-link\" href=\"https:\/\/purisimadelrincon.mx\/transparencia\/xxxv-las-recomendaciones-emitidas-por-los-organos-publicos-del-estado-mexicano-u-organismos-internacionales-garantes-de-los-derechos-humanos-asi-como-las-acciones-que-han-llevado-a-cabo-para-su-aten\/\">Seguir leyendo <span class=\"screen-reader-text\">  XXXV. Las recomendaciones emitidas por los \u00f3rganos p\u00fablicos del Estado mexicano u organismos internacionales garantes de los derechos humanos, as\u00ed como las acciones que han llevado a cabo para su atenci\u00f3n.<\/span><span class=\"meta-nav\">&rarr;<\/span><\/a><\/p>\n","protected":false},"author":2,"featured_media":0,"parent":0,"menu_order":0,"comment_status":"closed","ping_status":"closed","template":"","meta":{"footnotes":""},"class_list":["post-6386","page","type-page","status-publish","hentry"],"_links":{"self":[{"href":"https:\/\/purisimadelrincon.mx\/transparencia\/wp-json\/wp\/v2\/pages\/6386","targetHints":{"allow":["GET"]}}],"collection":[{"href":"https:\/\/purisimadelrincon.mx\/transparencia\/wp-json\/wp\/v2\/pages"}],"about":[{"href":"https:\/\/purisimadelrincon.mx\/transparencia\/wp-json\/wp\/v2\/types\/page"}],"author":[{"embeddable":true,"href":"https:\/\/purisimadelrincon.mx\/transparencia\/wp-json\/wp\/v2\/users\/2"}],"replies":[{"embeddable":true,"href":"https:\/\/purisimadelrincon.mx\/transparencia\/wp-json\/wp\/v2\/comments?post=6386"}],"version-history":[{"count":18,"href":"https:\/\/purisimadelrincon.mx\/transparencia\/wp-json\/wp\/v2\/pages\/6386\/revisions"}],"predecessor-version":[{"id":21506,"href":"https:\/\/purisimadelrincon.mx\/transparencia\/wp-json\/wp\/v2\/pages\/6386\/revisions\/21506"}],"wp:attachment":[{"href":"https:\/\/purisimadelrincon.mx\/transparencia\/wp-json\/wp\/v2\/media?parent=6386"}],"curies":[{"name":"wp","href":"https:\/\/api.w.org\/{rel}","templated":true}]}}