{"id":6733,"date":"2019-06-13T20:13:54","date_gmt":"2019-06-13T20:13:54","guid":{"rendered":"http:\/\/localhost\/transparencia\/?page_id=6733"},"modified":"2019-07-23T16:26:48","modified_gmt":"2019-07-23T16:26:48","slug":"tramites-que-ofrece-el-sujeto-obligado-2019","status":"publish","type":"page","link":"https:\/\/purisimadelrincon.mx\/transparencia\/tramites-que-ofrece-el-sujeto-obligado-2019\/","title":{"rendered":"XX. Tr\u00e1mites que ofrece el sujeto obligado 2019"},"content":{"rendered":"<p>Formatos<\/p>\n<p>&nbsp;<\/p>\n<h4><a href=\"https:\/\/purisimadelrincon.mx\/transparencia\/wp-content\/uploads\/LTAIPG26F1_XX-201906-CasaCultura.xlsx\">Casa de la Cultura \u00bbHermenegildo Bustos\u00bb<\/a><\/h4>\n<h4><a href=\"https:\/\/purisimadelrincon.mx\/transparencia\/wp-content\/uploads\/LTAIPG26F1_XX-201906-Contraloria.xlsx\">Contralor\u00eda Municipal<\/a><\/h4>\n<h4><a href=\"https:\/\/purisimadelrincon.mx\/transparencia\/wp-content\/uploads\/LTAIPG26F1_XX-201906-Econo.xlsx\">Desarrollo Econ\u00f3mico y Turismo<\/a><\/h4>\n<h4><a href=\"https:\/\/purisimadelrincon.mx\/transparencia\/wp-content\/uploads\/LTAIPG26F1_XX-201906-Social.xlsx\">Desarrollo Social<\/a><\/h4>\n<h4><a href=\"https:\/\/purisimadelrincon.mx\/transparencia\/wp-content\/uploads\/LTAIPG26F1_XX.xlsx\">Educaci\u00f3n Municipal<\/a><\/h4>\n<h4><a href=\"https:\/\/purisimadelrincon.mx\/transparencia\/wp-content\/uploads\/LTAIPG26F1_XX-201906-Ecologia.xlsx\">Medio Ambiente y Ecolog\u00eda<\/a><\/h4>\n<h4><a href=\"https:\/\/purisimadelrincon.mx\/transparencia\/wp-content\/uploads\/LTAIPG26F1_XX-201906-Predial.xlsx\">Predial y catastro<\/a><\/h4>\n<h4><a href=\"https:\/\/purisimadelrincon.mx\/transparencia\/wp-content\/uploads\/LTAIPG26F1_XX-1.xlsx\">Secretar\u00eda del H. Ayuntamiento<\/a><\/h4>\n<h4><a href=\"https:\/\/purisimadelrincon.mx\/transparencia\/wp-content\/uploads\/LTAIPG26F1_XX-201906-Servicios.xlsx\">Servicios Municipales<\/a><\/h4>\n<h4><a href=\"https:\/\/purisimadelrincon.mx\/transparencia\/wp-content\/uploads\/LTAIPG26F1_XX-201906.xlsx\">Tesorer\u00eda Municipal<\/a><\/h4>\n<h4><a href=\"https:\/\/purisimadelrincon.mx\/transparencia\/wp-content\/uploads\/LTAIPG26F1_XX.-201906-transpa.xlsx\">Unidad de Transparencia<\/a><\/h4>\n<p>&nbsp;<\/p>\n","protected":false},"excerpt":{"rendered":"<p>Formatos &nbsp; Casa de la Cultura \u00bbHermenegildo Bustos\u00bb Contralor\u00eda Municipal Desarrollo Econ\u00f3mico y Turismo Desarrollo Social Educaci\u00f3n Municipal Medio Ambiente y Ecolog\u00eda Predial y catastro Secretar\u00eda del H. Ayuntamiento Servicios Municipales Tesorer\u00eda Municipal Unidad de Transparencia &nbsp;<\/p>\n","protected":false},"author":2,"featured_media":0,"parent":0,"menu_order":0,"comment_status":"closed","ping_status":"closed","template":"","meta":{"footnotes":""},"class_list":["post-6733","page","type-page","status-publish","hentry"],"_links":{"self":[{"href":"https:\/\/purisimadelrincon.mx\/transparencia\/wp-json\/wp\/v2\/pages\/6733","targetHints":{"allow":["GET"]}}],"collection":[{"href":"https:\/\/purisimadelrincon.mx\/transparencia\/wp-json\/wp\/v2\/pages"}],"about":[{"href":"https:\/\/purisimadelrincon.mx\/transparencia\/wp-json\/wp\/v2\/types\/page"}],"author":[{"embeddable":true,"href":"https:\/\/purisimadelrincon.mx\/transparencia\/wp-json\/wp\/v2\/users\/2"}],"replies":[{"embeddable":true,"href":"https:\/\/purisimadelrincon.mx\/transparencia\/wp-json\/wp\/v2\/comments?post=6733"}],"version-history":[{"count":16,"href":"https:\/\/purisimadelrincon.mx\/transparencia\/wp-json\/wp\/v2\/pages\/6733\/revisions"}],"predecessor-version":[{"id":7011,"href":"https:\/\/purisimadelrincon.mx\/transparencia\/wp-json\/wp\/v2\/pages\/6733\/revisions\/7011"}],"wp:attachment":[{"href":"https:\/\/purisimadelrincon.mx\/transparencia\/wp-json\/wp\/v2\/media?parent=6733"}],"curies":[{"name":"wp","href":"https:\/\/api.w.org\/{rel}","templated":true}]}}