{"id":768,"date":"2013-03-20T18:45:37","date_gmt":"2013-03-20T18:45:37","guid":{"rendered":"http:\/\/localhost\/transparencia\/?page_id=768"},"modified":"2025-12-04T21:33:41","modified_gmt":"2025-12-04T21:33:41","slug":"l-las-demas-contenidas-en-esta-ley-y-demas-ordenamientos-legales-aplicables","status":"publish","type":"page","link":"https:\/\/purisimadelrincon.mx\/transparencia\/l-las-demas-contenidas-en-esta-ley-y-demas-ordenamientos-legales-aplicables\/","title":{"rendered":"L. Las dem\u00e1s contenidas en esta ley y dem\u00e1s ordenamientos legales aplicables."},"content":{"rendered":"<h5>PARA LAS OBLIGACIONES DEL EJERCICIO <strong>2022<\/strong> A LA FECHA ACTUAL, CONSULTALAS EN EL SIGUIENTE BOT\u00d3N<\/h5>\n<p><a href=\"https:\/\/consultapublicamx.plataformadetransparencia.org.mx\/vut-web\/faces\/view\/consultaPublica.xhtml#inicio\"><img loading=\"lazy\" decoding=\"async\" class=\"wp-image-12755 aligncenter\" src=\"https:\/\/purisimadelrincon.mx\/transparencia\/wp-content\/uploads\/PLATAFORMANACIONAL-300x151.jpg\" alt=\"\" width=\"260\" height=\"136\" \/><\/a><\/p>\n<h5>Ejercicio 2021<\/h5>\n<ul>\n<li>1er Trimestre\n<ul>\n<li style=\"list-style-type: none;\">\n<ul>\n<li><a href=\"https:\/\/purisimadelrincon.mx\/transparencia\/wp-content\/uploads\/LTAIPG26F1_L-1T21-UT.xlsx\">Las dem\u00e1s normas<\/a><\/li>\n<li><a href=\"https:\/\/purisimadelrincon.mx\/transparencia\/wp-content\/uploads\/LGT7000-1T21-UT.xlsx\">Obligaciones aplicables<\/a><\/li>\n<\/ul>\n<\/li>\n<\/ul>\n<\/li>\n<li>2do Trimestre\n<ul>\n<li style=\"list-style-type: none;\">\n<ul>\n<li><a href=\"https:\/\/purisimadelrincon.mx\/transparencia\/wp-content\/uploads\/LTAIPG26F1_L-2T21-UT.xlsx\">Las dem\u00e1s normas<\/a><\/li>\n<li><a href=\"https:\/\/purisimadelrincon.mx\/transparencia\/wp-content\/uploads\/LGT7000-2T21-UT.xlsx\">Obligaciones aplicables<\/a><\/li>\n<\/ul>\n<\/li>\n<\/ul>\n<\/li>\n<li>3er Trimestre\n<ul>\n<li style=\"list-style-type: none;\">\n<ul>\n<li><a href=\"https:\/\/purisimadelrincon.mx\/transparencia\/wp-content\/uploads\/LTAIPG26F1_L-3T21-UT.xlsx\">Las dem\u00e1s normas<\/a><\/li>\n<li><a href=\"https:\/\/purisimadelrincon.mx\/transparencia\/wp-content\/uploads\/LGT7000-3T21-UT.xlsx\">Obligaciones aplicables<\/a><\/li>\n<\/ul>\n<\/li>\n<\/ul>\n<\/li>\n<li>4to Trimestre\n<ul>\n<li style=\"list-style-type: none;\">\n<ul>\n<li><a href=\"https:\/\/purisimadelrincon.mx\/transparencia\/wp-content\/uploads\/LTAIPG26F1_L-4T21-UT.xlsx\">Las dem\u00e1s normas<\/a><\/li>\n<li><a href=\"https:\/\/purisimadelrincon.mx\/transparencia\/wp-content\/uploads\/LGT7000-4T21-UT.xlsx\">Obligaciones aplicables<\/a><\/li>\n<\/ul>\n<\/li>\n<\/ul>\n<\/li>\n<\/ul>\n<h5>Ejercicio 2020<\/h5>\n<ul>\n<li>1er Trimestre\n<ul>\n<li style=\"list-style-type: none;\">\n<ul>\n<li><a href=\"https:\/\/purisimadelrincon.mx\/transparencia\/wp-content\/uploads\/LTAIPG26F1_L-1T20-UT.xlsx\">Las dem\u00e1s normas<\/a><\/li>\n<li><a href=\"https:\/\/purisimadelrincon.mx\/transparencia\/wp-content\/uploads\/LGT7000-1T20-UT.xlsx\">Obligaciones aplicables<\/a><\/li>\n<\/ul>\n<\/li>\n<\/ul>\n<\/li>\n<li>2do Trimestre\n<ul>\n<li style=\"list-style-type: none;\">\n<ul>\n<li><a href=\"https:\/\/purisimadelrincon.mx\/transparencia\/wp-content\/uploads\/LTAIPG26F1_L-2T20-UT.xlsx\">Las dem\u00e1s normas<\/a><\/li>\n<li><a href=\"https:\/\/purisimadelrincon.mx\/transparencia\/wp-content\/uploads\/LGT7000-2T20-UT.xlsx\">Obligaciones aplicables<\/a><\/li>\n<\/ul>\n<\/li>\n<\/ul>\n<\/li>\n<li>3er\u00a0Trimestre\n<ul>\n<li style=\"list-style-type: none;\">\n<ul>\n<li><a href=\"https:\/\/purisimadelrincon.mx\/transparencia\/wp-content\/uploads\/LTAIPG26F1_L-3T20-UT.xlsx\">Las dem\u00e1s normas<\/a><\/li>\n<li><a href=\"https:\/\/purisimadelrincon.mx\/transparencia\/wp-content\/uploads\/LGT7000-3T20-UT.xlsx\">Obligaciones aplicables<\/a><\/li>\n<\/ul>\n<\/li>\n<\/ul>\n<\/li>\n<li>4to Trimestre\n<ul>\n<li style=\"list-style-type: none;\">\n<ul>\n<li><a href=\"https:\/\/purisimadelrincon.mx\/transparencia\/wp-content\/uploads\/LTAIPG26F1_L-4T20-UT.xlsx\">Las dem\u00e1s normas<\/a><\/li>\n<li><a href=\"https:\/\/purisimadelrincon.mx\/transparencia\/wp-content\/uploads\/LGT7000-4T20-UT.xlsx\">Obligaciones aplicables<\/a><\/li>\n<\/ul>\n<\/li>\n<\/ul>\n<\/li>\n<\/ul>\n\n\n<p><\/p>\n","protected":false},"excerpt":{"rendered":"<p>PARA LAS OBLIGACIONES DEL EJERCICIO 2022 A LA FECHA ACTUAL, CONSULTALAS EN EL SIGUIENTE BOT\u00d3N Ejercicio 2021 1er Trimestre Las dem\u00e1s normas Obligaciones aplicables 2do Trimestre Las dem\u00e1s normas Obligaciones aplicables 3er Trimestre Las dem\u00e1s normas Obligaciones aplicables 4to Trimestre <a class=\"more-link\" href=\"https:\/\/purisimadelrincon.mx\/transparencia\/l-las-demas-contenidas-en-esta-ley-y-demas-ordenamientos-legales-aplicables\/\">Seguir leyendo <span class=\"screen-reader-text\">  L. Las dem\u00e1s contenidas en esta ley y dem\u00e1s ordenamientos legales aplicables.<\/span><span class=\"meta-nav\">&rarr;<\/span><\/a><\/p>\n","protected":false},"author":2,"featured_media":0,"parent":0,"menu_order":0,"comment_status":"closed","ping_status":"closed","template":"page-fullwidth.php","meta":{"footnotes":""},"class_list":["post-768","page","type-page","status-publish","hentry"],"_links":{"self":[{"href":"https:\/\/purisimadelrincon.mx\/transparencia\/wp-json\/wp\/v2\/pages\/768","targetHints":{"allow":["GET"]}}],"collection":[{"href":"https:\/\/purisimadelrincon.mx\/transparencia\/wp-json\/wp\/v2\/pages"}],"about":[{"href":"https:\/\/purisimadelrincon.mx\/transparencia\/wp-json\/wp\/v2\/types\/page"}],"author":[{"embeddable":true,"href":"https:\/\/purisimadelrincon.mx\/transparencia\/wp-json\/wp\/v2\/users\/2"}],"replies":[{"embeddable":true,"href":"https:\/\/purisimadelrincon.mx\/transparencia\/wp-json\/wp\/v2\/comments?post=768"}],"version-history":[{"count":65,"href":"https:\/\/purisimadelrincon.mx\/transparencia\/wp-json\/wp\/v2\/pages\/768\/revisions"}],"predecessor-version":[{"id":21519,"href":"https:\/\/purisimadelrincon.mx\/transparencia\/wp-json\/wp\/v2\/pages\/768\/revisions\/21519"}],"wp:attachment":[{"href":"https:\/\/purisimadelrincon.mx\/transparencia\/wp-json\/wp\/v2\/media?parent=768"}],"curies":[{"name":"wp","href":"https:\/\/api.w.org\/{rel}","templated":true}]}}