{"id":7959,"date":"2021-10-25T14:17:28","date_gmt":"2021-10-25T14:17:28","guid":{"rendered":"http:\/\/purisimadelrincon.mx\/transparencia\/?page_id=7959"},"modified":"2026-01-08T17:44:31","modified_gmt":"2026-01-08T17:44:31","slug":"ley-de-ingresos","status":"publish","type":"page","link":"https:\/\/purisimadelrincon.mx\/transparencia\/ley-de-ingresos\/","title":{"rendered":"Ley de Ingresos"},"content":{"rendered":"<p><!--StartFragment--><\/p>\n<ul>\n<li>PDF <a href=\"https:\/\/purisimadelrincon.mx\/transparencia\/wp-content\/uploads\/PO_260_5_Parte_30-DICIEMBRE-2025.pdf\">Ley de Ingresos para el Municipio de Pur\u00edsima del Rinc\u00f3n para el Ejercicio Fiscal del 2026<\/a><\/li>\n<li>PDF <a href=\"https:\/\/purisimadelrincon.mx\/transparencia\/wp-content\/uploads\/LEY-DE-INGRESOS-2025.pdf\">Ley de Ingresos para el Municipio de Pur\u00edsima del Rinc\u00f3n para el Ejercicio Fiscal del 2025<\/a><a href=\"https:\/\/purisimadelrincon.mx\/transparencia\/wp-content\/uploads\/LEY-DE-INGRESOS-DE-PURISIMA-2024.pdf\">\u00a0<\/a><\/li>\n<li>PDF <a href=\"https:\/\/purisimadelrincon.mx\/transparencia\/wp-content\/uploads\/LEY-DE-INGRESOS-DE-PURISIMA-2024.pdf\">Ley de Ingresos para el Municipio de Pur\u00edsima del Rinc\u00f3n para el Ejercicio Fiscal del 2024<\/a><\/li>\n<li>PDF <a href=\"https:\/\/purisimadelrincon.mx\/transparencia\/wp-content\/uploads\/LEY-DE-INGRESOS-MPIO-PURISIMA-2023.pdf\">Ley de Ingresos para el Municipio de Pur\u00edsima del Rinc\u00f3n para el Ejercicio Fiscal del 2023<\/a><\/li>\n<li>PDF <a href=\"https:\/\/purisimadelrincon.mx\/transparencia\/wp-content\/uploads\/PO_260_10ma_-Ley-de-ingresos-2022.pdf\">Ley de Ingresos para el Municipio de Pur\u00edsima del Rinc\u00f3n para el Ejercicio Fiscal del 2022<\/a><\/li>\n<li>PDF <a href=\"https:\/\/purisimadelrincon.mx\/transparencia\/wp-content\/uploads\/PO_261_13va_Parte_20201230-LEY-DE-INGRESOS-1-156.pdf\">Ley de Ingresos para el Municipio de Pur\u00edsima del Rinc\u00f3n para el Ejercicio Fiscal del 2021<\/a><\/li>\n<li>PDF <a href=\"https:\/\/purisimadelrincon.mx\/transparencia\/wp-content\/uploads\/PO_259_5ta_Parte_20191227_1201_24.pdf\">Ley de Ingresos para el Municipio de Pur\u00edsima del Rinc\u00f3n para el Ejercicio Fiscal del 2020<\/a><\/li>\n<li>PDF <a href=\"https:\/\/purisimadelrincon.mx\/transparencia\/wp-content\/uploads\/PO_259_5ta_LeyIngresos2019.pdf\">Ley de Ingresos para el Municipio de Pur\u00edsima del Rinc\u00f3n para el Ejercicio Fiscal del 2019<\/a><\/li>\n<li>PDF <a href=\"https:\/\/purisimadelrincon.mx\/transparencia\/wp-content\/uploads\/Ley-de-Ingresos-2018-2daP.pdf\" target=\"_blank\" rel=\"noopener\">Ley de Ingresos para el Municipio de Pur\u00edsima del Rinc\u00f3n para el Ejercicio Fiscal del 2018<\/a><\/li>\n<li>PDF <a href=\"https:\/\/purisimadelrincon.mx\/transparencia\/wp-content\/uploads\/PO_205_9na_Parte_20161223_1857_5.pdf\" target=\"_blank\" rel=\"noopener\">Ley de Ingresos para el Municipio de Pur\u00edsima del Rinc\u00f3n para el Ejercicio Fiscal del 2017<\/a><\/li>\n<li>PDF <a href=\"https:\/\/purisimadelrincon.mx\/transparencia\/wp-content\/uploads\/LeyIngresos2016-208_8va_Parte_.pdf\" target=\"_blank\" rel=\"noopener\">Ley de Ingresos para el Municipio de Pur\u00edsima del Rinc\u00f3n para el Ejercicio Fiscal del 2016<\/a><\/li>\n<li>PDF <a href=\"https:\/\/purisimadelrincon.mx\/transparencia\/wp-content\/uploads\/LeyIngresos2015.pdf\" target=\"_blank\" rel=\"noopener\">Ley de Ingresos para el Municipio de Pur\u00edsima del Rinc\u00f3n para el Ejercicio Fiscal del 2015<\/a><\/li>\n<li>PDF\u00a0<a href=\"https:\/\/purisimadelrincon.mx\/transparencia\/wp-content\/uploads\/2014\/01\/LeyIngresos2014.pdf\" target=\"_blank\" rel=\"noopener\">Ley de Ingresos para el Municipio de Pur\u00edsima del Rinc\u00f3n para el Ejercicio Fiscal del 2014<\/a><\/li>\n<li>PDF\u00a0<a href=\"https:\/\/purisimadelrincon.mx\/transparencia\/wp-content\/uploads\/2013\/01\/LeyIngresos2013.pdf\" target=\"_blank\" rel=\"noopener\">Ley de Ingresos para el Municipio de Pur\u00edsima del Rinc\u00f3n para el Ejercicio Fiscal del 2013<\/a><\/li>\n<\/ul>\n<p style=\"text-align: justify;\">\n","protected":false},"excerpt":{"rendered":"<p>PDF Ley de Ingresos para el Municipio de Pur\u00edsima del Rinc\u00f3n para el Ejercicio Fiscal del 2026 PDF Ley de Ingresos para el Municipio de Pur\u00edsima del Rinc\u00f3n para el Ejercicio Fiscal del 2025\u00a0 PDF Ley de Ingresos para el <a class=\"more-link\" href=\"https:\/\/purisimadelrincon.mx\/transparencia\/ley-de-ingresos\/\">Seguir leyendo <span class=\"screen-reader-text\">  Ley de Ingresos<\/span><span class=\"meta-nav\">&rarr;<\/span><\/a><\/p>\n","protected":false},"author":1,"featured_media":0,"parent":0,"menu_order":0,"comment_status":"closed","ping_status":"closed","template":"","meta":{"footnotes":""},"class_list":["post-7959","page","type-page","status-publish","hentry"],"_links":{"self":[{"href":"https:\/\/purisimadelrincon.mx\/transparencia\/wp-json\/wp\/v2\/pages\/7959","targetHints":{"allow":["GET"]}}],"collection":[{"href":"https:\/\/purisimadelrincon.mx\/transparencia\/wp-json\/wp\/v2\/pages"}],"about":[{"href":"https:\/\/purisimadelrincon.mx\/transparencia\/wp-json\/wp\/v2\/types\/page"}],"author":[{"embeddable":true,"href":"https:\/\/purisimadelrincon.mx\/transparencia\/wp-json\/wp\/v2\/users\/1"}],"replies":[{"embeddable":true,"href":"https:\/\/purisimadelrincon.mx\/transparencia\/wp-json\/wp\/v2\/comments?post=7959"}],"version-history":[{"count":6,"href":"https:\/\/purisimadelrincon.mx\/transparencia\/wp-json\/wp\/v2\/pages\/7959\/revisions"}],"predecessor-version":[{"id":21596,"href":"https:\/\/purisimadelrincon.mx\/transparencia\/wp-json\/wp\/v2\/pages\/7959\/revisions\/21596"}],"wp:attachment":[{"href":"https:\/\/purisimadelrincon.mx\/transparencia\/wp-json\/wp\/v2\/media?parent=7959"}],"curies":[{"name":"wp","href":"https:\/\/api.w.org\/{rel}","templated":true}]}}