{"id":7982,"date":"2021-10-26T00:56:12","date_gmt":"2021-10-26T00:56:12","guid":{"rendered":"http:\/\/purisimadelrincon.mx\/transparencia\/?page_id=7982"},"modified":"2025-07-22T19:16:08","modified_gmt":"2025-07-22T19:16:08","slug":"organigrama-general","status":"publish","type":"page","link":"https:\/\/purisimadelrincon.mx\/transparencia\/organigrama-general\/","title":{"rendered":"Organigrama General"},"content":{"rendered":"<p><!--StartFragment--><\/p>\n<ul>\n<li><a href=\"https:\/\/purisimadelrincon.mx\/transparencia\/wp-content\/uploads\/ORGANIGRAMA-1920-X-1080.pdf\">Administraci\u00f3n 2024-2027 Actualizado<\/a><\/li>\n<li><a href=\"https:\/\/purisimadelrincon.mx\/transparencia\/wp-content\/uploads\/ORGANIGRAMA-2024-2027.pdf\">Organigrama Administraci\u00f3n 2024-2027 Provisional<\/a><\/li>\n<li><a href=\"https:\/\/purisimadelrincon.mx\/transparencia\/wp-content\/uploads\/GABINETE-DE-LA-ADMINSITRACION-2021-2024.pdf\">Gabinete de la Administraci\u00f3n 2021-2024 Actualizado<\/a><\/li>\n<li><a href=\"https:\/\/purisimadelrincon.mx\/transparencia\/wp-content\/uploads\/ORGANIGRAMA-GNRAL2021-2024.pdf\">Administraci\u00f3n 2021 &#8211; 2024<\/a><\/li>\n<li><a href=\"https:\/\/purisimadelrincon.mx\/transparencia\/wp-content\/uploads\/ESTRUCTURA-ORGANIZACIONAL-2018-2021-ACT.-JUNIO-2019.pdf\">Administraci\u00f3n 2018 &#8211; 2021<\/a><\/li>\n<\/ul>\n<h3>Organigrama por \u00e1reas administrativas<\/h3>\n<ul>\n<li><a href=\"https:\/\/purisimadelrincon.mx\/transparencia\/wp-content\/uploads\/ORGANIGRAMAS-2023-1.pdf\">\u00c1reas administraci\u00f3n\u00a0 sep2023\u00a0<\/a><\/li>\n<li><a href=\"https:\/\/purisimadelrincon.mx\/transparencia\/wp-content\/uploads\/Organigrama-por-dependencia2022.pdf\">\u00c1reas administraci\u00f3n 2021 &#8211; 2024<\/a><\/li>\n<li><a href=\"https:\/\/purisimadelrincon.mx\/transparencia\/wp-content\/uploads\/ORGANIGRAMA-ADMON.-2018-2021-ACT.-JUNIO-2019.pdf\">\u00c1reas administraci\u00f3n 2018 &#8211; 2021<\/a><\/li>\n<li><a href=\"https:\/\/purisimadelrincon.mx\/transparencia\/wp-content\/uploads\/ORGANIGRAMA-COMUDE-2019.pdf\">Direcci\u00f3n de Comisi\u00f3n Municipal del Deporte 2019\u00a0<\/a><\/li>\n<li><a href=\"https:\/\/purisimadelrincon.mx\/transparencia\/wp-content\/uploads\/ORGANIGRAMA-Servicios-Municipales-2019.pdf\">Direcci\u00f3n de Servicios P\u00fablicos Municipales 2019<\/a><\/li>\n<\/ul>\n<p style=\"text-align: justify;\">\u00a0<\/p>\n\n\n<p><\/p>\n","protected":false},"excerpt":{"rendered":"<p>Administraci\u00f3n 2024-2027 Actualizado Organigrama Administraci\u00f3n 2024-2027 Provisional Gabinete de la Administraci\u00f3n 2021-2024 Actualizado Administraci\u00f3n 2021 &#8211; 2024 Administraci\u00f3n 2018 &#8211; 2021 Organigrama por \u00e1reas administrativas \u00c1reas administraci\u00f3n\u00a0 sep2023\u00a0 \u00c1reas administraci\u00f3n 2021 &#8211; 2024 \u00c1reas administraci\u00f3n 2018 &#8211; 2021 Direcci\u00f3n de <a class=\"more-link\" href=\"https:\/\/purisimadelrincon.mx\/transparencia\/organigrama-general\/\">Seguir leyendo <span class=\"screen-reader-text\">  Organigrama General<\/span><span class=\"meta-nav\">&rarr;<\/span><\/a><\/p>\n","protected":false},"author":1,"featured_media":0,"parent":0,"menu_order":0,"comment_status":"closed","ping_status":"closed","template":"","meta":{"footnotes":""},"class_list":["post-7982","page","type-page","status-publish","hentry"],"_links":{"self":[{"href":"https:\/\/purisimadelrincon.mx\/transparencia\/wp-json\/wp\/v2\/pages\/7982","targetHints":{"allow":["GET"]}}],"collection":[{"href":"https:\/\/purisimadelrincon.mx\/transparencia\/wp-json\/wp\/v2\/pages"}],"about":[{"href":"https:\/\/purisimadelrincon.mx\/transparencia\/wp-json\/wp\/v2\/types\/page"}],"author":[{"embeddable":true,"href":"https:\/\/purisimadelrincon.mx\/transparencia\/wp-json\/wp\/v2\/users\/1"}],"replies":[{"embeddable":true,"href":"https:\/\/purisimadelrincon.mx\/transparencia\/wp-json\/wp\/v2\/comments?post=7982"}],"version-history":[{"count":17,"href":"https:\/\/purisimadelrincon.mx\/transparencia\/wp-json\/wp\/v2\/pages\/7982\/revisions"}],"predecessor-version":[{"id":20249,"href":"https:\/\/purisimadelrincon.mx\/transparencia\/wp-json\/wp\/v2\/pages\/7982\/revisions\/20249"}],"wp:attachment":[{"href":"https:\/\/purisimadelrincon.mx\/transparencia\/wp-json\/wp\/v2\/media?parent=7982"}],"curies":[{"name":"wp","href":"https:\/\/api.w.org\/{rel}","templated":true}]}}