{"id":8054,"date":"2022-08-04T20:41:31","date_gmt":"2022-08-04T20:41:31","guid":{"rendered":"http:\/\/purisimadelrincon.mx\/transparencia\/?page_id=8054"},"modified":"2023-01-24T16:23:28","modified_gmt":"2023-01-24T16:23:28","slug":"tabulador-2022","status":"publish","type":"page","link":"https:\/\/purisimadelrincon.mx\/transparencia\/tabulador-2022\/","title":{"rendered":"TABULADOR 2022"},"content":{"rendered":"<p><!--StartFragment--><\/p>\n<ul>\n<li>\n<h3><a href=\"https:\/\/purisimadelrincon.mx\/transparencia\/wp-content\/uploads\/1.-PLANTILLA-INICIAL-2022.pdf\">INICIAL<\/a><\/h3>\n<\/li>\n<li>\n<h3><a href=\"https:\/\/purisimadelrincon.mx\/transparencia\/wp-content\/uploads\/1ra-MODIFICACION-2022.pdf\">1 PRIMERA MODIFICACI\u00d3N<\/a><\/h3>\n<\/li>\n<li>\n<h3><a href=\"https:\/\/purisimadelrincon.mx\/transparencia\/wp-content\/uploads\/Tabulador-Presidencia-2daModif2022.pdf\">2 SEGUNDA MODIFICACI\u00d3N<\/a><\/h3>\n<\/li>\n<li>\n<h3><a href=\"https:\/\/purisimadelrincon.mx\/transparencia\/wp-content\/uploads\/3ra-MOD-2022.pdf\">3 TERCERA MODIFICACI\u00d3N<\/a><\/h3>\n<\/li>\n<\/ul>\n<p>\u00a0<\/p>\n\n\n<p><\/p>\n","protected":false},"excerpt":{"rendered":"<p>INICIAL 1 PRIMERA MODIFICACI\u00d3N 2 SEGUNDA MODIFICACI\u00d3N 3 TERCERA MODIFICACI\u00d3N \u00a0<\/p>\n","protected":false},"author":1,"featured_media":0,"parent":0,"menu_order":0,"comment_status":"closed","ping_status":"closed","template":"","meta":{"footnotes":""},"class_list":["post-8054","page","type-page","status-publish","hentry"],"_links":{"self":[{"href":"https:\/\/purisimadelrincon.mx\/transparencia\/wp-json\/wp\/v2\/pages\/8054","targetHints":{"allow":["GET"]}}],"collection":[{"href":"https:\/\/purisimadelrincon.mx\/transparencia\/wp-json\/wp\/v2\/pages"}],"about":[{"href":"https:\/\/purisimadelrincon.mx\/transparencia\/wp-json\/wp\/v2\/types\/page"}],"author":[{"embeddable":true,"href":"https:\/\/purisimadelrincon.mx\/transparencia\/wp-json\/wp\/v2\/users\/1"}],"replies":[{"embeddable":true,"href":"https:\/\/purisimadelrincon.mx\/transparencia\/wp-json\/wp\/v2\/comments?post=8054"}],"version-history":[{"count":4,"href":"https:\/\/purisimadelrincon.mx\/transparencia\/wp-json\/wp\/v2\/pages\/8054\/revisions"}],"predecessor-version":[{"id":14806,"href":"https:\/\/purisimadelrincon.mx\/transparencia\/wp-json\/wp\/v2\/pages\/8054\/revisions\/14806"}],"wp:attachment":[{"href":"https:\/\/purisimadelrincon.mx\/transparencia\/wp-json\/wp\/v2\/media?parent=8054"}],"curies":[{"name":"wp","href":"https:\/\/api.w.org\/{rel}","templated":true}]}}