{"id":8071,"date":"2021-10-26T02:55:36","date_gmt":"2021-10-26T02:55:36","guid":{"rendered":"http:\/\/purisimadelrincon.mx\/transparencia\/?page_id=8071"},"modified":"2021-10-26T04:00:37","modified_gmt":"2021-10-26T04:00:37","slug":"matriz-de-indicadores-de-resultados","status":"publish","type":"page","link":"https:\/\/purisimadelrincon.mx\/transparencia\/matriz-de-indicadores-de-resultados\/","title":{"rendered":"Matriz de Indicadores de Resultados"},"content":{"rendered":"<h6>|Archivo Hist\u00f3rico<\/h6>\n<ul>\n<li>MIR 2018<\/li>\n<li><a href=\"https:\/\/purisimadelrincon.mx\/transparencia\/wp-content\/uploads\/ARCHIVO-MIR-2017.xls\" target=\"_blank\" rel=\"noopener\">MIR 2017<\/a><\/li>\n<\/ul>\n<h6>Casa de la Cultura<\/h6>\n<ul>\n<li>MIR 2018<\/li>\n<li><a href=\"https:\/\/purisimadelrincon.mx\/transparencia\/wp-content\/uploads\/CULTURA-MIR-2017-espacio-fisico.xls\" target=\"_blank\" rel=\"noopener\">MIR 2017<\/a><\/li>\n<\/ul>\n<h6>Comisi\u00f3n Municipal del Deporte<\/h6>\n<ul>\n<li>MIR 2018<\/li>\n<li>MIR 2017<\/li>\n<\/ul>\n<h6>Comunicaci\u00f3n Social<\/h6>\n<ul>\n<li>MIR 2018<\/li>\n<li><a href=\"https:\/\/purisimadelrincon.mx\/transparencia\/wp-content\/uploads\/ComunicS-MIR-2017-DIFUSI\u00d3N-DE-ACTIVIDADES.xls\" target=\"_blank\" rel=\"noopener\">MIR 2017<\/a><\/li>\n<\/ul>\n<div>\n<h6>Contralor\u00eda Municipal<\/h6>\n<ul>\n<li>MIR 2018<\/li>\n<li>MIR 2017<\/li>\n<\/ul>\n<h6>Coordinaci\u00f3n de la Juventud<\/h6>\n<ul>\n<li>MIR 2018<\/li>\n<li><a href=\"https:\/\/purisimadelrincon.mx\/transparencia\/wp-content\/uploads\/INSTJUV-4-MIR-2017-espacio-fisico.xlsx\" target=\"_blank\" rel=\"noopener\">MIR 2017<\/a><\/li>\n<\/ul>\n<h6>Coordinaci\u00f3n Municipal de la Mujer<\/h6>\n<ul>\n<li>MIR 2018<\/li>\n<li><a href=\"https:\/\/purisimadelrincon.mx\/transparencia\/wp-content\/uploads\/InstMuj-MIR-2017.xlsx\" target=\"_blank\" rel=\"noopener\">MIR 2017<\/a><\/li>\n<\/ul>\n<h6>Desarrollo Rural<\/h6>\n<ul>\n<li>MIR 2018<\/li>\n<li>MIR 2017<\/li>\n<\/ul>\n<h6>Desarrollo Econ\u00f3mico<\/h6>\n<ul>\n<li>MIR 2018<\/li>\n<li>MIR 2017<\/li>\n<\/ul>\n<h6>Desarrollo Social<\/h6>\n<ul>\n<li>MIR 2018<\/li>\n<li><a href=\"https:\/\/purisimadelrincon.mx\/transparencia\/wp-content\/uploads\/DesSoc-MIR-2017-.xls\" target=\"_blank\" rel=\"noopener\">MIR 2017<\/a><\/li>\n<\/ul>\n<h6>Desarrollo Urbano<\/h6>\n<ul>\n<li>MIR 2018<\/li>\n<li><a href=\"https:\/\/purisimadelrincon.mx\/transparencia\/wp-content\/uploads\/DesUrb-MIR-2017.xlsx\" target=\"_blank\" rel=\"noopener\">MIR 2017<\/a><\/li>\n<\/ul>\n<h6>Educaci\u00f3n Municipal<\/h6>\n<ul>\n<li>MIR 2018<\/li>\n<li><a href=\"https:\/\/purisimadelrincon.mx\/transparencia\/wp-content\/uploads\/EDU-MIR-2017-Desercion-Escolar.xls\" target=\"_blank\" rel=\"noopener\">MIR 2017<\/a><\/li>\n<\/ul>\n<div>\n<h6>Inform\u00e1tica<\/h6>\n<ul>\n<li><a href=\"https:\/\/purisimadelrincon.mx\/transparencia\/wp-content\/uploads\/MIR-2018-INFORMATICA.xlsx\">MIR 2018<\/a><\/li>\n<li><a href=\"https:\/\/purisimadelrincon.mx\/transparencia\/wp-content\/uploads\/MIR-2017-INFORMATICA.xlsx\">MIR 2017<\/a><\/li>\n<\/ul>\n<h6>Jur\u00eddico<\/h6>\n<ul>\n<li>MIR 2018<\/li>\n<li><a href=\"https:\/\/purisimadelrincon.mx\/transparencia\/wp-content\/uploads\/JUR\u00cdDICO-4-MIR-eficiencia-en-la-atenci\u00f3n-al-usuario.xlsx\" target=\"_blank\" rel=\"noopener\">MIR 2017<\/a><\/li>\n<\/ul>\n<h6>Medio Ambiente y Ecolog\u00eda<\/h6>\n<ul>\n<li>MIR 2018<\/li>\n<li><a href=\"https:\/\/purisimadelrincon.mx\/transparencia\/wp-content\/uploads\/ECOL-MIR-2017.zip\" target=\"_blank\" rel=\"noopener\">MIR 2017<\/a><\/li>\n<\/ul>\n<\/div>\n<h6>Planeaci\u00f3n<\/h6>\n<ul>\n<li>MIR 2018<\/li>\n<li><a href=\"https:\/\/purisimadelrincon.mx\/transparencia\/wp-content\/uploads\/PLANEACION-MIR-2018.xlsx\" target=\"_blank\" rel=\"noopener\">MIR 2017<\/a><\/li>\n<\/ul>\n<h6>Predial y Catastro<\/h6>\n<ul>\n<li>MIR 2018<\/li>\n<li><a href=\"https:\/\/purisimadelrincon.mx\/transparencia\/wp-content\/uploads\/Predial-MIR-2017.zip\" target=\"_blank\" rel=\"noopener\">MIR 2017<\/a><\/li>\n<\/ul>\n<h6>Protecci\u00f3n Civil<\/h6>\n<ul>\n<li>MIR 2018<\/li>\n<li><a href=\"https:\/\/purisimadelrincon.mx\/transparencia\/wp-content\/uploads\/ProtCivil-MIR-SUFICIENTE-CAPACIDAD-OPERATIVA-DEL-AREA-DE-PC.xls\" target=\"_blank\" rel=\"noopener\">MIR 2017<\/a><\/li>\n<\/ul>\n<h6>Rastro Municipal<\/h6>\n<ul>\n<li>MIR 2018<\/li>\n<li><a href=\"https:\/\/purisimadelrincon.mx\/transparencia\/wp-content\/uploads\/Rastro-MIR-2017.xlsx\" target=\"_blank\" rel=\"noopener\">MIR 2017<\/a><\/li>\n<\/ul>\n<h6>Secretar\u00eda del H. Ayuntamiento<\/h6>\n<ul>\n<li><a href=\"https:\/\/purisimadelrincon.mx\/transparencia\/wp-content\/uploads\/MIR-2018-SHA.xlsx\">MIR 2018<\/a><\/li>\n<li><a href=\"https:\/\/purisimadelrincon.mx\/transparencia\/wp-content\/uploads\/SHA-MIR-2017.zip\" target=\"_blank\" rel=\"noopener\">MIR 2017<\/a><\/li>\n<\/ul>\n<h6>Secretar\u00eda Particular<\/h6>\n<ul>\n<li>MIR 2018<\/li>\n<li><a href=\"https:\/\/purisimadelrincon.mx\/transparencia\/wp-content\/uploads\/SecParticular-MIR-2017.xlsx\" target=\"_blank\" rel=\"noopener\">MIR 2017<\/a><\/li>\n<\/ul>\n<h6>Seguridad P\u00fablica<\/h6>\n<ul>\n<li>MIR 2018<\/li>\n<li><a href=\"https:\/\/purisimadelrincon.mx\/transparencia\/wp-content\/uploads\/SEG-MIR-2017.xlsx\" target=\"_blank\" rel=\"noopener\">MIR 2017<\/a><\/li>\n<\/ul>\n<h6>Tr\u00e1nsito Municipal<\/h6>\n<ul>\n<li>MIR 2018<\/li>\n<li><a href=\"https:\/\/purisimadelrincon.mx\/transparencia\/wp-content\/uploads\/TRANSITO-MIR-2017.xlsx\" target=\"_blank\" rel=\"noopener\">MIR 2017<\/a><\/li>\n<\/ul>\n<h6>Servicios P\u00fablicos Municipales<\/h6>\n<ul>\n<li>MIR 2018<\/li>\n<li>MIR 2017<\/li>\n<\/ul>\n<\/div>\n<h6>Unidad de Transparencia<\/h6>\n<ul>\n<li><a href=\"https:\/\/purisimadelrincon.mx\/transparencia\/wp-content\/uploads\/MIR-2018-UnidadTrans.xls\">MIR 2018<\/a><\/li>\n<li><a href=\"https:\/\/purisimadelrincon.mx\/transparencia\/wp-content\/uploads\/2018-MIR-UAIP.docx\">MIR 2017<\/a><\/li>\n<\/ul>\n<h6>Sistema Municipal del Desarrollo de la Familia (DIF)<\/h6>\n<ul>\n<li>MIR 2018<\/li>\n<li><a href=\"https:\/\/purisimadelrincon.mx\/transparencia\/wp-content\/uploads\/DIF-MIR-2017-CONFLICTOS-EN-FAMILIAS.xls\" target=\"_blank\" rel=\"noopener\">MIR 2017<\/a><\/li>\n<\/ul>\n<h6>Sistema de Agua Potable, Alcantarilla y Saneamiento de Pur\u00edsima del Rinc\u00f3n (SAPAP)<\/h6>\n<ul>\n<li>MIR 2018<\/li>\n<li><a href=\"https:\/\/purisimadelrincon.mx\/transparencia\/wp-content\/uploads\/SAPAP-MIR-2017.xlsx\" target=\"_blank\" rel=\"noopener\">MIR 2017<\/a><\/li>\n<\/ul>\n<p><!--more-->Matriz de Indicadores de Resultados 2016<\/p>\n<ul>\n<li><a href=\"https:\/\/purisimadelrincon.mx\/transparencia\/wp-content\/uploads\/4-Asuntos-Internos-MIR.pdf\">Asuntos Internos<\/a><\/li>\n<li><a href=\"https:\/\/purisimadelrincon.mx\/transparencia\/wp-content\/uploads\/17-Casa-de-la-Cultura-MIR.pdf\">Casa de la Cultura <\/a><\/li>\n<li><a href=\"https:\/\/purisimadelrincon.mx\/transparencia\/wp-content\/uploads\/15-Contraloria-MIR.pdf\">Contralor\u00eda <\/a><\/li>\n<li><a href=\"https:\/\/purisimadelrincon.mx\/transparencia\/wp-content\/uploads\/18-COMUDE-MIR.pdf\">COMUDE <\/a><\/li>\n<li><a href=\"https:\/\/purisimadelrincon.mx\/transparencia\/wp-content\/uploads\/2-Comunicacion-MIR.pdf\">Comunicaci\u00f3n Social<\/a><\/li>\n<li><a href=\"https:\/\/purisimadelrincon.mx\/transparencia\/wp-content\/uploads\/8-Coor-de-la-Juventud-MIR.pdf\">Coordinaci\u00f3n de la Juventud <\/a><\/li>\n<li><a href=\"https:\/\/purisimadelrincon.mx\/transparencia\/wp-content\/uploads\/5-Jueces-Calificadores-MIR.xls\">Coordinaci\u00f3n de la Mujer <\/a><\/li>\n<li><a href=\"https:\/\/purisimadelrincon.mx\/transparencia\/wp-content\/uploads\/24-Des-Economico-MIR.pdf\">Desarrollo Econ\u00f3mico <\/a><\/li>\n<li><a href=\"https:\/\/purisimadelrincon.mx\/transparencia\/wp-content\/uploads\/25-Des-Rural-MIR.pdf\">Desarrollo Rural<\/a><\/li>\n<li><a href=\"https:\/\/purisimadelrincon.mx\/transparencia\/wp-content\/uploads\/23-Des-Social-MIR.pdf\">Desarrollo Social<\/a><\/li>\n<li><a href=\"https:\/\/purisimadelrincon.mx\/transparencia\/wp-content\/uploads\/22-Des-Urbano-MIR.pdf\">Desarrollo Urbano <\/a><\/li>\n<li><a href=\"https:\/\/purisimadelrincon.mx\/transparencia\/wp-content\/uploads\/16-Educacion-MIR.pdf\">Educaci\u00f3n <\/a><\/li>\n<li><a href=\"https:\/\/purisimadelrincon.mx\/transparencia\/wp-content\/uploads\/10-Fiscalizacion-MIR.pdf\">Fiscalizaci\u00f3n y control <\/a><\/li>\n<li><a href=\"https:\/\/purisimadelrincon.mx\/transparencia\/wp-content\/uploads\/32-Informatica-MIR.pdf\">Inform\u00e1tica<\/a><\/li>\n<li><a href=\"https:\/\/purisimadelrincon.mx\/transparencia\/wp-content\/uploads\/5-Jueces-Calificadores-MIR.xls\">Jueces Calificadores<\/a><\/li>\n<li><a href=\"https:\/\/purisimadelrincon.mx\/transparencia\/wp-content\/uploads\/11-Juridico-MIR.pdf\">Jur\u00eddico <\/a><\/li>\n<li><a href=\"https:\/\/purisimadelrincon.mx\/transparencia\/wp-content\/uploads\/28-Obras-Pub-MIR.pdf\">Medio Ambiente y Ecolog\u00eda<\/a><\/li>\n<li><a href=\"https:\/\/purisimadelrincon.mx\/transparencia\/wp-content\/uploads\/28-Obras-Pub-MIR.pdf\">Obras P\u00fabblicas<\/a><\/li>\n<li><a href=\"https:\/\/purisimadelrincon.mx\/transparencia\/wp-content\/uploads\/29-Planeacion-MIR.pdf\">Planeaci\u00f3n <\/a><\/li>\n<li><a href=\"https:\/\/purisimadelrincon.mx\/transparencia\/wp-content\/uploads\/14-Predial-y-Catastro-MIR.pdf\">Predial y Catastro <\/a><\/li>\n<li><a href=\"https:\/\/purisimadelrincon.mx\/transparencia\/wp-content\/uploads\/21-Proteccion-Civil-MIR.pdf\">Protecci\u00f3n Civil <\/a><\/li>\n<li><a href=\"https:\/\/purisimadelrincon.mx\/transparencia\/wp-content\/uploads\/21-Proteccion-Civil-MIR.pdf\">Rastro<\/a><\/li>\n<li><a href=\"https:\/\/purisimadelrincon.mx\/transparencia\/wp-content\/uploads\/3-SParticular-MIR.pdf\">Recursos Humanos <\/a><\/li>\n<li><a href=\"https:\/\/purisimadelrincon.mx\/transparencia\/wp-content\/uploads\/1-SHAyuntamiento-MIR.xlsx\">Secretar\u00eda del H. Ayuntamiento<\/a><\/li>\n<li><a href=\"https:\/\/purisimadelrincon.mx\/transparencia\/wp-content\/uploads\/3-SParticular-MIR.pdf\">Secretar\u00eda Particular<\/a><\/li>\n<li><a href=\"https:\/\/purisimadelrincon.mx\/transparencia\/wp-content\/uploads\/19-Seguridad-Pub-MIR.pdf\">Seguridad P\u00fablica, Tr\u00e1nsito y Transporte<\/a><\/li>\n<li><a href=\"https:\/\/purisimadelrincon.mx\/transparencia\/wp-content\/uploads\/26-Servicios-MIR.pdf\">Servicios<\/a><\/li>\n<li><a href=\"https:\/\/purisimadelrincon.mx\/transparencia\/wp-content\/uploads\/12-Tesoreria-MIR.pdf\">Tesorer\u00eda <\/a><\/li>\n<li><a href=\"https:\/\/purisimadelrincon.mx\/transparencia\/wp-content\/uploads\/9-Unidad-Transparencia-MIR.pdf\">Unidad de Transparencia <\/a><\/li>\n<\/ul>\n<h3>SAPAP<\/h3>\n<ul>\n<li><a href=\"https:\/\/purisimadelrincon.mx\/transparencia\/wp-content\/uploads\/Formato-Los-indicadores-relacionados-con-temas-de-inter\u00e9s-p\u00fablico.zip\">Formato de los indicadores relacionados con temas de inter\u00e9s p\u00fablico<\/a><\/li>\n<li><a href=\"https:\/\/purisimadelrincon.mx\/transparencia\/wp-content\/uploads\/MIR-GERENCIA-COMERCIAL.pdf\">MIR GERENCIA COMERCIAL<\/a><\/li>\n<li><a href=\"https:\/\/purisimadelrincon.mx\/transparencia\/wp-content\/uploads\/MIR-GERENCIA_PLANEACION_Y_CONSTRUCCION-1.pdf\">MIR GERENCIA PLANEACION Y CONSTRUCCION<\/a><\/li>\n<li><a href=\"https:\/\/purisimadelrincon.mx\/transparencia\/wp-content\/uploads\/MIR-OPERACION-MTTO.pdf\">MIR OPERACION MTTO<\/a><\/li>\n<li><a href=\"https:\/\/purisimadelrincon.mx\/transparencia\/wp-content\/uploads\/MIR-SANEAMIENTO.pdf\">MIR SANEAMIENTO<\/a><\/li>\n<\/ul>\n<h3>DIF<\/h3>\n<ul>\n<li><a href=\"https:\/\/purisimadelrincon.mx\/transparencia\/wp-content\/uploads\/DIF-Formato-Los-indicadores-relacionados-con-temas-de-inter\u00e9s-p\u00fablico.zip\">Formato de los indicadores relacionados con temas de inter\u00e9s p\u00fablico<\/a><\/li>\n<li><a href=\"https:\/\/purisimadelrincon.mx\/transparencia\/wp-content\/uploads\/31-DIF-MIR.pdf\">MIR DIF<\/a><\/li>\n<\/ul>\n\n\n<p><\/p>\n","protected":false},"excerpt":{"rendered":"<p>|Archivo Hist\u00f3rico MIR 2018 MIR 2017 Casa de la Cultura MIR 2018 MIR 2017 Comisi\u00f3n Municipal del Deporte MIR 2018 MIR 2017 Comunicaci\u00f3n Social MIR 2018 MIR 2017 Contralor\u00eda Municipal MIR 2018 MIR 2017 Coordinaci\u00f3n de la Juventud MIR 2018 <a class=\"more-link\" href=\"https:\/\/purisimadelrincon.mx\/transparencia\/matriz-de-indicadores-de-resultados\/\">Seguir leyendo <span class=\"screen-reader-text\">  Matriz de Indicadores de Resultados<\/span><span class=\"meta-nav\">&rarr;<\/span><\/a><\/p>\n","protected":false},"author":1,"featured_media":0,"parent":0,"menu_order":0,"comment_status":"closed","ping_status":"closed","template":"","meta":{"footnotes":""},"class_list":["post-8071","page","type-page","status-publish","hentry"],"_links":{"self":[{"href":"https:\/\/purisimadelrincon.mx\/transparencia\/wp-json\/wp\/v2\/pages\/8071","targetHints":{"allow":["GET"]}}],"collection":[{"href":"https:\/\/purisimadelrincon.mx\/transparencia\/wp-json\/wp\/v2\/pages"}],"about":[{"href":"https:\/\/purisimadelrincon.mx\/transparencia\/wp-json\/wp\/v2\/types\/page"}],"author":[{"embeddable":true,"href":"https:\/\/purisimadelrincon.mx\/transparencia\/wp-json\/wp\/v2\/users\/1"}],"replies":[{"embeddable":true,"href":"https:\/\/purisimadelrincon.mx\/transparencia\/wp-json\/wp\/v2\/comments?post=8071"}],"version-history":[{"count":2,"href":"https:\/\/purisimadelrincon.mx\/transparencia\/wp-json\/wp\/v2\/pages\/8071\/revisions"}],"predecessor-version":[{"id":8121,"href":"https:\/\/purisimadelrincon.mx\/transparencia\/wp-json\/wp\/v2\/pages\/8071\/revisions\/8121"}],"wp:attachment":[{"href":"https:\/\/purisimadelrincon.mx\/transparencia\/wp-json\/wp\/v2\/media?parent=8071"}],"curies":[{"name":"wp","href":"https:\/\/api.w.org\/{rel}","templated":true}]}}