{"id":84,"date":"2012-10-18T14:50:00","date_gmt":"2012-10-18T14:50:00","guid":{"rendered":"purisimadelrincon.mx\/transparencia\/?page_id=84"},"modified":"2012-10-18T14:52:59","modified_gmt":"2012-10-18T14:52:59","slug":"que-puedes-solicitar","status":"publish","type":"page","link":"https:\/\/purisimadelrincon.mx\/transparencia\/que-puedes-solicitar\/","title":{"rendered":"\u00bfQu\u00e9 puedes Solicitar?"},"content":{"rendered":"<p><strong>\u00bfQu\u00e9 puedes Solicitar?\u00a0<\/strong><\/p>\n<ul>\n<li>Las leyes, reglamentos, y dem\u00e1s normas que resulten aplicables.<\/li>\n<li>Estructura org\u00e1nica.<\/li>\n<li>Directorio de servidores p\u00fablicos.<\/li>\n<li>Tabulador de dietas y salarios.<\/li>\n<li>Programas y funciones de las dependencias.<\/li>\n<li>Metas y objetivos de los programas.<\/li>\n<li>Servicios, tr\u00e1mites, requisitos, formatos y monto de los derechos para acceder a los mismos.<\/li>\n<li>Presupuesto asignado.<\/li>\n<li>Auditorias.<\/li>\n<li>Informes.<\/li>\n<li>Relaci\u00f3n de solicitudes de acceso a la informaci\u00f3n p\u00fablica.<\/li>\n<li>Padr\u00f3n de Contratistas.<\/li>\n<\/ul>\n","protected":false},"excerpt":{"rendered":"<p>\u00bfQu\u00e9 puedes Solicitar?\u00a0 Las leyes, reglamentos, y dem\u00e1s normas que resulten aplicables. Estructura org\u00e1nica. Directorio de servidores p\u00fablicos. Tabulador de dietas y salarios. Programas y funciones de las dependencias. Metas y objetivos de los programas. Servicios, tr\u00e1mites, requisitos, formatos y <a class=\"more-link\" href=\"https:\/\/purisimadelrincon.mx\/transparencia\/que-puedes-solicitar\/\">Seguir leyendo <span class=\"screen-reader-text\">  \u00bfQu\u00e9 puedes Solicitar?<\/span><span class=\"meta-nav\">&rarr;<\/span><\/a><\/p>\n","protected":false},"author":1,"featured_media":0,"parent":0,"menu_order":0,"comment_status":"closed","ping_status":"closed","template":"","meta":{"footnotes":""},"class_list":["post-84","page","type-page","status-publish","hentry"],"_links":{"self":[{"href":"https:\/\/purisimadelrincon.mx\/transparencia\/wp-json\/wp\/v2\/pages\/84","targetHints":{"allow":["GET"]}}],"collection":[{"href":"https:\/\/purisimadelrincon.mx\/transparencia\/wp-json\/wp\/v2\/pages"}],"about":[{"href":"https:\/\/purisimadelrincon.mx\/transparencia\/wp-json\/wp\/v2\/types\/page"}],"author":[{"embeddable":true,"href":"https:\/\/purisimadelrincon.mx\/transparencia\/wp-json\/wp\/v2\/users\/1"}],"replies":[{"embeddable":true,"href":"https:\/\/purisimadelrincon.mx\/transparencia\/wp-json\/wp\/v2\/comments?post=84"}],"version-history":[{"count":6,"href":"https:\/\/purisimadelrincon.mx\/transparencia\/wp-json\/wp\/v2\/pages\/84\/revisions"}],"predecessor-version":[{"id":90,"href":"https:\/\/purisimadelrincon.mx\/transparencia\/wp-json\/wp\/v2\/pages\/84\/revisions\/90"}],"wp:attachment":[{"href":"https:\/\/purisimadelrincon.mx\/transparencia\/wp-json\/wp\/v2\/media?parent=84"}],"curies":[{"name":"wp","href":"https:\/\/api.w.org\/{rel}","templated":true}]}}