{"id":93,"date":"2012-10-18T16:01:24","date_gmt":"2012-10-18T16:01:24","guid":{"rendered":"http:\/\/localhost\/transparencia\/?page_id=93"},"modified":"2026-01-22T21:01:20","modified_gmt":"2026-01-22T21:01:20","slug":"como-presentar-tu-solicitud-de-acceso-a-la-informacion","status":"publish","type":"page","link":"https:\/\/purisimadelrincon.mx\/transparencia\/como-presentar-tu-solicitud-de-acceso-a-la-informacion\/","title":{"rendered":"\u00bfC\u00f3mo presentar tu Solicitud de Acceso a la Informaci\u00f3n?"},"content":{"rendered":"<p>&nbsp;<\/p>\n<ul>\n<li>Por medio de un oficio que contemple el nombre de la persona f\u00edsica o moral as\u00ed como la petici\u00f3n de la informaci\u00f3n a solicitar y hacerlo llegar a la Unidad de Transparencia.<\/li>\n<li>Realizar tu solicitud desde la Plataforma Nacional de Transparencia (PNT)(Es necesario estar registrado y contar con tu Usuario y Contrase\u00f1a para poder ingresar).<\/li>\n<li>Realizar tu solicitud enviando un e-mail al correo electr\u00f3nico transparencia@purisimadelrincon.mx<\/li>\n<\/ul>\n\n\n<p><\/p>\n","protected":false},"excerpt":{"rendered":"<p>&nbsp; Por medio de un oficio que contemple el nombre de la persona f\u00edsica o moral as\u00ed como la petici\u00f3n de la informaci\u00f3n a solicitar y hacerlo llegar a la Unidad de Transparencia. Realizar tu solicitud desde la Plataforma Nacional <a class=\"more-link\" href=\"https:\/\/purisimadelrincon.mx\/transparencia\/como-presentar-tu-solicitud-de-acceso-a-la-informacion\/\">Seguir leyendo <span class=\"screen-reader-text\">  \u00bfC\u00f3mo presentar tu Solicitud de Acceso a la Informaci\u00f3n?<\/span><span class=\"meta-nav\">&rarr;<\/span><\/a><\/p>\n","protected":false},"author":1,"featured_media":0,"parent":0,"menu_order":0,"comment_status":"closed","ping_status":"closed","template":"","meta":{"footnotes":""},"class_list":["post-93","page","type-page","status-publish","hentry"],"_links":{"self":[{"href":"https:\/\/purisimadelrincon.mx\/transparencia\/wp-json\/wp\/v2\/pages\/93","targetHints":{"allow":["GET"]}}],"collection":[{"href":"https:\/\/purisimadelrincon.mx\/transparencia\/wp-json\/wp\/v2\/pages"}],"about":[{"href":"https:\/\/purisimadelrincon.mx\/transparencia\/wp-json\/wp\/v2\/types\/page"}],"author":[{"embeddable":true,"href":"https:\/\/purisimadelrincon.mx\/transparencia\/wp-json\/wp\/v2\/users\/1"}],"replies":[{"embeddable":true,"href":"https:\/\/purisimadelrincon.mx\/transparencia\/wp-json\/wp\/v2\/comments?post=93"}],"version-history":[{"count":9,"href":"https:\/\/purisimadelrincon.mx\/transparencia\/wp-json\/wp\/v2\/pages\/93\/revisions"}],"predecessor-version":[{"id":21946,"href":"https:\/\/purisimadelrincon.mx\/transparencia\/wp-json\/wp\/v2\/pages\/93\/revisions\/21946"}],"wp:attachment":[{"href":"https:\/\/purisimadelrincon.mx\/transparencia\/wp-json\/wp\/v2\/media?parent=93"}],"curies":[{"name":"wp","href":"https:\/\/api.w.org\/{rel}","templated":true}]}}